{"id":2568,"date":"2025-05-24T00:06:56","date_gmt":"2025-05-23T22:06:56","guid":{"rendered":"https:\/\/www.biobey.be\/fr-temp\/produit\/complement-naturel-pour-les-articulations\/"},"modified":"2026-02-02T06:34:16","modified_gmt":"2026-02-02T05:34:16","slug":"complement-naturel-pour-les-articulations","status":"publish","type":"product","link":"https:\/\/www.biobey.be\/fr\/produit\/complement-naturel-pour-les-articulations\/","title":{"rendered":"Compl\u00e9ment naturel pour les articulations Glucosamine et Chanvre 180 p."},"content":{"rendered":"<p>Compl\u00e9ment naturel pour les articulations douloureuses de CannemdiQ pour soutenir le bon \u00e9tat des articulations, des tendons, des os et du cartilage. Cette formule puissante contient des niveaux \u00e9lev\u00e9s de glucosamine, de chanvre, de curcuma et d&rsquo;extrait de p\u00e9pins de raisin.<\/p>\n<p>En cas de sympt\u00f4mes tels que le syndrome du canal carpien, nous recommandons d&rsquo;utiliser \u00e9galement la<span style=\"color: #0000ff;\"><a style=\"color: #0000ff;\" href=\"https:\/\/www.biobey.be\/fr\/produit\/creme-pour-le-syndrome-du-canal-carpien\/\"> cr\u00e8me pour le traitement du canal carpien.<\/a> <\/span><\/p>\n<p><strong>Les principaux composants du compl\u00e9ment naturel pour les articulations sont les suivants:<\/strong><\/p>\n<ol>\n<li>La glucosamine ralentit la d\u00e9gradation du cartilage. Elle favorise la production d&rsquo;acide hyaluronique et aide \u00e0 r\u00e9duire la douleur dans les articulations douloureuses. Elle contribue \u00e0 assouplir les articulations.<\/li>\n<li>La vitamine C stimule la production de collag\u00e8ne. Elle favorise la formation du cartilage dans les articulations.<\/li>\n<li>L&rsquo;extrait de graines de chanvre biologique, riche en acides gras insatur\u00e9s, a un effet anti-inflammatoire.<\/li>\n<li>L&rsquo;extrait de <span style=\"color: #0000ff;\"><a style=\"color: #0000ff;\" href=\"https:\/\/www.biobey.be\/fr\/produit\/la-pommade-bio-au-curcuma-et-gingembre\/\">curcuma a un effet positif cliniquement prouv\u00e9<\/a><\/span> sur les douleurs musculaires, les raideurs et les articulations douloureuses. Il r\u00e9duit la raideur musculaire et aide \u00e0 soulager les inflammations chroniques.<\/li>\n<\/ol>\n<h2>Quel est le meilleur compl\u00e9ment alimentaire de Cannamediq pour les articulations ?<\/h2>\n<p>Cannamediq est sp\u00e9cialis\u00e9 dans la production de compl\u00e9ments naturels \u00e0 base de chanvre et d&rsquo;autres extraits de plantes. Orthopeden un compl\u00e9ment naturel pour les articulations \u00e0 base de glucosamine et d&rsquo;extrait de chanvre, est con\u00e7u pour le renforcement global du syst\u00e8me musculo-squelettique.<\/p>\n<p>La glucosamine est un compos\u00e9 chimique naturel produit par l&rsquo;organisme. Il s&rsquo;agit d&rsquo;un \u00e9l\u00e9ment constitutif important du cartilage et contribue \u00e0 la sant\u00e9 des articulations. Bien que cela ne soit pas encore prouv\u00e9, on soup\u00e7onne que la prise de glucosamine peut assurer la sant\u00e9 des articulations.<\/p>\n<h3>Action du Compl\u00e9ment naturel pour les articulations Glucosamine et Chanvre<\/h3>\n<p>Le compl\u00e9ment naturel pour les articulations Orthopeden contient des niveaux \u00e9lev\u00e9s de glucosamine (1 800 mg). En outre, Orthopeden contient des extraits de chanvre biologique. Ceux-ci sont connus pour leurs effets anti-inflammatoires et antidouleurs.<\/p>\n<p>L&rsquo;extrait de chanvre est utilis\u00e9 dans <span style=\"color: #0000ff;\"><a style=\"color: #0000ff;\" href=\"https:\/\/www.biobey.be\/fr\/produit\/gel-anti-douleur-du-dos-de-la-nuque\/\">les pommades et les gels contre les douleurs articulaires<\/a><\/span>, les maux de dos et les torticolis. L&rsquo;extrait de chanvre est riche en acides gras insatur\u00e9s. Il r\u00e9duit l&rsquo;inflammation et acc\u00e9l\u00e8re le processus de r\u00e9cup\u00e9ration.<\/p>\n<p>En outre, ce compl\u00e9ment naturel pour les articulations contient de la glucosamine, du chanvre et des extraits de curcuma et de p\u00e9pins de raisin. Le curcuma est utilis\u00e9 depuis des si\u00e8cles comme analg\u00e9sique naturel contre les rhumatismes, l&rsquo;arthrose et l&rsquo;arthrite.<\/p>\n<p>L&rsquo;extrait de curcuma, comme l&rsquo;extrait de chanvre, a des propri\u00e9t\u00e9s anti-inflammatoires et r\u00e9g\u00e9n\u00e9ratrices. L&rsquo;extrait de p\u00e9pins de raisin est une source importante de vitamine C, qui stimule la production de collag\u00e8ne dans l&rsquo;organisme. Le collag\u00e8ne est responsable de la sant\u00e9 des articulations et des os.<\/p>\n<h3>Comment Orthopeden renforce les os et articulations ?<\/h3>\n<p>Le compl\u00e9ment naturel pour les articulations est efficace pour soutenir la sant\u00e9 des muscles et des articulations. La formule riche en glucosamine, chanvre, curcuma et vitamine C a un effet puissant sans les effets secondaires n\u00e9gatifs.<\/p>\n<h3>Comment utiliser le compl\u00e9ment Orthopeden glucosamine et chanvre ?<\/h3>\n<p>Prenez trois capsules une fois par jour avec un verre d&rsquo;eau. Ne pas d\u00e9passer la dose journali\u00e8re recommand\u00e9e. Le compl\u00e9ment ne convient pas aux enfants, aux femmes enceintes et aux femmes allaitantes. Ce compl\u00e9ment alimentaire ne remplace pas une alimentation vari\u00e9e et un mode de vie sain.<\/p>\n<p>Ne pas utiliser si vous \u00eates hypersensible \u00e0 l&rsquo;un des ingr\u00e9dients du compl\u00e9ment. Tenir hors de port\u00e9e des enfants.<br \/>\nConservez le compl\u00e9ment dans un endroit sec et sombre, \u00e0 une temp\u00e9rature maximale de 25\u00b0.<\/p>\n<h5><strong>Composition en 3 capsules Orthopeden :<\/strong><\/h5>\n<p>Glucosamine sulphate : 1 800 mg ;<br \/>\nVitamine C (ascorbate de sodium) : 133 mg ;<br \/>\nExtrait de graines de chanvre : 60 mg ;<br \/>\nExtrait de curcuma (curcumine, curcumino\u00efdes) : 45 mg ;<br \/>\nExtrait de p\u00e9pins de raisin (polyph\u00e9nols, resv\u00e9ratrol) : 30 mg.<\/p>\n<p><strong>Composition<\/strong> : D-Glucosamine sulperate, vitamine C, extrait de graines de chanvre (Cannabis sativa), extrait de curcuma long (Curcuma Longa), extrait de p\u00e9pins de raisin (Vitis vinifera), anti-agglom\u00e9rant : st\u00e9arate de magn\u00e9sium.<\/p>\n","protected":false},"excerpt":{"rendered":"<p><strong>Indication :<\/strong><br \/>\nOrthopeden est un compl\u00e9ment naturel pour les articulations \u00e0 base de Glucosamine et de Chanvre. Il soutient le bon \u00e9tat des os, des tendons et du cartilage des articulations.<br \/>\nFormule : Haute teneur en Glucosamine, Chanvre, Curcuma et Vitamine C.<br \/>\nContenu : 180 capsules<br \/>\nLe compl\u00e9ment naturel Orthopeden est halal et convient aux v\u00e9g\u00e9taliens.<br \/>\nPoids contenu : 137,5 g<br \/>\nDose journali\u00e8re : 3 capsules une fois par jour.<\/p>\n","protected":false},"featured_media":731,"comment_status":"open","ping_status":"closed","template":"","meta":{"ocean_post_layout":"","ocean_both_sidebars_style":"","ocean_both_sidebars_content_width":0,"ocean_both_sidebars_sidebars_width":0,"ocean_sidebar":"","ocean_second_sidebar":"","ocean_disable_margins":"enable","ocean_add_body_class":"","ocean_shortcode_before_top_bar":"","ocean_shortcode_after_top_bar":"","ocean_shortcode_before_header":"","ocean_shortcode_after_header":"","ocean_has_shortcode":"","ocean_shortcode_after_title":"","ocean_shortcode_before_footer_widgets":"","ocean_shortcode_after_footer_widgets":"","ocean_shortcode_before_footer_bottom":"","ocean_shortcode_after_footer_bottom":"","ocean_display_top_bar":"default","ocean_display_header":"default","ocean_header_style":"","ocean_center_header_left_menu":"","ocean_custom_header_template":"","ocean_custom_logo":0,"ocean_custom_retina_logo":0,"ocean_custom_logo_max_width":0,"ocean_custom_logo_tablet_max_width":0,"ocean_custom_logo_mobile_max_width":0,"ocean_custom_logo_max_height":0,"ocean_custom_logo_tablet_max_height":0,"ocean_custom_logo_mobile_max_height":0,"ocean_header_custom_menu":"","ocean_menu_typo_font_family":"","ocean_menu_typo_font_subset":"","ocean_menu_typo_font_size":0,"ocean_menu_typo_font_size_tablet":0,"ocean_menu_typo_font_size_mobile":0,"ocean_menu_typo_font_size_unit":"px","ocean_menu_typo_font_weight":"","ocean_menu_typo_font_weight_tablet":"","ocean_menu_typo_font_weight_mobile":"","ocean_menu_typo_transform":"","ocean_menu_typo_transform_tablet":"","ocean_menu_typo_transform_mobile":"","ocean_menu_typo_line_height":0,"ocean_menu_typo_line_height_tablet":0,"ocean_menu_typo_line_height_mobile":0,"ocean_menu_typo_line_height_unit":"","ocean_menu_typo_spacing":0,"ocean_menu_typo_spacing_tablet":0,"ocean_menu_typo_spacing_mobile":0,"ocean_menu_typo_spacing_unit":"","ocean_menu_link_color":"","ocean_menu_link_color_hover":"","ocean_menu_link_color_active":"","ocean_menu_link_background":"","ocean_menu_link_hover_background":"","ocean_menu_link_active_background":"","ocean_menu_social_links_bg":"","ocean_menu_social_hover_links_bg":"","ocean_menu_social_links_color":"","ocean_menu_social_hover_links_color":"","ocean_disable_title":"default","ocean_disable_heading":"default","ocean_post_title":"","ocean_post_subheading":"","ocean_post_title_style":"","ocean_post_title_background_color":"","ocean_post_title_background":0,"ocean_post_title_bg_image_position":"","ocean_post_title_bg_image_attachment":"","ocean_post_title_bg_image_repeat":"","ocean_post_title_bg_image_size":"","ocean_post_title_height":0,"ocean_post_title_bg_overlay":0.5,"ocean_post_title_bg_overlay_color":"","ocean_disable_breadcrumbs":"default","ocean_breadcrumbs_color":"","ocean_breadcrumbs_separator_color":"","ocean_breadcrumbs_links_color":"","ocean_breadcrumbs_links_hover_color":"","ocean_display_footer_widgets":"default","ocean_display_footer_bottom":"default","ocean_custom_footer_template":""},"product_brand":[123],"product_cat":[41,57,32,31,43],"product_tag":[],"class_list":{"0":"post-2568","1":"product","2":"type-product","3":"status-publish","4":"has-post-thumbnail","6":"product_brand-cannamediq","7":"product_cat-cbd-et-chanvre-biologique","8":"product_cat-complements-alimentaires-bio","9":"product_cat-muscles-articulations-et-dos","10":"product_cat-sante","11":"product_cat-soins-naturels-cbd","13":"entry","14":"has-media","16":"first","17":"instock","18":"taxable","19":"shipping-taxable","20":"purchasable","21":"product-type-simple","22":"has-rating","23":"col","24":"span_1_of_3","25":"owp-content-center","26":"owp-thumbs-layout-horizontal","27":"owp-btn-normal","28":"owp-tabs-layout-section","29":"has-no-thumbnails","30":"circle-sale"},"_links":{"self":[{"href":"https:\/\/www.biobey.be\/fr\/wp-json\/wp\/v2\/product\/2568","targetHints":{"allow":["GET"]}}],"collection":[{"href":"https:\/\/www.biobey.be\/fr\/wp-json\/wp\/v2\/product"}],"about":[{"href":"https:\/\/www.biobey.be\/fr\/wp-json\/wp\/v2\/types\/product"}],"replies":[{"embeddable":true,"href":"https:\/\/www.biobey.be\/fr\/wp-json\/wp\/v2\/comments?post=2568"}],"wp:featuredmedia":[{"embeddable":true,"href":"https:\/\/www.biobey.be\/fr\/wp-json\/wp\/v2\/media\/731"}],"wp:attachment":[{"href":"https:\/\/www.biobey.be\/fr\/wp-json\/wp\/v2\/media?parent=2568"}],"wp:term":[{"taxonomy":"product_brand","embeddable":true,"href":"https:\/\/www.biobey.be\/fr\/wp-json\/wp\/v2\/product_brand?post=2568"},{"taxonomy":"product_cat","embeddable":true,"href":"https:\/\/www.biobey.be\/fr\/wp-json\/wp\/v2\/product_cat?post=2568"},{"taxonomy":"product_tag","embeddable":true,"href":"https:\/\/www.biobey.be\/fr\/wp-json\/wp\/v2\/product_tag?post=2568"}],"curies":[{"name":"wp","href":"https:\/\/api.w.org\/{rel}","templated":true}]}}