{"id":2569,"date":"2025-05-23T16:34:32","date_gmt":"2025-05-23T14:34:32","guid":{"rendered":"https:\/\/www.biobey.be\/fr-temp\/produit\/huile-essentielle-de-pamplemousse-bio-10\/"},"modified":"2025-07-11T12:40:55","modified_gmt":"2025-07-11T10:40:55","slug":"huile-essentielle-de-pamplemousse-bio-10","status":"publish","type":"product","link":"https:\/\/www.biobey.be\/fr\/produit\/huile-essentielle-de-pamplemousse-bio-10\/","title":{"rendered":"Huile essentielle de pamplemousse bio d&rsquo;Argital 10ml"},"content":{"rendered":"<p>Vous recherchez une huile essentielle pure de pamplemousse? L&rsquo;huile essentielle de pamplemousse d&rsquo;Argital est obtenue par pression \u00e0 froid de l&rsquo;\u00e9corce de pamplemousse biologique. L&rsquo;huile essentielle de pamplemousse d&rsquo;Argital est biologique et extr\u00eamement pure. Elle est certifi\u00e9e BDIH et LAV.<\/p>\n<p><strong>Principales utilisations de l&rsquo;huile essentielle de pamplemousse en r\u00e9sum\u00e9<\/strong><\/p>\n<ul>\n<li>soulage les muscles endoloris (\u00e0 ajouter \u00e0 une huile de massage apr\u00e8s dilution)<\/li>\n<li>son ar\u00f4me a un effet stimulant et apporte une \u00e9nergie positive<\/li>\n<li>aide \u00e0 traiter les mycoses des pieds, l&rsquo;acn\u00e9 et les peaux grasses<\/li>\n<\/ul>\n<p>Outre son ar\u00f4me d&rsquo;agrumes tr\u00e8s agr\u00e9able, cette huile essentielle poss\u00e8de des propri\u00e9t\u00e9s b\u00e9n\u00e9fiques et bienfaisantes pour le corps et l&rsquo;esprit.<\/p>\n<p>L&rsquo;huile essentielle de pamplemousse est utilis\u00e9e pour les soins de la peau, <span style=\"color: #0000ff;\"><a style=\"color: #0000ff;\" href=\"https:\/\/www.biobey.be\/fr\/produit\/gel-anti-douleur-du-dos-de-la-nuque\/\">les muscles endoloris<\/a><\/span> ainsi que dans le vaporisateur. Cette huile essentielle est antiseptique et stimulante. Elle donne plus d&rsquo;\u00e9nergie positive.<\/p>\n<h2>Quels sont les bienfaits de l&rsquo;huile essentielle de pamplemousse bio ?<\/h2>\n<p>L&rsquo;huile essentielle de pamplemousse bio est tr\u00e8s polyvalente et c&rsquo;est pourquoi on l&rsquo;utilise aussi bien dans les produits de soins personnels que contre les rhumes, le stress et l&rsquo;\u00e9puisement mental.<\/p>\n<p>Huile essentielle de pamplemousse pour la peau et les cheveux : L&rsquo;huile essentielle est antiseptique et d\u00e9toxifiante. Elle est utilis\u00e9e pour traiter les mycoses des pieds, l&rsquo;acn\u00e9, les peaux grasses et la cellulite. L&rsquo;huile essentielle de pamplemousse a \u00e9galement des propri\u00e9t\u00e9s stimulantes pour la croissance des cheveux.<\/p>\n<p>Dans le vaporisateur, l&rsquo;huile essentielle de pamplemousse a un ar\u00f4me rafra\u00eechissant. En ajoutant quelques gouttes dans le bain, cette huile cr\u00e9era un <span style=\"color: #0000ff;\"><a style=\"color: #0000ff;\" href=\"https:\/\/www.biobey.be\/fr\/produit\/huile-pour-les-varices-et-varicosites-125\/\">effet relaxant agr\u00e9able<\/a><\/span>.<\/p>\n<p>Lors d&rsquo;un massage contre les douleurs musculaires, il est bon d&rsquo;ajouter de l&rsquo;huile essentielle de pamplemousse \u00e0 <span style=\"color: #0000ff;\"><a style=\"color: #0000ff;\" href=\"https:\/\/www.biobey.be\/fr\/produit\/x-oil-lemon-cbd-anti-douleurs-100ml\/\">l&rsquo;huile de massage<\/a><\/span>. Elle acc\u00e9l\u00e8re le processus de r\u00e9cup\u00e9ration musculaire et d\u00e9tend les muscles.<\/p>\n<h2>Comment utiliser l&rsquo;huile essentielle de pamplemousse ?<\/h2>\n<p>Ajoutez entre 4 et 5 gouttes d&rsquo;huile essentielle de pamplemousse dans le vaporisateur. Cela permet de lutter contre la fatigue et d&rsquo;am\u00e9liorer la concentration.<\/p>\n<p>L&rsquo;huile peut \u00e9galement \u00eatre utilis\u00e9e dilu\u00e9e dans les massages et dans les produits de soins personnels.<br \/>\nPour utiliser l&rsquo;huile essentielle pour le corps, il est important de la diluer suffisamment et de ne pas l&rsquo;utiliser directement en raison de sa forte concentration.<\/p>\n<p>Conservez l&rsquo;huile dans un endroit sec, sombre et frais. Tenir l&rsquo;huile essentielle hors de port\u00e9e des jeunes enfants.<br \/>\n<strong>Ingr\u00e9dients :<\/strong> Huile de zeste de Citrus grandis.<\/p>\n","protected":false},"excerpt":{"rendered":"<p>L&rsquo;huile essentielle de pamplemousse bio d&rsquo;Argital est 100% naturelle et sans conservateur. L&rsquo;huile essentielle de pamplemousse a un agr\u00e9able ar\u00f4me d&rsquo;agrumes amers. Son ar\u00f4me agr\u00e9able stimule l&rsquo;\u00e9nergie et la concentration.<br \/>\n<strong>Certificats :<\/strong> BDIH &#8211; LAV<br \/>\n<strong>Contenu<\/strong>:10ml<\/p>\n","protected":false},"featured_media":738,"comment_status":"open","ping_status":"closed","template":"","meta":{"ocean_post_layout":"","ocean_both_sidebars_style":"","ocean_both_sidebars_content_width":0,"ocean_both_sidebars_sidebars_width":0,"ocean_sidebar":"","ocean_second_sidebar":"","ocean_disable_margins":"enable","ocean_add_body_class":"","ocean_shortcode_before_top_bar":"","ocean_shortcode_after_top_bar":"","ocean_shortcode_before_header":"","ocean_shortcode_after_header":"","ocean_has_shortcode":"","ocean_shortcode_after_title":"","ocean_shortcode_before_footer_widgets":"","ocean_shortcode_after_footer_widgets":"","ocean_shortcode_before_footer_bottom":"","ocean_shortcode_after_footer_bottom":"","ocean_display_top_bar":"default","ocean_display_header":"default","ocean_header_style":"","ocean_center_header_left_menu":"","ocean_custom_header_template":"","ocean_custom_logo":0,"ocean_custom_retina_logo":0,"ocean_custom_logo_max_width":0,"ocean_custom_logo_tablet_max_width":0,"ocean_custom_logo_mobile_max_width":0,"ocean_custom_logo_max_height":0,"ocean_custom_logo_tablet_max_height":0,"ocean_custom_logo_mobile_max_height":0,"ocean_header_custom_menu":"","ocean_menu_typo_font_family":"","ocean_menu_typo_font_subset":"","ocean_menu_typo_font_size":0,"ocean_menu_typo_font_size_tablet":0,"ocean_menu_typo_font_size_mobile":0,"ocean_menu_typo_font_size_unit":"px","ocean_menu_typo_font_weight":"","ocean_menu_typo_font_weight_tablet":"","ocean_menu_typo_font_weight_mobile":"","ocean_menu_typo_transform":"","ocean_menu_typo_transform_tablet":"","ocean_menu_typo_transform_mobile":"","ocean_menu_typo_line_height":0,"ocean_menu_typo_line_height_tablet":0,"ocean_menu_typo_line_height_mobile":0,"ocean_menu_typo_line_height_unit":"","ocean_menu_typo_spacing":0,"ocean_menu_typo_spacing_tablet":0,"ocean_menu_typo_spacing_mobile":0,"ocean_menu_typo_spacing_unit":"","ocean_menu_link_color":"","ocean_menu_link_color_hover":"","ocean_menu_link_color_active":"","ocean_menu_link_background":"","ocean_menu_link_hover_background":"","ocean_menu_link_active_background":"","ocean_menu_social_links_bg":"","ocean_menu_social_hover_links_bg":"","ocean_menu_social_links_color":"","ocean_menu_social_hover_links_color":"","ocean_disable_title":"default","ocean_disable_heading":"default","ocean_post_title":"","ocean_post_subheading":"","ocean_post_title_style":"","ocean_post_title_background_color":"","ocean_post_title_background":0,"ocean_post_title_bg_image_position":"","ocean_post_title_bg_image_attachment":"","ocean_post_title_bg_image_repeat":"","ocean_post_title_bg_image_size":"","ocean_post_title_height":0,"ocean_post_title_bg_overlay":0.5,"ocean_post_title_bg_overlay_color":"","ocean_disable_breadcrumbs":"default","ocean_breadcrumbs_color":"","ocean_breadcrumbs_separator_color":"","ocean_breadcrumbs_links_color":"","ocean_breadcrumbs_links_hover_color":"","ocean_display_footer_widgets":"default","ocean_display_footer_bottom":"default","ocean_custom_footer_template":""},"product_brand":[102],"product_cat":[56,31],"product_tag":[],"class_list":{"0":"post-2569","1":"product","2":"type-product","3":"status-publish","4":"has-post-thumbnail","6":"product_brand-argital","7":"product_cat-huiles-essentielles","8":"product_cat-sante","10":"entry","11":"has-media","13":"first","14":"instock","15":"taxable","16":"shipping-taxable","17":"purchasable","18":"product-type-simple","19":"has-rating","20":"col","21":"span_1_of_3","22":"owp-content-center","23":"owp-thumbs-layout-horizontal","24":"owp-btn-normal","25":"owp-tabs-layout-section","26":"has-no-thumbnails","27":"circle-sale"},"_links":{"self":[{"href":"https:\/\/www.biobey.be\/fr\/wp-json\/wp\/v2\/product\/2569","targetHints":{"allow":["GET"]}}],"collection":[{"href":"https:\/\/www.biobey.be\/fr\/wp-json\/wp\/v2\/product"}],"about":[{"href":"https:\/\/www.biobey.be\/fr\/wp-json\/wp\/v2\/types\/product"}],"replies":[{"embeddable":true,"href":"https:\/\/www.biobey.be\/fr\/wp-json\/wp\/v2\/comments?post=2569"}],"wp:featuredmedia":[{"embeddable":true,"href":"https:\/\/www.biobey.be\/fr\/wp-json\/wp\/v2\/media\/738"}],"wp:attachment":[{"href":"https:\/\/www.biobey.be\/fr\/wp-json\/wp\/v2\/media?parent=2569"}],"wp:term":[{"taxonomy":"product_brand","embeddable":true,"href":"https:\/\/www.biobey.be\/fr\/wp-json\/wp\/v2\/product_brand?post=2569"},{"taxonomy":"product_cat","embeddable":true,"href":"https:\/\/www.biobey.be\/fr\/wp-json\/wp\/v2\/product_cat?post=2569"},{"taxonomy":"product_tag","embeddable":true,"href":"https:\/\/www.biobey.be\/fr\/wp-json\/wp\/v2\/product_tag?post=2569"}],"curies":[{"name":"wp","href":"https:\/\/api.w.org\/{rel}","templated":true}]}}