{"id":2570,"date":"2023-08-19T00:47:21","date_gmt":"2023-08-18T22:47:21","guid":{"rendered":"https:\/\/www.biobey.be\/fr-temp\/produit\/huile-essentielle-de-niaouli-bio-argital-10ml\/"},"modified":"2025-07-11T13:54:32","modified_gmt":"2025-07-11T11:54:32","slug":"huile-essentielle-de-niaouli-bio-argital-10ml","status":"publish","type":"product","link":"https:\/\/www.biobey.be\/fr\/produit\/huile-essentielle-de-niaouli-bio-argital-10ml\/","title":{"rendered":"Huile essentielle de niaouli bio Argital 10ml"},"content":{"rendered":"<p>L&rsquo;huile essentielle de niaouli bio d&rsquo;Argital est certifi\u00e9e BDIH et LAV. L&rsquo;huile est extraite de mani\u00e8re durable et naturelle sans utilisation d&rsquo;additifs dans les processus.<\/p>\n<p>Elle est biologique et sans conservateur. L&rsquo;huile essentielle de niaouli biologique est utilis\u00e9e pour traiter les probl\u00e8mes de peau tels que l&rsquo;acn\u00e9 et les imperfections.<\/p>\n<p>Elle poss\u00e8de de fortes propri\u00e9t\u00e9s antibact\u00e9riennes et antifongiques. L&rsquo;huile essentielle de niaouli est multifonctionnelle et a une large application. Elle permet de traiter les pieds moites, les aphtes et les pellicules.<\/p>\n<h2>Quels sont les bienfaits de l&rsquo;huile essentielle de niaouli ?<\/h2>\n<p>L&rsquo;huile essentielle de niaouli biologique est fortement antiseptique, antiallergique, fongicide et antibact\u00e9rienne. Elle est efficace pour traiter diverses affections cutan\u00e9es comme le psoriasis, les mycoses de la peau, les squames et les pellicules du cuir chevelu.<\/p>\n<p>Gr\u00e2ce \u00e0 ses propri\u00e9t\u00e9s antibact\u00e9riennes, elle est utilis\u00e9e en cas de candidose, de mycoses des parties intimes, d&rsquo;acn\u00e9 et d&rsquo;imperfections cutan\u00e9es. Ses propri\u00e9t\u00e9s anti-inflammatoires permettent de lutter contre les ulc\u00e8res et les inflammations des gencives.<\/p>\n<p>Parce que cette huile renforce les tissus, l&rsquo;huile essentielle de niaouli est recommand\u00e9e pour les varices et l&rsquo;art\u00e9rite.<br \/>\nEn diffusion, l&rsquo;huile essentielle de niaouli agit, en purifiant l&rsquo;air et en \u00e9tant antibact\u00e9rienne.<\/p>\n<p>Elle s&rsquo;attaque aux mauvaises odeurs. De plus, l&rsquo;huile essentielle de niaouli favorise la concentration.<\/p>\n<h2>Comment utiliser l&rsquo;huile essentielle de niaouli bio ?<\/h2>\n<p>Huile essentielle de niaouli pour la peau : Appliquer quelques gouttes (1 \u00e0 3 gouttes) de l&rsquo;huile essentielle bio dans une cr\u00e8me de jour neutre naturelle ou un masque de visage pour l&rsquo;acn\u00e9 et les peaux \u00e0 imperfections.<\/p>\n<p>L&rsquo;huile essentielle de niaouli contre les pellicules, la desquamation et les affections du cuir chevelu. Ajouter 1 \u00e0 4 gouttes d&rsquo;huile essentielle dans un shampoing naturel contre les pellicules lors du lavage des cheveux. Lors de la r\u00e9alisation d&rsquo;un masque capillaire \u00e0 l&rsquo;argile verte par exemple, vous pouvez ajouter quelques gouttes d&rsquo;huile de niaouli.<\/p>\n<p>Ajoutez 5 gouttes d&rsquo;huile essentielle dans un bain de pieds \u00e0 l&rsquo;argile verte en poudre pour traiter les pieds moites et les mycoses des pieds.<\/p>\n<p>Utilisez l&rsquo;huile de niaouli contre les fortes odeurs de transpiration au niveau des aisselles ou des pieds. Pour cela, m\u00e9langez quelques gouttes d&rsquo;huile essentielle de niaouli \u00e0 une huile corporelle ou \u00e0 un masque ou une cr\u00e8me naturelle pour les aisselles ou les pieds.<\/p>\n<p>Conserver l&rsquo;huile essentielle de niaouli bio Argital dans un endroit frais, sec et \u00e0 l&rsquo;abri de la lumi\u00e8re. Ne pas utiliser chez les b\u00e9b\u00e9s de moins d&rsquo;un an.<\/p>\n<p><strong>Ingr\u00e9dients :<\/strong> Huile de feuille de Melaleuca viridiflora<\/p>\n","protected":false},"excerpt":{"rendered":"<p>L&rsquo;huile essentielle de Niaouli Bio d&rsquo;Argital est antiseptique, antifongique et antibact\u00e9rienne. Elle est utilis\u00e9e pour les peaux \u00e0 imperfections, l&rsquo;acn\u00e9, les pellicules, le candida, les ulc\u00e8res, les gencives enflamm\u00e9es et les varices. Le niaouli r\u00e9duit les odeurs de transpiration et agit comme un purificateur d&rsquo;air.<br \/>\n<strong>Certificats<\/strong> : BDIH &#8211; LAV<br \/>\n<strong>Contenu:<\/strong>10ml<\/p>\n","protected":false},"featured_media":737,"comment_status":"open","ping_status":"closed","template":"","meta":{"ocean_post_layout":"","ocean_both_sidebars_style":"","ocean_both_sidebars_content_width":0,"ocean_both_sidebars_sidebars_width":0,"ocean_sidebar":"","ocean_second_sidebar":"","ocean_disable_margins":"enable","ocean_add_body_class":"","ocean_shortcode_before_top_bar":"","ocean_shortcode_after_top_bar":"","ocean_shortcode_before_header":"","ocean_shortcode_after_header":"","ocean_has_shortcode":"","ocean_shortcode_after_title":"","ocean_shortcode_before_footer_widgets":"","ocean_shortcode_after_footer_widgets":"","ocean_shortcode_before_footer_bottom":"","ocean_shortcode_after_footer_bottom":"","ocean_display_top_bar":"default","ocean_display_header":"default","ocean_header_style":"","ocean_center_header_left_menu":"","ocean_custom_header_template":"","ocean_custom_logo":0,"ocean_custom_retina_logo":0,"ocean_custom_logo_max_width":0,"ocean_custom_logo_tablet_max_width":0,"ocean_custom_logo_mobile_max_width":0,"ocean_custom_logo_max_height":0,"ocean_custom_logo_tablet_max_height":0,"ocean_custom_logo_mobile_max_height":0,"ocean_header_custom_menu":"","ocean_menu_typo_font_family":"","ocean_menu_typo_font_subset":"","ocean_menu_typo_font_size":0,"ocean_menu_typo_font_size_tablet":0,"ocean_menu_typo_font_size_mobile":0,"ocean_menu_typo_font_size_unit":"px","ocean_menu_typo_font_weight":"","ocean_menu_typo_font_weight_tablet":"","ocean_menu_typo_font_weight_mobile":"","ocean_menu_typo_transform":"","ocean_menu_typo_transform_tablet":"","ocean_menu_typo_transform_mobile":"","ocean_menu_typo_line_height":0,"ocean_menu_typo_line_height_tablet":0,"ocean_menu_typo_line_height_mobile":0,"ocean_menu_typo_line_height_unit":"","ocean_menu_typo_spacing":0,"ocean_menu_typo_spacing_tablet":0,"ocean_menu_typo_spacing_mobile":0,"ocean_menu_typo_spacing_unit":"","ocean_menu_link_color":"","ocean_menu_link_color_hover":"","ocean_menu_link_color_active":"","ocean_menu_link_background":"","ocean_menu_link_hover_background":"","ocean_menu_link_active_background":"","ocean_menu_social_links_bg":"","ocean_menu_social_hover_links_bg":"","ocean_menu_social_links_color":"","ocean_menu_social_hover_links_color":"","ocean_disable_title":"default","ocean_disable_heading":"default","ocean_post_title":"","ocean_post_subheading":"","ocean_post_title_style":"","ocean_post_title_background_color":"","ocean_post_title_background":0,"ocean_post_title_bg_image_position":"","ocean_post_title_bg_image_attachment":"","ocean_post_title_bg_image_repeat":"","ocean_post_title_bg_image_size":"","ocean_post_title_height":0,"ocean_post_title_bg_overlay":0.5,"ocean_post_title_bg_overlay_color":"","ocean_disable_breadcrumbs":"default","ocean_breadcrumbs_color":"","ocean_breadcrumbs_separator_color":"","ocean_breadcrumbs_links_color":"","ocean_breadcrumbs_links_hover_color":"","ocean_display_footer_widgets":"default","ocean_display_footer_bottom":"default","ocean_custom_footer_template":""},"product_brand":[102],"product_cat":[56,31],"product_tag":[],"class_list":{"0":"post-2570","1":"product","2":"type-product","3":"status-publish","4":"has-post-thumbnail","6":"product_brand-argital","7":"product_cat-huiles-essentielles","8":"product_cat-sante","10":"entry","11":"has-media","13":"first","14":"instock","15":"taxable","16":"shipping-taxable","17":"purchasable","18":"product-type-simple","19":"has-rating","20":"col","21":"span_1_of_3","22":"owp-content-center","23":"owp-thumbs-layout-horizontal","24":"owp-btn-normal","25":"owp-tabs-layout-section","26":"has-no-thumbnails","27":"circle-sale"},"_links":{"self":[{"href":"https:\/\/www.biobey.be\/fr\/wp-json\/wp\/v2\/product\/2570","targetHints":{"allow":["GET"]}}],"collection":[{"href":"https:\/\/www.biobey.be\/fr\/wp-json\/wp\/v2\/product"}],"about":[{"href":"https:\/\/www.biobey.be\/fr\/wp-json\/wp\/v2\/types\/product"}],"replies":[{"embeddable":true,"href":"https:\/\/www.biobey.be\/fr\/wp-json\/wp\/v2\/comments?post=2570"}],"wp:featuredmedia":[{"embeddable":true,"href":"https:\/\/www.biobey.be\/fr\/wp-json\/wp\/v2\/media\/737"}],"wp:attachment":[{"href":"https:\/\/www.biobey.be\/fr\/wp-json\/wp\/v2\/media?parent=2570"}],"wp:term":[{"taxonomy":"product_brand","embeddable":true,"href":"https:\/\/www.biobey.be\/fr\/wp-json\/wp\/v2\/product_brand?post=2570"},{"taxonomy":"product_cat","embeddable":true,"href":"https:\/\/www.biobey.be\/fr\/wp-json\/wp\/v2\/product_cat?post=2570"},{"taxonomy":"product_tag","embeddable":true,"href":"https:\/\/www.biobey.be\/fr\/wp-json\/wp\/v2\/product_tag?post=2570"}],"curies":[{"name":"wp","href":"https:\/\/api.w.org\/{rel}","templated":true}]}}