{"id":2571,"date":"2023-08-20T22:56:01","date_gmt":"2023-08-20T20:56:01","guid":{"rendered":"https:\/\/www.biobey.be\/fr-temp\/produit\/silicium-organique-pour-les-cheveux-peau\/"},"modified":"2026-02-18T11:56:43","modified_gmt":"2026-02-18T10:56:43","slug":"silicium-organique-pour-les-cheveux-peau","status":"publish","type":"product","link":"https:\/\/www.biobey.be\/fr\/produit\/silicium-organique-pour-les-cheveux-peau\/","title":{"rendered":"Silicium organique pour les cheveux, peau et ongles 1000ml"},"content":{"rendered":"<p>Silicium organique pour les Cheveux, Peau et Ongles de Bioearth a des propri\u00e9t\u00e9s multifonctionnelles. Il contient du silicium, du zinc, de l&rsquo;extrait d&rsquo;ortie et de la biotine. Le silicium est l&rsquo;un des principaux \u00e9l\u00e9ments constitutifs du tissu conjonctif.<\/p>\n<p>Il prot\u00e8ge les prot\u00e9ines \u00e9lastine et collag\u00e8ne. Il contribue \u00e0 renforcer l&rsquo;\u00e9lasticit\u00e9 de la peau et \u00e0 pr\u00e9venir la formation de rides. Le compl\u00e9ment de silicium pour les cheveux, la peau et les ongles de Bioearth est disponible sous forme liquide pour une absorption maximale.<\/p>\n<h2><strong>Formule efficace de silicium pour les cheveux, la peau et les ongles<\/strong><\/h2>\n<p>Le silicium organique associ\u00e9 au zinc, \u00e0 l&rsquo;extrait d&rsquo;ortie et \u00e0 la biotine r\u00e9g\u00e9n\u00e8re les cellules de la peau, renforce les cheveux et les ongles.<\/p>\n<p>Le silicium ou silice est un min\u00e9ral pr\u00e9sent dans le corps humain. Il est notamment responsable de l&rsquo;\u00e9lasticit\u00e9 de la peau, de la structure des cheveux et des ongles. Il favorise en outre la formation des os et du tissu conjonctif. Notre corps ne produit pas de silicium lui-m\u00eame.<\/p>\n<ul>\n<li>Il ne peut l&rsquo;absorber que par le biais de l&rsquo;alimentation ou de compl\u00e9ments alimentaires.<\/li>\n<li>Le zinc renforce l&rsquo;action du silicium et contribue au renouvellement des cellules de la peau.<\/li>\n<li>Une carence en biotine ou vitamine B8 dans l&rsquo;organisme peut entra\u00eener une perte de cheveux et des cheveux fins.<\/li>\n<li>Il s&rsquo;agit d&rsquo;une vitamine importante qui favorise la croissance des cellules de la peau et des ongles.<\/li>\n<\/ul>\n<p>L&rsquo;extrait d&rsquo;ortie contient des niveaux \u00e9lev\u00e9s de silicium. Il est riche en antioxydants et en vitamines. L&rsquo;extrait d&rsquo;ortie prot\u00e8ge la peau et les cheveux du stress oxydatif.<\/p>\n<h2><strong>Que fait le silicium organique pour la peau ?<\/strong><\/h2>\n<p>Le compl\u00e9ment alimentaire de silicium organique Bioearth acc\u00e9l\u00e8re la r\u00e9g\u00e9n\u00e9ration de la peau. Il am\u00e9liore l&rsquo;\u00e9lasticit\u00e9 de la peau. Le suppl\u00e9ment de silicium pour la peau, les cheveux et les ongles a un effet antirides. Il favorise la production de prot\u00e9ines d&rsquo;\u00e9lastine et de collag\u00e8ne.<\/p>\n<p>Avec l&rsquo;\u00e2ge, la quantit\u00e9 de silicium diminue dans l&rsquo;organisme. L&rsquo;organisme ne peut absorber le silicium que par le biais de l&rsquo;alimentation et des compl\u00e9ments alimentaires. La synergie entre le silicium, la biotine, le zinc et les extraits d&rsquo;ortie apporte une force suppl\u00e9mentaire et permet d&rsquo;obtenir un effet encore meilleur.<\/p>\n<h3>Le silicium organique est-il bon pour les cheveux ?<\/h3>\n<p>Le compl\u00e9ment de silicium organique Bioearth renforce les racines des cheveux et aide ainsi \u00e0 pr\u00e9venir la chute des cheveux. La biotine contenue dans le compl\u00e9ment au silicium pour les cheveux, la peau et les ongles augmente l&rsquo;efficacit\u00e9 de son action.<\/p>\n<p>La biotine, \u00e9galement appel\u00e9e vitamine B8, stimule la croissance des cheveux. Elle renforce la structure du follicule pileux et stimule la croissance de cheveux plus \u00e9pais et plus r\u00e9sistants.<\/p>\n<p>Le silicium organique favorise la production de prot\u00e9ines de k\u00e9ratine et de collag\u00e8ne. Cela r\u00e9duit la chute des cheveux, augmente la brillance et la sant\u00e9 des cheveux.<\/p>\n<h3>Comment prendre le compl\u00e9ment de silicium organique liquide ?<\/h3>\n<p>Prenez 15 ml \u00e0 45 ml par jour, le matin sur un estomac vide, selon les besoins. Il est recommand\u00e9 de prendre 45 ml de ce compl\u00e9ment pendant la premi\u00e8re semaine de traitement. Pour la phase d&rsquo;entretien, 15 ml par jour pendant trois mois suffisent.<\/p>\n<p><strong>Ingr\u00e9dients<\/strong> : Eau, stabilisateurs : Xylitol, acide phosphorique ; acide Kiezen (gel), ar\u00f4mes, gluconate de zinc, extrait liquide d&rsquo;ortie (Urtica Dioica L., feuilles) 1:1, D-Biotine (biotine).<\/p>\n","protected":false},"excerpt":{"rendered":"<p>Le compl\u00e9ment alimentaire de silicium organique Cheveux, Peau et Ongles a une formule naturelle et puissante. Ce compl\u00e9ment est sp\u00e9cialement con\u00e7u pour r\u00e9g\u00e9n\u00e9rer et raffermir la peau, traiter les rides et les cheveux cassants.<\/p>\n<p><strong>Effet multifonctionnel du compl\u00e9ment de silicium Bioearth<\/strong><br \/>\n&#8211; Aide \u00e0 lutter contre la chute des cheveux en renfor\u00e7ant les racines des cheveux et en stimulant la croissance de nouveaux cheveux plus \u00e9pais.<br \/>\n&#8211; Renforce les ongles<br \/>\n&#8211; Am\u00e9liore l&rsquo;\u00e9lasticit\u00e9 de la peau,<br \/>\n&#8211; Lutte contre les rides, prot\u00e8ge et r\u00e9g\u00e9n\u00e8re la peau.<\/p>\n<p><strong>Formule<\/strong> : Silicium, biotine, zinc et extrait d&rsquo;ortie<br \/>\n<strong>Contenu<\/strong> : 1000ml<\/p>\n","protected":false},"featured_media":739,"comment_status":"open","ping_status":"closed","template":"","meta":{"ocean_post_layout":"","ocean_both_sidebars_style":"","ocean_both_sidebars_content_width":0,"ocean_both_sidebars_sidebars_width":0,"ocean_sidebar":"0","ocean_second_sidebar":"0","ocean_disable_margins":"enable","ocean_add_body_class":"","ocean_shortcode_before_top_bar":"","ocean_shortcode_after_top_bar":"","ocean_shortcode_before_header":"","ocean_shortcode_after_header":"","ocean_has_shortcode":"","ocean_shortcode_after_title":"","ocean_shortcode_before_footer_widgets":"","ocean_shortcode_after_footer_widgets":"","ocean_shortcode_before_footer_bottom":"","ocean_shortcode_after_footer_bottom":"","ocean_display_top_bar":"default","ocean_display_header":"default","ocean_header_style":"","ocean_center_header_left_menu":"0","ocean_custom_header_template":"0","ocean_custom_logo":0,"ocean_custom_retina_logo":0,"ocean_custom_logo_max_width":0,"ocean_custom_logo_tablet_max_width":0,"ocean_custom_logo_mobile_max_width":0,"ocean_custom_logo_max_height":0,"ocean_custom_logo_tablet_max_height":0,"ocean_custom_logo_mobile_max_height":0,"ocean_header_custom_menu":"0","ocean_menu_typo_font_family":"0","ocean_menu_typo_font_subset":"","ocean_menu_typo_font_size":0,"ocean_menu_typo_font_size_tablet":0,"ocean_menu_typo_font_size_mobile":0,"ocean_menu_typo_font_size_unit":"px","ocean_menu_typo_font_weight":"","ocean_menu_typo_font_weight_tablet":"","ocean_menu_typo_font_weight_mobile":"","ocean_menu_typo_transform":"","ocean_menu_typo_transform_tablet":"","ocean_menu_typo_transform_mobile":"","ocean_menu_typo_line_height":0,"ocean_menu_typo_line_height_tablet":0,"ocean_menu_typo_line_height_mobile":0,"ocean_menu_typo_line_height_unit":"","ocean_menu_typo_spacing":0,"ocean_menu_typo_spacing_tablet":0,"ocean_menu_typo_spacing_mobile":0,"ocean_menu_typo_spacing_unit":"","ocean_menu_link_color":"","ocean_menu_link_color_hover":"","ocean_menu_link_color_active":"","ocean_menu_link_background":"","ocean_menu_link_hover_background":"","ocean_menu_link_active_background":"","ocean_menu_social_links_bg":"","ocean_menu_social_hover_links_bg":"","ocean_menu_social_links_color":"","ocean_menu_social_hover_links_color":"","ocean_disable_title":"default","ocean_disable_heading":"default","ocean_post_title":"","ocean_post_subheading":"","ocean_post_title_style":"","ocean_post_title_background_color":"","ocean_post_title_background":0,"ocean_post_title_bg_image_position":"","ocean_post_title_bg_image_attachment":"","ocean_post_title_bg_image_repeat":"","ocean_post_title_bg_image_size":"","ocean_post_title_height":0,"ocean_post_title_bg_overlay":0.5,"ocean_post_title_bg_overlay_color":"","ocean_disable_breadcrumbs":"default","ocean_breadcrumbs_color":"","ocean_breadcrumbs_separator_color":"","ocean_breadcrumbs_links_color":"","ocean_breadcrumbs_links_hover_color":"","ocean_display_footer_widgets":"default","ocean_display_footer_bottom":"default","ocean_custom_footer_template":"0"},"product_brand":[118],"product_cat":[57,31],"product_tag":[],"class_list":{"0":"post-2571","1":"product","2":"type-product","3":"status-publish","4":"has-post-thumbnail","6":"product_brand-bioearth","7":"product_cat-complements-alimentaires-bio","8":"product_cat-sante","10":"entry","11":"has-media","13":"first","14":"outofstock","15":"taxable","16":"shipping-taxable","17":"purchasable","18":"product-type-simple","19":"has-rating","20":"col","21":"span_1_of_3","22":"owp-content-center","23":"owp-thumbs-layout-horizontal","24":"owp-btn-normal","25":"owp-tabs-layout-section","26":"has-no-thumbnails","27":"circle-sale"},"_links":{"self":[{"href":"https:\/\/www.biobey.be\/fr\/wp-json\/wp\/v2\/product\/2571","targetHints":{"allow":["GET"]}}],"collection":[{"href":"https:\/\/www.biobey.be\/fr\/wp-json\/wp\/v2\/product"}],"about":[{"href":"https:\/\/www.biobey.be\/fr\/wp-json\/wp\/v2\/types\/product"}],"replies":[{"embeddable":true,"href":"https:\/\/www.biobey.be\/fr\/wp-json\/wp\/v2\/comments?post=2571"}],"wp:featuredmedia":[{"embeddable":true,"href":"https:\/\/www.biobey.be\/fr\/wp-json\/wp\/v2\/media\/739"}],"wp:attachment":[{"href":"https:\/\/www.biobey.be\/fr\/wp-json\/wp\/v2\/media?parent=2571"}],"wp:term":[{"taxonomy":"product_brand","embeddable":true,"href":"https:\/\/www.biobey.be\/fr\/wp-json\/wp\/v2\/product_brand?post=2571"},{"taxonomy":"product_cat","embeddable":true,"href":"https:\/\/www.biobey.be\/fr\/wp-json\/wp\/v2\/product_cat?post=2571"},{"taxonomy":"product_tag","embeddable":true,"href":"https:\/\/www.biobey.be\/fr\/wp-json\/wp\/v2\/product_tag?post=2571"}],"curies":[{"name":"wp","href":"https:\/\/api.w.org\/{rel}","templated":true}]}}