{"id":2572,"date":"2025-10-15T19:22:12","date_gmt":"2025-10-15T17:22:12","guid":{"rendered":"https:\/\/www.biobey.be\/fr-temp\/produit\/cholestmizin-forte-complement-alimentaire-anti-cholesterol-naturel-30-c\/"},"modified":"2026-04-03T00:24:35","modified_gmt":"2026-04-02T22:24:35","slug":"cholestmizin-forte-complement-alimentaire-anti-cholesterol-naturel-30-c","status":"publish","type":"product","link":"https:\/\/www.biobey.be\/fr\/produit\/cholestmizin-forte-complement-alimentaire-anti-cholesterol-naturel-30-c\/","title":{"rendered":"Cholestmizin Forte compl\u00e9ment alimentaire anti-cholest\u00e9rol naturel 30 c."},"content":{"rendered":"<p>Cholestmizin est un compl\u00e9ment alimentaire anti-cholest\u00e9rol naturel de CannamediQ. Ce compl\u00e9ment est sp\u00e9cialement con\u00e7u pour aider \u00e0 baisser le LDL (mauvais cholest\u00e9rol) et \u00e0 augmenter le HDL (bon cholest\u00e9rol). Il prot\u00e8ge \u00e9galement le syst\u00e8me cardiovasculaire.<\/p>\n<p>Cholestmizin Forte est formul\u00e9 \u00e0 partir d&rsquo;extraits naturels de chanvre, de monacoline, de chardon-marie et de th\u00e9 vert. La composition naturelle garantit une grande efficacit\u00e9 et une <strong>s\u00e9curit\u00e9 d&rsquo;utilisation maximale sans effets secondaires<\/strong>.<\/p>\n<h2>Effet du compl\u00e9ment alimentaire anti-cholest\u00e9rol naturel Cholestmizin Forte 30 c.<\/h2>\n<p>La combinaison d&rsquo;extraits de th\u00e9 vert et de chardon-marie inhibe la production naturelle de cholest\u00e9rol LDL dans le foie. Elle emp\u00eache l&rsquo;absorption du cholest\u00e9rol LDL et l&rsquo;accumulation de triglyc\u00e9rides. Les cat\u00e9chines du th\u00e9 vert r\u00e9duisent l&rsquo;activit\u00e9 des enzymes h\u00e9patiques responsables de la fabrication du mauvais cholest\u00e9rol.<\/p>\n<p>En outre, cette combinaison <strong>r\u00e9duit l&rsquo;absorption du cholest\u00e9rol LDL dans l&rsquo;intestin gr\u00eale<\/strong>. Les cat\u00e9chines du th\u00e9 vert se lient au mauvais cholest\u00e9rol et forment un complexe insoluble. Celui-ci est ensuite \u00e9limin\u00e9 par les selles.<\/p>\n<h3>Formule naturelle avec de la Monacoline K comme statine naturelle<\/h3>\n<p>L&rsquo;extrait de chardon-marie contenu dans Cholestmizin Forten compl\u00e9ment alimentaire compl\u00e9ment alimentaire anti-cholest\u00e9rol naturel renforce le foie en le prot\u00e9geant des toxines. La monacoline K de la levure rouge est une statine naturelle. Elle contribue \u00e0 r\u00e9duire le cholest\u00e9rol LDL.<\/p>\n<h3>Extrait de graines de chanvre pour un bien-\u00eatre cardiaque<\/h3>\n<p>L&rsquo;extrait de graines de chanvre a des <strong>effets positifs prouv\u00e9s sur la sant\u00e9 cardiaque<\/strong>. Il est riche en acide gamma-linol\u00e9nique (AGL) et en enzyme lipase.<\/p>\n<p>Ceux-ci contribuent \u00e0 \u00e9liminer la formation de plaque dans les vaisseaux sanguins et les membranes cellulaires. Les acides gras insatur\u00e9s des extraits de graines de chanvre stimulent la production de cholest\u00e9rol HDL.<\/p>\n<h3>Quel est le meilleur rem\u00e8de contre le cholest\u00e9rol ?<\/h3>\n<p>Les plantes naturelles pour faire baisser le cholest\u00e9rol, le r\u00e9gime alimentaire et la modification du mode de vie ont un effet positif \u00e9vident. Bien que les causes de l&rsquo;hypercholest\u00e9rol\u00e9mie soient diff\u00e9rentes.<\/p>\n<p>Plusieurs experts et m\u00e9decins recommandent d&rsquo;abord un mode de vie et des rem\u00e8des naturels pour r\u00e9duire le cholest\u00e9rol.<\/p>\n<h3>Comment faire baisser mon cholest\u00e9rol naturellement ?<\/h3>\n<p>Un r\u00e9gime alimentaire appropri\u00e9 contribue \u00e0 faire baisser le mauvais cholest\u00e9rol. Les rem\u00e8des naturels anti-cholest\u00e9rol comme Cholestmizin Forte, qui contient du th\u00e9 vert, de la levure de riz rouge et de l&rsquo;extrait de chardon-marie, ont prouv\u00e9 leur efficacit\u00e9.<\/p>\n<p>Le sport, l&rsquo;huile de chanvre et l&rsquo;huile de bergamote augmentent la production de HDL (bon cholest\u00e9rol). Le cholest\u00e9rol HDL se d\u00e9barrasse du mauvais cholest\u00e9rol.<\/p>\n<h3>Quelles plantes pour remplacer les statines ?<\/h3>\n<p>Chlestmizin forte contient le th\u00e9 vert, chardon-marie, extrait de graines de chanvre, extrait de riz ferment\u00e9 rouge pour remplacer les statines.<\/p>\n<p>Comment utiliser le compl\u00e9ment alimentaire naturel anti-cholest\u00e9rol Cholestmizin Forte ?<br \/>\nPrendre 1 comprim\u00e9 par jour avec un verre d&rsquo;eau.<br \/>\nConserver le compl\u00e9ment dans un endroit sec et sombre, \u00e0 une temp\u00e9rature ne d\u00e9passant pas 25\u00b0C.<\/p>\n<p><strong>Attention :<\/strong> Ne pas d\u00e9passer la dose recommand\u00e9e. Ce compl\u00e9ment ne se substitue pas \u00e0 un r\u00e9gime alimentaire sain et vari\u00e9. Le compl\u00e9ment CannamediQ Cholestmizin Forte ne doit pas \u00eatre utilis\u00e9 en m\u00eame temps que les m\u00e9dicaments qui limitent la coagulation sanguine.<\/p>\n<p>Le produit ne convient pas aux enfants, aux femmes enceintes et \u00e0 celles qui allaitent. Ne pas utiliser chez les personnes hypersensibles \u00e0 l&rsquo;un des ingr\u00e9dients entrant dans la composition du compl\u00e9ment. Tenir hors de port\u00e9e des enfants.<br \/>\nLes personnes souffrant de troubles r\u00e9naux, h\u00e9patiques ou musculaires sont invit\u00e9es \u00e0 consulter d&rsquo;abord leur m\u00e9decin traitant.<\/p>\n<p><strong>1 comprim\u00e9 contient :<\/strong><br \/>\nExtrait de riz rouge ferment\u00e9 avec 5% de monacoline 200mg<br \/>\nExtrait de th\u00e9 vert 100 mg<br \/>\nExtrait de chardon-marie 90 mg<br \/>\nExtrait de graines de chanvre 70 mg<\/p>\n<p><strong>Composition :<\/strong> extrait de riz ferment\u00e9 rouge contenant 5% de monacoline, th\u00e9 vert, chardon-marie, extrait de graines de chanvre, poudre \u00e0 lever : sorbitol ;<br \/>\ncharge : cellulose microcristalline ; anti-agglom\u00e9rant : silice<\/p>\n<p>Le compl\u00e9ment naturel anti-cholest\u00e9rol Cholestmizin Forte est halal et convient aux v\u00e9g\u00e9taliens.<br \/>\n<strong>Contenu :<\/strong> 30 g\u00e9lules<br \/>\n<strong>Poids :<\/strong> 17,5 g<\/p>\n<p><strong>Formule<\/strong> : Chardon-marie, chanvre, monacoline K et extraits de th\u00e9 vert<br \/>\n<strong>Contenu<\/strong> : 30 g\u00e9lules par jour<br \/>\nHalal et convient aux v\u00e9g\u00e9taliens<\/p>\n","protected":false},"excerpt":{"rendered":"<p>Compl\u00e9ment naturel anti-cholest\u00e9rol Cholestmizin Forte est con\u00e7u pour baisser le cholest\u00e9rol LDL et augmenter le HDL (bon cholest\u00e9rol). Il prot\u00e8ge le c\u0153ur et pr\u00e9vient l&rsquo;accumulation de triglyc\u00e9rides. La formule naturelle garantit une action efficace avec une s\u00e9curit\u00e9 d&rsquo;utilisation maximale.<\/p>\n","protected":false},"featured_media":732,"comment_status":"open","ping_status":"closed","template":"","meta":{"ocean_post_layout":"","ocean_both_sidebars_style":"","ocean_both_sidebars_content_width":0,"ocean_both_sidebars_sidebars_width":0,"ocean_sidebar":"0","ocean_second_sidebar":"0","ocean_disable_margins":"enable","ocean_add_body_class":"","ocean_shortcode_before_top_bar":"","ocean_shortcode_after_top_bar":"","ocean_shortcode_before_header":"","ocean_shortcode_after_header":"","ocean_has_shortcode":"","ocean_shortcode_after_title":"","ocean_shortcode_before_footer_widgets":"","ocean_shortcode_after_footer_widgets":"","ocean_shortcode_before_footer_bottom":"","ocean_shortcode_after_footer_bottom":"","ocean_display_top_bar":"default","ocean_display_header":"default","ocean_header_style":"","ocean_center_header_left_menu":"0","ocean_custom_header_template":"0","ocean_custom_logo":0,"ocean_custom_retina_logo":0,"ocean_custom_logo_max_width":0,"ocean_custom_logo_tablet_max_width":0,"ocean_custom_logo_mobile_max_width":0,"ocean_custom_logo_max_height":0,"ocean_custom_logo_tablet_max_height":0,"ocean_custom_logo_mobile_max_height":0,"ocean_header_custom_menu":"0","ocean_menu_typo_font_family":"0","ocean_menu_typo_font_subset":"","ocean_menu_typo_font_size":0,"ocean_menu_typo_font_size_tablet":0,"ocean_menu_typo_font_size_mobile":0,"ocean_menu_typo_font_size_unit":"px","ocean_menu_typo_font_weight":"","ocean_menu_typo_font_weight_tablet":"","ocean_menu_typo_font_weight_mobile":"","ocean_menu_typo_transform":"","ocean_menu_typo_transform_tablet":"","ocean_menu_typo_transform_mobile":"","ocean_menu_typo_line_height":0,"ocean_menu_typo_line_height_tablet":0,"ocean_menu_typo_line_height_mobile":0,"ocean_menu_typo_line_height_unit":"","ocean_menu_typo_spacing":0,"ocean_menu_typo_spacing_tablet":0,"ocean_menu_typo_spacing_mobile":0,"ocean_menu_typo_spacing_unit":"","ocean_menu_link_color":"","ocean_menu_link_color_hover":"","ocean_menu_link_color_active":"","ocean_menu_link_background":"","ocean_menu_link_hover_background":"","ocean_menu_link_active_background":"","ocean_menu_social_links_bg":"","ocean_menu_social_hover_links_bg":"","ocean_menu_social_links_color":"","ocean_menu_social_hover_links_color":"","ocean_disable_title":"default","ocean_disable_heading":"default","ocean_post_title":"","ocean_post_subheading":"","ocean_post_title_style":"","ocean_post_title_background_color":"","ocean_post_title_background":0,"ocean_post_title_bg_image_position":"","ocean_post_title_bg_image_attachment":"","ocean_post_title_bg_image_repeat":"","ocean_post_title_bg_image_size":"","ocean_post_title_height":0,"ocean_post_title_bg_overlay":0.5,"ocean_post_title_bg_overlay_color":"","ocean_disable_breadcrumbs":"default","ocean_breadcrumbs_color":"","ocean_breadcrumbs_separator_color":"","ocean_breadcrumbs_links_color":"","ocean_breadcrumbs_links_hover_color":"","ocean_display_footer_widgets":"default","ocean_display_footer_bottom":"default","ocean_custom_footer_template":"0"},"product_brand":[123],"product_cat":[57,47,31],"product_tag":[],"class_list":{"0":"post-2572","1":"product","2":"type-product","3":"status-publish","4":"has-post-thumbnail","6":"product_brand-cannamediq","7":"product_cat-complements-alimentaires-bio","8":"product_cat-offres-et-minis","9":"product_cat-sante","11":"entry","12":"has-media","14":"first","15":"instock","16":"taxable","17":"shipping-taxable","18":"purchasable","19":"product-type-simple","20":"has-rating","21":"col","22":"span_1_of_3","23":"owp-content-center","24":"owp-thumbs-layout-horizontal","25":"owp-btn-normal","26":"owp-tabs-layout-section","27":"has-no-thumbnails","28":"circle-sale"},"_links":{"self":[{"href":"https:\/\/www.biobey.be\/fr\/wp-json\/wp\/v2\/product\/2572","targetHints":{"allow":["GET"]}}],"collection":[{"href":"https:\/\/www.biobey.be\/fr\/wp-json\/wp\/v2\/product"}],"about":[{"href":"https:\/\/www.biobey.be\/fr\/wp-json\/wp\/v2\/types\/product"}],"replies":[{"embeddable":true,"href":"https:\/\/www.biobey.be\/fr\/wp-json\/wp\/v2\/comments?post=2572"}],"wp:featuredmedia":[{"embeddable":true,"href":"https:\/\/www.biobey.be\/fr\/wp-json\/wp\/v2\/media\/732"}],"wp:attachment":[{"href":"https:\/\/www.biobey.be\/fr\/wp-json\/wp\/v2\/media?parent=2572"}],"wp:term":[{"taxonomy":"product_brand","embeddable":true,"href":"https:\/\/www.biobey.be\/fr\/wp-json\/wp\/v2\/product_brand?post=2572"},{"taxonomy":"product_cat","embeddable":true,"href":"https:\/\/www.biobey.be\/fr\/wp-json\/wp\/v2\/product_cat?post=2572"},{"taxonomy":"product_tag","embeddable":true,"href":"https:\/\/www.biobey.be\/fr\/wp-json\/wp\/v2\/product_tag?post=2572"}],"curies":[{"name":"wp","href":"https:\/\/api.w.org\/{rel}","templated":true}]}}