{"id":2577,"date":"2023-05-01T00:17:30","date_gmt":"2023-04-30T22:17:30","guid":{"rendered":"https:\/\/www.biobey.be\/fr-temp\/produit\/creme-pour-les-pieds-bio-contre-les-callosites\/"},"modified":"2026-04-22T17:07:34","modified_gmt":"2026-04-22T15:07:34","slug":"creme-pour-les-pieds-bio-contre-les-callosites","status":"publish","type":"product","link":"https:\/\/www.biobey.be\/fr\/produit\/creme-pour-les-pieds-bio-contre-les-callosites\/","title":{"rendered":"Cr\u00e8me pour les pieds bio contre les callosit\u00e9s 50 ml"},"content":{"rendered":"<p>La cr\u00e8me pour les pieds bio contre les callosit\u00e9s a un effet apaisant et r\u00e9parateur. Elle est con\u00e7ue pour traiter les callosit\u00e9s, les fissures du talon, les cors, la peau tr\u00e8s s\u00e8che et durcie.<\/p>\n<p>La cr\u00e8me pour les pieds bio de Bema est formul\u00e9e \u00e0 partir d&rsquo;huiles biologiques et d&rsquo;extraits v\u00e9g\u00e9taux puissants. Elle contient notamment de l&rsquo;huile d&rsquo;amande douce biologique, de l&rsquo;huile de riz, du soja, des acides de fruits, du beurre de karit\u00e9, de l&rsquo;huile de thym et du b\u00eata-glucane.<\/p>\n<p>L&rsquo;huile d&rsquo;amande douce et le beurre de karit\u00e9 aident \u00e0 apaiser la peau s\u00e8che et \u00e0 pr\u00e9venir la d\u00e9shydratation. Les huiles essentielles de thym, de lavande et de menthe ont des effets anti-inflammatoires et antibact\u00e9riens.<\/p>\n<p>La cr\u00e8me pour les pieds bio anti-callosit\u00e9s apaise et r\u00e9pare efficacement les pieds ab\u00eem\u00e9s. Utilis\u00e9e r\u00e9guli\u00e8rement, la cr\u00e8me pour les pieds bio aide \u00e0 pr\u00e9venir la d\u00e9shydratation de la peau. Les pieds sont agr\u00e9ablement doux.<\/p>\n<h2>Effet de la cr\u00e8me pour les pieds bio contre les callosit\u00e9s et les talons crevass\u00e9s<\/h2>\n<p>L&rsquo;huile d&rsquo;amande douce bio contenue dans la cr\u00e8me hydrate la peau s\u00e8che. Le beurre de karit\u00e9 forme une couche protectrice sur la peau s\u00e8che et aide \u00e0 pr\u00e9venir la perte d\u2019eau. Le b\u00eata-glucane prot\u00e8ge la peau du stress oxydatif et favorise le processus de r\u00e9g\u00e9n\u00e9ration de la peau.<\/p>\n<p>Cette substance est souvent utilis\u00e9e pour traiter l&rsquo;ecz\u00e9ma, la dermatite et la peau atopique. Le b\u00eata-glucan doit son effet positif dans le traitement de la peau atopique \u00e0 sa fonction de renforcement de la barri\u00e8re cutan\u00e9e. La cr\u00e8me pour les pieds bio contre les callosit\u00e9s contient des composants r\u00e9parateurs, apaisants et hydratants.<\/p>\n<h3>Quelle est la meilleure cr\u00e8me Bema pour les crevasses du talon ?<\/h3>\n<p>La cr\u00e8me adoucissante pour les callosit\u00e9s et les fissures du talon est la meilleure cr\u00e8me Bema pour \u00e9liminer les callosit\u00e9s et les fissures du talon. Sa formule naturelle \u00e0 base de b\u00eata-glucane, d&rsquo;huiles biologiques d&rsquo;amande douce, de soja, de riz et de beurre de karit\u00e9 apaise, r\u00e9pare et prot\u00e8ge efficacement la peau.<\/p>\n<p>Bema Bio propose plusieurs produits pour le soin des pieds, mais cette cr\u00e8me pour les pieds est sp\u00e9cialement formul\u00e9e pour \u00e9liminer les talons crevass\u00e9s et les callosit\u00e9s.<\/p>\n<p>La cr\u00e8me pour les pieds bio de Bema est naturelle, v\u00e9g\u00e9talienne et halal. Elle est exempte de d\u00e9riv\u00e9s du p\u00e9trole tels que la vaseline, de parab\u00e8nes, de parfums, de piments et d&rsquo;autres substances synth\u00e9tiques.<\/p>\n<h3>Comment utiliser la cr\u00e8me pour les pieds bio contre les callosit\u00e9s ?<\/h3>\n<p>Laver les pieds et bien les s\u00e9cher. Appliquer ensuite la cr\u00e8me pour les pieds et bien masser pour qu&rsquo;elle p\u00e9n\u00e8tre bien dans la peau. En usage externe.<\/p>\n<p><strong>INCI :<\/strong> Acqua, Glyc\u00e9rine, Cetearyl Glucoside, Cetearyl Alcohol, Prunus Amygdalus Dulcis* Oil, Oryza Sativa Germ Oil, Olea Europaea* Fruit Oil, Glycine Soy * Oil, Butyrospermum Parkii* (Shea) Butter, Beta Glucan, Origanum Vulgare Leaf Oil, Thymus Vulgaris Oil, Cinnamomum Zeylanicum Bark Oil, Olea Europaea Leaf Oil, Rosmarinus Officinalis Leaf Oil, Lavandula Angustifolia Flower Oil, Citrus Medica Limonum Peel Oil, Mentha Piperita Leaf Oil, Hydrastis Canadensis Root Oil, Tartaric Acid,<\/p>\n<p>Malic Acid, Kaolin, Benzyl Alcohol, Dehydroacetic Acid, Potassium Cetyl Phosphate, Citric Acid, Glyceryl Caprylate, Cinnamal**, Limonene**, Linalool**, Eugenol**, Benzyl Benzoate**, Citral**, Tocopherol, Fragrance (ar\u00f4me naturel)<br \/>\n*Ingr\u00e9dients issus de l&rsquo;agriculture biologique<br \/>\n**Composants issus d&rsquo;huiles essentielles biologiques<br \/>\n***Ar\u00f4me naturel<\/p>\n<p><strong>Formule<\/strong> : B\u00eata-glucane, huile d&rsquo;amande douce biologique, huile de riz, soja, acides de fruits, beurre de karit\u00e9, huile de thym et huile de lavande.<br \/>\n<strong>Pour traiter<\/strong> : Les callosit\u00e9s, les crevasses du talon, les cors et les pieds tr\u00e8s secs.<br \/>\n<strong>Contenu<\/strong> : 50 ml<br \/>\nCaract\u00e9ristiques : Naturel, v\u00e9g\u00e9talien et halal<\/p>\n","protected":false},"excerpt":{"rendered":"<p><strong>Indication :<\/strong><br \/>\nLa cr\u00e8me pour les pieds contre les callosit\u00e9s, les talons crevass\u00e9s, les cors et les peaux tr\u00e8s s\u00e8ches \u00e0 des propri\u00e9t\u00e9s hydratantes et r\u00e9paratrices. Elle adoucit, r\u00e9pare et prot\u00e8ge efficacement la peau.<\/p>\n","protected":false},"featured_media":740,"comment_status":"open","ping_status":"closed","template":"","meta":{"ocean_post_layout":"","ocean_both_sidebars_style":"","ocean_both_sidebars_content_width":0,"ocean_both_sidebars_sidebars_width":0,"ocean_sidebar":"","ocean_second_sidebar":"","ocean_disable_margins":"enable","ocean_add_body_class":"","ocean_shortcode_before_top_bar":"","ocean_shortcode_after_top_bar":"","ocean_shortcode_before_header":"","ocean_shortcode_after_header":"","ocean_has_shortcode":"","ocean_shortcode_after_title":"","ocean_shortcode_before_footer_widgets":"","ocean_shortcode_after_footer_widgets":"","ocean_shortcode_before_footer_bottom":"","ocean_shortcode_after_footer_bottom":"","ocean_display_top_bar":"default","ocean_display_header":"default","ocean_header_style":"","ocean_center_header_left_menu":"","ocean_custom_header_template":"","ocean_custom_logo":0,"ocean_custom_retina_logo":0,"ocean_custom_logo_max_width":0,"ocean_custom_logo_tablet_max_width":0,"ocean_custom_logo_mobile_max_width":0,"ocean_custom_logo_max_height":0,"ocean_custom_logo_tablet_max_height":0,"ocean_custom_logo_mobile_max_height":0,"ocean_header_custom_menu":"","ocean_menu_typo_font_family":"","ocean_menu_typo_font_subset":"","ocean_menu_typo_font_size":0,"ocean_menu_typo_font_size_tablet":0,"ocean_menu_typo_font_size_mobile":0,"ocean_menu_typo_font_size_unit":"px","ocean_menu_typo_font_weight":"","ocean_menu_typo_font_weight_tablet":"","ocean_menu_typo_font_weight_mobile":"","ocean_menu_typo_transform":"","ocean_menu_typo_transform_tablet":"","ocean_menu_typo_transform_mobile":"","ocean_menu_typo_line_height":0,"ocean_menu_typo_line_height_tablet":0,"ocean_menu_typo_line_height_mobile":0,"ocean_menu_typo_line_height_unit":"","ocean_menu_typo_spacing":0,"ocean_menu_typo_spacing_tablet":0,"ocean_menu_typo_spacing_mobile":0,"ocean_menu_typo_spacing_unit":"","ocean_menu_link_color":"","ocean_menu_link_color_hover":"","ocean_menu_link_color_active":"","ocean_menu_link_background":"","ocean_menu_link_hover_background":"","ocean_menu_link_active_background":"","ocean_menu_social_links_bg":"","ocean_menu_social_hover_links_bg":"","ocean_menu_social_links_color":"","ocean_menu_social_hover_links_color":"","ocean_disable_title":"default","ocean_disable_heading":"default","ocean_post_title":"","ocean_post_subheading":"","ocean_post_title_style":"","ocean_post_title_background_color":"","ocean_post_title_background":0,"ocean_post_title_bg_image_position":"","ocean_post_title_bg_image_attachment":"","ocean_post_title_bg_image_repeat":"","ocean_post_title_bg_image_size":"","ocean_post_title_height":0,"ocean_post_title_bg_overlay":0.5,"ocean_post_title_bg_overlay_color":"","ocean_disable_breadcrumbs":"default","ocean_breadcrumbs_color":"","ocean_breadcrumbs_separator_color":"","ocean_breadcrumbs_links_color":"","ocean_breadcrumbs_links_hover_color":"","ocean_display_footer_widgets":"default","ocean_display_footer_bottom":"default","ocean_custom_footer_template":""},"product_brand":[106],"product_cat":[26,16],"product_tag":[],"class_list":{"0":"post-2577","1":"product","2":"type-product","3":"status-publish","4":"has-post-thumbnail","6":"product_brand-bema-bio","7":"product_cat-mains-et-pieds","8":"product_cat-soins","10":"entry","11":"has-media","13":"first","14":"instock","15":"taxable","16":"shipping-taxable","17":"purchasable","18":"product-type-simple","19":"has-rating","20":"col","21":"span_1_of_3","22":"owp-content-center","23":"owp-thumbs-layout-horizontal","24":"owp-btn-normal","25":"owp-tabs-layout-section","26":"has-no-thumbnails","27":"circle-sale"},"_links":{"self":[{"href":"https:\/\/www.biobey.be\/fr\/wp-json\/wp\/v2\/product\/2577","targetHints":{"allow":["GET"]}}],"collection":[{"href":"https:\/\/www.biobey.be\/fr\/wp-json\/wp\/v2\/product"}],"about":[{"href":"https:\/\/www.biobey.be\/fr\/wp-json\/wp\/v2\/types\/product"}],"replies":[{"embeddable":true,"href":"https:\/\/www.biobey.be\/fr\/wp-json\/wp\/v2\/comments?post=2577"}],"wp:featuredmedia":[{"embeddable":true,"href":"https:\/\/www.biobey.be\/fr\/wp-json\/wp\/v2\/media\/740"}],"wp:attachment":[{"href":"https:\/\/www.biobey.be\/fr\/wp-json\/wp\/v2\/media?parent=2577"}],"wp:term":[{"taxonomy":"product_brand","embeddable":true,"href":"https:\/\/www.biobey.be\/fr\/wp-json\/wp\/v2\/product_brand?post=2577"},{"taxonomy":"product_cat","embeddable":true,"href":"https:\/\/www.biobey.be\/fr\/wp-json\/wp\/v2\/product_cat?post=2577"},{"taxonomy":"product_tag","embeddable":true,"href":"https:\/\/www.biobey.be\/fr\/wp-json\/wp\/v2\/product_tag?post=2577"}],"curies":[{"name":"wp","href":"https:\/\/api.w.org\/{rel}","templated":true}]}}