{"id":2581,"date":"2023-07-15T23:11:06","date_gmt":"2023-07-15T21:11:06","guid":{"rendered":"https:\/\/www.biobey.be\/fr-temp\/produit\/complement-alimentaire-minceur-naturel\/"},"modified":"2025-07-11T13:56:59","modified_gmt":"2025-07-11T11:56:59","slug":"complement-alimentaire-minceur-naturel","status":"publish","type":"product","link":"https:\/\/www.biobey.be\/fr\/produit\/complement-alimentaire-minceur-naturel\/","title":{"rendered":"Compl\u00e9ment alimentaire minceur naturel en poudre 250 g"},"content":{"rendered":"<p>Unilakt est un compl\u00e9ment alimentaire minceur naturel en poudre pour la perte de poids \u00e0 base de chlorella, de probiotiques et de cannelle. Ce compl\u00e9ment minceur efficace soutient le m\u00e9tabolisme et la digestion, et procure plus d&rsquo;\u00e9nergie et de vitalit\u00e9.<\/p>\n<p>Gr\u00e2ce \u00e0 ses propri\u00e9t\u00e9s purifiantes, il favorise une d\u00e9toxification efficace. La cannelle favorise la perte de poids en acc\u00e9l\u00e9rant le m\u00e9tabolisme des glucides. La chlorella aide \u00e0 purifier le corps, favorise la vitalit\u00e9 et le bien-\u00eatre de notre organisme.<\/p>\n<p>La chlorophylle pr\u00e9sente dans la chlorella r\u00e9duit la sensation de faim et aide \u00e0 maintenir un r\u00e9gime alimentaire. Les probiotiques pr\u00e9sents dans ce suppl\u00e9ment naturel soutiennent le bon fonctionnement des intestins.<\/p>\n<h2>Est-ce que le compl\u00e9ment alimentaire minceur naturel Unilakt aide \u00e0 perdre du poids ?<\/h2>\n<p>Unilakt est compos\u00e9 d&rsquo;extraits naturels ayant un effet positif prouv\u00e9 sur le contr\u00f4le du poids et le bien-\u00eatre du corps. La combinaison de cannelle, de chlorella et de fibres de pomme aide \u00e0 perdre du poids en stimulant la digestion. En m\u00eame temps, ces extraits contribuent \u00e0 un organisme sain et \u00e0 la vitalit\u00e9.<\/p>\n<p><strong>Cannelle :<\/strong> La cannelle est-elle un br\u00fbleur de graisse ? Cet extrait est \u00e9galement appel\u00e9 br\u00fbleur de graisse car il aide \u00e0 stabiliser la glyc\u00e9mie. Plusieurs \u00e9tudes ont montr\u00e9 que la cannelle favorise la perte de poids en stabilisant la glyc\u00e9mie et en r\u00e9duisant l&rsquo;app\u00e9tit.<\/p>\n<p>De plus, la cannelle est riche en antioxydants et en polyph\u00e9nols qui ont des propri\u00e9t\u00e9s anti-inflammatoires. La cannelle et la chlorella sont les principaux ingr\u00e9dients du suppl\u00e9ment naturel Unilakt.<\/p>\n<p><strong>Chlorella<\/strong> : Cette micro-algue contient une concentration \u00e9lev\u00e9e de b\u00eata-carot\u00e8ne, de vitamines, de chlorophylle, de fibres et de prot\u00e9ines. Elle purifie le corps des toxines et des m\u00e9taux lourds. La chlorella est riche en chlorophylle.<\/p>\n<p>Cette substance aide \u00e0 perdre du poids en acc\u00e9l\u00e9rant le m\u00e9tabolisme et en r\u00e9duisant l&rsquo;app\u00e9tit. Les probiotiques pr\u00e9sents dans ce suppl\u00e9ment naturel am\u00e9liorent le fonctionnement des intestins. Il est recommand\u00e9 d&rsquo;utiliser ce suppl\u00e9ment naturel pour soutenir la perte de poids ou lors d&rsquo;un r\u00e9gime de r\u00e9duction.<\/p>\n<h3>Comment fonctionne le compl\u00e9ment alimentaire minceur naturel Unilakt ?<\/h3>\n<p>M\u00e9langez deux cuill\u00e8res \u00e0 soupe (10 g) d&rsquo;Unilakt dans 100 ml d&rsquo;eau et buvez-le avant le repas. Le compl\u00e9ment minceur naturel peut \u00e9galement \u00eatre ajout\u00e9 \u00e0 un smoothie, un shake ou du yaourt. N&rsquo;oubliez pas de boire 250 ml d&rsquo;eau \u00e0 chaque fois.<\/p>\n<p>Dosage pour une utilisation \u00e0 court terme : buvez le m\u00e9lange deux fois par jour avant un repas. Dosage pour une utilisation \u00e0 long terme ou lors d&rsquo;un r\u00e9gime de r\u00e9duction : une fois par jour avant un repas.<\/p>\n<p>Ne d\u00e9passez pas la dose recommand\u00e9e. Conservez la poudre du suppl\u00e9ment hors de port\u00e9e des jeunes enfants. Utilisez le produit dans les 3 mois suivant la premi\u00e8re ouverture.<\/p>\n<p>Veuillez noter que le compl\u00e9ment alimentaire minceur naturel Unilakt n&rsquo;est pas un substitut d&rsquo;un mode de vie sain et d&rsquo;une alimentation vari\u00e9e. Suivez les instructions de pr\u00e9paration recommand\u00e9es avant utilisation. \u00c0 partir de 15 ans.<\/p>\n<h4><strong>Valeur nutritionnelle pour 10 g :<\/strong><\/h4>\n<p>Fibres de pomme fines et grossi\u00e8res + fibres de ma\u00efs 7 700 mg<br \/>\nAlgues vertes s\u00e9ch\u00e9es chlorella 500 mg,<br \/>\ncannelle (Cinnamomum zeylanicum) 400 mg,<br \/>\nvitamine C (acide ascorbique) 50 mg,<br \/>\nCulture probiotique (Enterococcus faecium) 50 mg<\/p>\n<p><strong>Ingr\u00e9dients :<\/strong> Fibres de pomme fines et grossi\u00e8res, agent de charge : cellulose microcristalline ; fibres de ma\u00efs, sorbitol (\u00e9dulcorant), chlorella, cannelle (Cinnamomum zeylanicum), inuline, st\u00e9arate de magn\u00e9sium ; vitamine C (acide ascorbique), culture probiotique (Enterococcus faecium).<\/p>\n<p><strong>Caract\u00e9ristiques<\/strong> : Vegan &#8211; Naturel<br \/>\n<strong>Formule<\/strong> : Cannelle, Chlorella, Probiotiques, Vitamine C, Fibres de pomme fines<br \/>\n<strong>Contenu<\/strong> : 250 g &#8211; en poudre<\/p>\n","protected":false},"excerpt":{"rendered":"<p>Le compl\u00e9ment alimentaire minceur naturel en poudre est \u00e0 base de cannelle et de chlorella. Il a \u00e9t\u00e9 sp\u00e9cialement d\u00e9velopp\u00e9 pour soutenir de mani\u00e8re saine la perte de poids et lors d&rsquo;un r\u00e9gime de r\u00e9duction. Il stimule la digestion et le bon fonctionnement des intestins.<\/p>\n","protected":false},"featured_media":750,"comment_status":"open","ping_status":"closed","template":"","meta":{"ocean_post_layout":"","ocean_both_sidebars_style":"","ocean_both_sidebars_content_width":0,"ocean_both_sidebars_sidebars_width":0,"ocean_sidebar":"","ocean_second_sidebar":"","ocean_disable_margins":"enable","ocean_add_body_class":"","ocean_shortcode_before_top_bar":"","ocean_shortcode_after_top_bar":"","ocean_shortcode_before_header":"","ocean_shortcode_after_header":"","ocean_has_shortcode":"","ocean_shortcode_after_title":"","ocean_shortcode_before_footer_widgets":"","ocean_shortcode_after_footer_widgets":"","ocean_shortcode_before_footer_bottom":"","ocean_shortcode_after_footer_bottom":"","ocean_display_top_bar":"default","ocean_display_header":"default","ocean_header_style":"","ocean_center_header_left_menu":"","ocean_custom_header_template":"","ocean_custom_logo":0,"ocean_custom_retina_logo":0,"ocean_custom_logo_max_width":0,"ocean_custom_logo_tablet_max_width":0,"ocean_custom_logo_mobile_max_width":0,"ocean_custom_logo_max_height":0,"ocean_custom_logo_tablet_max_height":0,"ocean_custom_logo_mobile_max_height":0,"ocean_header_custom_menu":"","ocean_menu_typo_font_family":"","ocean_menu_typo_font_subset":"","ocean_menu_typo_font_size":0,"ocean_menu_typo_font_size_tablet":0,"ocean_menu_typo_font_size_mobile":0,"ocean_menu_typo_font_size_unit":"px","ocean_menu_typo_font_weight":"","ocean_menu_typo_font_weight_tablet":"","ocean_menu_typo_font_weight_mobile":"","ocean_menu_typo_transform":"","ocean_menu_typo_transform_tablet":"","ocean_menu_typo_transform_mobile":"","ocean_menu_typo_line_height":0,"ocean_menu_typo_line_height_tablet":0,"ocean_menu_typo_line_height_mobile":0,"ocean_menu_typo_line_height_unit":"","ocean_menu_typo_spacing":0,"ocean_menu_typo_spacing_tablet":0,"ocean_menu_typo_spacing_mobile":0,"ocean_menu_typo_spacing_unit":"","ocean_menu_link_color":"","ocean_menu_link_color_hover":"","ocean_menu_link_color_active":"","ocean_menu_link_background":"","ocean_menu_link_hover_background":"","ocean_menu_link_active_background":"","ocean_menu_social_links_bg":"","ocean_menu_social_hover_links_bg":"","ocean_menu_social_links_color":"","ocean_menu_social_hover_links_color":"","ocean_disable_title":"default","ocean_disable_heading":"default","ocean_post_title":"","ocean_post_subheading":"","ocean_post_title_style":"","ocean_post_title_background_color":"","ocean_post_title_background":0,"ocean_post_title_bg_image_position":"","ocean_post_title_bg_image_attachment":"","ocean_post_title_bg_image_repeat":"","ocean_post_title_bg_image_size":"","ocean_post_title_height":0,"ocean_post_title_bg_overlay":0.5,"ocean_post_title_bg_overlay_color":"","ocean_disable_breadcrumbs":"default","ocean_breadcrumbs_color":"","ocean_breadcrumbs_separator_color":"","ocean_breadcrumbs_links_color":"","ocean_breadcrumbs_links_hover_color":"","ocean_display_footer_widgets":"default","ocean_display_footer_bottom":"default","ocean_custom_footer_template":""},"product_brand":[109],"product_cat":[57,31],"product_tag":[],"class_list":{"0":"post-2581","1":"product","2":"type-product","3":"status-publish","4":"has-post-thumbnail","6":"product_brand-cannaderm","7":"product_cat-complements-alimentaires-bio","8":"product_cat-sante","10":"entry","11":"has-media","13":"first","14":"instock","15":"taxable","16":"shipping-taxable","17":"purchasable","18":"product-type-simple","19":"has-rating","20":"col","21":"span_1_of_3","22":"owp-content-center","23":"owp-thumbs-layout-horizontal","24":"owp-btn-normal","25":"owp-tabs-layout-section","26":"has-no-thumbnails","27":"circle-sale"},"_links":{"self":[{"href":"https:\/\/www.biobey.be\/fr\/wp-json\/wp\/v2\/product\/2581","targetHints":{"allow":["GET"]}}],"collection":[{"href":"https:\/\/www.biobey.be\/fr\/wp-json\/wp\/v2\/product"}],"about":[{"href":"https:\/\/www.biobey.be\/fr\/wp-json\/wp\/v2\/types\/product"}],"replies":[{"embeddable":true,"href":"https:\/\/www.biobey.be\/fr\/wp-json\/wp\/v2\/comments?post=2581"}],"wp:featuredmedia":[{"embeddable":true,"href":"https:\/\/www.biobey.be\/fr\/wp-json\/wp\/v2\/media\/750"}],"wp:attachment":[{"href":"https:\/\/www.biobey.be\/fr\/wp-json\/wp\/v2\/media?parent=2581"}],"wp:term":[{"taxonomy":"product_brand","embeddable":true,"href":"https:\/\/www.biobey.be\/fr\/wp-json\/wp\/v2\/product_brand?post=2581"},{"taxonomy":"product_cat","embeddable":true,"href":"https:\/\/www.biobey.be\/fr\/wp-json\/wp\/v2\/product_cat?post=2581"},{"taxonomy":"product_tag","embeddable":true,"href":"https:\/\/www.biobey.be\/fr\/wp-json\/wp\/v2\/product_tag?post=2581"}],"curies":[{"name":"wp","href":"https:\/\/api.w.org\/{rel}","templated":true}]}}