{"id":2582,"date":"2023-07-21T15:35:21","date_gmt":"2023-07-21T13:35:21","guid":{"rendered":"https:\/\/www.biobey.be\/fr-temp\/produit\/poudre-compacte-bio-spf-50-beige-lepo-9g\/"},"modified":"2026-04-12T19:58:16","modified_gmt":"2026-04-12T17:58:16","slug":"poudre-compacte-bio-spf-50-beige-lepo-9g","status":"publish","type":"product","link":"https:\/\/www.biobey.be\/fr\/produit\/poudre-compacte-bio-spf-50-beige-lepo-9g\/","title":{"rendered":"Poudre compacte bio SPF 50 Beige &#8211; Lepo 9g"},"content":{"rendered":"<p>La poudre compacte bio SPF 50 contient des filtres \u00e9cologiques et physiques qui prot\u00e8gent efficacement la peau des rayons UV. La poudre a un effet multifonctionnel. Elle couvre les imperfections et unifie la peau. Haute protection compact teint\u00e9 spf 50 offre en outre une protection solaire \u00e9lev\u00e9e.<\/p>\n<p>La poudre couvrante Lepo sans talc est 100 % naturelle et v\u00e9g\u00e9talienne. Elle convient parfaitement aux personnes \u00e0 la peau sensible. La poudre compacte bio SPF 50 unifie le teint de mani\u00e8re naturelle. Elle prot\u00e8ge ensuite la peau des rayons UV nocifs.<\/p>\n<h2>La poudre compacte bio SPF 50 est-elle efficace ?<\/h2>\n<p>La poudre compacte bio SPF 50 prot\u00e8ge efficacement la peau des rayons UV gr\u00e2ce \u00e0 ses filtres min\u00e9raux. Les filtres physiques sans nanoparticules forment une couche protectrice sur la peau. Ainsi, ils r\u00e9fl\u00e9chissent les rayons UV sans les laisser p\u00e9n\u00e9trer dans la peau. De plus, cette poudre de maquillage unifie la peau.<\/p>\n<p>La poudre compacte naturelle avec SPF 50 est plus s\u00fbre pour la peau que les filtres chimiques qui sont absorb\u00e9s par la peau. C&rsquo;est un produit multifonctionnel qui s&rsquo;utilise \u00e0 la fois comme maquillage naturel et comme protection solaire.<\/p>\n<h2>Est-ce que la poudre compacte bio SPF 50 convient aux peaux sensibles ?<\/h2>\n<p>La poudre compacte min\u00e9rale Lepo avec SPF 50 convient particuli\u00e8rement aux personnes ayant une peau hypersensible.<\/p>\n<ul>\n<li>Elle est exempte de substances synth\u00e9tiques telles que talc, parfum, colorants et conservateurs. La poudre fine \u00e0 base d&rsquo;extrait de ma\u00efs est douce pour les peaux sensibles.<\/li>\n<li>La poudre compacte Lepo n&rsquo;obstrue pas les pores.<\/li>\n<li>Elle ne provoque pas d&rsquo;irritations.<\/li>\n<li>La poudre compacte Lepo SPF 50 est id\u00e9ale pour prot\u00e9ger les peaux sensibles des taches brunes et des rides pr\u00e9matur\u00e9es.<\/li>\n<li>La poudre donne une belle apparence et unifie le teint. Elle masque les imperfections et a un effet matifiant.<\/li>\n<\/ul>\n<h3>Comment utiliser la poudre compacte bio SPF 50 ?<\/h3>\n<p>Appliquer la poudre Lepo sur la peau avant l&rsquo;exposition au soleil ou lors de l&rsquo;application du maquillage.<br \/>\nLa poudre compacte avec SPF 50 peut \u00eatre appliqu\u00e9e par-dessus une cr\u00e8me de jour, un fond de teint ou un spray solaire.<br \/>\nIl est recommand\u00e9 d&rsquo;appliquer \u00e0 nouveau la poudre compacte apr\u00e8s avoir transpir\u00e9 ou nag\u00e9.<\/p>\n<p>La poudre compacte Lepo avec SPF 50 est 100% naturelle, v\u00e9g\u00e9talienne, test\u00e9e dermatologiquement et convient aux personnes \u00e0 la peau sensible. Elle contient 100% de filtres min\u00e9raux sans nanoparticules.<\/p>\n<p><strong>Ingr\u00e9dients :<\/strong><br \/>\nMica, oxyde de zinc, dioxyde de titane, silice, st\u00e9arate d&rsquo;octyldod\u00e9cyle, triglyc\u00e9ride caprico-caprique, lauroyllisine, st\u00e9arate de zinc, amidon de tapioca, pentyl\u00e8ne glycol, caprylate de glyc\u00e9ryle, und\u00e9cyl\u00e9nate de glyc\u00e9ryle<\/p>\n","protected":false},"excerpt":{"rendered":"<p>La poudre compacte bio SPF 50 est un produit multifonctionnel :<\/p>\n<ul>\n<li>Elle camoufle efficacement les imperfections<\/li>\n<li>prot\u00e8ge la peau des rayons UV nocifs.<\/li>\n<li>La poudre de fond de teint Lepo unifie la peau<\/li>\n<li>Aide \u00e0 \u00e9viter les rides pr\u00e9matur\u00e9es et les taches pigmentaires.<\/li>\n<\/ul>\n<p><strong>Caract\u00e9ristiques :<\/strong> Naturel, v\u00e9g\u00e9talien, filtres \u00e9cologiques, test\u00e9 dermatologiquement<br \/>\n<strong>Teint :<\/strong> teint beige clair \u00e0 moyen.<br \/>\n<strong>Type de peau :<\/strong> convient \u00e0 tous les types de peau ainsi qu&rsquo;aux peaux sensibles.<br \/>\n<strong>Contenu<\/strong> : 9,0 g<\/p>\n","protected":false},"featured_media":754,"comment_status":"open","ping_status":"closed","template":"","meta":{"ocean_post_layout":"","ocean_both_sidebars_style":"","ocean_both_sidebars_content_width":0,"ocean_both_sidebars_sidebars_width":0,"ocean_sidebar":"","ocean_second_sidebar":"","ocean_disable_margins":"enable","ocean_add_body_class":"","ocean_shortcode_before_top_bar":"","ocean_shortcode_after_top_bar":"","ocean_shortcode_before_header":"","ocean_shortcode_after_header":"","ocean_has_shortcode":"","ocean_shortcode_after_title":"","ocean_shortcode_before_footer_widgets":"","ocean_shortcode_after_footer_widgets":"","ocean_shortcode_before_footer_bottom":"","ocean_shortcode_after_footer_bottom":"","ocean_display_top_bar":"default","ocean_display_header":"default","ocean_header_style":"","ocean_center_header_left_menu":"","ocean_custom_header_template":"","ocean_custom_logo":0,"ocean_custom_retina_logo":0,"ocean_custom_logo_max_width":0,"ocean_custom_logo_tablet_max_width":0,"ocean_custom_logo_mobile_max_width":0,"ocean_custom_logo_max_height":0,"ocean_custom_logo_tablet_max_height":0,"ocean_custom_logo_mobile_max_height":0,"ocean_header_custom_menu":"","ocean_menu_typo_font_family":"","ocean_menu_typo_font_subset":"","ocean_menu_typo_font_size":0,"ocean_menu_typo_font_size_tablet":0,"ocean_menu_typo_font_size_mobile":0,"ocean_menu_typo_font_size_unit":"px","ocean_menu_typo_font_weight":"","ocean_menu_typo_font_weight_tablet":"","ocean_menu_typo_font_weight_mobile":"","ocean_menu_typo_transform":"","ocean_menu_typo_transform_tablet":"","ocean_menu_typo_transform_mobile":"","ocean_menu_typo_line_height":0,"ocean_menu_typo_line_height_tablet":0,"ocean_menu_typo_line_height_mobile":0,"ocean_menu_typo_line_height_unit":"","ocean_menu_typo_spacing":0,"ocean_menu_typo_spacing_tablet":0,"ocean_menu_typo_spacing_mobile":0,"ocean_menu_typo_spacing_unit":"","ocean_menu_link_color":"","ocean_menu_link_color_hover":"","ocean_menu_link_color_active":"","ocean_menu_link_background":"","ocean_menu_link_hover_background":"","ocean_menu_link_active_background":"","ocean_menu_social_links_bg":"","ocean_menu_social_hover_links_bg":"","ocean_menu_social_links_color":"","ocean_menu_social_hover_links_color":"","ocean_disable_title":"default","ocean_disable_heading":"default","ocean_post_title":"","ocean_post_subheading":"","ocean_post_title_style":"","ocean_post_title_background_color":"","ocean_post_title_background":0,"ocean_post_title_bg_image_position":"","ocean_post_title_bg_image_attachment":"","ocean_post_title_bg_image_repeat":"","ocean_post_title_bg_image_size":"","ocean_post_title_height":0,"ocean_post_title_bg_overlay":0.5,"ocean_post_title_bg_overlay_color":"","ocean_disable_breadcrumbs":"default","ocean_breadcrumbs_color":"","ocean_breadcrumbs_separator_color":"","ocean_breadcrumbs_links_color":"","ocean_breadcrumbs_links_hover_color":"","ocean_display_footer_widgets":"default","ocean_display_footer_bottom":"default","ocean_custom_footer_template":""},"product_brand":[121],"product_cat":[55],"product_tag":[],"class_list":{"0":"post-2582","1":"product","2":"type-product","3":"status-publish","4":"has-post-thumbnail","6":"product_brand-lepo-ecobio-cosmetica","7":"product_cat-maquillage","9":"entry","10":"has-media","12":"first","13":"instock","14":"taxable","15":"shipping-taxable","16":"purchasable","17":"product-type-simple","18":"has-rating","19":"col","20":"span_1_of_3","21":"owp-content-center","22":"owp-thumbs-layout-horizontal","23":"owp-btn-normal","24":"owp-tabs-layout-section","25":"has-no-thumbnails","26":"circle-sale"},"_links":{"self":[{"href":"https:\/\/www.biobey.be\/fr\/wp-json\/wp\/v2\/product\/2582","targetHints":{"allow":["GET"]}}],"collection":[{"href":"https:\/\/www.biobey.be\/fr\/wp-json\/wp\/v2\/product"}],"about":[{"href":"https:\/\/www.biobey.be\/fr\/wp-json\/wp\/v2\/types\/product"}],"replies":[{"embeddable":true,"href":"https:\/\/www.biobey.be\/fr\/wp-json\/wp\/v2\/comments?post=2582"}],"wp:featuredmedia":[{"embeddable":true,"href":"https:\/\/www.biobey.be\/fr\/wp-json\/wp\/v2\/media\/754"}],"wp:attachment":[{"href":"https:\/\/www.biobey.be\/fr\/wp-json\/wp\/v2\/media?parent=2582"}],"wp:term":[{"taxonomy":"product_brand","embeddable":true,"href":"https:\/\/www.biobey.be\/fr\/wp-json\/wp\/v2\/product_brand?post=2582"},{"taxonomy":"product_cat","embeddable":true,"href":"https:\/\/www.biobey.be\/fr\/wp-json\/wp\/v2\/product_cat?post=2582"},{"taxonomy":"product_tag","embeddable":true,"href":"https:\/\/www.biobey.be\/fr\/wp-json\/wp\/v2\/product_tag?post=2582"}],"curies":[{"name":"wp","href":"https:\/\/api.w.org\/{rel}","templated":true}]}}