{"id":2583,"date":"2023-08-21T22:44:18","date_gmt":"2023-08-21T20:44:18","guid":{"rendered":"https:\/\/www.biobey.be\/fr-temp\/produit\/cc-creme-naturelle-avec-spf-lepo-30-ml-caramel\/"},"modified":"2025-12-25T16:48:13","modified_gmt":"2025-12-25T15:48:13","slug":"cc-creme-naturelle-avec-spf-lepo-30-ml-caramel","status":"publish","type":"product","link":"https:\/\/www.biobey.be\/fr\/produit\/cc-creme-naturelle-avec-spf-lepo-30-ml-caramel\/","title":{"rendered":"CC cr\u00e8me naturelle avec SPF Lepo 30 ml &#8211; Caramel"},"content":{"rendered":"<p>La CC cr\u00e8me naturelle avec SPF de Lepo corrige les imperfections, les rougeurs et les ridules. Elle adoucit \u00e9galement la peau et contient un SPF protecteur. La formule est \u00e0 base d&rsquo;extraits d&rsquo;aloe vera et non \u00e0 base d&rsquo;eau. Elle convient donc parfaitement aux personnes \u00e0 la peau sensible.<\/p>\n<p>La CC cr\u00e8me naturelle avec SPF est un produit multifonctionnel. Elle camoufle les ridules, les taches brunes et les imperfections. Elle favorise la r\u00e9g\u00e9n\u00e9ration de la peau et la prot\u00e8ge contre les influences ext\u00e9rieures n\u00e9gatives.<\/p>\n<p>Comment la Lepo CC cr\u00e8me naturelle avec SPF peut-elle \u00eatre b\u00e9n\u00e9fique pour la peau ?<\/p>\n<p>Quelles sont les fonctions de la CC cr\u00e8me Lepo avec SPF ? La CC cr\u00e8me naturelle avec SPF a des propri\u00e9t\u00e9s multifonctionnelles.<\/p>\n<ul>\n<li>Elle camoufle les rougeurs, les imperfections et les taches gr\u00e2ce \u00e0 ses pigments min\u00e9raux. De plus, elle estompe les rides et ridules sans obstruer les pores.<\/li>\n<li>Gr\u00e2ce \u00e0 sa formule \u00e0 base de jus d&rsquo;aloe vera, de vitamine E, d&rsquo;huile de babassu et de z\u00e9olithe, la CC cr\u00e8me aide la peau \u00e0 se r\u00e9tablir plus rapidement. Elle hydrate et adoucit la peau affect\u00e9e.<\/li>\n<li>La \u00a0\u00bb CC cream \u00a0\u00bb ou cr\u00e8me correctrice de couleur contient des SPF (filtres solaires min\u00e9raux). Elle prot\u00e8ge la peau des effets n\u00e9gatifs des rayons UV. La cr\u00e8me CC naturelle ralentit naturellement le vieillissement de la peau.<\/li>\n<\/ul>\n<p>La CC cr\u00e8me naturelle de Lepo est v\u00e9g\u00e9talienne, certifi\u00e9e Ecocert, respectueuse de l&rsquo;environnement et convient \u00e0 tous les types de peau. Elle est exempte de colorants synth\u00e9tiques, de fragrances, de parfums, d&rsquo;huile min\u00e9rale, de d\u00e9riv\u00e9s et de filtres chimiques.<\/p>\n<p>La CC cr\u00e8me naturelle avec SPF de Lepo est v\u00e9g\u00e9talienne, certifi\u00e9e Ecocert, respectueuse de l&rsquo;environnement et convient \u00e0 tous les types de peau. Elle est exempte de colorants synth\u00e9tiques, de fragrances, de parfums, d&rsquo;huile min\u00e9rale, de d\u00e9riv\u00e9s et de filtres chimiques.<\/p>\n<h3>Composition des ingr\u00e9dients de la CC cr\u00e8me<\/h3>\n<p>Ingr\u00e9dients : Jus de feuilles d&rsquo;Aloe Barbadensis *, polyglyc\u00e9ryl-10 st\u00e9arate, octyldod\u00e9canol, glyc\u00e9rine **, squalane, glyc\u00e9ryl st\u00e9arate, polyglyc\u00e9ryl-10 myristate, polyglyc\u00e9ryl-4 caprate, silice, cetearylopherolholicate, glyc\u00e9ryl caprylate, Gomme de glycolicate d&rsquo;aluminium et de magn\u00e9sium, ar\u00f4me naturel<\/p>\n<p>Lactylate de st\u00e9aroyle de sodium, Acide P-Anisique \/ Acide P-Anisique, Extrait d&rsquo;\u00e9corce de Magnolia Officinalis, Huile de graines d&rsquo;Orbignya Oleifera*, Kaolin, Z\u00e9olithe.<\/p>\n<p>*Ingr\u00e9dients issus de l&rsquo;agriculture biologique<br \/>\n** Composants naturels issus de l&rsquo;agriculture biologique<\/p>\n<h3>Comment utiliser la CC cr\u00e8me naturelle avec SPF 50 ?<\/h3>\n<p>Etalez la cr\u00e8me uniform\u00e9ment sur toute la surface du visage \u00e0 l&rsquo;aide d&rsquo;une \u00e9ponge ou d&rsquo;un pinceau \u00e0 fond de teint. La CC cr\u00e8me naturelle avec SPF peut \u00eatre appliqu\u00e9e directement sur la peau ou par-dessus une cr\u00e8me de jour. Conservez la cr\u00e8me CC dans un endroit sec et peu expos\u00e9 au soleil.<\/p>\n","protected":false},"excerpt":{"rendered":"<p>La CC cr\u00e8me naturelle de Lepo avec SPF<\/p>\n<ul>\n<li>Camoufle les rougeurs, les imperfections et les taches gr\u00e2ce \u00e0 ses pigments min\u00e9raux.<\/li>\n<li>Elle estompe les rides et ridules sans obstruer les pores.<\/li>\n<li>La CC cream ou cr\u00e8me correctrice de couleur contient des SPF (filtres solaires min\u00e9raux). Elle prot\u00e8ge la peau des effets n\u00e9gatifs des rayons UV.<\/li>\n<\/ul>\n","protected":false},"featured_media":745,"comment_status":"open","ping_status":"closed","template":"","meta":{"ocean_post_layout":"","ocean_both_sidebars_style":"","ocean_both_sidebars_content_width":0,"ocean_both_sidebars_sidebars_width":0,"ocean_sidebar":"0","ocean_second_sidebar":"0","ocean_disable_margins":"enable","ocean_add_body_class":"","ocean_shortcode_before_top_bar":"","ocean_shortcode_after_top_bar":"","ocean_shortcode_before_header":"","ocean_shortcode_after_header":"","ocean_has_shortcode":"","ocean_shortcode_after_title":"","ocean_shortcode_before_footer_widgets":"","ocean_shortcode_after_footer_widgets":"","ocean_shortcode_before_footer_bottom":"","ocean_shortcode_after_footer_bottom":"","ocean_display_top_bar":"default","ocean_display_header":"default","ocean_header_style":"","ocean_center_header_left_menu":"0","ocean_custom_header_template":"0","ocean_custom_logo":0,"ocean_custom_retina_logo":0,"ocean_custom_logo_max_width":0,"ocean_custom_logo_tablet_max_width":0,"ocean_custom_logo_mobile_max_width":0,"ocean_custom_logo_max_height":0,"ocean_custom_logo_tablet_max_height":0,"ocean_custom_logo_mobile_max_height":0,"ocean_header_custom_menu":"0","ocean_menu_typo_font_family":"0","ocean_menu_typo_font_subset":"","ocean_menu_typo_font_size":0,"ocean_menu_typo_font_size_tablet":0,"ocean_menu_typo_font_size_mobile":0,"ocean_menu_typo_font_size_unit":"px","ocean_menu_typo_font_weight":"","ocean_menu_typo_font_weight_tablet":"","ocean_menu_typo_font_weight_mobile":"","ocean_menu_typo_transform":"","ocean_menu_typo_transform_tablet":"","ocean_menu_typo_transform_mobile":"","ocean_menu_typo_line_height":0,"ocean_menu_typo_line_height_tablet":0,"ocean_menu_typo_line_height_mobile":0,"ocean_menu_typo_line_height_unit":"","ocean_menu_typo_spacing":0,"ocean_menu_typo_spacing_tablet":0,"ocean_menu_typo_spacing_mobile":0,"ocean_menu_typo_spacing_unit":"","ocean_menu_link_color":"","ocean_menu_link_color_hover":"","ocean_menu_link_color_active":"","ocean_menu_link_background":"","ocean_menu_link_hover_background":"","ocean_menu_link_active_background":"","ocean_menu_social_links_bg":"","ocean_menu_social_hover_links_bg":"","ocean_menu_social_links_color":"","ocean_menu_social_hover_links_color":"","ocean_disable_title":"default","ocean_disable_heading":"default","ocean_post_title":"","ocean_post_subheading":"","ocean_post_title_style":"","ocean_post_title_background_color":"","ocean_post_title_background":0,"ocean_post_title_bg_image_position":"","ocean_post_title_bg_image_attachment":"","ocean_post_title_bg_image_repeat":"","ocean_post_title_bg_image_size":"","ocean_post_title_height":0,"ocean_post_title_bg_overlay":0.5,"ocean_post_title_bg_overlay_color":"","ocean_disable_breadcrumbs":"default","ocean_breadcrumbs_color":"","ocean_breadcrumbs_separator_color":"","ocean_breadcrumbs_links_color":"","ocean_breadcrumbs_links_hover_color":"","ocean_display_footer_widgets":"default","ocean_display_footer_bottom":"default","ocean_custom_footer_template":"0"},"product_brand":[121],"product_cat":[55],"product_tag":[],"class_list":{"0":"post-2583","1":"product","2":"type-product","3":"status-publish","4":"has-post-thumbnail","6":"product_brand-lepo-ecobio-cosmetica","7":"product_cat-maquillage","9":"entry","10":"has-media","12":"first","13":"instock","14":"taxable","15":"shipping-taxable","16":"purchasable","17":"product-type-simple","18":"has-rating","19":"col","20":"span_1_of_3","21":"owp-content-center","22":"owp-thumbs-layout-horizontal","23":"owp-btn-normal","24":"owp-tabs-layout-section","25":"has-no-thumbnails","26":"circle-sale"},"_links":{"self":[{"href":"https:\/\/www.biobey.be\/fr\/wp-json\/wp\/v2\/product\/2583","targetHints":{"allow":["GET"]}}],"collection":[{"href":"https:\/\/www.biobey.be\/fr\/wp-json\/wp\/v2\/product"}],"about":[{"href":"https:\/\/www.biobey.be\/fr\/wp-json\/wp\/v2\/types\/product"}],"replies":[{"embeddable":true,"href":"https:\/\/www.biobey.be\/fr\/wp-json\/wp\/v2\/comments?post=2583"}],"wp:featuredmedia":[{"embeddable":true,"href":"https:\/\/www.biobey.be\/fr\/wp-json\/wp\/v2\/media\/745"}],"wp:attachment":[{"href":"https:\/\/www.biobey.be\/fr\/wp-json\/wp\/v2\/media?parent=2583"}],"wp:term":[{"taxonomy":"product_brand","embeddable":true,"href":"https:\/\/www.biobey.be\/fr\/wp-json\/wp\/v2\/product_brand?post=2583"},{"taxonomy":"product_cat","embeddable":true,"href":"https:\/\/www.biobey.be\/fr\/wp-json\/wp\/v2\/product_cat?post=2583"},{"taxonomy":"product_tag","embeddable":true,"href":"https:\/\/www.biobey.be\/fr\/wp-json\/wp\/v2\/product_tag?post=2583"}],"curies":[{"name":"wp","href":"https:\/\/api.w.org\/{rel}","templated":true}]}}