{"id":2586,"date":"2023-07-29T00:31:50","date_gmt":"2023-07-28T22:31:50","guid":{"rendered":"https:\/\/www.biobey.be\/fr-temp\/produit\/spray-solaire-bio-pour-peaux-sensibles\/"},"modified":"2025-07-11T13:56:29","modified_gmt":"2025-07-11T11:56:29","slug":"spray-solaire-bio-pour-peaux-sensibles","status":"publish","type":"product","link":"https:\/\/www.biobey.be\/fr\/produit\/spray-solaire-bio-pour-peaux-sensibles\/","title":{"rendered":"Spray solaire bio pour peaux sensibles SPF 30 100 ml"},"content":{"rendered":"<p>Le spray solaire bio pour peaux sensibles SPF 30 prot\u00e8ge votre peau en toute s\u00e9curit\u00e9 contre les rayons UVA et UVB. Les filtres physiques sans nanoparticules forment une couche protectrice sur la peau. Celle-ci r\u00e9fl\u00e9chit les rayons du soleil avant qu&rsquo;ils ne p\u00e9n\u00e8trent dans la peau.<\/p>\n<p>La cr\u00e8me solaire naturelle pour peaux sensibles a une formule douce exempte de filtres chimiques, de parfum, d&rsquo;alcool et d&rsquo;autres substances irritantes. Elle est sp\u00e9cialement formul\u00e9e pour prot\u00e9ger efficacement les peaux sensibles du soleil.<\/p>\n<h2>Quel est le meilleur spray solaire bio pour les peaux sensibles ?<\/h2>\n<p>Le spray solaire bio pour peaux sensibles est 100 % naturel et exempt de produits chimiques qui irritent la peau. Le spray solaire prot\u00e8ge la peau des rayons UVA et UVB sans obstruer les pores.<\/p>\n<p>La cr\u00e8me solaire min\u00e9rale offre une protection solaire plus longue et n&rsquo;est pas absorb\u00e9e par la peau. Un \u00e9cran solaire min\u00e9ral naturel sans substances irritantes convient donc parfaitement aux peaux sensibles.<\/p>\n<h3>Quels sont les bienfaits d&rsquo;une protection solaire naturelle pour les peaux sensibles ?<\/h3>\n<ul>\n<li>La cr\u00e8me solaire Solar Tea SPF 30 pour peaux sensibles est un spray qui peut \u00eatre appliqu\u00e9 directement sur la peau.<\/li>\n<li>Elle est 100 % naturelle et contient des filtres min\u00e9raux sans nanoparticules<\/li>\n<li>Le spray solaire bio pour peaux sensibles est sp\u00e9cialement con\u00e7u pour les personnes ayant une peau sensible ou atopique.<\/li>\n<li>La cr\u00e8me SPF 30 ne laisse pas de film blanc et ne dess\u00e8che pas la peau.<\/li>\n<li>Le spray min\u00e9ral forme une couche protectrice sur la peau et r\u00e9fl\u00e9chit les rayons UVA et UVB.<\/li>\n<li>Ce spray solaire bio pour peaux sensibles aide \u00e0 pr\u00e9venir la pigmentation, les rides et les taches brunes.<\/li>\n<\/ul>\n<h3>Comment appliquer le spray solaire bio pour peaux sensibles Solar Tea ?<\/h3>\n<p>Appliquez une quantit\u00e9 suffisante de spray solaire (2mg\/2cm) sur la peau avant l&rsquo;exposition au soleil. Bien r\u00e9partir le spray solaire sur la surface de la peau. Renouveler l&rsquo;application toutes les 1 \u00e0 2 heures en cas de transpiration, de bain ou de natation. \u00c9vitez tout contact avec les yeux.<\/p>\n<p><strong>INCI :<\/strong> Carbonate de dicaprylyle, huile de Glycine soja*, triglyc\u00e9ride caprylique\/caprique, dioxyde de titane, huile de graine d&rsquo;Helianthus annuus*, huile de graine de Sesamum indicum*, coco-caprylate, huile de graine de Simmondsia chinensis*, Olea europaea (Olive) fruit oil*,<\/p>\n<p>Polyglyceryl-3 diisostearate, Stearic acid, Aluminum hydroxide, Persea gratissima oil*, Polyglyceryl-2 dipolyhydroxystearate, Tocopherol, Undecane, Tridecane<br \/>\n*Produit issu de l&rsquo;agriculture biologique<\/p>\n","protected":false},"excerpt":{"rendered":"<p><strong>Le spray solaire SPF 30 pour peaux sensibles de Solar Tea est :<\/strong><\/p>\n<ul>\n<li>100\u2009% naturel et exempt de filtres chimiques, de parfum et d&rsquo;alcool<\/li>\n<li>Il ne laisse pas de voile blanc et contient des filtres min\u00e9raux sans nanoparticules.<\/li>\n<li>D\u00e9velopp\u00e9 pour les peaux atopiques et sensibles<\/li>\n<li>Prot\u00e8ge la peau des rayons UVA et UVB sans obstruer les pores.<\/li>\n<li>Contenu :100 ml<\/li>\n<li>Certifications : Icea Bio, Vegan Ok, Eco, Nickel testes<\/li>\n<\/ul>\n","protected":false},"featured_media":751,"comment_status":"open","ping_status":"closed","template":"","meta":{"ocean_post_layout":"","ocean_both_sidebars_style":"","ocean_both_sidebars_content_width":0,"ocean_both_sidebars_sidebars_width":0,"ocean_sidebar":"","ocean_second_sidebar":"","ocean_disable_margins":"enable","ocean_add_body_class":"","ocean_shortcode_before_top_bar":"","ocean_shortcode_after_top_bar":"","ocean_shortcode_before_header":"","ocean_shortcode_after_header":"","ocean_has_shortcode":"","ocean_shortcode_after_title":"","ocean_shortcode_before_footer_widgets":"","ocean_shortcode_after_footer_widgets":"","ocean_shortcode_before_footer_bottom":"","ocean_shortcode_after_footer_bottom":"","ocean_display_top_bar":"default","ocean_display_header":"default","ocean_header_style":"","ocean_center_header_left_menu":"","ocean_custom_header_template":"","ocean_custom_logo":0,"ocean_custom_retina_logo":0,"ocean_custom_logo_max_width":0,"ocean_custom_logo_tablet_max_width":0,"ocean_custom_logo_mobile_max_width":0,"ocean_custom_logo_max_height":0,"ocean_custom_logo_tablet_max_height":0,"ocean_custom_logo_mobile_max_height":0,"ocean_header_custom_menu":"","ocean_menu_typo_font_family":"","ocean_menu_typo_font_subset":"","ocean_menu_typo_font_size":0,"ocean_menu_typo_font_size_tablet":0,"ocean_menu_typo_font_size_mobile":0,"ocean_menu_typo_font_size_unit":"px","ocean_menu_typo_font_weight":"","ocean_menu_typo_font_weight_tablet":"","ocean_menu_typo_font_weight_mobile":"","ocean_menu_typo_transform":"","ocean_menu_typo_transform_tablet":"","ocean_menu_typo_transform_mobile":"","ocean_menu_typo_line_height":0,"ocean_menu_typo_line_height_tablet":0,"ocean_menu_typo_line_height_mobile":0,"ocean_menu_typo_line_height_unit":"","ocean_menu_typo_spacing":0,"ocean_menu_typo_spacing_tablet":0,"ocean_menu_typo_spacing_mobile":0,"ocean_menu_typo_spacing_unit":"","ocean_menu_link_color":"","ocean_menu_link_color_hover":"","ocean_menu_link_color_active":"","ocean_menu_link_background":"","ocean_menu_link_hover_background":"","ocean_menu_link_active_background":"","ocean_menu_social_links_bg":"","ocean_menu_social_hover_links_bg":"","ocean_menu_social_links_color":"","ocean_menu_social_hover_links_color":"","ocean_disable_title":"default","ocean_disable_heading":"default","ocean_post_title":"","ocean_post_subheading":"","ocean_post_title_style":"","ocean_post_title_background_color":"","ocean_post_title_background":0,"ocean_post_title_bg_image_position":"","ocean_post_title_bg_image_attachment":"","ocean_post_title_bg_image_repeat":"","ocean_post_title_bg_image_size":"","ocean_post_title_height":0,"ocean_post_title_bg_overlay":0.5,"ocean_post_title_bg_overlay_color":"","ocean_disable_breadcrumbs":"default","ocean_breadcrumbs_color":"","ocean_breadcrumbs_separator_color":"","ocean_breadcrumbs_links_color":"","ocean_breadcrumbs_links_hover_color":"","ocean_display_footer_widgets":"default","ocean_display_footer_bottom":"default","ocean_custom_footer_template":""},"product_brand":[110],"product_cat":[59,16],"product_tag":[],"class_list":{"0":"post-2586","1":"product","2":"type-product","3":"status-publish","4":"has-post-thumbnail","6":"product_brand-solar-tea","7":"product_cat-protection-solaire","8":"product_cat-soins","10":"entry","11":"has-media","13":"first","14":"instock","15":"taxable","16":"shipping-taxable","17":"purchasable","18":"product-type-simple","19":"has-rating","20":"col","21":"span_1_of_3","22":"owp-content-center","23":"owp-thumbs-layout-horizontal","24":"owp-btn-normal","25":"owp-tabs-layout-section","26":"has-no-thumbnails","27":"circle-sale"},"_links":{"self":[{"href":"https:\/\/www.biobey.be\/fr\/wp-json\/wp\/v2\/product\/2586","targetHints":{"allow":["GET"]}}],"collection":[{"href":"https:\/\/www.biobey.be\/fr\/wp-json\/wp\/v2\/product"}],"about":[{"href":"https:\/\/www.biobey.be\/fr\/wp-json\/wp\/v2\/types\/product"}],"replies":[{"embeddable":true,"href":"https:\/\/www.biobey.be\/fr\/wp-json\/wp\/v2\/comments?post=2586"}],"wp:featuredmedia":[{"embeddable":true,"href":"https:\/\/www.biobey.be\/fr\/wp-json\/wp\/v2\/media\/751"}],"wp:attachment":[{"href":"https:\/\/www.biobey.be\/fr\/wp-json\/wp\/v2\/media?parent=2586"}],"wp:term":[{"taxonomy":"product_brand","embeddable":true,"href":"https:\/\/www.biobey.be\/fr\/wp-json\/wp\/v2\/product_brand?post=2586"},{"taxonomy":"product_cat","embeddable":true,"href":"https:\/\/www.biobey.be\/fr\/wp-json\/wp\/v2\/product_cat?post=2586"},{"taxonomy":"product_tag","embeddable":true,"href":"https:\/\/www.biobey.be\/fr\/wp-json\/wp\/v2\/product_tag?post=2586"}],"curies":[{"name":"wp","href":"https:\/\/api.w.org\/{rel}","templated":true}]}}