{"id":2589,"date":"2023-07-31T20:00:54","date_gmt":"2023-07-31T18:00:54","guid":{"rendered":"https:\/\/www.biobey.be\/fr-temp\/produit\/lhuile-anti-age-pour-le-corps-bio-spray\/"},"modified":"2025-10-28T00:41:15","modified_gmt":"2025-10-27T23:41:15","slug":"lhuile-anti-age-pour-le-corps-bio-spray","status":"publish","type":"product","link":"https:\/\/www.biobey.be\/fr\/produit\/lhuile-anti-age-pour-le-corps-bio-spray\/","title":{"rendered":"L&rsquo;huile anti-\u00e2ge pour le corps bio spray Argital 125 ml"},"content":{"rendered":"<p>L&rsquo;huile anti-\u00e2ge pour le corps bio Argital am\u00e9liore l&rsquo;\u00e9lasticit\u00e9 de la peau et stimule la production de collag\u00e8ne. La formule \u00e0 base d&rsquo;huile d&rsquo;argan biologique, d&rsquo;huile de germe de bl\u00e9 et d&rsquo;huile de rosa mosqueta est riche en acides gras insatur\u00e9s et en vitamines. Ces \u00e9l\u00e9ments sont essentiels pour une peau ferme et tendue.<\/p>\n<p>L&rsquo;huile anti-\u00e2ge pour le corps d&rsquo;Argital fait partie de la gamme dynamisante des Huiles Plan\u00e9taires. L&rsquo;huile corporelle porte le nom du soleil, en raison de ses puissantes propri\u00e9t\u00e9s revitalisantes. L&rsquo;utilisation r\u00e9guli\u00e8re de l&rsquo;huile pour le corps r\u00e9tablit l&rsquo;\u00e9quilibre hydrique de la peau. La peau devient ainsi plus souple et plus lisse.<\/p>\n<h2>L&rsquo;huile anti-\u00e2ge pour le corps est-elle bonne pour les peaux matures ?<\/h2>\n<p>L&rsquo;huile anti-\u00e2ge pour le corps bio est sp\u00e9cialement con\u00e7ue pour les peaux \u00e2g\u00e9es. Avec l&rsquo;\u00e2ge, la production de s\u00e9bum diminue. Cela entra\u00eene une s\u00e9cheresse de la peau et des rides. Le g\u00e9ranium r\u00e9gule la production de s\u00e9bum et aide \u00e0 restaurer la peau s\u00e8che. L&rsquo;huile d&rsquo;argan riche en vitamine E favorise le renouvellement des cellules de la peau.<\/p>\n<p>La rose Mosqueta contenue dans l&rsquo;huile corporelle anti-\u00e2ge contient des vitamines A et C. Elle prot\u00e8ge la peau des dommages caus\u00e9s par les radicaux libres et aide \u00e0 r\u00e9duire les rides. Les huiles essentielles d&rsquo;or pur Ylang Ylang am\u00e9liorent la circulation sanguine vers les cellules de la peau et stimulent le renouvellement cellulaire.<\/p>\n<h3>Comment utiliser l&rsquo;huile corporelle anti-\u00e2ge ?<\/h3>\n<p>Appuyez sur le vaporisateur pour vaporiser une quantit\u00e9 suffisante d&rsquo;huile sur la paume de votre main. Appliquez une quantit\u00e9 suffisante d&rsquo;huile sur la paume de votre main \u00e0 l&rsquo;aide du vaporisateur. Massez ensuite l&rsquo;huile sur la peau en effectuant des mouvements circulaires.<\/p>\n<p>Proc\u00e9dez de bas en haut, en accordant une attention particuli\u00e8re aux zones qui semblent plus s\u00e8ches ou plus molles. Massez l&rsquo;huile jusqu&rsquo;\u00e0 ce qu&rsquo;elle soit bien absorb\u00e9e. Nous recommandons \u00e9galement d&rsquo;utiliser l&rsquo;huile anti-\u00e2ge pour le corps apr\u00e8s une douche chaude. Sous l&rsquo;effet de la chaleur, les pores sont plus dilat\u00e9s. L&rsquo;huile corporelle sera donc mieux absorb\u00e9e.<\/p>\n<p><strong>INCI<\/strong> : Olea Europaea Fruit Oil*, Prunus Amygdalus Dulcis Oil*, Triticum Vulgare Germ Oil, Aqua, Citrus Limon Juice Extract*, Cananga Odorata Flower Oil*, Melissa Officinalis Leaf Oil*, Argania Spinosa Kernel Oil, Borago Officinalis Seed Oil, Pelargonium Graveolens Oil*, Tocopherol (Vitamin E), Rosa Moschata Seed Oil.<\/p>\n<p>*Les huiles essentielles sont issues de l&rsquo;agriculture biologique.<br \/>\n**Composants des huiles essentielles biologiques : Citral, Citronellol, Limonene, Geraniol, Linalool, Benzyl Alcohol, Benzyl Benzoate, Benzyl Salicylate, Eugenol, Farnesol, lsoeugenol.<\/p>\n<p>L&rsquo;huile corporelle naturelle anti-\u00e2ge ne contient pas de conservateurs ni d&rsquo;autres substances synth\u00e9tiques. Elle est certifi\u00e9e Icea Organic, Vegan et Eco Control.<\/p>\n","protected":false},"excerpt":{"rendered":"<p>L&rsquo;huile anti-\u00e2ge pour le corps, \u00e9galement appel\u00e9e huile de soleil pour le corps, fait partie des huiles plan\u00e9taires d&rsquo;Argital.<br \/>\nL&rsquo;huile corporelle aide \u00e0 r\u00e9tablir l&rsquo;\u00e9quilibre hydrique de la peau et stimule la production de nouvelles cellules cutan\u00e9es. L&rsquo;huile est con\u00e7ue pour les peaux s\u00e8ches pr\u00e9sentant des rides et une perte d&rsquo;\u00e9lasticit\u00e9.<\/p>\n","protected":false},"featured_media":749,"comment_status":"open","ping_status":"closed","template":"","meta":{"ocean_post_layout":"","ocean_both_sidebars_style":"","ocean_both_sidebars_content_width":0,"ocean_both_sidebars_sidebars_width":0,"ocean_sidebar":"0","ocean_second_sidebar":"0","ocean_disable_margins":"enable","ocean_add_body_class":"","ocean_shortcode_before_top_bar":"","ocean_shortcode_after_top_bar":"","ocean_shortcode_before_header":"","ocean_shortcode_after_header":"","ocean_has_shortcode":"","ocean_shortcode_after_title":"","ocean_shortcode_before_footer_widgets":"","ocean_shortcode_after_footer_widgets":"","ocean_shortcode_before_footer_bottom":"","ocean_shortcode_after_footer_bottom":"","ocean_display_top_bar":"default","ocean_display_header":"default","ocean_header_style":"","ocean_center_header_left_menu":"0","ocean_custom_header_template":"0","ocean_custom_logo":0,"ocean_custom_retina_logo":0,"ocean_custom_logo_max_width":0,"ocean_custom_logo_tablet_max_width":0,"ocean_custom_logo_mobile_max_width":0,"ocean_custom_logo_max_height":0,"ocean_custom_logo_tablet_max_height":0,"ocean_custom_logo_mobile_max_height":0,"ocean_header_custom_menu":"0","ocean_menu_typo_font_family":"0","ocean_menu_typo_font_subset":"","ocean_menu_typo_font_size":0,"ocean_menu_typo_font_size_tablet":0,"ocean_menu_typo_font_size_mobile":0,"ocean_menu_typo_font_size_unit":"px","ocean_menu_typo_font_weight":"","ocean_menu_typo_font_weight_tablet":"","ocean_menu_typo_font_weight_mobile":"","ocean_menu_typo_transform":"","ocean_menu_typo_transform_tablet":"","ocean_menu_typo_transform_mobile":"","ocean_menu_typo_line_height":0,"ocean_menu_typo_line_height_tablet":0,"ocean_menu_typo_line_height_mobile":0,"ocean_menu_typo_line_height_unit":"","ocean_menu_typo_spacing":0,"ocean_menu_typo_spacing_tablet":0,"ocean_menu_typo_spacing_mobile":0,"ocean_menu_typo_spacing_unit":"","ocean_menu_link_color":"","ocean_menu_link_color_hover":"","ocean_menu_link_color_active":"","ocean_menu_link_background":"","ocean_menu_link_hover_background":"","ocean_menu_link_active_background":"","ocean_menu_social_links_bg":"","ocean_menu_social_hover_links_bg":"","ocean_menu_social_links_color":"","ocean_menu_social_hover_links_color":"","ocean_disable_title":"default","ocean_disable_heading":"default","ocean_post_title":"","ocean_post_subheading":"","ocean_post_title_style":"","ocean_post_title_background_color":"","ocean_post_title_background":0,"ocean_post_title_bg_image_position":"","ocean_post_title_bg_image_attachment":"","ocean_post_title_bg_image_repeat":"","ocean_post_title_bg_image_size":"","ocean_post_title_height":0,"ocean_post_title_bg_overlay":0.5,"ocean_post_title_bg_overlay_color":"","ocean_disable_breadcrumbs":"default","ocean_breadcrumbs_color":"","ocean_breadcrumbs_separator_color":"","ocean_breadcrumbs_links_color":"","ocean_breadcrumbs_links_hover_color":"","ocean_display_footer_widgets":"default","ocean_display_footer_bottom":"default","ocean_custom_footer_template":"0"},"product_brand":[102],"product_cat":[53,33,31,16,51],"product_tag":[],"class_list":{"0":"post-2589","1":"product","2":"type-product","3":"status-publish","4":"has-post-thumbnail","6":"product_brand-argital","7":"product_cat-corps-peau","8":"product_cat-irritation-cutanee-eczema-et-psoriasis","9":"product_cat-sante","10":"product_cat-soins","11":"product_cat-soins-du-corps","13":"entry","14":"has-media","16":"first","17":"instock","18":"taxable","19":"shipping-taxable","20":"purchasable","21":"product-type-simple","22":"has-rating","23":"col","24":"span_1_of_3","25":"owp-content-center","26":"owp-thumbs-layout-horizontal","27":"owp-btn-normal","28":"owp-tabs-layout-section","29":"has-no-thumbnails","30":"circle-sale"},"_links":{"self":[{"href":"https:\/\/www.biobey.be\/fr\/wp-json\/wp\/v2\/product\/2589","targetHints":{"allow":["GET"]}}],"collection":[{"href":"https:\/\/www.biobey.be\/fr\/wp-json\/wp\/v2\/product"}],"about":[{"href":"https:\/\/www.biobey.be\/fr\/wp-json\/wp\/v2\/types\/product"}],"replies":[{"embeddable":true,"href":"https:\/\/www.biobey.be\/fr\/wp-json\/wp\/v2\/comments?post=2589"}],"wp:featuredmedia":[{"embeddable":true,"href":"https:\/\/www.biobey.be\/fr\/wp-json\/wp\/v2\/media\/749"}],"wp:attachment":[{"href":"https:\/\/www.biobey.be\/fr\/wp-json\/wp\/v2\/media?parent=2589"}],"wp:term":[{"taxonomy":"product_brand","embeddable":true,"href":"https:\/\/www.biobey.be\/fr\/wp-json\/wp\/v2\/product_brand?post=2589"},{"taxonomy":"product_cat","embeddable":true,"href":"https:\/\/www.biobey.be\/fr\/wp-json\/wp\/v2\/product_cat?post=2589"},{"taxonomy":"product_tag","embeddable":true,"href":"https:\/\/www.biobey.be\/fr\/wp-json\/wp\/v2\/product_tag?post=2589"}],"curies":[{"name":"wp","href":"https:\/\/api.w.org\/{rel}","templated":true}]}}