{"id":2590,"date":"2023-09-07T00:27:32","date_gmt":"2023-09-06T22:27:32","guid":{"rendered":"https:\/\/www.biobey.be\/fr-temp\/produit\/creme-nettoyante-visage-peau-sensible-seche-bema-bio-200-ml\/"},"modified":"2025-07-11T13:41:21","modified_gmt":"2025-07-11T11:41:21","slug":"creme-nettoyante-visage-peau-sensible-seche-bema-bio-200-ml","status":"publish","type":"product","link":"https:\/\/www.biobey.be\/fr\/produit\/creme-nettoyante-visage-peau-sensible-seche-bema-bio-200-ml\/","title":{"rendered":"Cr\u00e8me nettoyante visage peau sensible &#8211; s\u00e8che Bema Bio 200 ml"},"content":{"rendered":"<p>Bema Bio cr\u00e8me nettoyante visage peau sensible nettoie efficacement la peau. La cr\u00e8me hydrate et adoucit la peau en m\u00eame temps. Gr\u00e2ce \u00e0 sa texture, elle \u00e9limine le maquillage, le mascara waterproof, les radicaux libres et la salet\u00e9 r\u00e9siduelle sans dess\u00e9cher la peau.<\/p>\n<p>Elle<strong> convient parfaitement aux peaux sensibles et s\u00e8ches<\/strong>. La cr\u00e8me nettoyante pour visage <strong>\u00e9limine les impuret\u00e9s et nettoie les pores en profondeur<\/strong>.<br \/>\nL&rsquo;utilisation d&rsquo;un gel nettoyant conventionnel irrite et dess\u00e8che les peaux sensibles. En revanche, la cr\u00e8me nettoyante visage peau sensible naturelle aux probiotiques apaise la peau.<\/p>\n<p>Les produits de la ligne <strong>Bio Oxygen H2O<\/strong> de Bema stimulent l&rsquo;apport d&rsquo;oxyg\u00e8ne aux cellules de la peau. La combinaison de probiotiques, de beurre de karit\u00e9, de spiruline et d&rsquo;extraits de jojoba hydrate et apaise la peau et renforce la barri\u00e8re cutan\u00e9e. Le beurre de karit\u00e9 prot\u00e8ge la peau de la d\u00e9shydratation.<\/p>\n<h2>Quelle cr\u00e8me nettoyante pour visage peau sensible?<\/h2>\n<p>La cr\u00e8me nettoyante bio Oxygen convient parfaitement aux peaux s\u00e8ches et sensibles. La formule aux probiotiques, aux extraits de mangue et de tro\u00e8ne japonais est riche en antioxydants et en bonnes bact\u00e9ries. Elle <strong>renforce la couche protectrice naturelle de la peau<\/strong>. La peau devient ainsi plus r\u00e9sistante aux influences ext\u00e9rieures n\u00e9gatives et \u00e0 la d\u00e9shydratation.<\/p>\n<p>La cr\u00e8me nettoyante visage <strong>peau sensible et s\u00e8che<\/strong> Bema purifie les pores et nettoie la peau. Gr\u00e2ce \u00e0 sa texture cr\u00e9meuse et \u00e0 sa composition nourrissante, la cr\u00e8me nettoyante hydrate et r\u00e9g\u00e9n\u00e8re la peau.<\/p>\n<h3>Comment utiliser la cr\u00e8me nettoyante visage peau sensible et s\u00e8che de Bema?<\/h3>\n<ol>\n<li>Bien agiter avant utilisation<\/li>\n<li>\u00c0 l&rsquo;aide de la pompe, d\u00e9posez une petite quantit\u00e9 de cr\u00e8me nettoyante visage sur votre paume.<\/li>\n<li>Appliquez ensuite la cr\u00e8me nettoyante bio sur un visage mouill\u00e9 et massez doucement pour la faire p\u00e9n\u00e9trer.<\/li>\n<li>Laissez agir quelques minutes, puis rincez \u00e0 l&rsquo;eau ti\u00e8de ou froide.<\/li>\n<li>S\u00e9chez votre visage en tapotant doucement avec une serviette propre.<\/li>\n<\/ol>\n<h3>Liste des ingr\u00e9dients : Cr\u00e8me nettoyante visage peau sensible Oxygen Bema<\/h3>\n<p>INCI: Hamamelis virginiana flower water*, Aqua, Sesamum indicum seed oil*, Jojoba seed oil, Cetearyl alcohol, Behenyl alcohol, Lauryl glucoside, Polyglyceryl-2 dipolyhydroxystearate, Shea butter*, Mangifera indica seed butter, Glycerin, Candelilla cera, Leuconostoc\/radish root ferment filtrate, Lactobacillus ferment, Sodium stearoyl glutamate,<\/p>\n<p>Spirulina platensis extract, Xanthan gum, Olea europaea fruit oil*, Stevia rebaudiana leaf\/stem extract, Sodium hyaluronate, Glyceryl laurate, Potassium sorbate, Sodium benzoate, Citric acid, Lactobacillus ferment lysate, Ligustrum lucidum seed extract, Dehydroacetic acid, Benzyl alcohol, Tocopherol (Vitamine E), Aroma naturelle**, Limonene**<\/p>\n<p>*Ingr\u00e9dients issus de l&rsquo;agriculture biologique<br \/>\n**Composants issus d&rsquo;huiles essentielles naturelles<\/p>\n<p>La <strong>cr\u00e8me nettoyante pour le visage bio et hydratant<\/strong> Bema Oxygen est certifi\u00e9e Icea Bio, Vegan, Eco et Nickel Tested. La cr\u00e8me nettoyante convient \u00e0 tous les types de peau, en particulier aux peaux s\u00e8ches et sensibles.<\/p>\n","protected":false},"excerpt":{"rendered":"<p>La cr\u00e8me nettoyante visage peau sensible de Bema de la ligne Oxygen H2O nettoie intens\u00e9ment la peau sans la dess\u00e9cher. Gr\u00e2ce \u00e0 son effet hydratant et r\u00e9parateur, la cr\u00e8me nettoyante convient parfaitement aux peaux s\u00e8ches et sensibles.<br \/>\n<strong>Formule<\/strong> : Probiotiques, extraits de mangue, spiruline, acide hyaluronique et beurre de karit\u00e9<br \/>\n<strong>Type de peau<\/strong> : Tout type de peau ainsi que les peaux s\u00e8ches et sensibles.<br \/>\nContenu : 200ml<br \/>\n<strong>Certifications<\/strong> : Icea Bio, Vegan, Eco Recycl\u00e9<br \/>\n<strong>Fonction<\/strong> : Nettoie et hydrate la peau.<\/p>\n","protected":false},"featured_media":757,"comment_status":"open","ping_status":"closed","template":"","meta":{"ocean_post_layout":"","ocean_both_sidebars_style":"","ocean_both_sidebars_content_width":0,"ocean_both_sidebars_sidebars_width":0,"ocean_sidebar":"","ocean_second_sidebar":"","ocean_disable_margins":"enable","ocean_add_body_class":"","ocean_shortcode_before_top_bar":"","ocean_shortcode_after_top_bar":"","ocean_shortcode_before_header":"","ocean_shortcode_after_header":"","ocean_has_shortcode":"","ocean_shortcode_after_title":"","ocean_shortcode_before_footer_widgets":"","ocean_shortcode_after_footer_widgets":"","ocean_shortcode_before_footer_bottom":"","ocean_shortcode_after_footer_bottom":"","ocean_display_top_bar":"default","ocean_display_header":"default","ocean_header_style":"","ocean_center_header_left_menu":"","ocean_custom_header_template":"","ocean_custom_logo":0,"ocean_custom_retina_logo":0,"ocean_custom_logo_max_width":0,"ocean_custom_logo_tablet_max_width":0,"ocean_custom_logo_mobile_max_width":0,"ocean_custom_logo_max_height":0,"ocean_custom_logo_tablet_max_height":0,"ocean_custom_logo_mobile_max_height":0,"ocean_header_custom_menu":"","ocean_menu_typo_font_family":"","ocean_menu_typo_font_subset":"","ocean_menu_typo_font_size":0,"ocean_menu_typo_font_size_tablet":0,"ocean_menu_typo_font_size_mobile":0,"ocean_menu_typo_font_size_unit":"px","ocean_menu_typo_font_weight":"","ocean_menu_typo_font_weight_tablet":"","ocean_menu_typo_font_weight_mobile":"","ocean_menu_typo_transform":"","ocean_menu_typo_transform_tablet":"","ocean_menu_typo_transform_mobile":"","ocean_menu_typo_line_height":0,"ocean_menu_typo_line_height_tablet":0,"ocean_menu_typo_line_height_mobile":0,"ocean_menu_typo_line_height_unit":"","ocean_menu_typo_spacing":0,"ocean_menu_typo_spacing_tablet":0,"ocean_menu_typo_spacing_mobile":0,"ocean_menu_typo_spacing_unit":"","ocean_menu_link_color":"","ocean_menu_link_color_hover":"","ocean_menu_link_color_active":"","ocean_menu_link_background":"","ocean_menu_link_hover_background":"","ocean_menu_link_active_background":"","ocean_menu_social_links_bg":"","ocean_menu_social_hover_links_bg":"","ocean_menu_social_links_color":"","ocean_menu_social_hover_links_color":"","ocean_disable_title":"default","ocean_disable_heading":"default","ocean_post_title":"","ocean_post_subheading":"","ocean_post_title_style":"","ocean_post_title_background_color":"","ocean_post_title_background":0,"ocean_post_title_bg_image_position":"","ocean_post_title_bg_image_attachment":"","ocean_post_title_bg_image_repeat":"","ocean_post_title_bg_image_size":"","ocean_post_title_height":0,"ocean_post_title_bg_overlay":0.5,"ocean_post_title_bg_overlay_color":"","ocean_disable_breadcrumbs":"default","ocean_breadcrumbs_color":"","ocean_breadcrumbs_separator_color":"","ocean_breadcrumbs_links_color":"","ocean_breadcrumbs_links_hover_color":"","ocean_display_footer_widgets":"default","ocean_display_footer_bottom":"default","ocean_custom_footer_template":""},"product_brand":[106],"product_cat":[18,49,17,16,20],"product_tag":[],"class_list":{"0":"post-2590","1":"product","2":"type-product","3":"status-publish","4":"has-post-thumbnail","6":"product_brand-bema-bio","7":"product_cat-nettoyage-de-la-peau-et-masques","8":"product_cat-peau-seche","9":"product_cat-soins-du-visage","10":"product_cat-soins","11":"product_cat-anti-age","13":"entry","14":"has-media","16":"first","17":"instock","18":"taxable","19":"shipping-taxable","20":"purchasable","21":"product-type-simple","22":"has-rating","23":"col","24":"span_1_of_3","25":"owp-content-center","26":"owp-thumbs-layout-horizontal","27":"owp-btn-normal","28":"owp-tabs-layout-section","29":"has-no-thumbnails","30":"circle-sale"},"_links":{"self":[{"href":"https:\/\/www.biobey.be\/fr\/wp-json\/wp\/v2\/product\/2590","targetHints":{"allow":["GET"]}}],"collection":[{"href":"https:\/\/www.biobey.be\/fr\/wp-json\/wp\/v2\/product"}],"about":[{"href":"https:\/\/www.biobey.be\/fr\/wp-json\/wp\/v2\/types\/product"}],"replies":[{"embeddable":true,"href":"https:\/\/www.biobey.be\/fr\/wp-json\/wp\/v2\/comments?post=2590"}],"wp:featuredmedia":[{"embeddable":true,"href":"https:\/\/www.biobey.be\/fr\/wp-json\/wp\/v2\/media\/757"}],"wp:attachment":[{"href":"https:\/\/www.biobey.be\/fr\/wp-json\/wp\/v2\/media?parent=2590"}],"wp:term":[{"taxonomy":"product_brand","embeddable":true,"href":"https:\/\/www.biobey.be\/fr\/wp-json\/wp\/v2\/product_brand?post=2590"},{"taxonomy":"product_cat","embeddable":true,"href":"https:\/\/www.biobey.be\/fr\/wp-json\/wp\/v2\/product_cat?post=2590"},{"taxonomy":"product_tag","embeddable":true,"href":"https:\/\/www.biobey.be\/fr\/wp-json\/wp\/v2\/product_tag?post=2590"}],"curies":[{"name":"wp","href":"https:\/\/api.w.org\/{rel}","templated":true}]}}