{"id":2591,"date":"2023-09-09T00:27:50","date_gmt":"2023-09-08T22:27:50","guid":{"rendered":"https:\/\/www.biobey.be\/fr-temp\/produit\/brume-hydratante-visage-bio-oxygen-bema-200ml\/"},"modified":"2025-07-11T13:41:05","modified_gmt":"2025-07-11T11:41:05","slug":"brume-hydratante-visage-bio-oxygen-bema-200ml","status":"publish","type":"product","link":"https:\/\/www.biobey.be\/fr\/produit\/brume-hydratante-visage-bio-oxygen-bema-200ml\/","title":{"rendered":"Brume hydratante visage Bio Oxygen Bema 200ml"},"content":{"rendered":"<p>La brume hydratante visage bio Oxygen purifie et nourrit la peau. Le spray \u00e0 l&rsquo;oxyg\u00e8ne de Bema aide \u00e0 resserrer les pores dilat\u00e9s en apaisant la peau. Sa formule hydratante \u00e0 base d&rsquo;acide hyaluronique et de probiotiques issus de la spiruline ferment\u00e9e assure l&rsquo;efficacit\u00e9 de ce spray visage.<\/p>\n<p>Ainsi, l&rsquo;acide hyaluronique donne un boost \u00e0 l&rsquo;hydratation de la peau. Les probiotiques issus de la spiruline ferment\u00e9e ont un effet purifiant et tonifiant. Ainsi, le spray hydratant pour le visage contribue \u00e0 resserrer les pores dilat\u00e9s et \u00e0 lisser la peau.<\/p>\n<h2>Quand utiliser une brume hydratante visage bio?<\/h2>\n<ol>\n<li>La brume hydratante visage bio Oxy a un large champ d&rsquo;application. Le spray de Bema\u00a0 peut \u00eatre utilis\u00e9 pour \u00e9liminer les impuret\u00e9s. Le spray hydratant pour le visage \u00e0 l&rsquo;oxyg\u00e8ne de Bema peut \u00eatre utilis\u00e9 imm\u00e9diatement apr\u00e8s le nettoyage de la peau. Il \u00e9limine les particules r\u00e9siduelles et les impuret\u00e9s.<\/li>\n<li>Meilleure absorption d&rsquo;un s\u00e9rum ou d&rsquo;une cr\u00e8me de jour. Vaporisez la brume pour le visage avant d&rsquo;appliquer un s\u00e9rum ou une cr\u00e8me de jour. Les principes actifs du s\u00e9rum ou de la cr\u00e8me de jour seront ainsi mieux absorb\u00e9s par la peau.<\/li>\n<li>Hydratation et rafra\u00eechissement suppl\u00e9mentaires. Utilisez la brume hydratante visage bio tout au long de la journ\u00e9e pour une hydratation et un rafra\u00eechissement suppl\u00e9mentaires pendant les chaudes journ\u00e9es d&rsquo;\u00e9t\u00e9. La texture l\u00e9g\u00e8re et sans parfum convient \u00e0 tous les types de peau ainsi qu&rsquo;aux peaux sensibles.<\/li>\n<li>R\u00e9duit les pores dilat\u00e9s et lisse la peau. Les enzymes de spiruline resserrent les pores et hydratent la peau. La peau para\u00eet ainsi plus lisse et plus uniforme.<\/li>\n<\/ol>\n<h2>Bienfaits de la Brume hydratante visage bio<\/h2>\n<p>Les propri\u00e9t\u00e9s revitalisantes et hydratantes du spray pour le visage sont dues \u00e0 sa formule.<\/p>\n<ul>\n<li>L&rsquo;hamam\u00e9lis, l&rsquo;hydrolat et les ferments de spiruline sont de puissants antioxydants. Ces ingr\u00e9dients traitent les pores dilat\u00e9s et adoucissent la peau. La brume hydratante visage bio convient donc aux personnes ayant une peau s\u00e8che et sensible ainsi qu&rsquo;aux personnes ayant une peau mixte.<\/li>\n<li>Les extraits H\u2082O subcritiques de st\u00e9via et de tro\u00e8ne du Japon stimulent l&rsquo;apport d&rsquo;oxyg\u00e8ne et d&rsquo;antioxydants aux cellules cutan\u00e9es. Cela am\u00e9liore l&rsquo;\u00e9lasticit\u00e9 de la peau et la production de collag\u00e8ne.<\/li>\n<li>Les antioxydants contenus dans le spray Oxy Bema renforcent la barri\u00e8re naturelle de la peau.<\/li>\n<\/ul>\n<h3>Comment utiliser une brume hydratante visage bio?<\/h3>\n<p>\u00c9tape 1 : Nettoyer la peau avec un gel nettoyant naturel sans sls.<br \/>\n\u00c9tape 2 : Bien agiter avant utilisation pour mieux m\u00e9langer les ingr\u00e9dients actifs.<br \/>\n\u00c9tape 3 : Lors de l&rsquo;utilisation, maintenez le spray facial \u00e0 une distance de 20 \u00e0 25 cm du visage.<br \/>\n\u00c9tape 4 : Laissez la brume hydratante visage bio absorber pendant un certain temps avant d&rsquo;appliquer une cr\u00e8me de jour ou un s\u00e9rum.<\/p>\n<p>La brume hydratante visage bio pour le visage Bema Oxygen est naturel et v\u00e9g\u00e9talien. La brume bio pour le visage a un effet revitalisant et fortifiant.<br \/>\nListe des ingr\u00e9dients INCI de la brume hydratante visage bio<\/p>\n<p>INCI : Hamamelis virginiana flower water*, Aqua, Glycerin, Lactobacillus ferment lysate, Spirulina platensis extract, Malva sylvestris extract*, Sodium hyaluronate, Ligustrum lucidum seed extract, Stevia rebaudiana leaf, Lactobacillus ferment, Leuconostoc\/radish root ferment filtrate, Dehydroacetic acid, Sodium benzoate, Potassium sorbate, Benzyl alcohol<br \/>\n*Ingr\u00e9dients issus de l&rsquo;agriculture biologique<\/p>\n<p><strong>Formule<\/strong> : extraits de st\u00e9via, enzymes de spiruline, acide hyaluronique, hamam\u00e9lis, probiotiques.<br \/>\n<strong>Certifications<\/strong> : Icea Bio, Vegan-Ok, Test\u00e9 en dermatologie<\/p>\n","protected":false},"excerpt":{"rendered":"<p>Bema brume hydratante visage bio Oxygen pour le visage apaise la peau et aide \u00e0 resserrer les pores dilat\u00e9s. Le spray hydratant pour le visage peut \u00eatre utilis\u00e9 plusieurs fois par jour. Elle \u00e9limine les impuret\u00e9s et hydrate la peau.<br \/>\nContenu : 200 ml<\/p>\n","protected":false},"featured_media":756,"comment_status":"open","ping_status":"closed","template":"","meta":{"ocean_post_layout":"","ocean_both_sidebars_style":"","ocean_both_sidebars_content_width":0,"ocean_both_sidebars_sidebars_width":0,"ocean_sidebar":"","ocean_second_sidebar":"","ocean_disable_margins":"enable","ocean_add_body_class":"","ocean_shortcode_before_top_bar":"","ocean_shortcode_after_top_bar":"","ocean_shortcode_before_header":"","ocean_shortcode_after_header":"","ocean_has_shortcode":"","ocean_shortcode_after_title":"","ocean_shortcode_before_footer_widgets":"","ocean_shortcode_after_footer_widgets":"","ocean_shortcode_before_footer_bottom":"","ocean_shortcode_after_footer_bottom":"","ocean_display_top_bar":"default","ocean_display_header":"default","ocean_header_style":"","ocean_center_header_left_menu":"","ocean_custom_header_template":"","ocean_custom_logo":0,"ocean_custom_retina_logo":0,"ocean_custom_logo_max_width":0,"ocean_custom_logo_tablet_max_width":0,"ocean_custom_logo_mobile_max_width":0,"ocean_custom_logo_max_height":0,"ocean_custom_logo_tablet_max_height":0,"ocean_custom_logo_mobile_max_height":0,"ocean_header_custom_menu":"","ocean_menu_typo_font_family":"","ocean_menu_typo_font_subset":"","ocean_menu_typo_font_size":0,"ocean_menu_typo_font_size_tablet":0,"ocean_menu_typo_font_size_mobile":0,"ocean_menu_typo_font_size_unit":"px","ocean_menu_typo_font_weight":"","ocean_menu_typo_font_weight_tablet":"","ocean_menu_typo_font_weight_mobile":"","ocean_menu_typo_transform":"","ocean_menu_typo_transform_tablet":"","ocean_menu_typo_transform_mobile":"","ocean_menu_typo_line_height":0,"ocean_menu_typo_line_height_tablet":0,"ocean_menu_typo_line_height_mobile":0,"ocean_menu_typo_line_height_unit":"","ocean_menu_typo_spacing":0,"ocean_menu_typo_spacing_tablet":0,"ocean_menu_typo_spacing_mobile":0,"ocean_menu_typo_spacing_unit":"","ocean_menu_link_color":"","ocean_menu_link_color_hover":"","ocean_menu_link_color_active":"","ocean_menu_link_background":"","ocean_menu_link_hover_background":"","ocean_menu_link_active_background":"","ocean_menu_social_links_bg":"","ocean_menu_social_hover_links_bg":"","ocean_menu_social_links_color":"","ocean_menu_social_hover_links_color":"","ocean_disable_title":"default","ocean_disable_heading":"default","ocean_post_title":"","ocean_post_subheading":"","ocean_post_title_style":"","ocean_post_title_background_color":"","ocean_post_title_background":0,"ocean_post_title_bg_image_position":"","ocean_post_title_bg_image_attachment":"","ocean_post_title_bg_image_repeat":"","ocean_post_title_bg_image_size":"","ocean_post_title_height":0,"ocean_post_title_bg_overlay":0.5,"ocean_post_title_bg_overlay_color":"","ocean_disable_breadcrumbs":"default","ocean_breadcrumbs_color":"","ocean_breadcrumbs_separator_color":"","ocean_breadcrumbs_links_color":"","ocean_breadcrumbs_links_hover_color":"","ocean_display_footer_widgets":"default","ocean_display_footer_bottom":"default","ocean_custom_footer_template":""},"product_brand":[106],"product_cat":[55,18,17,16],"product_tag":[],"class_list":{"0":"post-2591","1":"product","2":"type-product","3":"status-publish","4":"has-post-thumbnail","6":"product_brand-bema-bio","7":"product_cat-maquillage","8":"product_cat-nettoyage-de-la-peau-et-masques","9":"product_cat-soins-du-visage","10":"product_cat-soins","12":"entry","13":"has-media","15":"first","16":"instock","17":"taxable","18":"shipping-taxable","19":"purchasable","20":"product-type-simple","21":"has-rating","22":"col","23":"span_1_of_3","24":"owp-content-center","25":"owp-thumbs-layout-horizontal","26":"owp-btn-normal","27":"owp-tabs-layout-section","28":"has-no-thumbnails","29":"circle-sale"},"_links":{"self":[{"href":"https:\/\/www.biobey.be\/fr\/wp-json\/wp\/v2\/product\/2591","targetHints":{"allow":["GET"]}}],"collection":[{"href":"https:\/\/www.biobey.be\/fr\/wp-json\/wp\/v2\/product"}],"about":[{"href":"https:\/\/www.biobey.be\/fr\/wp-json\/wp\/v2\/types\/product"}],"replies":[{"embeddable":true,"href":"https:\/\/www.biobey.be\/fr\/wp-json\/wp\/v2\/comments?post=2591"}],"wp:featuredmedia":[{"embeddable":true,"href":"https:\/\/www.biobey.be\/fr\/wp-json\/wp\/v2\/media\/756"}],"wp:attachment":[{"href":"https:\/\/www.biobey.be\/fr\/wp-json\/wp\/v2\/media?parent=2591"}],"wp:term":[{"taxonomy":"product_brand","embeddable":true,"href":"https:\/\/www.biobey.be\/fr\/wp-json\/wp\/v2\/product_brand?post=2591"},{"taxonomy":"product_cat","embeddable":true,"href":"https:\/\/www.biobey.be\/fr\/wp-json\/wp\/v2\/product_cat?post=2591"},{"taxonomy":"product_tag","embeddable":true,"href":"https:\/\/www.biobey.be\/fr\/wp-json\/wp\/v2\/product_tag?post=2591"}],"curies":[{"name":"wp","href":"https:\/\/api.w.org\/{rel}","templated":true}]}}