{"id":2594,"date":"2026-03-05T00:57:48","date_gmt":"2026-03-04T23:57:48","guid":{"rendered":"https:\/\/www.biobey.be\/fr-temp\/produit\/baume-a-levres-anti-age-nature-up-5ml\/"},"modified":"2026-03-05T19:16:49","modified_gmt":"2026-03-05T18:16:49","slug":"baume-a-levres-anti-age-nature-up-5ml","status":"publish","type":"product","link":"https:\/\/www.biobey.be\/fr\/produit\/baume-a-levres-anti-age-nature-up-5ml\/","title":{"rendered":"Baume \u00e0 l\u00e8vres anti-\u00e2ge Nature Up 5ml"},"content":{"rendered":"<p>Le baume \u00e0 l\u00e8vres naturel anti-\u00e2ge \u00e0 base d&rsquo;huiles v\u00e9g\u00e9tales telles que l&rsquo;huile de jojoba, le karit\u00e9 et enrichi en prune de Kakadu et poivre noir, rend les l\u00e8vres plus pulpeuses et les prot\u00e8ge contre la d\u00e9shydratation et la perte d&rsquo;\u00e9lasticit\u00e9.<\/p>\n<p>Sa formule naturelle riche en antioxydants aide \u00e0 lutter contre les effets n\u00e9gatifs des radicaux libres. De plus, le poivre noir a un effet relaxant sur les l\u00e8vres, ce qui aide \u00e0 pr\u00e9venir les rides autour de la bouche.<\/p>\n<p><strong>Conseil de pro<\/strong> : pour traiter les rides pr\u00e9matur\u00e9es du visage et rem\u00e9dier \u00e0 la perte d&rsquo;\u00e9lasticit\u00e9, nous recommandons d&rsquo;utiliser la <a href=\"https:\/\/www.biobey.be\/fr\/produit\/creme-visage-bio-a-effet-botox-50ml\/\">cr\u00e8me anti-\u00e2ge naturelle Nuy<\/a> .<br \/>\nPour traiter sp\u00e9cifiquement les rides autour des yeux et de la bouche, il est conseill\u00e9 d&rsquo;utiliser la <a href=\"https:\/\/www.biobey.be\/fr\/produit\/spilanthes-contour-yeux-levres-anti-ride\/\">cr\u00e8me pour les yeux et les l\u00e8vres au spilanthol<\/a>.<\/p>\n<p>La prune de Kakadu est la source la plus riche en vitamine C. L&rsquo;association de vitamine E et d&rsquo;extrait de Kakadu pr\u00e9vient les signes pr\u00e9matur\u00e9s du vieillissement et maintient les l\u00e8vres fermes et pulpeuses plus longtemps. Le stress oxydatif et la d\u00e9shydratation des l\u00e8vres favorisent l&rsquo;apparition de rides sur le contour des l\u00e8vres.<\/p>\n<p>L&rsquo;action nourrissante et r\u00e9paratrice du baume \u00e0 l\u00e8vres anti-\u00e2ge de Nature-Up adoucit les l\u00e8vres \u00e0 court terme. \u00c0 long terme, le baume \u00e0 l\u00e8vres a un effet anti-\u00e2ge.<\/p>\n<h3>Que fait le baume \u00e0 l\u00e8vres anti-\u00e2ge?<\/h3>\n<ol>\n<li>Le Nature Up baume \u00e0 l\u00e8vres anti-\u00e2ge naturel et v\u00e9g\u00e9talien <strong>rend les l\u00e8vres plus douces et plus lisses<\/strong>. Il prot\u00e8ge les l\u00e8vres des rides et de la perte d&rsquo;\u00e9lasticit\u00e9. L&rsquo;huile de jojoba biologique et le beurre de karit\u00e9 <strong>hydratent les l\u00e8vres s\u00e8ches et rid\u00e9es.<\/strong><\/li>\n<li>L&rsquo;huile de jojoba aide \u00e0 r\u00e9tablir l&rsquo;\u00e9quilibre naturel de l&rsquo;hydratation tandis que le beurre de karit\u00e9 forme une couche protectrice sur les l\u00e8vres.<\/li>\n<li>L&rsquo;extrait de poivre noir a des propri\u00e9t\u00e9s stimulantes. Il <strong>am\u00e9liore la circulation sanguine, ce qui donne aux l\u00e8vres un aspect plus pulpeux<\/strong>. L&rsquo;effet chauffant de l&rsquo;extrait de poivre noir aide \u00e0 d\u00e9tendre les l\u00e8vres. Cela aide \u00e0 pr\u00e9venir les rides au-dessus des l\u00e8vres.<\/li>\n<\/ol>\n<h2>Les avantages du baume \u00e0 l\u00e8vres anti-rides naturel<\/h2>\n<ul>\n<li>Les antioxydants contenus dans le baume \u00e0 l\u00e8vres anti-\u00e2ge prot\u00e8gent les l\u00e8vres du stress oxydatif, pr\u00e9venant ainsi les rides.<\/li>\n<li>Les extraits de poivre noir et de coriandre stimulent la circulation sanguine. Les l\u00e8vres restent ainsi plus pulpeuses et plus fermes.<\/li>\n<li>Le beurre de karit\u00e9 biologique, l&rsquo;huile de jojoba et l&rsquo;huile d&rsquo;avocat adoucissent et nourrissent les l\u00e8vres.<\/li>\n<\/ul>\n<p>INCI: Ricinus Communis* Seed Oil, Olea Europaea* Fruit Oil, Copernicia Cerifera* (Carnauba) Wax, Euphorbia Cerifera Wax, Terminalia Ferdinandiana* (Kakadu Plum) Fruit Extract, Argania Spinosa* Kernel Oil, Glycerin, Aqua, Olea Europaea Fruit Extract, Piper Nigrum Seed Extract,<\/p>\n<p>Coriandrum Sativum (Coriander) Fruit Extract, Acacia Senegal Gum, Prunus Amygdalus Dulcis* Oil, Simmondsia Chinensis* (Jojoba) Seed Oil, *Shea Butter*, Persea Gratissima* (Avocado) Oil Macadamia Ternifolia* Seed Oil, Tocopherol ( Vitamine E), Ar\u00f4me naturel<br \/>\n*Sourc\u00e9 de l&rsquo;agriculture biologique<br \/>\n**Ar\u00f4me naturel<\/p>\n","protected":false},"excerpt":{"rendered":"<p>Le baume \u00e0 l\u00e8vres v\u00e9g\u00e9talien et naturel anti-\u00e2ge prot\u00e8ge les l\u00e8vres des rides pr\u00e9matur\u00e9es et de la perte d&rsquo;\u00e9lasticit\u00e9.<\/p>\n<ul>\n<li>Le poivre noir et la coriandre am\u00e9liorent la circulation sanguine dans le baume \u00e0 l\u00e8vres et r\u00e9duisent les tensions et les rides sur les l\u00e8vres.<\/li>\n<li>Les huiles de jojoba, d&rsquo;avocat et d&rsquo;amande apaisent les l\u00e8vres s\u00e8ches et les hydratent en profondeur.<\/li>\n<li>Certifications : Icia Bio, Vegan-ok<\/li>\n<\/ul>\n","protected":false},"featured_media":760,"comment_status":"open","ping_status":"closed","template":"","meta":{"ocean_post_layout":"","ocean_both_sidebars_style":"","ocean_both_sidebars_content_width":0,"ocean_both_sidebars_sidebars_width":0,"ocean_sidebar":"0","ocean_second_sidebar":"0","ocean_disable_margins":"enable","ocean_add_body_class":"","ocean_shortcode_before_top_bar":"","ocean_shortcode_after_top_bar":"","ocean_shortcode_before_header":"","ocean_shortcode_after_header":"","ocean_has_shortcode":"","ocean_shortcode_after_title":"","ocean_shortcode_before_footer_widgets":"","ocean_shortcode_after_footer_widgets":"","ocean_shortcode_before_footer_bottom":"","ocean_shortcode_after_footer_bottom":"","ocean_display_top_bar":"default","ocean_display_header":"default","ocean_header_style":"","ocean_center_header_left_menu":"0","ocean_custom_header_template":"0","ocean_custom_logo":0,"ocean_custom_retina_logo":0,"ocean_custom_logo_max_width":0,"ocean_custom_logo_tablet_max_width":0,"ocean_custom_logo_mobile_max_width":0,"ocean_custom_logo_max_height":0,"ocean_custom_logo_tablet_max_height":0,"ocean_custom_logo_mobile_max_height":0,"ocean_header_custom_menu":"0","ocean_menu_typo_font_family":"0","ocean_menu_typo_font_subset":"","ocean_menu_typo_font_size":0,"ocean_menu_typo_font_size_tablet":0,"ocean_menu_typo_font_size_mobile":0,"ocean_menu_typo_font_size_unit":"px","ocean_menu_typo_font_weight":"","ocean_menu_typo_font_weight_tablet":"","ocean_menu_typo_font_weight_mobile":"","ocean_menu_typo_transform":"","ocean_menu_typo_transform_tablet":"","ocean_menu_typo_transform_mobile":"","ocean_menu_typo_line_height":0,"ocean_menu_typo_line_height_tablet":0,"ocean_menu_typo_line_height_mobile":0,"ocean_menu_typo_line_height_unit":"","ocean_menu_typo_spacing":0,"ocean_menu_typo_spacing_tablet":0,"ocean_menu_typo_spacing_mobile":0,"ocean_menu_typo_spacing_unit":"","ocean_menu_link_color":"","ocean_menu_link_color_hover":"","ocean_menu_link_color_active":"","ocean_menu_link_background":"","ocean_menu_link_hover_background":"","ocean_menu_link_active_background":"","ocean_menu_social_links_bg":"","ocean_menu_social_hover_links_bg":"","ocean_menu_social_links_color":"","ocean_menu_social_hover_links_color":"","ocean_disable_title":"default","ocean_disable_heading":"default","ocean_post_title":"","ocean_post_subheading":"","ocean_post_title_style":"","ocean_post_title_background_color":"","ocean_post_title_background":0,"ocean_post_title_bg_image_position":"","ocean_post_title_bg_image_attachment":"","ocean_post_title_bg_image_repeat":"","ocean_post_title_bg_image_size":"","ocean_post_title_height":0,"ocean_post_title_bg_overlay":0.5,"ocean_post_title_bg_overlay_color":"","ocean_disable_breadcrumbs":"default","ocean_breadcrumbs_color":"","ocean_breadcrumbs_separator_color":"","ocean_breadcrumbs_links_color":"","ocean_breadcrumbs_links_hover_color":"","ocean_display_footer_widgets":"default","ocean_display_footer_bottom":"default","ocean_custom_footer_template":"0"},"product_brand":[107],"product_cat":[17,16,22],"product_tag":[],"class_list":{"0":"post-2594","1":"product","2":"type-product","3":"status-publish","4":"has-post-thumbnail","6":"product_brand-nature-up","7":"product_cat-soins-du-visage","8":"product_cat-soins","9":"product_cat-yeux-et-levres","11":"entry","12":"has-media","14":"first","15":"instock","16":"taxable","17":"shipping-taxable","18":"purchasable","19":"product-type-simple","20":"has-rating","21":"col","22":"span_1_of_3","23":"owp-content-center","24":"owp-thumbs-layout-horizontal","25":"owp-btn-normal","26":"owp-tabs-layout-section","27":"has-no-thumbnails","28":"circle-sale"},"_links":{"self":[{"href":"https:\/\/www.biobey.be\/fr\/wp-json\/wp\/v2\/product\/2594","targetHints":{"allow":["GET"]}}],"collection":[{"href":"https:\/\/www.biobey.be\/fr\/wp-json\/wp\/v2\/product"}],"about":[{"href":"https:\/\/www.biobey.be\/fr\/wp-json\/wp\/v2\/types\/product"}],"replies":[{"embeddable":true,"href":"https:\/\/www.biobey.be\/fr\/wp-json\/wp\/v2\/comments?post=2594"}],"wp:featuredmedia":[{"embeddable":true,"href":"https:\/\/www.biobey.be\/fr\/wp-json\/wp\/v2\/media\/760"}],"wp:attachment":[{"href":"https:\/\/www.biobey.be\/fr\/wp-json\/wp\/v2\/media?parent=2594"}],"wp:term":[{"taxonomy":"product_brand","embeddable":true,"href":"https:\/\/www.biobey.be\/fr\/wp-json\/wp\/v2\/product_brand?post=2594"},{"taxonomy":"product_cat","embeddable":true,"href":"https:\/\/www.biobey.be\/fr\/wp-json\/wp\/v2\/product_cat?post=2594"},{"taxonomy":"product_tag","embeddable":true,"href":"https:\/\/www.biobey.be\/fr\/wp-json\/wp\/v2\/product_tag?post=2594"}],"curies":[{"name":"wp","href":"https:\/\/api.w.org\/{rel}","templated":true}]}}