{"id":2595,"date":"2023-12-01T21:05:17","date_gmt":"2023-12-01T20:05:17","guid":{"rendered":"https:\/\/www.biobey.be\/fr-temp\/produit\/deodorant-creme-bio-zones-sensibles-50ml\/"},"modified":"2025-09-04T20:10:18","modified_gmt":"2025-09-04T18:10:18","slug":"deodorant-creme-bio-zones-sensibles-50ml","status":"publish","type":"product","link":"https:\/\/www.biobey.be\/fr\/produit\/deodorant-creme-bio-zones-sensibles-50ml\/","title":{"rendered":"D\u00e9odorant cr\u00e8me bio zones sensibles 50ml"},"content":{"rendered":"<p>D\u00e9odorant cr\u00e8me bio contre la transpiration pour les zones sensibles Odour Stop pr\u00e9vient et \u00e9limine les mauvaises odeurs. Ce d\u00e9odorant cr\u00e8me naturel \u00e0 base d&rsquo;huiles v\u00e9g\u00e9tales et de zinc aide \u00e0 r\u00e9duire la transpiration et procure une sensation de fra\u00eecheur agr\u00e9able. Il <strong>convient non seulement aux aisselles mais aussi \u00e0 la zone intime<\/strong>.<\/p>\n<p>Il est \u00e9galement utilis\u00e9 comme un d\u00e9odorant zone intime. Gr\u00e2ce \u00e0 son pH doux contre les odeurs de transpiration, la cr\u00e8me aide \u00e0 <strong>\u00e9liminer les odeurs d\u00e9sagr\u00e9ables et la transpiration dans la zone intime<\/strong>.<\/p>\n<h2>Est-ce que le d\u00e9odorant cr\u00e8me bio est efficace contre la transpiration?<\/h2>\n<p>D\u00e9odorant cr\u00e8me bio \u00e9limine efficacement les odeurs de transpiration gr\u00e2ce \u00e0 la synergie d&rsquo;extraits de plantes et d&rsquo;huiles telles que l&rsquo;huile de jojoba, la lavande, l&rsquo;huile de ricin, entre autres. Le d\u00e9odorant cr\u00e8me bio est d\u00e9velopp\u00e9 pour traiter la transpiration excessive et les odeurs au niveau des aisselles, de la zone intime et des pieds.<\/p>\n<p>Il convient aux personnes ayant une peau sensible, atopique ou irrit\u00e9e.<\/p>\n<p>Le d\u00e9o cr\u00e8me naturel Bema<strong> \u00e9limine les mauvaises bact\u00e9ries<\/strong> \u00e0 l&rsquo;origine des odeurs de transpiration. Ceci gr\u00e2ce aux propri\u00e9t\u00e9s antibact\u00e9riennes et bact\u00e9riostatiques du zinc. Il absorbe et s\u00e8che la sueur gr\u00e2ce aux petites particules douces d&rsquo;amidon de ma\u00efs.<\/p>\n<p>Le d\u00e9odorant cr\u00e8me anti &#8211; transpirant contient de l&rsquo;huile de ricin. Cette huile biologique restaure et \u00e9quilibre le fonctionnement des glandes s\u00e9bac\u00e9es.<\/p>\n<p>Odeur-Stop d\u00e9odorant cr\u00e8me bio <strong>emp\u00eache la propagation des mauvaises bact\u00e9ries<\/strong> car il contient des AHA. Ceux-ci abaissent le pH de la formule et cr\u00e9ent un environnement qui emp\u00eache la propagation des mauvaises bact\u00e9ries.<\/p>\n<p>D\u00e9odorant cr\u00e8me bio Bema est certifi\u00e9e ICEA Bio.<\/p>\n<p>Il est <strong>100 % naturel et v\u00e9g\u00e9talien<\/strong>. Gr\u00e2ce \u00e0 sa formule douce, il convient aux peaux sensibles. D\u00e9o cr\u00e8me bio anti-transpirant est inodore et a une consistance absorbante.<\/p>\n<h3>Quels sont les avantages du meilleur d\u00e9odorant cr\u00e8me bio pour peau sensible et irrit\u00e9e?<\/h3>\n<ol>\n<li>D\u00e9odorant cr\u00e8me bio Bema contre la transpiration et les odeurs de transpiration a un pH bas, ce qui la rend adapt\u00e9e aux zones intimes.<\/li>\n<li>Le deo sensitive <strong>convient aux peaux atopique, sensibles et irrit\u00e9es<\/strong> gr\u00e2ce \u00e0 sa composition douce.<\/li>\n<li>La cr\u00e8me d\u00e9odorant est naturelle et douce pour la peau. Le d\u00e9odorant cr\u00e8me ne contient pas de sels d&rsquo;aluminium, de parfum ni d&rsquo;autres substances synth\u00e9tiques.<\/li>\n<li>La cr\u00e8me Odeur-Stop a un <strong>effet hydratant et apaisant sur la peau<\/strong>.<\/li>\n<li>Bema d\u00e9odorant cr\u00e8me Odour-stop peut \u00eatre appliqu\u00e9e \u00e0 tous les zones o\u00f9 les bact\u00e9ries responsables des mauvaises odeurs doivent \u00eatre contr\u00f4l\u00e9es.<\/li>\n<\/ol>\n<p>INCI: Lavandula angustifolia flower water*, Aqua, Zea mays starch, Sucrose polystearate, Zinc ricinoleate, Caprylyl caprylate\/caprate, Hydrogenated vegetable glycerides, Simmondsia Chinensis (Jojoba) seed oil*, Xanthan gum, hydrolyzed grape skin*, hydrolyzed wheat bran*<\/p>\n<p>Euphorbia cerifera (Candelilla) wax, Citrus medica limonum (Lemon) fruit extract, Pyrus malus (Apple) fruit extract, Benzyl alcohol, Coco-caprylate, Cetyl palmitate, Sodium stearoyl glutamate, Hydrogenated vegetable oil, Tocopherol (Vitamine E), Potassium sorbate, Glyceryl laurate, Candelilla cera, Tartaric acid, Undecane,Tridecane, Citric acid, Sodium benzoate<\/p>\n<h3>Comment appliquer d\u00e9odorant cr\u00e8me bio?<\/h3>\n<p>Appliquez le d\u00e9odorant cr\u00e8me en massant d\u00e9licatement la peau. Gr\u00e2ce \u00e0 sa fine consistance, la cr\u00e8me p\u00e9n\u00e8tre rapidement dans la peau. Il convient \u00e0 toutes les parties du corps pour r\u00e9duire les odeurs de transpiration, comme les aisselles et les parties intimes. Convient aux peaux sensibles et irrit\u00e9es.<\/p>\n","protected":false},"excerpt":{"rendered":"<p>D\u00e9odorant cr\u00e8me bio efficace contre les mauvais odeurs et la transpiration:<\/p>\n<ul>\n<li>Convient aux peaux sensibles, aux aisselles irrit\u00e9es et aux zones intimes.<\/li>\n<li><strong>Ne contient pas de sels d&rsquo;aluminium, d&rsquo;ar\u00f4mes, de parfums et de substances synth\u00e9tiques.<\/strong><\/li>\n<li>\u00c9limine les bact\u00e9ries \u00e0 l&rsquo;origine des mauvaises odeurs.<\/li>\n<li>Le d\u00e9o cr\u00e8me anti transpirant r\u00e9gule le fonctionnement des glandes sudoripares et r\u00e9duit la transpiration excessive.<\/li>\n<\/ul>\n","protected":false},"featured_media":764,"comment_status":"open","ping_status":"closed","template":"","meta":{"ocean_post_layout":"","ocean_both_sidebars_style":"","ocean_both_sidebars_content_width":0,"ocean_both_sidebars_sidebars_width":0,"ocean_sidebar":"","ocean_second_sidebar":"","ocean_disable_margins":"enable","ocean_add_body_class":"","ocean_shortcode_before_top_bar":"","ocean_shortcode_after_top_bar":"","ocean_shortcode_before_header":"","ocean_shortcode_after_header":"","ocean_has_shortcode":"","ocean_shortcode_after_title":"","ocean_shortcode_before_footer_widgets":"","ocean_shortcode_after_footer_widgets":"","ocean_shortcode_before_footer_bottom":"","ocean_shortcode_after_footer_bottom":"","ocean_display_top_bar":"default","ocean_display_header":"default","ocean_header_style":"","ocean_center_header_left_menu":"","ocean_custom_header_template":"","ocean_custom_logo":0,"ocean_custom_retina_logo":0,"ocean_custom_logo_max_width":0,"ocean_custom_logo_tablet_max_width":0,"ocean_custom_logo_mobile_max_width":0,"ocean_custom_logo_max_height":0,"ocean_custom_logo_tablet_max_height":0,"ocean_custom_logo_mobile_max_height":0,"ocean_header_custom_menu":"","ocean_menu_typo_font_family":"","ocean_menu_typo_font_subset":"","ocean_menu_typo_font_size":0,"ocean_menu_typo_font_size_tablet":0,"ocean_menu_typo_font_size_mobile":0,"ocean_menu_typo_font_size_unit":"px","ocean_menu_typo_font_weight":"","ocean_menu_typo_font_weight_tablet":"","ocean_menu_typo_font_weight_mobile":"","ocean_menu_typo_transform":"","ocean_menu_typo_transform_tablet":"","ocean_menu_typo_transform_mobile":"","ocean_menu_typo_line_height":0,"ocean_menu_typo_line_height_tablet":0,"ocean_menu_typo_line_height_mobile":0,"ocean_menu_typo_line_height_unit":"","ocean_menu_typo_spacing":0,"ocean_menu_typo_spacing_tablet":0,"ocean_menu_typo_spacing_mobile":0,"ocean_menu_typo_spacing_unit":"","ocean_menu_link_color":"","ocean_menu_link_color_hover":"","ocean_menu_link_color_active":"","ocean_menu_link_background":"","ocean_menu_link_hover_background":"","ocean_menu_link_active_background":"","ocean_menu_social_links_bg":"","ocean_menu_social_hover_links_bg":"","ocean_menu_social_links_color":"","ocean_menu_social_hover_links_color":"","ocean_disable_title":"default","ocean_disable_heading":"default","ocean_post_title":"","ocean_post_subheading":"","ocean_post_title_style":"","ocean_post_title_background_color":"","ocean_post_title_background":0,"ocean_post_title_bg_image_position":"","ocean_post_title_bg_image_attachment":"","ocean_post_title_bg_image_repeat":"","ocean_post_title_bg_image_size":"","ocean_post_title_height":0,"ocean_post_title_bg_overlay":0.5,"ocean_post_title_bg_overlay_color":"","ocean_disable_breadcrumbs":"default","ocean_breadcrumbs_color":"","ocean_breadcrumbs_separator_color":"","ocean_breadcrumbs_links_color":"","ocean_breadcrumbs_links_hover_color":"","ocean_display_footer_widgets":"default","ocean_display_footer_bottom":"default","ocean_custom_footer_template":""},"product_brand":[106],"product_cat":[27,26,16,51],"product_tag":[],"class_list":{"0":"post-2595","1":"product","2":"type-product","3":"status-publish","4":"has-post-thumbnail","6":"product_brand-bema-bio","7":"product_cat-hygiene-intime","8":"product_cat-mains-et-pieds","9":"product_cat-soins","10":"product_cat-soins-du-corps","12":"entry","13":"has-media","15":"first","16":"instock","17":"taxable","18":"shipping-taxable","19":"purchasable","20":"product-type-simple","21":"has-rating","22":"col","23":"span_1_of_3","24":"owp-content-center","25":"owp-thumbs-layout-horizontal","26":"owp-btn-normal","27":"owp-tabs-layout-section","28":"has-no-thumbnails","29":"circle-sale"},"_links":{"self":[{"href":"https:\/\/www.biobey.be\/fr\/wp-json\/wp\/v2\/product\/2595","targetHints":{"allow":["GET"]}}],"collection":[{"href":"https:\/\/www.biobey.be\/fr\/wp-json\/wp\/v2\/product"}],"about":[{"href":"https:\/\/www.biobey.be\/fr\/wp-json\/wp\/v2\/types\/product"}],"replies":[{"embeddable":true,"href":"https:\/\/www.biobey.be\/fr\/wp-json\/wp\/v2\/comments?post=2595"}],"wp:featuredmedia":[{"embeddable":true,"href":"https:\/\/www.biobey.be\/fr\/wp-json\/wp\/v2\/media\/764"}],"wp:attachment":[{"href":"https:\/\/www.biobey.be\/fr\/wp-json\/wp\/v2\/media?parent=2595"}],"wp:term":[{"taxonomy":"product_brand","embeddable":true,"href":"https:\/\/www.biobey.be\/fr\/wp-json\/wp\/v2\/product_brand?post=2595"},{"taxonomy":"product_cat","embeddable":true,"href":"https:\/\/www.biobey.be\/fr\/wp-json\/wp\/v2\/product_cat?post=2595"},{"taxonomy":"product_tag","embeddable":true,"href":"https:\/\/www.biobey.be\/fr\/wp-json\/wp\/v2\/product_tag?post=2595"}],"curies":[{"name":"wp","href":"https:\/\/api.w.org\/{rel}","templated":true}]}}