{"id":2596,"date":"2025-11-26T17:09:29","date_gmt":"2025-11-26T16:09:29","guid":{"rendered":"https:\/\/www.biobey.be\/fr-temp\/produit\/creme-dermatite-a-la-pensee-sauvage-50ml\/"},"modified":"2026-01-24T10:58:15","modified_gmt":"2026-01-24T09:58:15","slug":"creme-dermatite-a-la-pensee-sauvage-50ml","status":"publish","type":"product","link":"https:\/\/www.biobey.be\/fr\/produit\/creme-dermatite-a-la-pensee-sauvage-50ml\/","title":{"rendered":"Cr\u00e8me dermatite \u00e0 la pens\u00e9e sauvage 50ml"},"content":{"rendered":"<p>La Cr\u00e8me dermatite \u00e0 la pens\u00e9e sauvage d&rsquo;Argital traite la peau et l&rsquo;hydrate en profondeur. Elle acc\u00e9l\u00e8re la r\u00e9g\u00e9n\u00e9ration des cellules cutan\u00e9es et apaise la peau affect\u00e9e. Gr\u00e2ce \u00e0 sa formule 100% naturelle et \u00e0 sa consistance l\u00e9g\u00e8re, la cr\u00e8me violette tricolore convient au visage et au corps.<\/p>\n<h2>Traitement des affections atopiques avec la cr\u00e8me dermatite \u00e0 la pens\u00e9e sauvage<\/h2>\n<p>La cr\u00e8me dermatite \u00e0 la pens\u00e9e sauvage est sp\u00e9cialement <strong>con\u00e7ue pour traiter les affections atopiques<\/strong> telles que <strong>l&rsquo;inflammation de la peau<\/strong>, l&rsquo;ecz\u00e9ma chronique, <strong>l&rsquo;hypersensibilit\u00e9<\/strong>, les d\u00e9mangeaisons, etc. La cr\u00e8me dermatite \u00e0 la pens\u00e9e sauvage renforce la barri\u00e8re cutan\u00e9e et agit comme un anti-inflammatoire.<\/p>\n<p>Elle contribue ainsi \u00e0 prot\u00e9ger les peaux sensibles. La cr\u00e8me Argital peut \u00eatre utilis\u00e9e sur le visage, le cou, le d\u00e9collet\u00e9 et sur tout le corps. Gr\u00e2ce \u00e0 sa consistance l\u00e9g\u00e8re, la <strong>cr\u00e8me p\u00e9n\u00e8tre rapidement dans la peau<\/strong>. La cr\u00e8me dermatite \u00e0 la pens\u00e9e sauvage est naturelle, v\u00e9g\u00e9talienne et \u00e9cologique.<\/p>\n<h2>Pourquoi la cr\u00e8me dermatite \u00e0 la pens\u00e9e sauvage est-elle efficace ?<\/h2>\n<p>La pens\u00e9e sauvage ( Viola Tricolor) poss\u00e8de des propri\u00e9t\u00e9s hydratantes qui apaisent les peaux s\u00e8ches. De plus, la pens\u00e9e sauvage ( Viola Tricolor) r\u00e9duit les rougeurs et les irritations gr\u00e2ce \u00e0 ses propri\u00e9t\u00e9s anti-inflammatoires. L&rsquo;extrait est traditionnellement utilis\u00e9 pour traiter l&rsquo;acn\u00e9, l&rsquo;ecz\u00e9ma, l&rsquo;\u00e9ryth\u00e8me fessier et d&rsquo;autres affections atopiques.<\/p>\n<p>La cr\u00e8me dermatite \u00e0 la pens\u00e9e sauvage contient \u00e9galement des extraits biologiques de calendula, de m\u00e9lisse et de lavande. La combinaison de ces composants renforce les effets anti-inflammatoires et apaisants de la cr\u00e8me dermatite \u00e0 la pens\u00e9e sauvage<\/p>\n<p>L&rsquo;huile d&rsquo;amande douce biologique garantit une meilleure absorption des principes actifs de la cr\u00e8me par la peau. En outre, l&rsquo;huile d&rsquo;amande aide \u00e0 prot\u00e9ger la peau de la d\u00e9shydratation.<\/p>\n<h3>La cr\u00e8me dermatite \u00e0 la pens\u00e9e sauvage comme rem\u00e8de naturel contre la dermatite ?<\/h3>\n<p>La cr\u00e8me dermatite \u00e0 la pens\u00e9e sauvage est un rem\u00e8de naturel contre la dermatite. La cr\u00e8me est exempte d&rsquo;ingr\u00e9dients synth\u00e9tiques et d&rsquo;hormones. Elle est con\u00e7ue <strong>pour apaiser les sympt\u00f4mes de la dermatite chronique<\/strong>. Gr\u00e2ce \u00e0 ses propri\u00e9t\u00e9s hydratantes et apaisantes, elle procure un soulagement agr\u00e9able et une peau douce.<\/p>\n<p>La cr\u00e8me peut \u00eatre utilis\u00e9e plusieurs fois par jour. Elle convient \u00e0 tous les types de peau.<\/p>\n<h3>Liste compl\u00e8te des ingr\u00e9dients de la cr\u00e8me dermatite \u00e0 la pens\u00e9e sauvage<\/h3>\n<p>INCI : Aqua, Prunus Amygdalus Dulcis Oil*, Potassium Palmitoyl\/Hydrolyzed Wheat Protein\/Glycerin, Cetearyl Alcohol, Glycerin, Cetyl Alcohol, Polyglyceryl, 6 Distearate, Viola Tricolor Extract*, Calendula Officinalis Flower Extract*, Alcohol, Pinus Mugo Pumilio Twig Leaf Oil **,<\/p>\n<p>Huile de Lavandula Hybrida**, Huile de Pelargonium Graveolens**, Huile de Citrus Limon Peel**, Huile de Melissa Officinalis*, Solum Fullonum, Extrait d&rsquo;\u00e9corce de Berberis Vulgaris, Extrait de r\u00e9sine de Styrax Benzoin, Gomme xanthane, Acide lactique, Tocoph\u00e9rol (Vitamine E).<\/p>\n<p>*Ingr\u00e9dients d&rsquo;origine biologique.<br \/>\n**Composants d&rsquo;huiles essentielles naturelles : Limonene, Linalool, Benzyl Cinnamate, Citronellol, Geraniol, Citral.<\/p>\n<h3>Comment utiliser la cr\u00e8me dermatite \u00e0 la pens\u00e9e sauvage bio ?<\/h3>\n<p>Mode d&#8217;emploi : appliquer la cr\u00e8me viola Tricolor dermatite sur une peau nettoy\u00e9e et s\u00e8che. Masser doucement la cr\u00e8me jusqu&rsquo;\u00e0 ce qu&rsquo;elle soit bien absorb\u00e9e par la peau. La cr\u00e8me dermatite \u00e0 la pens\u00e9e sauvage peut \u00eatre utilis\u00e9e plusieurs fois par jour. Convient au visage, au d\u00e9collet\u00e9 et \u00e0 tout le corps.<\/p>\n<p>Remarque : La cr\u00e8me ne convient pas aux personnes allergiques \u00e0 l&rsquo;un des ingr\u00e9dients de la cr\u00e8me Argital.<\/p>\n","protected":false},"excerpt":{"rendered":"<p>La Cr\u00e8me dermatite \u00e0 la pens\u00e9e sauvage d&rsquo;Argital a des vertus r\u00e9paratrices, hydratantes et apaisantes. Cette cr\u00e8me naturelle est sp\u00e9cialement con\u00e7ue pour les peaux atopiques.<br \/>\nFormule : la pens\u00e9e sauvage (Violette tricolore) , calendula, huile d&rsquo;amande douce, extraits de m\u00e9lisse et de lavande.<\/p>\n<p>Certifications : Icea Bio, BDIH, Vegan OK, Eco Control<br \/>\nContenu : 50 ml<\/p>\n<p>Type de peau : Peau irrit\u00e9e et s\u00e8che. Peau atopique<\/p>\n","protected":false},"featured_media":763,"comment_status":"open","ping_status":"closed","template":"","meta":{"ocean_post_layout":"","ocean_both_sidebars_style":"","ocean_both_sidebars_content_width":0,"ocean_both_sidebars_sidebars_width":0,"ocean_sidebar":"0","ocean_second_sidebar":"0","ocean_disable_margins":"enable","ocean_add_body_class":"","ocean_shortcode_before_top_bar":"","ocean_shortcode_after_top_bar":"","ocean_shortcode_before_header":"","ocean_shortcode_after_header":"","ocean_has_shortcode":"","ocean_shortcode_after_title":"","ocean_shortcode_before_footer_widgets":"","ocean_shortcode_after_footer_widgets":"","ocean_shortcode_before_footer_bottom":"","ocean_shortcode_after_footer_bottom":"","ocean_display_top_bar":"default","ocean_display_header":"default","ocean_header_style":"","ocean_center_header_left_menu":"0","ocean_custom_header_template":"0","ocean_custom_logo":0,"ocean_custom_retina_logo":0,"ocean_custom_logo_max_width":0,"ocean_custom_logo_tablet_max_width":0,"ocean_custom_logo_mobile_max_width":0,"ocean_custom_logo_max_height":0,"ocean_custom_logo_tablet_max_height":0,"ocean_custom_logo_mobile_max_height":0,"ocean_header_custom_menu":"0","ocean_menu_typo_font_family":"0","ocean_menu_typo_font_subset":"","ocean_menu_typo_font_size":0,"ocean_menu_typo_font_size_tablet":0,"ocean_menu_typo_font_size_mobile":0,"ocean_menu_typo_font_size_unit":"px","ocean_menu_typo_font_weight":"","ocean_menu_typo_font_weight_tablet":"","ocean_menu_typo_font_weight_mobile":"","ocean_menu_typo_transform":"","ocean_menu_typo_transform_tablet":"","ocean_menu_typo_transform_mobile":"","ocean_menu_typo_line_height":0,"ocean_menu_typo_line_height_tablet":0,"ocean_menu_typo_line_height_mobile":0,"ocean_menu_typo_line_height_unit":"","ocean_menu_typo_spacing":0,"ocean_menu_typo_spacing_tablet":0,"ocean_menu_typo_spacing_mobile":0,"ocean_menu_typo_spacing_unit":"","ocean_menu_link_color":"","ocean_menu_link_color_hover":"","ocean_menu_link_color_active":"","ocean_menu_link_background":"","ocean_menu_link_hover_background":"","ocean_menu_link_active_background":"","ocean_menu_social_links_bg":"","ocean_menu_social_hover_links_bg":"","ocean_menu_social_links_color":"","ocean_menu_social_hover_links_color":"","ocean_disable_title":"default","ocean_disable_heading":"default","ocean_post_title":"","ocean_post_subheading":"","ocean_post_title_style":"","ocean_post_title_background_color":"","ocean_post_title_background":0,"ocean_post_title_bg_image_position":"","ocean_post_title_bg_image_attachment":"","ocean_post_title_bg_image_repeat":"","ocean_post_title_bg_image_size":"","ocean_post_title_height":0,"ocean_post_title_bg_overlay":0.5,"ocean_post_title_bg_overlay_color":"","ocean_disable_breadcrumbs":"default","ocean_breadcrumbs_color":"","ocean_breadcrumbs_separator_color":"","ocean_breadcrumbs_links_color":"","ocean_breadcrumbs_links_hover_color":"","ocean_display_footer_widgets":"default","ocean_display_footer_bottom":"default","ocean_custom_footer_template":"0"},"product_brand":[102],"product_cat":[33,49,31,17,16],"product_tag":[],"class_list":{"0":"post-2596","1":"product","2":"type-product","3":"status-publish","4":"has-post-thumbnail","6":"product_brand-argital","7":"product_cat-irritation-cutanee-eczema-et-psoriasis","8":"product_cat-peau-seche","9":"product_cat-sante","10":"product_cat-soins-du-visage","11":"product_cat-soins","13":"entry","14":"has-media","16":"first","17":"instock","18":"taxable","19":"shipping-taxable","20":"purchasable","21":"product-type-simple","22":"has-rating","23":"col","24":"span_1_of_3","25":"owp-content-center","26":"owp-thumbs-layout-horizontal","27":"owp-btn-normal","28":"owp-tabs-layout-section","29":"has-no-thumbnails","30":"circle-sale"},"_links":{"self":[{"href":"https:\/\/www.biobey.be\/fr\/wp-json\/wp\/v2\/product\/2596","targetHints":{"allow":["GET"]}}],"collection":[{"href":"https:\/\/www.biobey.be\/fr\/wp-json\/wp\/v2\/product"}],"about":[{"href":"https:\/\/www.biobey.be\/fr\/wp-json\/wp\/v2\/types\/product"}],"replies":[{"embeddable":true,"href":"https:\/\/www.biobey.be\/fr\/wp-json\/wp\/v2\/comments?post=2596"}],"wp:featuredmedia":[{"embeddable":true,"href":"https:\/\/www.biobey.be\/fr\/wp-json\/wp\/v2\/media\/763"}],"wp:attachment":[{"href":"https:\/\/www.biobey.be\/fr\/wp-json\/wp\/v2\/media?parent=2596"}],"wp:term":[{"taxonomy":"product_brand","embeddable":true,"href":"https:\/\/www.biobey.be\/fr\/wp-json\/wp\/v2\/product_brand?post=2596"},{"taxonomy":"product_cat","embeddable":true,"href":"https:\/\/www.biobey.be\/fr\/wp-json\/wp\/v2\/product_cat?post=2596"},{"taxonomy":"product_tag","embeddable":true,"href":"https:\/\/www.biobey.be\/fr\/wp-json\/wp\/v2\/product_tag?post=2596"}],"curies":[{"name":"wp","href":"https:\/\/api.w.org\/{rel}","templated":true}]}}