{"id":2597,"date":"2023-12-05T03:32:09","date_gmt":"2023-12-05T02:32:09","guid":{"rendered":"https:\/\/www.biobey.be\/fr-temp\/produit\/huile-bronzante-bio-solar-tea-100ml\/"},"modified":"2026-03-24T06:51:32","modified_gmt":"2026-03-24T05:51:32","slug":"huile-bronzante-bio-solar-tea-100ml","status":"publish","type":"product","link":"https:\/\/www.biobey.be\/fr\/produit\/huile-bronzante-bio-solar-tea-100ml\/","title":{"rendered":"Huile bronzante bio Solar Tea 100ml"},"content":{"rendered":"<p>L&rsquo;huile bronzante bio \u00e0 base de carot\u00e8ne acc\u00e9l\u00e8re le bronzage de la peau de mani\u00e8re naturelle. L&rsquo;huile bronzante acc\u00e9l\u00e8re la production de m\u00e9lanine gr\u00e2ce \u00e0 sa formule \u00e0 base d&rsquo;huiles carot\u00e9no\u00efdes d&rsquo;Annato, de Carotte et de Karanja.<\/p>\n<p>Elle permet \u00e0 la peau de bronzer plus rapidement et plus uniform\u00e9ment. L&rsquo;huile de bronzage naturelle Solar Tea peut \u00e9galement \u00eatre utilis\u00e9e apr\u00e8s un bain de soleil pour r\u00e9parer la peau et mieux fixer le bronzage.<\/p>\n<h2>Pourquoi utiliser une huile bronzante bio ?<\/h2>\n<p>Solar Tea huile bronzante bio assure un bronzage plus rapide et plus intense en stimulant la production de m\u00e9lanine. L&rsquo;utilisation d&rsquo;une huile contenant du carot\u00e8ne permet d&rsquo;obtenir un bronzage uniforme qui dure plus longtemps.<\/p>\n<p>Les huiles de copaiba et d&rsquo;a\u00e7a\u00ef apaisent et restaurent la peau apr\u00e8s le bronzage. L&rsquo;huile de noix de coco assure un bronzage uniforme et magnifique et pr\u00e9vient la d\u00e9shydratation de la peau.<\/p>\n<h2>Effet multifonctionnel de l&rsquo;huile bronzante bio Solar Tea<\/h2>\n<ul>\n<li>L&rsquo;huile acc\u00e9l\u00e9ratrice de bronzage bio Solar Tea permet de bronzer plus rapidement de mani\u00e8re naturelle.<\/li>\n<li>L&rsquo;huile de bronzage naturelle peut \u00eatre utilis\u00e9e apr\u00e8s un bain de soleil.<\/li>\n<li>Elle donne un bronzage uniforme qui dure plus longtemps.<\/li>\n<li>Gr\u00e2ce \u00e0 sa formule \u00e0 base d&rsquo;huiles hydratantes et nourrissantes, l&rsquo;huile de bronzage aide \u00e0 apaiser et \u00e0 hydrater la peau.<\/li>\n<\/ul>\n<h3>Comment utiliser l&rsquo;huile bronzante bio ?<\/h3>\n<p>L&rsquo;huile bronzante naturelle Solar Tea peut \u00eatre appliqu\u00e9e avant et apr\u00e8s le bronzage.<\/p>\n<p><strong>Avant le bronzage :<\/strong> Vaporisez l&rsquo;huile de bronzage sur le corps et \u00e9talez-la bien. Appliquez ensuite une cr\u00e8me solaire avec un indice de protection appropri\u00e9.<\/p>\n<p><strong>Apr\u00e8s un bain de soleil <\/strong>: Appliquez de l&rsquo;huile de bronzage naturelle sur la peau apr\u00e8s le bain de soleil. Cela permet \u00e0 la fois de revitaliser la peau et de fixer le bronzage.<br \/>\nL&rsquo;huile bronzante naturelle de Solar Tea est naturelle, v\u00e9g\u00e9talienne et exempte de substances irritantes.<\/p>\n<h4>La liste compl\u00e8te des ingr\u00e9dients dans le bon ordre<\/h4>\n<p>INCI : Ethylhexyl Cocoate, Cocos Nucifera (Coconut Oil), Dicaprylyl Ether, Propylheptyl Caprylate, Dicaprylyl Carbonate, Hydrogenated Castor Oil, Glycine Soybean Oil*, Olea Europaea* Fruit Oil, Prunus Amygdalus Dulcis Oil*, Elaesis Guineensis Oil, Helianthus Annuus Oil*, Daucus Carota Sativa* (Carrot Root Extract*),<\/p>\n<p>Simmondsia Chinensis* (Jojoba Seed Oil*), Rosmaranthus Caudatus* Seed Oil*, Rosmaranthus Caudatus* Seed Extract*, Rosmaranthus Caudatus* Seed Oil*.<\/p>\n<p>(Carotte), Pongamia Glabra Kernel Oil*, Simmondsia Chinensis* (Jojoba) Seed Oil, Amaranthus Caudatus* Seed Extract, Rosmarinus Officinalis Leaf Extract, Camellia Sinensis* Leaf Extract, Vaccinium Macrocarpon (Cranberry) Seed Oil, Copaifera Officinalis*, Carapa Guaianensis Seed Oil* ,<\/p>\n<p>Euterpe Oleracea*, Bixa Orellana Seed Oil, Tocopherol, Fragrance (Natural Aroma)**.<br \/>\n*Sourc\u00e9 de l&rsquo;agriculture biologique<br \/>\n**Ar\u00f4me naturel<\/p>\n","protected":false},"excerpt":{"rendered":"<p>L&rsquo;huile bronzante bio Spray de Solar Tea est une huile bronzante qui fait bronzer la peau plus rapidement et de mani\u00e8re plus uniforme. De plus, l&rsquo;huile de bronzage Spray peut \u00eatre utilis\u00e9e apr\u00e8s le bronzage pour r\u00e9parer la peau et mieux fixer le bronzage.<\/p>\n","protected":false},"featured_media":768,"comment_status":"open","ping_status":"closed","template":"","meta":{"ocean_post_layout":"","ocean_both_sidebars_style":"","ocean_both_sidebars_content_width":0,"ocean_both_sidebars_sidebars_width":0,"ocean_sidebar":"","ocean_second_sidebar":"","ocean_disable_margins":"enable","ocean_add_body_class":"","ocean_shortcode_before_top_bar":"","ocean_shortcode_after_top_bar":"","ocean_shortcode_before_header":"","ocean_shortcode_after_header":"","ocean_has_shortcode":"","ocean_shortcode_after_title":"","ocean_shortcode_before_footer_widgets":"","ocean_shortcode_after_footer_widgets":"","ocean_shortcode_before_footer_bottom":"","ocean_shortcode_after_footer_bottom":"","ocean_display_top_bar":"default","ocean_display_header":"default","ocean_header_style":"","ocean_center_header_left_menu":"","ocean_custom_header_template":"","ocean_custom_logo":0,"ocean_custom_retina_logo":0,"ocean_custom_logo_max_width":0,"ocean_custom_logo_tablet_max_width":0,"ocean_custom_logo_mobile_max_width":0,"ocean_custom_logo_max_height":0,"ocean_custom_logo_tablet_max_height":0,"ocean_custom_logo_mobile_max_height":0,"ocean_header_custom_menu":"","ocean_menu_typo_font_family":"","ocean_menu_typo_font_subset":"","ocean_menu_typo_font_size":0,"ocean_menu_typo_font_size_tablet":0,"ocean_menu_typo_font_size_mobile":0,"ocean_menu_typo_font_size_unit":"px","ocean_menu_typo_font_weight":"","ocean_menu_typo_font_weight_tablet":"","ocean_menu_typo_font_weight_mobile":"","ocean_menu_typo_transform":"","ocean_menu_typo_transform_tablet":"","ocean_menu_typo_transform_mobile":"","ocean_menu_typo_line_height":0,"ocean_menu_typo_line_height_tablet":0,"ocean_menu_typo_line_height_mobile":0,"ocean_menu_typo_line_height_unit":"","ocean_menu_typo_spacing":0,"ocean_menu_typo_spacing_tablet":0,"ocean_menu_typo_spacing_mobile":0,"ocean_menu_typo_spacing_unit":"","ocean_menu_link_color":"","ocean_menu_link_color_hover":"","ocean_menu_link_color_active":"","ocean_menu_link_background":"","ocean_menu_link_hover_background":"","ocean_menu_link_active_background":"","ocean_menu_social_links_bg":"","ocean_menu_social_hover_links_bg":"","ocean_menu_social_links_color":"","ocean_menu_social_hover_links_color":"","ocean_disable_title":"default","ocean_disable_heading":"default","ocean_post_title":"","ocean_post_subheading":"","ocean_post_title_style":"","ocean_post_title_background_color":"","ocean_post_title_background":0,"ocean_post_title_bg_image_position":"","ocean_post_title_bg_image_attachment":"","ocean_post_title_bg_image_repeat":"","ocean_post_title_bg_image_size":"","ocean_post_title_height":0,"ocean_post_title_bg_overlay":0.5,"ocean_post_title_bg_overlay_color":"","ocean_disable_breadcrumbs":"default","ocean_breadcrumbs_color":"","ocean_breadcrumbs_separator_color":"","ocean_breadcrumbs_links_color":"","ocean_breadcrumbs_links_hover_color":"","ocean_display_footer_widgets":"default","ocean_display_footer_bottom":"default","ocean_custom_footer_template":""},"product_brand":[110],"product_cat":[59,16,51],"product_tag":[],"class_list":{"0":"post-2597","1":"product","2":"type-product","3":"status-publish","4":"has-post-thumbnail","6":"product_brand-solar-tea","7":"product_cat-protection-solaire","8":"product_cat-soins","9":"product_cat-soins-du-corps","11":"entry","12":"has-media","14":"first","15":"instock","16":"taxable","17":"shipping-taxable","18":"purchasable","19":"product-type-simple","20":"has-rating","21":"col","22":"span_1_of_3","23":"owp-content-center","24":"owp-thumbs-layout-horizontal","25":"owp-btn-normal","26":"owp-tabs-layout-section","27":"has-no-thumbnails","28":"circle-sale"},"_links":{"self":[{"href":"https:\/\/www.biobey.be\/fr\/wp-json\/wp\/v2\/product\/2597","targetHints":{"allow":["GET"]}}],"collection":[{"href":"https:\/\/www.biobey.be\/fr\/wp-json\/wp\/v2\/product"}],"about":[{"href":"https:\/\/www.biobey.be\/fr\/wp-json\/wp\/v2\/types\/product"}],"replies":[{"embeddable":true,"href":"https:\/\/www.biobey.be\/fr\/wp-json\/wp\/v2\/comments?post=2597"}],"wp:featuredmedia":[{"embeddable":true,"href":"https:\/\/www.biobey.be\/fr\/wp-json\/wp\/v2\/media\/768"}],"wp:attachment":[{"href":"https:\/\/www.biobey.be\/fr\/wp-json\/wp\/v2\/media?parent=2597"}],"wp:term":[{"taxonomy":"product_brand","embeddable":true,"href":"https:\/\/www.biobey.be\/fr\/wp-json\/wp\/v2\/product_brand?post=2597"},{"taxonomy":"product_cat","embeddable":true,"href":"https:\/\/www.biobey.be\/fr\/wp-json\/wp\/v2\/product_cat?post=2597"},{"taxonomy":"product_tag","embeddable":true,"href":"https:\/\/www.biobey.be\/fr\/wp-json\/wp\/v2\/product_tag?post=2597"}],"curies":[{"name":"wp","href":"https:\/\/api.w.org\/{rel}","templated":true}]}}