{"id":2598,"date":"2023-12-05T03:32:43","date_gmt":"2023-12-05T02:32:43","guid":{"rendered":"https:\/\/www.biobey.be\/fr-temp\/produit\/saturne-huile-planetaire-pour-le-corps-125-ml\/"},"modified":"2025-07-11T13:29:33","modified_gmt":"2025-07-11T11:29:33","slug":"saturne-huile-planetaire-pour-le-corps-125-ml","status":"publish","type":"product","link":"https:\/\/www.biobey.be\/fr\/produit\/saturne-huile-planetaire-pour-le-corps-125-ml\/","title":{"rendered":"Saturne huile plan\u00e9taire pour le corps 125 ml"},"content":{"rendered":"<p>L&rsquo;huile plan\u00e9taire pour le corps Saturne d&rsquo;Argital a une fonction protectrice. Les influences ext\u00e9rieures n\u00e9gatives entra\u00eenent une perte d&rsquo;\u00e9lasticit\u00e9 et endommagent la barri\u00e8re cutan\u00e9e. L&rsquo;huile plan\u00e9taire pour le corps Saturne protectrice d&rsquo;Argital am\u00e9liore l&rsquo;\u00e9lasticit\u00e9 de la peau et inhibe les effets n\u00e9gatifs du stress oxydatif.<\/p>\n<p>La formule \u00e0 base d&rsquo;huiles essentielles biologiques de lavande, de thym, de sauge et de romarin acc\u00e9l\u00e8re le processus de r\u00e9g\u00e9n\u00e9ration des cellules cutan\u00e9es. L&rsquo;huile d&rsquo;amande douce biologique hydrate la peau.<\/p>\n<p>Gr\u00e2ce \u00e0 sa consistance fine, l&rsquo;huile d&rsquo;amande p\u00e9n\u00e8tre rapidement dans les cellules de la peau. Elle nourrit la peau avec les vitamines et les antioxydants n\u00e9cessaires.<\/p>\n<h2>Pourquoi utiliser l&rsquo;huile plan\u00e9taire pour le corps Saturne Argital ?<\/h2>\n<ol>\n<li>L&rsquo;huile plan\u00e9taire pour le corps Saturne d&rsquo;Argital, dynamique et naturelle, est con\u00e7ue pour prot\u00e9ger la barri\u00e8re cutan\u00e9e et la peau contre la perte d&rsquo;\u00e9lasticit\u00e9.<\/li>\n<li>Les extraits de thym, de romarin et de sauge ont des propri\u00e9t\u00e9s anti-inflammatoires et antioxydantes. Ils aident \u00e0 r\u00e9duire l&rsquo;inflammation, les rougeurs, les d\u00e9mangeaisons, la peau irrit\u00e9e et l&rsquo;acn\u00e9.<\/li>\n<li>Les antioxydants contenus dans l&rsquo;huile corporelle plan\u00e9taire Saturne aident \u00e0 neutraliser les effets n\u00e9gatifs des radicaux libres. L&rsquo;huile plan\u00e9taire pour le corps<\/li>\n<li>Saturne Argital protectrice renforce la barri\u00e8re cutan\u00e9e et r\u00e9pare la peau affect\u00e9e. L&rsquo;utilisation r\u00e9guli\u00e8re de l&rsquo;huile plan\u00e9taire pour le corps Saturne Argital procure \u00e0 la peau une sensation de douceur et d&rsquo;\u00e9lasticit\u00e9.<\/li>\n<li>La combinaison d&rsquo;huile de germe de bl\u00e9, d&rsquo;huile d&rsquo;olive et d&rsquo;huile d&rsquo;amande douce nourrit et hydrate les peaux s\u00e8ches. Utilis\u00e9e r\u00e9guli\u00e8rement, l&rsquo;huile protectrice pour le corps aide \u00e0 traiter et \u00e0 r\u00e9parer les peaux rugueuses, squameuses et sujettes aux d\u00e9mangeaisons.<\/li>\n<\/ol>\n<p>INCI : Olea Europaea Fruit Oil, Triticum Vulgare Germ Oil, Prunus Amygdalus Dulcis Oil, Cera Alba, Rosmarinus Officinalis Oil*, Lavandula Hybrida Oil*, Melissa Officinalis Oil*, Salvia Officinalis Oil*, Thimus Vulgaris Oil*, Hyssopus Officinalis Oil*, Satureja Hortensis Oil*, Tocopherol, Mel, Propolis.<\/p>\n<p>*Source : agriculture biologique.<br \/>\n**Composants naturels issus d&rsquo;huiles essentielles biologiques : Limonene, Linalool, Citral, Citronellol, Geraniol.<\/p>\n<h3>Comment appliquer l&rsquo;huile plan\u00e9taire pour le corps Saturne Argital ?<\/h3>\n<p>D\u00e9posez l&rsquo;huile corporelle dans la paume de votre main et frottez-la entre vos mains pour la r\u00e9chauffer. Appliquez ensuite l&rsquo;huile sur la peau. Massez l&rsquo;huile en effectuant des mouvements circulaires dans le sens des aiguilles d&rsquo;une montre jusqu&rsquo;\u00e0 ce qu&rsquo;elle soit enti\u00e8rement absorb\u00e9e par la peau.<\/p>\n<p>Conseil : Appliquez l&rsquo;huile plan\u00e9taire pour le corps Saturne sur la peau imm\u00e9diatement apr\u00e8s un bain ou une douche chaude. L&rsquo;huile plan\u00e9taire pour le corps Saturne sera ainsi mieux absorb\u00e9e par la peau.<\/p>\n","protected":false},"excerpt":{"rendered":"<p><strong>Caract\u00e9ristiques :<\/strong><\/p>\n<ul>\n<li>L&rsquo;huile plan\u00e9taire pour le corps Saturne nourrit et prot\u00e8ge la peau contre la perte d&rsquo;\u00e9lasticit\u00e9 et la d\u00e9shydratation.<\/li>\n<li>Saturne huile plan\u00e9taire pour le corps fait partie des huiles dynamiques plan\u00e9taires d&rsquo;Argital.<\/li>\n<li>Certifications : Icea Bio, BDIH, Lav et Eco Control<\/li>\n<li>Contenance : 125 ml<\/li>\n<li>Formule : Thym, romarin, sauge, amande douce et huile d&rsquo;olive Bio Gold<\/li>\n<li>Action : Prot\u00e8ge, nourrit et adoucit la peau.<\/li>\n<\/ul>\n","protected":false},"featured_media":769,"comment_status":"open","ping_status":"closed","template":"","meta":{"ocean_post_layout":"","ocean_both_sidebars_style":"","ocean_both_sidebars_content_width":0,"ocean_both_sidebars_sidebars_width":0,"ocean_sidebar":"","ocean_second_sidebar":"","ocean_disable_margins":"enable","ocean_add_body_class":"","ocean_shortcode_before_top_bar":"","ocean_shortcode_after_top_bar":"","ocean_shortcode_before_header":"","ocean_shortcode_after_header":"","ocean_has_shortcode":"","ocean_shortcode_after_title":"","ocean_shortcode_before_footer_widgets":"","ocean_shortcode_after_footer_widgets":"","ocean_shortcode_before_footer_bottom":"","ocean_shortcode_after_footer_bottom":"","ocean_display_top_bar":"default","ocean_display_header":"default","ocean_header_style":"","ocean_center_header_left_menu":"","ocean_custom_header_template":"","ocean_custom_logo":0,"ocean_custom_retina_logo":0,"ocean_custom_logo_max_width":0,"ocean_custom_logo_tablet_max_width":0,"ocean_custom_logo_mobile_max_width":0,"ocean_custom_logo_max_height":0,"ocean_custom_logo_tablet_max_height":0,"ocean_custom_logo_mobile_max_height":0,"ocean_header_custom_menu":"","ocean_menu_typo_font_family":"","ocean_menu_typo_font_subset":"","ocean_menu_typo_font_size":0,"ocean_menu_typo_font_size_tablet":0,"ocean_menu_typo_font_size_mobile":0,"ocean_menu_typo_font_size_unit":"px","ocean_menu_typo_font_weight":"","ocean_menu_typo_font_weight_tablet":"","ocean_menu_typo_font_weight_mobile":"","ocean_menu_typo_transform":"","ocean_menu_typo_transform_tablet":"","ocean_menu_typo_transform_mobile":"","ocean_menu_typo_line_height":0,"ocean_menu_typo_line_height_tablet":0,"ocean_menu_typo_line_height_mobile":0,"ocean_menu_typo_line_height_unit":"","ocean_menu_typo_spacing":0,"ocean_menu_typo_spacing_tablet":0,"ocean_menu_typo_spacing_mobile":0,"ocean_menu_typo_spacing_unit":"","ocean_menu_link_color":"","ocean_menu_link_color_hover":"","ocean_menu_link_color_active":"","ocean_menu_link_background":"","ocean_menu_link_hover_background":"","ocean_menu_link_active_background":"","ocean_menu_social_links_bg":"","ocean_menu_social_hover_links_bg":"","ocean_menu_social_links_color":"","ocean_menu_social_hover_links_color":"","ocean_disable_title":"default","ocean_disable_heading":"default","ocean_post_title":"","ocean_post_subheading":"","ocean_post_title_style":"","ocean_post_title_background_color":"","ocean_post_title_background":0,"ocean_post_title_bg_image_position":"","ocean_post_title_bg_image_attachment":"","ocean_post_title_bg_image_repeat":"","ocean_post_title_bg_image_size":"","ocean_post_title_height":0,"ocean_post_title_bg_overlay":0.5,"ocean_post_title_bg_overlay_color":"","ocean_disable_breadcrumbs":"default","ocean_breadcrumbs_color":"","ocean_breadcrumbs_separator_color":"","ocean_breadcrumbs_links_color":"","ocean_breadcrumbs_links_hover_color":"","ocean_display_footer_widgets":"default","ocean_display_footer_bottom":"default","ocean_custom_footer_template":""},"product_brand":[102],"product_cat":[53,16,51],"product_tag":[125],"class_list":{"0":"post-2598","1":"product","2":"type-product","3":"status-publish","4":"has-post-thumbnail","6":"product_brand-argital","7":"product_cat-corps-peau","8":"product_cat-soins","9":"product_cat-soins-du-corps","10":"product_tag-vegan","12":"entry","13":"has-media","15":"first","16":"instock","17":"taxable","18":"shipping-taxable","19":"purchasable","20":"product-type-simple","21":"has-rating","22":"col","23":"span_1_of_3","24":"owp-content-center","25":"owp-thumbs-layout-horizontal","26":"owp-btn-normal","27":"owp-tabs-layout-section","28":"has-no-thumbnails","29":"circle-sale"},"_links":{"self":[{"href":"https:\/\/www.biobey.be\/fr\/wp-json\/wp\/v2\/product\/2598","targetHints":{"allow":["GET"]}}],"collection":[{"href":"https:\/\/www.biobey.be\/fr\/wp-json\/wp\/v2\/product"}],"about":[{"href":"https:\/\/www.biobey.be\/fr\/wp-json\/wp\/v2\/types\/product"}],"replies":[{"embeddable":true,"href":"https:\/\/www.biobey.be\/fr\/wp-json\/wp\/v2\/comments?post=2598"}],"wp:featuredmedia":[{"embeddable":true,"href":"https:\/\/www.biobey.be\/fr\/wp-json\/wp\/v2\/media\/769"}],"wp:attachment":[{"href":"https:\/\/www.biobey.be\/fr\/wp-json\/wp\/v2\/media?parent=2598"}],"wp:term":[{"taxonomy":"product_brand","embeddable":true,"href":"https:\/\/www.biobey.be\/fr\/wp-json\/wp\/v2\/product_brand?post=2598"},{"taxonomy":"product_cat","embeddable":true,"href":"https:\/\/www.biobey.be\/fr\/wp-json\/wp\/v2\/product_cat?post=2598"},{"taxonomy":"product_tag","embeddable":true,"href":"https:\/\/www.biobey.be\/fr\/wp-json\/wp\/v2\/product_tag?post=2598"}],"curies":[{"name":"wp","href":"https:\/\/api.w.org\/{rel}","templated":true}]}}