{"id":2600,"date":"2025-05-29T01:37:23","date_gmt":"2025-05-28T23:37:23","guid":{"rendered":"https:\/\/www.biobey.be\/fr-temp\/produit\/fond-de-teint-cc-compact-bio-poudre-lepo\/"},"modified":"2026-02-10T18:35:25","modified_gmt":"2026-02-10T17:35:25","slug":"fond-de-teint-cc-compact-bio-poudre-lepo","status":"publish","type":"product","link":"https:\/\/www.biobey.be\/fr\/produit\/fond-de-teint-cc-compact-bio-poudre-lepo\/","title":{"rendered":"Fond de teint CC compact bio en poudre &#8211; Lepo"},"content":{"rendered":"<p>Un fond de teint poudre cc naturel avec une bonne couvrance \u00e0 utiliser comme fond de teint poudre?\u00a0 Le fond de teint CC compact bio en poudre \u00e0 base d&rsquo;acide hyaluronique, de beurre de karit\u00e9 et d&rsquo;huile d&rsquo;abricot. Le fond de teint compact Lepo CC a un effet correcteur. Gr\u00e2ce \u00e0 sa formule douce, le fond de teint n&rsquo;obstrue pas les pores et ne dess\u00e8che pas la peau.<\/p>\n<p>Le fond de teint CC compact bio en poudre correcteur de couleur unifie le teint en couvrant les imperfections et les d\u00e9colorations de la peau. En outre, le fond de teint compact prot\u00e8ge la peau des radicaux libres et des rayons UV. Appliquer la<span style=\"color: #0000ff;\"><a style=\"color: #0000ff;\" href=\"https:\/\/www.biobey.be\/fr\/produit\/couperose-creme-de-jour-hypoallergenique\/\"> cr\u00e8me de jour C3 rosacea<\/a><\/span> sous la poudre CC pour une protection suppl\u00e9mentaire de la peau sensible.<\/p>\n<h2>Un fond de teint CC compact bio multi-usages, qu&rsquo;est-ce que c&rsquo;est ?<\/h2>\n<p>Un fond de teint CC compact bio contenant de l&rsquo;acide hyaluronique est un produit multifonctionnel:<\/p>\n<ul>\n<li>Il a un effet correcteur de couleur, tout comme une cr\u00e8me CC.<\/li>\n<li>Le fond de teint CC compact bio aide \u00e0 estomper les rougeurs et les taches brunes et \u00e0 unifier le teint.<\/li>\n<li>Il a \u00e9galement un effet soignant et protecteur sur la peau.<\/li>\n<li>Le fond de teint CC de Lepo camoufle les imperfections et unifie le teint sans obstruer les pores.<\/li>\n<li>Le fond de teint CC compact naturel en poudre a une consistance l\u00e9g\u00e8re. Il ne donne donc pas l&rsquo;impression d&rsquo;\u00eatre lourd sur la peau.<\/li>\n<\/ul>\n<h3>Quels sont les bienfaits du fond de teint CC COMPACT bio et du correcteur?<\/h3>\n<p>Le fond de teint CC compact naturel et correcteur CC couvre les imperfections et se fond avec le teint de la peau. Le fond de teint compact cr\u00e9e ainsi une peau naturellement uniforme. Pour les peaux sensibles, nous recommandons d&rsquo;utiliser la <span style=\"color: #0000ff;\"><a style=\"color: #0000ff;\" href=\"https:\/\/www.biobey.be\/fr\/produit\/poudre-minerale-naturelle-spf-50-lepo-9\/\">poudre min\u00e9rale naturelle avec spf 50<\/a><\/span> pendant les mois d&rsquo;\u00e9t\u00e9.<\/p>\n<p>L&rsquo;acide hyaluronique hydrate la peau et aide \u00e0 estomper les lignes de s\u00e9cheresse. Le beurre de karit\u00e9 contenu dans le fond de teint naturel cr\u00e9e une couche protectrice sur la peau et la prot\u00e8ge contre la perte d&rsquo;humidit\u00e9.<\/p>\n<p>La vitamine E est un antioxydant qui aide \u00e0 pr\u00e9venir les rides pr\u00e9matur\u00e9es. La formule du fond de teint CC compact naturel renforce la barri\u00e8re cutan\u00e9e et prot\u00e8ge la peau des influences ext\u00e9rieures n\u00e9gatives.<\/p>\n<h3>Comment appliquer le fond de teint CC compact bio en poudre ?<\/h3>\n<p>Le fond de teint CC compact &amp; correcteur de Lepo comprend un applicateur \u00e9ponge et un miroir pratique.<br \/>\nUtilisez l&rsquo;applicateur \u00e9ponge fourni par Lepo ou un pinceau pour pr\u00e9lever le produit.<\/p>\n<p>Appliquez le fond de teint CC compact sur le visage en tapotant l\u00e9g\u00e8rement. Insistez sur les zones pr\u00e9sentant des imperfections et des rougeurs.<br \/>\nRefermez soigneusement le fond de teint CC compact apr\u00e8s utilisation pour \u00e9viter qu&rsquo;il ne se dess\u00e8che.<\/p>\n<p>Ingr\u00e9dients : Triglyc\u00e9ride caprylique\/caprique**, huile de graine de Ricinus communis, octyldod\u00e9canol, silice, Copernicia cerifera Cera\/Copernicia cerifera (Carnauba) Wax*, mica, amidon de Zea mays (Maize) Starch*, beurre de Butyrospermum parkii (Karit\u00e9),<\/p>\n<p>Candelilla Cera \/Euphorbia cerifera (Candelilla) Wax, Hydrogenated Vegetable Oil, Prunus armeniaca (Apricot Oil) Kernel Oil, Euterpe oleracea Fruit Oil*, Tocopherol (Vitamin E), Fragrance (Natural Aroma), Hyaluronic Acid, Helianthus annuus Seed Oil.<\/p>\n<p>*Ingr\u00e9dients issus de l&rsquo;agriculture biologique<br \/>\n**Ar\u00f4me naturel<br \/>\nNICKEL TEST\u00c9 &lt;0.0001%<\/p>\n<p>Le fond de teint CC compact bio en poudre est certifi\u00e9 Icea Organic et Vegan Ok. Il convient aux personnes ayant une peau sensible. Pour s&rsquo;assurer que ce fond de teint poudre naturel de Lepo est bien adapt\u00e9 \u00e0 votre type de peau, nous vous conseillons vivement de faire un test de r\u00e9action cutan\u00e9e avant la premi\u00e8re utilisation.<\/p>\n","protected":false},"excerpt":{"rendered":"<p>Le fond de teint CC compact bio en poudre offre des avantages multifonctionnels.<\/p>\n<ol>\n<li>Il couvre les imperfections, les rougeurs et les d\u00e9colorations irr\u00e9guli\u00e8res de la peau.<\/li>\n<li>Le correcteur de fond de teint CC compact unifie le teint.<\/li>\n<li>L&rsquo;acide hyaluronique, la vitamine E et le beurre de karit\u00e9 pr\u00e9sents dans la formulation de la poudre CC conditionnent et prot\u00e8gent la peau des influences ext\u00e9rieures n\u00e9gatives.<\/li>\n<li>La formule contient : Acide hyaluronique, huile d&rsquo;abricot, beurre de karit\u00e9 et vitamine E.<\/li>\n<\/ol>\n<p>Certifications : Icea Bio, Vegan Ok, Nickel Test\u00e9, Test\u00e9 dermatologiquement<br \/>\nContenu : 9g<br \/>\nConsistance : Fond de teint compact en poudre<br \/>\nTeint : Nude O3<br \/>\nAvec applicateur \u00e9ponge<\/p>\n","protected":false},"featured_media":766,"comment_status":"open","ping_status":"closed","template":"","meta":{"ocean_post_layout":"","ocean_both_sidebars_style":"","ocean_both_sidebars_content_width":0,"ocean_both_sidebars_sidebars_width":0,"ocean_sidebar":"","ocean_second_sidebar":"","ocean_disable_margins":"enable","ocean_add_body_class":"","ocean_shortcode_before_top_bar":"","ocean_shortcode_after_top_bar":"","ocean_shortcode_before_header":"","ocean_shortcode_after_header":"","ocean_has_shortcode":"","ocean_shortcode_after_title":"","ocean_shortcode_before_footer_widgets":"","ocean_shortcode_after_footer_widgets":"","ocean_shortcode_before_footer_bottom":"","ocean_shortcode_after_footer_bottom":"","ocean_display_top_bar":"default","ocean_display_header":"default","ocean_header_style":"","ocean_center_header_left_menu":"","ocean_custom_header_template":"","ocean_custom_logo":0,"ocean_custom_retina_logo":0,"ocean_custom_logo_max_width":0,"ocean_custom_logo_tablet_max_width":0,"ocean_custom_logo_mobile_max_width":0,"ocean_custom_logo_max_height":0,"ocean_custom_logo_tablet_max_height":0,"ocean_custom_logo_mobile_max_height":0,"ocean_header_custom_menu":"","ocean_menu_typo_font_family":"","ocean_menu_typo_font_subset":"","ocean_menu_typo_font_size":0,"ocean_menu_typo_font_size_tablet":0,"ocean_menu_typo_font_size_mobile":0,"ocean_menu_typo_font_size_unit":"px","ocean_menu_typo_font_weight":"","ocean_menu_typo_font_weight_tablet":"","ocean_menu_typo_font_weight_mobile":"","ocean_menu_typo_transform":"","ocean_menu_typo_transform_tablet":"","ocean_menu_typo_transform_mobile":"","ocean_menu_typo_line_height":0,"ocean_menu_typo_line_height_tablet":0,"ocean_menu_typo_line_height_mobile":0,"ocean_menu_typo_line_height_unit":"","ocean_menu_typo_spacing":0,"ocean_menu_typo_spacing_tablet":0,"ocean_menu_typo_spacing_mobile":0,"ocean_menu_typo_spacing_unit":"","ocean_menu_link_color":"","ocean_menu_link_color_hover":"","ocean_menu_link_color_active":"","ocean_menu_link_background":"","ocean_menu_link_hover_background":"","ocean_menu_link_active_background":"","ocean_menu_social_links_bg":"","ocean_menu_social_hover_links_bg":"","ocean_menu_social_links_color":"","ocean_menu_social_hover_links_color":"","ocean_disable_title":"default","ocean_disable_heading":"default","ocean_post_title":"","ocean_post_subheading":"","ocean_post_title_style":"","ocean_post_title_background_color":"","ocean_post_title_background":0,"ocean_post_title_bg_image_position":"","ocean_post_title_bg_image_attachment":"","ocean_post_title_bg_image_repeat":"","ocean_post_title_bg_image_size":"","ocean_post_title_height":0,"ocean_post_title_bg_overlay":0.5,"ocean_post_title_bg_overlay_color":"","ocean_disable_breadcrumbs":"default","ocean_breadcrumbs_color":"","ocean_breadcrumbs_separator_color":"","ocean_breadcrumbs_links_color":"","ocean_breadcrumbs_links_hover_color":"","ocean_display_footer_widgets":"default","ocean_display_footer_bottom":"default","ocean_custom_footer_template":""},"product_brand":[121],"product_cat":[47,55],"product_tag":[133,125],"class_list":{"0":"post-2600","1":"product","2":"type-product","3":"status-publish","4":"has-post-thumbnail","6":"product_brand-lepo-ecobio-cosmetica","7":"product_cat-offres-et-minis","8":"product_cat-maquillage","9":"product_tag-sansparfumsynthetique","10":"product_tag-vegan","12":"entry","13":"has-media","15":"first","16":"instock","17":"taxable","18":"shipping-taxable","19":"purchasable","20":"product-type-simple","21":"has-rating","22":"col","23":"span_1_of_3","24":"owp-content-center","25":"owp-thumbs-layout-horizontal","26":"owp-btn-normal","27":"owp-tabs-layout-section","28":"has-no-thumbnails","29":"circle-sale"},"_links":{"self":[{"href":"https:\/\/www.biobey.be\/fr\/wp-json\/wp\/v2\/product\/2600","targetHints":{"allow":["GET"]}}],"collection":[{"href":"https:\/\/www.biobey.be\/fr\/wp-json\/wp\/v2\/product"}],"about":[{"href":"https:\/\/www.biobey.be\/fr\/wp-json\/wp\/v2\/types\/product"}],"replies":[{"embeddable":true,"href":"https:\/\/www.biobey.be\/fr\/wp-json\/wp\/v2\/comments?post=2600"}],"wp:featuredmedia":[{"embeddable":true,"href":"https:\/\/www.biobey.be\/fr\/wp-json\/wp\/v2\/media\/766"}],"wp:attachment":[{"href":"https:\/\/www.biobey.be\/fr\/wp-json\/wp\/v2\/media?parent=2600"}],"wp:term":[{"taxonomy":"product_brand","embeddable":true,"href":"https:\/\/www.biobey.be\/fr\/wp-json\/wp\/v2\/product_brand?post=2600"},{"taxonomy":"product_cat","embeddable":true,"href":"https:\/\/www.biobey.be\/fr\/wp-json\/wp\/v2\/product_cat?post=2600"},{"taxonomy":"product_tag","embeddable":true,"href":"https:\/\/www.biobey.be\/fr\/wp-json\/wp\/v2\/product_tag?post=2600"}],"curies":[{"name":"wp","href":"https:\/\/api.w.org\/{rel}","templated":true}]}}