{"id":2602,"date":"2025-05-29T01:47:31","date_gmt":"2025-05-28T23:47:31","guid":{"rendered":"https:\/\/www.biobey.be\/fr-temp\/produit\/gel-hydratant-pga-et-acide-hyaluronique\/"},"modified":"2025-07-11T11:13:45","modified_gmt":"2025-07-11T09:13:45","slug":"gel-hydratant-pga-et-acide-hyaluronique","status":"publish","type":"product","link":"https:\/\/www.biobey.be\/fr\/produit\/gel-hydratant-pga-et-acide-hyaluronique\/","title":{"rendered":"Gel hydratant PGA et acide hyaluronique 30 ml"},"content":{"rendered":"<p>Un hydratant naturel pour restaurer et hydrater la peau d\u00e9shydrat\u00e9e ? Le concentr\u00e9 d&rsquo;acide hyaluronique + PGA de Nature up assure une hydratation puissante de la peau en attirant et en retenant l&rsquo;humidit\u00e9 dans la peau.<\/p>\n<p><strong>Principales propri\u00e9t\u00e9s et ingr\u00e9dients du concentr\u00e9 d&rsquo;acide hyaluronique + PGA<\/strong><\/p>\n<ol>\n<li>restaure les peaux s\u00e8ches et d\u00e9shydrat\u00e9es dont la barri\u00e8re cutan\u00e9e est endommag\u00e9e<\/li>\n<li>puissant hydratant pour la peau<\/li>\n<li>\u00e0 base d&rsquo;acide hyaluronique + acide polyglutamique + vitamine C<\/li>\n<\/ol>\n<p>Le gel hydratant PGA et acide hyaluronique de Nature Up est riche en vitamine C, en acide polyglutamique et en acide hyaluronique. Gr\u00e2ce \u00e0 sa consistance l\u00e9g\u00e8re et \u00e0 son faible poids mol\u00e9culaire, le gel est rapidement absorb\u00e9 par la peau. La combinaison de l&rsquo;acide hyaluronique et de l&rsquo;acide polyglutamique stimule l&rsquo;hydratation des couches profondes de la peau.<\/p>\n<p>La peau s\u00e8che est souvent le r\u00e9sultat d&rsquo;une perte d&rsquo;hydratation due \u00e0 une barri\u00e8re cutan\u00e9e compromise. Le gel hydratant PGA et acide hyaluronique concentr\u00e9 forme une fine couche sur la peau qui emp\u00eache la perte d&rsquo;humidit\u00e9. Combine <span style=\"color: #0000ff;\"><a style=\"color: #0000ff;\" href=\"https:\/\/www.biobey.be\/fr\/produit\/acide-hyaluronique-bio-stimulant-vit-c\/\">des ampoules d&rsquo;acide hyaluronique naturel et de vitamine C<\/a><\/span> pour une forte hydratation et un apport de vitamines \u00e0 la peau.<\/p>\n<p>En outre, l&rsquo;hydra booster naturel de Nature Up contient des antioxydants. Ceux-ci aident \u00e0 prot\u00e9ger la peau des radicaux libres. La vitamine C aide \u00e0 unifier le teint de la peau et ralentit la d\u00e9gradation du collag\u00e8ne.<\/p>\n<h2>Qu&rsquo;est-ce que l&rsquo;acide polyglutamique dans le gel hydratant PGA et acide hyaluronique?<\/h2>\n<p>L&rsquo;acide polyglutamique est extrait de la fermentation du soja. Il s&rsquo;agit d&rsquo;une mol\u00e9cule \u00e0 forte capacit\u00e9 de fixation de l&rsquo;eau. Il poss\u00e8de de fortes propri\u00e9t\u00e9s hydratantes et peut \u00eatre compar\u00e9 \u00e0 l&rsquo;acide hyaluronique.<\/p>\n<p>Le PGA forme une couche protectrice sur la peau et retient l&rsquo;humidit\u00e9. L&rsquo;acide polyglutamique peut retenir plus d&rsquo;humidit\u00e9 que l&rsquo;acide hyaluronique. L&rsquo;acide hyaluronique, quant \u00e0 lui, peut p\u00e9n\u00e9trer plus profond\u00e9ment dans la peau.<\/p>\n<p>La combinaison acide hyaluronique et acide polyglutamique procure une hydratation intense et durable \u00e0 la peau s\u00e8che.Une fois par semaine, appliquer le <span style=\"color: #0000ff;\"><a style=\"color: #0000ff;\" href=\"https:\/\/www.biobey.be\/fr\/produit\/masque-visage-a-lhibiscus-et-a-la-rose\/\">masque nourrissant \u00e0 l&rsquo;hibiscus bio<\/a><\/span> pour r\u00e9g\u00e9n\u00e9rer la peau s\u00e8che et rel\u00e2ch\u00e9e.<\/p>\n<h3>Qu&rsquo;est-ce que le gel hydratant \u00e0 base d&rsquo;acide polyglutamique et d&rsquo;acide hyaluronique ?<\/h3>\n<p>Le gel hydratant PGA et acide hyaluronique Nature Up apporte \u00e0 la peau une hydratation profonde gr\u00e2ce \u00e0 l&rsquo;acide hyaluronique et \u00e0 PGA. L&rsquo;acide polyglutamique pr\u00e9sent dans la formule forme une fine couche sur la peau qui attire et retient les mol\u00e9cules d&rsquo;eau. Cela garantit une peau douce et hydrat\u00e9e.<\/p>\n<p>La formule riche en antioxydants et en vitamine C prot\u00e8ge la peau des influences ext\u00e9rieures n\u00e9gatives. Cette cr\u00e8me hydratante \u00e0 base d&rsquo;eau aide \u00e0 pr\u00e9venir les rides pr\u00e9matur\u00e9es et agit contre le stress oxydatif.<\/p>\n<p>Sa texture a\u00e9rienne p\u00e9n\u00e8tre rapidement dans la peau et ne laisse pas de film gras.<\/p>\n<h3>Comment utiliser le gel hydratant PGA et acide hyaluronique Nature Up ?<\/h3>\n<p>Appliquez une petite quantit\u00e9 de gel hydratant sur la peau nettoy\u00e9e de votre visage. Massez doucement en effectuant des mouvements ascendants jusqu&rsquo;\u00e0 absorption compl\u00e8te.<br \/>\nUtilisez-le quotidiennement dans le cadre de votre routine de soins matin et soir.<\/p>\n<p>Inci : Aqua Water, Centaurea cyanus flower water*, Citrus aurantium dulcis (Orange) flower*, Sodium hyaluronate, Sodium ascorbyl phosphate, Polyglutamic acid, Potassium sorbate, Dehydroacetic acid, Sodium benzoate, Benzyl alcohol<\/p>\n","protected":false},"excerpt":{"rendered":"<p>Le gel hydratant PGA et acide hyaluronique procure \u00e0 la peau une hydratation profonde et durable. L&rsquo;acide polyglutamique pr\u00e9sent dans la formule forme une fine couche sur la peau qui attire et retient les mol\u00e9cules d&rsquo;eau.<\/p>\n<p>La cr\u00e8me hydratante Nature Up rend ainsi la peau instantan\u00e9ment douce et hydrat\u00e9e.<\/p>\n","protected":false},"featured_media":767,"comment_status":"open","ping_status":"closed","template":"","meta":{"ocean_post_layout":"","ocean_both_sidebars_style":"","ocean_both_sidebars_content_width":0,"ocean_both_sidebars_sidebars_width":0,"ocean_sidebar":"","ocean_second_sidebar":"","ocean_disable_margins":"enable","ocean_add_body_class":"","ocean_shortcode_before_top_bar":"","ocean_shortcode_after_top_bar":"","ocean_shortcode_before_header":"","ocean_shortcode_after_header":"","ocean_has_shortcode":"","ocean_shortcode_after_title":"","ocean_shortcode_before_footer_widgets":"","ocean_shortcode_after_footer_widgets":"","ocean_shortcode_before_footer_bottom":"","ocean_shortcode_after_footer_bottom":"","ocean_display_top_bar":"default","ocean_display_header":"default","ocean_header_style":"","ocean_center_header_left_menu":"","ocean_custom_header_template":"","ocean_custom_logo":0,"ocean_custom_retina_logo":0,"ocean_custom_logo_max_width":0,"ocean_custom_logo_tablet_max_width":0,"ocean_custom_logo_mobile_max_width":0,"ocean_custom_logo_max_height":0,"ocean_custom_logo_tablet_max_height":0,"ocean_custom_logo_mobile_max_height":0,"ocean_header_custom_menu":"","ocean_menu_typo_font_family":"","ocean_menu_typo_font_subset":"","ocean_menu_typo_font_size":0,"ocean_menu_typo_font_size_tablet":0,"ocean_menu_typo_font_size_mobile":0,"ocean_menu_typo_font_size_unit":"px","ocean_menu_typo_font_weight":"","ocean_menu_typo_font_weight_tablet":"","ocean_menu_typo_font_weight_mobile":"","ocean_menu_typo_transform":"","ocean_menu_typo_transform_tablet":"","ocean_menu_typo_transform_mobile":"","ocean_menu_typo_line_height":0,"ocean_menu_typo_line_height_tablet":0,"ocean_menu_typo_line_height_mobile":0,"ocean_menu_typo_line_height_unit":"","ocean_menu_typo_spacing":0,"ocean_menu_typo_spacing_tablet":0,"ocean_menu_typo_spacing_mobile":0,"ocean_menu_typo_spacing_unit":"","ocean_menu_link_color":"","ocean_menu_link_color_hover":"","ocean_menu_link_color_active":"","ocean_menu_link_background":"","ocean_menu_link_hover_background":"","ocean_menu_link_active_background":"","ocean_menu_social_links_bg":"","ocean_menu_social_hover_links_bg":"","ocean_menu_social_links_color":"","ocean_menu_social_hover_links_color":"","ocean_disable_title":"default","ocean_disable_heading":"default","ocean_post_title":"","ocean_post_subheading":"","ocean_post_title_style":"","ocean_post_title_background_color":"","ocean_post_title_background":0,"ocean_post_title_bg_image_position":"","ocean_post_title_bg_image_attachment":"","ocean_post_title_bg_image_repeat":"","ocean_post_title_bg_image_size":"","ocean_post_title_height":0,"ocean_post_title_bg_overlay":0.5,"ocean_post_title_bg_overlay_color":"","ocean_disable_breadcrumbs":"default","ocean_breadcrumbs_color":"","ocean_breadcrumbs_separator_color":"","ocean_breadcrumbs_links_color":"","ocean_breadcrumbs_links_hover_color":"","ocean_display_footer_widgets":"default","ocean_display_footer_bottom":"default","ocean_custom_footer_template":""},"product_brand":[107],"product_cat":[19,49,17,16,20],"product_tag":[],"class_list":{"0":"post-2602","1":"product","2":"type-product","3":"status-publish","4":"has-post-thumbnail","6":"product_brand-nature-up","7":"product_cat-cremes-naturelles-de-jour-et-de-nuit","8":"product_cat-peau-seche","9":"product_cat-soins-du-visage","10":"product_cat-soins","11":"product_cat-anti-age","13":"entry","14":"has-media","16":"first","17":"instock","18":"taxable","19":"shipping-taxable","20":"purchasable","21":"product-type-simple","22":"has-rating","23":"col","24":"span_1_of_3","25":"owp-content-center","26":"owp-thumbs-layout-horizontal","27":"owp-btn-normal","28":"owp-tabs-layout-section","29":"has-no-thumbnails","30":"circle-sale"},"_links":{"self":[{"href":"https:\/\/www.biobey.be\/fr\/wp-json\/wp\/v2\/product\/2602","targetHints":{"allow":["GET"]}}],"collection":[{"href":"https:\/\/www.biobey.be\/fr\/wp-json\/wp\/v2\/product"}],"about":[{"href":"https:\/\/www.biobey.be\/fr\/wp-json\/wp\/v2\/types\/product"}],"replies":[{"embeddable":true,"href":"https:\/\/www.biobey.be\/fr\/wp-json\/wp\/v2\/comments?post=2602"}],"wp:featuredmedia":[{"embeddable":true,"href":"https:\/\/www.biobey.be\/fr\/wp-json\/wp\/v2\/media\/767"}],"wp:attachment":[{"href":"https:\/\/www.biobey.be\/fr\/wp-json\/wp\/v2\/media?parent=2602"}],"wp:term":[{"taxonomy":"product_brand","embeddable":true,"href":"https:\/\/www.biobey.be\/fr\/wp-json\/wp\/v2\/product_brand?post=2602"},{"taxonomy":"product_cat","embeddable":true,"href":"https:\/\/www.biobey.be\/fr\/wp-json\/wp\/v2\/product_cat?post=2602"},{"taxonomy":"product_tag","embeddable":true,"href":"https:\/\/www.biobey.be\/fr\/wp-json\/wp\/v2\/product_tag?post=2602"}],"curies":[{"name":"wp","href":"https:\/\/api.w.org\/{rel}","templated":true}]}}