{"id":2604,"date":"2025-04-24T14:35:12","date_gmt":"2025-04-24T12:35:12","guid":{"rendered":"https:\/\/www.biobey.be\/fr-temp\/produit\/crayon-a-levres-bio-mauve-fonce-mat-lepo-nr-59\/"},"modified":"2025-07-31T13:07:20","modified_gmt":"2025-07-31T11:07:20","slug":"crayon-a-levres-bio-mauve-fonce-mat-lepo-nr-59","status":"publish","type":"product","link":"https:\/\/www.biobey.be\/fr\/produit\/crayon-a-levres-bio-mauve-fonce-mat-lepo-nr-59\/","title":{"rendered":"Crayon \u00e0 l\u00e8vres bio mauve fonc\u00e9 mat Lepo nr 59"},"content":{"rendered":"<p>Le crayon \u00e0 l\u00e8vres bio mauve fonc\u00e9 Biosense a un teint nude fonc\u00e9. Sa texture velout\u00e9e et sa finition mate sont id\u00e9ales pour d\u00e9finir le contour des l\u00e8vres. Le crayon \u00e0 l\u00e8vres cr\u00e9e des l\u00e8vres plus pulpeuses sans dess\u00e9cher la peau. La formule 100% naturelle \u00e0 base d&rsquo;huile de noix de coco biologique, de vitamine E et de pigments min\u00e9raux soigne les l\u00e8vres et le contour des l\u00e8vres.<\/p>\n<p>Les stylos et crayons \u00e0 l\u00e8vres conventionnels peuvent dess\u00e9cher les l\u00e8vres et la peau autour des l\u00e8vres. Le crayon \u00e0 l\u00e8vres bio mauve fonc\u00e9 de Biosense a <strong>un effet hydratant et protecteur<\/strong>. La vitamine E <strong>aide \u00e0 pr\u00e9venir les rides pr\u00e9matur\u00e9es<\/strong> tandis que la cire v\u00e9g\u00e9tale prot\u00e8ge la peau de la d\u00e9shydratation.<\/p>\n<h2>Crayon \u00e0 l\u00e8vres bio pour l\u00e8vres sensibles<\/h2>\n<p>Le crayon contour des l\u00e8vres naturel Biosense de Lepo est <strong>exempt de talc, de parfum et de colorants synth\u00e9tiques<\/strong>. La formule \u00e0 base d&rsquo;huiles biologiques et de cire v\u00e9g\u00e9tale est douce pour la peau. Les pigments min\u00e9raux tiennent longtemps sans dess\u00e9cher les l\u00e8vres. L&rsquo;huile de noix de coco biologique hydrate les peaux s\u00e8ches et poss\u00e8de des propri\u00e9t\u00e9s anti-\u00e2ge.<\/p>\n<p>Le crayon \u00e0 l\u00e8vres bio Lepo glisse facilement sur le contour des l\u00e8vres et est agr\u00e9ablement doux au toucher. Il est ainsi tr\u00e8s facile de souligner joliment le contour des l\u00e8vres. De plus, le crayon \u00e0 l\u00e8vres bio peut \u00e9galement \u00eatre utilis\u00e9 \u00e0 la place d&rsquo;un rouge \u00e0 l\u00e8vres car <strong>le pigment dure et ne coule pas<\/strong>.<\/p>\n<h2>Effets b\u00e9n\u00e9fiques du crayon \u00e0 l\u00e8vres bio de Lepo<\/h2>\n<ul>\n<li>Le crayon \u00e0 l\u00e8vres bio Biosense<strong> hydrate et soigne les l\u00e8vres<\/strong> et la peau du contour des l\u00e8vres.<\/li>\n<li>Contenant de l&rsquo;huile de noix de coco biologique et de la vitamine E, le crayon \u00e0 l\u00e8vres a des propri\u00e9t\u00e9s hydratantes et aide \u00e0 pr\u00e9venir les rides pr\u00e9matur\u00e9es au-dessus de la ligne des l\u00e8vres.<\/li>\n<li>Les pigments min\u00e9raux et les cires v\u00e9g\u00e9tales contenus dans le crayon \u00e0 l\u00e8vres font durer le teint plus longtemps. Par cons\u00e9quent, le rouge \u00e0 l\u00e8vres durera \u00e9galement plus longtemps et saignera moins.<\/li>\n<li>Le teint nude fonc\u00e9 du crayon \u00e0 l\u00e8vres donne l&rsquo;impression que <strong>les l\u00e8vres sont plus pulpeuses<\/strong> et <strong>souligne le contour des l\u00e8vres.<\/strong><\/li>\n<\/ul>\n<h3>Comment appliquer le crayon \u00e0 l\u00e8vres bio ?<\/h3>\n<p>Utilisez le crayon sur des l\u00e8vres propres et hydrat\u00e9es. Commencez au centre de la l\u00e8vre sup\u00e9rieure et tracez une ligne vers les coins de la bouche en suivant la forme naturelle de vos l\u00e8vres. Tracez le contour de la l\u00e8vre inf\u00e9rieure en partant du centre et en allant vers l&rsquo;ext\u00e9rieur. Remplissez ensuite le reste des l\u00e8vres avec le crayon ou un rouge \u00e0 l\u00e8vres.<\/p>\n<p>INCI : Octyldodecyl Stearoyl Stearate, Cocos nucifera (Coconut Oil) Oil*, C10-18 Triglycerides, Mica, Copernicia cerifera (Carnauba) Wax*, Tribehenin, Silica, Polyglyceryl-3 Diisostearate, Oryzanol, Tocopherol (Vitamine E), Glyceryl Caprylate, Kaolin (Argile blanche), CI 77742\/Manganese Violet, CI 7789, CI 77491, CI 77499\/Iron Oxides<\/p>\n<p>*Issu de l&rsquo;agriculture biologique<br \/>\n**Test\u00e9 au nickel et test\u00e9 sous contr\u00f4le dermatologique<br \/>\nLe crayon contour des l\u00e8vres Biosense est v\u00e9g\u00e9talien, 100% naturel, sans talc, sans parfum synth\u00e9tique et sans colorant.<\/p>\n","protected":false},"excerpt":{"rendered":"<p>Crayon crayon \u00e0 l\u00e8vres bio mauve fonc\u00e9 Biosense a une consistance velout\u00e9e et un fini mat. La formule 100% naturelle sans talc, colorants et parfums synth\u00e9tiques hydrate et prot\u00e8ge les l\u00e8vres et la peau autour des l\u00e8vres. Le crayon \u00e0 l\u00e8vres cr\u00e9e des l\u00e8vres plus pulpeuses et dure longtemps.<\/p>\n<p>Couleur : mauve fonc\u00e9 &#8211; teint rose fonc\u00e9 (Dark Nude) No 58<br \/>\nSignes distinctifs : Icea Bio, Vegan, Eco Control,<\/p>\n<p>Composition : huile de coco biologique, vitamine E, cires v\u00e9g\u00e9tales et pigments min\u00e9raux.<\/p>\n<p>Produit : crayon \u00e0 l\u00e8vres<\/p>\n","protected":false},"featured_media":770,"comment_status":"open","ping_status":"closed","template":"","meta":{"ocean_post_layout":"","ocean_both_sidebars_style":"","ocean_both_sidebars_content_width":0,"ocean_both_sidebars_sidebars_width":0,"ocean_sidebar":"","ocean_second_sidebar":"","ocean_disable_margins":"enable","ocean_add_body_class":"","ocean_shortcode_before_top_bar":"","ocean_shortcode_after_top_bar":"","ocean_shortcode_before_header":"","ocean_shortcode_after_header":"","ocean_has_shortcode":"","ocean_shortcode_after_title":"","ocean_shortcode_before_footer_widgets":"","ocean_shortcode_after_footer_widgets":"","ocean_shortcode_before_footer_bottom":"","ocean_shortcode_after_footer_bottom":"","ocean_display_top_bar":"default","ocean_display_header":"default","ocean_header_style":"","ocean_center_header_left_menu":"","ocean_custom_header_template":"","ocean_custom_logo":0,"ocean_custom_retina_logo":0,"ocean_custom_logo_max_width":0,"ocean_custom_logo_tablet_max_width":0,"ocean_custom_logo_mobile_max_width":0,"ocean_custom_logo_max_height":0,"ocean_custom_logo_tablet_max_height":0,"ocean_custom_logo_mobile_max_height":0,"ocean_header_custom_menu":"","ocean_menu_typo_font_family":"","ocean_menu_typo_font_subset":"","ocean_menu_typo_font_size":0,"ocean_menu_typo_font_size_tablet":0,"ocean_menu_typo_font_size_mobile":0,"ocean_menu_typo_font_size_unit":"px","ocean_menu_typo_font_weight":"","ocean_menu_typo_font_weight_tablet":"","ocean_menu_typo_font_weight_mobile":"","ocean_menu_typo_transform":"","ocean_menu_typo_transform_tablet":"","ocean_menu_typo_transform_mobile":"","ocean_menu_typo_line_height":0,"ocean_menu_typo_line_height_tablet":0,"ocean_menu_typo_line_height_mobile":0,"ocean_menu_typo_line_height_unit":"","ocean_menu_typo_spacing":0,"ocean_menu_typo_spacing_tablet":0,"ocean_menu_typo_spacing_mobile":0,"ocean_menu_typo_spacing_unit":"","ocean_menu_link_color":"","ocean_menu_link_color_hover":"","ocean_menu_link_color_active":"","ocean_menu_link_background":"","ocean_menu_link_hover_background":"","ocean_menu_link_active_background":"","ocean_menu_social_links_bg":"","ocean_menu_social_hover_links_bg":"","ocean_menu_social_links_color":"","ocean_menu_social_hover_links_color":"","ocean_disable_title":"default","ocean_disable_heading":"default","ocean_post_title":"","ocean_post_subheading":"","ocean_post_title_style":"","ocean_post_title_background_color":"","ocean_post_title_background":0,"ocean_post_title_bg_image_position":"","ocean_post_title_bg_image_attachment":"","ocean_post_title_bg_image_repeat":"","ocean_post_title_bg_image_size":"","ocean_post_title_height":0,"ocean_post_title_bg_overlay":0.5,"ocean_post_title_bg_overlay_color":"","ocean_disable_breadcrumbs":"default","ocean_breadcrumbs_color":"","ocean_breadcrumbs_separator_color":"","ocean_breadcrumbs_links_color":"","ocean_breadcrumbs_links_hover_color":"","ocean_display_footer_widgets":"default","ocean_display_footer_bottom":"default","ocean_custom_footer_template":""},"product_brand":[121],"product_cat":[47,55],"product_tag":[125,143],"class_list":{"0":"post-2604","1":"product","2":"type-product","3":"status-publish","4":"has-post-thumbnail","6":"product_brand-lepo-ecobio-cosmetica","7":"product_cat-offres-et-minis","8":"product_cat-maquillage","9":"product_tag-vegan","10":"product_tag-zonder-synthetisch-parfum","12":"entry","13":"has-media","15":"first","16":"instock","17":"taxable","18":"shipping-taxable","19":"purchasable","20":"product-type-simple","21":"has-rating","22":"col","23":"span_1_of_3","24":"owp-content-center","25":"owp-thumbs-layout-horizontal","26":"owp-btn-normal","27":"owp-tabs-layout-section","28":"has-no-thumbnails","29":"circle-sale"},"_links":{"self":[{"href":"https:\/\/www.biobey.be\/fr\/wp-json\/wp\/v2\/product\/2604","targetHints":{"allow":["GET"]}}],"collection":[{"href":"https:\/\/www.biobey.be\/fr\/wp-json\/wp\/v2\/product"}],"about":[{"href":"https:\/\/www.biobey.be\/fr\/wp-json\/wp\/v2\/types\/product"}],"replies":[{"embeddable":true,"href":"https:\/\/www.biobey.be\/fr\/wp-json\/wp\/v2\/comments?post=2604"}],"wp:featuredmedia":[{"embeddable":true,"href":"https:\/\/www.biobey.be\/fr\/wp-json\/wp\/v2\/media\/770"}],"wp:attachment":[{"href":"https:\/\/www.biobey.be\/fr\/wp-json\/wp\/v2\/media?parent=2604"}],"wp:term":[{"taxonomy":"product_brand","embeddable":true,"href":"https:\/\/www.biobey.be\/fr\/wp-json\/wp\/v2\/product_brand?post=2604"},{"taxonomy":"product_cat","embeddable":true,"href":"https:\/\/www.biobey.be\/fr\/wp-json\/wp\/v2\/product_cat?post=2604"},{"taxonomy":"product_tag","embeddable":true,"href":"https:\/\/www.biobey.be\/fr\/wp-json\/wp\/v2\/product_tag?post=2604"}],"curies":[{"name":"wp","href":"https:\/\/api.w.org\/{rel}","templated":true}]}}