{"id":2607,"date":"2024-02-08T02:32:29","date_gmt":"2024-02-08T01:32:29","guid":{"rendered":"https:\/\/www.biobey.be\/fr-temp\/produit\/creme-de-jour-a-lhuile-de-rose-bio-50\/"},"modified":"2025-07-11T13:28:22","modified_gmt":"2025-07-11T11:28:22","slug":"creme-de-jour-a-lhuile-de-rose-bio-50","status":"publish","type":"product","link":"https:\/\/www.biobey.be\/fr\/produit\/creme-de-jour-a-lhuile-de-rose-bio-50\/","title":{"rendered":"Cr\u00e8me de jour \u00e0 l&rsquo;huile de rose bio 50+ Argital 50ml"},"content":{"rendered":"<p>La cr\u00e8me de jour \u00e0 l&rsquo;huile de rose bio 50+ d&rsquo;Argital convient parfaitement aux peaux s\u00e8ches et sensibles pr\u00e9sentant une perte d&rsquo;\u00e9lasticit\u00e9. Les extraits de rose bio, la violette tricolore et les huiles v\u00e9g\u00e9tales restaurent et hydratent les peaux stress\u00e9es et s\u00e8ches. La cr\u00e8me de jour \u00e0 l&rsquo;huile de rose bio 50+ aide \u00e0 r\u00e9tablir l&rsquo;\u00e9quilibre perturb\u00e9 de la barri\u00e8re cutan\u00e9e et <strong>stimule la production de nouvelles cellules cutan\u00e9es. <\/strong><\/p>\n<p>Les extraits biologiques de rosa centifolia et de viola tricolor ont des propri\u00e9t\u00e9s anti-\u00e2ge scientifiquement prouv\u00e9es. La formule de la cr\u00e8me pour le visage aide \u00e0 traiter les rides et le vieillissement pr\u00e9matur\u00e9 de la peau.<\/p>\n<h2>Quelle est la meilleure cr\u00e8me de jour 50+ d&rsquo;Argital ?<\/h2>\n<p>La cr\u00e8me de jour \u00e0 l&rsquo;huile de rose 50+ est la meilleure cr\u00e8me de jour d&rsquo;Argital pour prendre soin des peaux fatigu\u00e9es et en perte d&rsquo;\u00e9lasticit\u00e9.Apr\u00e8s 50 ans, il est important de maintenir la peau bien hydrat\u00e9e et de renforcer la barri\u00e8re cutan\u00e9e. La Cr\u00e8me de Jour \u00e0 l&rsquo;Huile de Rose 50+ apporte \u00e0 la peau<strong> un booster d&rsquo;hydratation en profondeur<\/strong> gr\u00e2ce aux huiles et extraits biologiques de rose, de jojoba, d&rsquo;herbe \u00e0 m\u00e2cher et de violette tricolore.<\/p>\n<p>En nourrissant la peau, la barri\u00e8re cutan\u00e9e est renforc\u00e9e. De plus, les antioxydants de la cr\u00e8me \u00e0 la rose prot\u00e8gent contre le stress oxydatif et les rides. La cr\u00e8me \u00e0 la vitamine E contre les rides d&rsquo;Argital convient \u00e9galement pour soigner et r\u00e9g\u00e9n\u00e9rer les peaux d\u00e9shydrat\u00e9es pr\u00e9sentant des rides.<\/p>\n<h2>Quel est l&rsquo;effet de la cr\u00e8me de jour bio 50+ sur la peau ?<\/h2>\n<p>La cr\u00e8me de jour \u00e0 l&rsquo;huile de rose bio 50+ <strong>convient \u00e0 tous les \u00e2ges et aux peaux s\u00e8ches et sensibles.<\/strong> La cr\u00e8me anti-rides pour le visage a \u00e9t\u00e9 d\u00e9velopp\u00e9e pour r\u00e9pondre aux besoins des \u00ab\u00a0peaux matures\u00a0\u00bb. La diminution de la production de collag\u00e8ne peut acc\u00e9l\u00e9rer le dess\u00e8chement de la peau. L&rsquo;amincissement de la barri\u00e8re cutan\u00e9e rend la peau plus sensible aux radicaux libres.<\/p>\n<p>La cr\u00e8me de jour \u00e0 l&rsquo;huile de rose bio a un effet \u00e9quilibrant. Elle aide \u00e0 renforcer la barri\u00e8re cutan\u00e9e. La formule riche en antioxydants <strong>prot\u00e8ge contre la formation de rides pr\u00e9matur\u00e9es et le stress oxydatif<\/strong>. L&rsquo;extrait de violette tricolore combin\u00e9 \u00e0 l&rsquo;herbe \u00e0 m\u00e2cher et \u00e0 l&rsquo;extrait de rose raffermit la peau en am\u00e9liorant son \u00e9lasticit\u00e9. L&rsquo;utilisation r\u00e9guli\u00e8re de la cr\u00e8me de jour \u00e0 l&rsquo;huile de rose bio pour 50+ rend la peau plus douce et plus lisse.<\/p>\n<h2>Comment utiliser la cr\u00e8me de jour \u00e0 l&rsquo;huile de rose bio pour les personnes de 50 ans et plus ?<\/h2>\n<p>Nettoyez la peau avec un gel nettoyant doux ou une cr\u00e8me nettoyante. Appliquez ensuite la cr\u00e8me \u00e0 la rose sur une peau nettoy\u00e9e et s\u00e8che. Massez d\u00e9licatement la cr\u00e8me de jour sur la surface de la peau en effectuant des mouvements circulaires jusqu&rsquo;\u00e0 ce qu&rsquo;elle soit bien absorb\u00e9e par la peau. La cr\u00e8me de jour Argital a une consistance douce qui est rapidement absorb\u00e9e par la peau.<\/p>\n<p>Elle peut \u00eatre utilis\u00e9e sous le maquillage. Gr\u00e2ce \u00e0 son effet nourrissant, la cr\u00e8me de jour convient comme cr\u00e8me de jour et de nuit.<\/p>\n<p>Aqua, Prunus Amygdalus Dulcis Oil (Sweet Almond Oil)*, Glycerin, Potassium Palmitoyl\/ Hydrolized Wheat Protein \/ Glyceryl Stearate\/Cetearyl, Alcohol* Bio, Cetyl Alcohol, Borago Officinalis Seed Oil (Borage oil), Simmondsia Chinensis Oil*, Rosa Centifolia Oil (Rose Oil)*, Rosa Damascena Flower Extract*, Malva Sylvestris Leaf Extract*, Viola Tricolor Extract (Three-coloured Violets)*, Melissa Officinalis Extract*, Solum Fullonum (Green Clay Gel), Styrax Benzoin Resin Extract, Berberis Vulgaris Bark Extract, Xanthan Gum, Lactic Acid<\/p>\n<p>*Les ingr\u00e9dients issus de l&rsquo;agriculture biologique sont certifi\u00e9s Demeter.<br \/>\n**Composants des huiles essentielles biologiques : Cynnamil Alcohol, Citronellol, Geraniol, Isoeugenol, Linalool.<\/p>\n","protected":false},"excerpt":{"rendered":"<p>La cr\u00e8me de jour \u00e0 l&rsquo;huile de rose bio 50+ d&rsquo;Argital restaure, hydrate et soigne les peaux s\u00e8ches et sensibles pr\u00e9sentant une perte d&rsquo;\u00e9lasticit\u00e9. Elle est sp\u00e9cialement con\u00e7ue pour le soin optimal des peaux de plus de 50 ans.<\/p>\n<p><strong>Caract\u00e9ristiques<\/strong> : Action anti-rides, hydrate, nourrit et r\u00e9g\u00e9n\u00e8re la peau.<br \/>\n<strong>Type de peau<\/strong> : Sensible, s\u00e8che, en perte d&rsquo;\u00e9lasticit\u00e9<br \/>\nSignes distinctifs : Bdih, Icea Bio, Vegan Ok, Demeter, Eco Control emballage aluminium<br \/>\n<strong>Principes actifs<\/strong> : Extraits organiques de Rosa Damascena, Rosa Centifolia, huile de bourrache, vitamine E, violettes tricolores, vitamine E, huile de jojoba.<\/p>\n","protected":false},"featured_media":772,"comment_status":"open","ping_status":"closed","template":"","meta":{"ocean_post_layout":"","ocean_both_sidebars_style":"","ocean_both_sidebars_content_width":0,"ocean_both_sidebars_sidebars_width":0,"ocean_sidebar":"","ocean_second_sidebar":"","ocean_disable_margins":"enable","ocean_add_body_class":"","ocean_shortcode_before_top_bar":"","ocean_shortcode_after_top_bar":"","ocean_shortcode_before_header":"","ocean_shortcode_after_header":"","ocean_has_shortcode":"","ocean_shortcode_after_title":"","ocean_shortcode_before_footer_widgets":"","ocean_shortcode_after_footer_widgets":"","ocean_shortcode_before_footer_bottom":"","ocean_shortcode_after_footer_bottom":"","ocean_display_top_bar":"default","ocean_display_header":"default","ocean_header_style":"","ocean_center_header_left_menu":"","ocean_custom_header_template":"","ocean_custom_logo":0,"ocean_custom_retina_logo":0,"ocean_custom_logo_max_width":0,"ocean_custom_logo_tablet_max_width":0,"ocean_custom_logo_mobile_max_width":0,"ocean_custom_logo_max_height":0,"ocean_custom_logo_tablet_max_height":0,"ocean_custom_logo_mobile_max_height":0,"ocean_header_custom_menu":"","ocean_menu_typo_font_family":"","ocean_menu_typo_font_subset":"","ocean_menu_typo_font_size":0,"ocean_menu_typo_font_size_tablet":0,"ocean_menu_typo_font_size_mobile":0,"ocean_menu_typo_font_size_unit":"px","ocean_menu_typo_font_weight":"","ocean_menu_typo_font_weight_tablet":"","ocean_menu_typo_font_weight_mobile":"","ocean_menu_typo_transform":"","ocean_menu_typo_transform_tablet":"","ocean_menu_typo_transform_mobile":"","ocean_menu_typo_line_height":0,"ocean_menu_typo_line_height_tablet":0,"ocean_menu_typo_line_height_mobile":0,"ocean_menu_typo_line_height_unit":"","ocean_menu_typo_spacing":0,"ocean_menu_typo_spacing_tablet":0,"ocean_menu_typo_spacing_mobile":0,"ocean_menu_typo_spacing_unit":"","ocean_menu_link_color":"","ocean_menu_link_color_hover":"","ocean_menu_link_color_active":"","ocean_menu_link_background":"","ocean_menu_link_hover_background":"","ocean_menu_link_active_background":"","ocean_menu_social_links_bg":"","ocean_menu_social_hover_links_bg":"","ocean_menu_social_links_color":"","ocean_menu_social_hover_links_color":"","ocean_disable_title":"default","ocean_disable_heading":"default","ocean_post_title":"","ocean_post_subheading":"","ocean_post_title_style":"","ocean_post_title_background_color":"","ocean_post_title_background":0,"ocean_post_title_bg_image_position":"","ocean_post_title_bg_image_attachment":"","ocean_post_title_bg_image_repeat":"","ocean_post_title_bg_image_size":"","ocean_post_title_height":0,"ocean_post_title_bg_overlay":0.5,"ocean_post_title_bg_overlay_color":"","ocean_disable_breadcrumbs":"default","ocean_breadcrumbs_color":"","ocean_breadcrumbs_separator_color":"","ocean_breadcrumbs_links_color":"","ocean_breadcrumbs_links_hover_color":"","ocean_display_footer_widgets":"default","ocean_display_footer_bottom":"default","ocean_custom_footer_template":""},"product_brand":[102],"product_cat":[17,16,20],"product_tag":[],"class_list":{"0":"post-2607","1":"product","2":"type-product","3":"status-publish","4":"has-post-thumbnail","6":"product_brand-argital","7":"product_cat-soins-du-visage","8":"product_cat-soins","9":"product_cat-anti-age","11":"entry","12":"has-media","14":"first","15":"instock","16":"taxable","17":"shipping-taxable","18":"purchasable","19":"product-type-simple","20":"has-rating","21":"col","22":"span_1_of_3","23":"owp-content-center","24":"owp-thumbs-layout-horizontal","25":"owp-btn-normal","26":"owp-tabs-layout-section","27":"has-no-thumbnails","28":"circle-sale"},"_links":{"self":[{"href":"https:\/\/www.biobey.be\/fr\/wp-json\/wp\/v2\/product\/2607","targetHints":{"allow":["GET"]}}],"collection":[{"href":"https:\/\/www.biobey.be\/fr\/wp-json\/wp\/v2\/product"}],"about":[{"href":"https:\/\/www.biobey.be\/fr\/wp-json\/wp\/v2\/types\/product"}],"replies":[{"embeddable":true,"href":"https:\/\/www.biobey.be\/fr\/wp-json\/wp\/v2\/comments?post=2607"}],"wp:featuredmedia":[{"embeddable":true,"href":"https:\/\/www.biobey.be\/fr\/wp-json\/wp\/v2\/media\/772"}],"wp:attachment":[{"href":"https:\/\/www.biobey.be\/fr\/wp-json\/wp\/v2\/media?parent=2607"}],"wp:term":[{"taxonomy":"product_brand","embeddable":true,"href":"https:\/\/www.biobey.be\/fr\/wp-json\/wp\/v2\/product_brand?post=2607"},{"taxonomy":"product_cat","embeddable":true,"href":"https:\/\/www.biobey.be\/fr\/wp-json\/wp\/v2\/product_cat?post=2607"},{"taxonomy":"product_tag","embeddable":true,"href":"https:\/\/www.biobey.be\/fr\/wp-json\/wp\/v2\/product_tag?post=2607"}],"curies":[{"name":"wp","href":"https:\/\/api.w.org\/{rel}","templated":true}]}}