{"id":2610,"date":"2025-05-30T00:48:30","date_gmt":"2025-05-29T22:48:30","guid":{"rendered":"https:\/\/www.biobey.be\/fr-temp\/produit\/crayon-contour-levres-bio-rose-sans-talc\/"},"modified":"2026-01-14T15:36:56","modified_gmt":"2026-01-14T14:36:56","slug":"crayon-contour-levres-bio-rose-sans-talc","status":"publish","type":"product","link":"https:\/\/www.biobey.be\/fr\/produit\/crayon-contour-levres-bio-rose-sans-talc\/","title":{"rendered":"Crayon contour l\u00e8vres bio rose nude Biosense nr 58 Sans talc"},"content":{"rendered":"<p>Vous avez les l\u00e8vres sensibles ou vous cherchez un crayon contour l\u00e8vres sans talc? Le crayon contour l\u00e8vres bio rose nude Lepo est Vegan et naturel, crayon l\u00e8vres Lepo est formul\u00e9 sans talc ni autres ingr\u00e9dients nocifs. Ce crayon contour l\u00e8vres bio \u00e0 la teinte rose nude et au fini mat convient aux personnes ayant des l\u00e8vres sensibles.<\/p>\n<p><strong>Caract\u00e9ristiques du crayon contour l\u00e8vres rose nude Lepo<\/strong><\/p>\n<ol>\n<li>Formules sans talc<\/li>\n<li>Non irritantes et non dess\u00e9chantes.<\/li>\n<li>Convient aux peaux et l\u00e8vres sensibles<\/li>\n<\/ol>\n<p><strong>Ce crayon contour l\u00e8vres aide \u00e0 \u00eatre belle Qu&rsquo;est-ce que le crayon contour l\u00e8vres rose nude de Lepo fait?<\/strong><\/p>\n<p>Crayon contour l\u00e8vres bio rose nude a une teinte rose nude et un fini mat. Il permet de d\u00e9finir joliment le contour des l\u00e8vres. Sa texture douce estompe les imperfections et les rides sur le contour des l\u00e8vres. Il donne un look frais et enjou\u00e9.<\/p>\n<p>Pour des l\u00e8vres naturellement pulpeuses, le crayon contour l\u00e8vres bio rose nude peut \u00eatre utilis\u00e9 en combinaison avec <span style=\"color: #0000ee;\"><a style=\"color: #0000ee;\" href=\"https:\/\/www.biobey.be\/fr\/produit\/gloss-a-levres-bio-toffee-biosense-3-0ml\/\">le gloss \u00e0 l\u00e8vres hydratant de Lepo.<\/a><\/span> Il convient aux personnes souffrant d&rsquo;allergies.<\/p>\n<p>Le Crayon contour l\u00e8vres bio rose nude Nude Pink permet de d\u00e9finir le contour des l\u00e8vres avant d&rsquo;appliquer le rouge \u00e0 l\u00e8vres. Ainsi, le rouge \u00e0 l\u00e8vres ne d\u00e9teint pas et reste en place plus longtemps. La texture lisse et douce peut \u00eatre utilis\u00e9e pour donner une teinte fra\u00eeche et naturelle aux l\u00e8vres.<\/p>\n<p>Les pigments min\u00e9raux de haute qualit\u00e9 cr\u00e9ent une couleur monotone. La cire v\u00e9g\u00e9tale contribue \u00e0 cr\u00e9er une texture douce qui glisse facilement sur les l\u00e8vres. Le crayon contour l\u00e8vres bio rose nude sans talc pour l\u00e8vres sensibles dure plus longtemps et offre une teinte proportionn\u00e9e. Le crayon contour l\u00e8vres bio rose nude sans talc Lepo a un teint ros\u00e9 doux et mat. Il convient aux looks naturels.<\/p>\n<p>L&rsquo;utilisation du crayon contour l\u00e8vres bio rose sans le rouge \u00e0 l\u00e8vres rend les l\u00e8vres plus pulpeuses et contribue \u00e0 cr\u00e9er un \u00ab\u00a0look sans maquillage\u00a0\u00bb. L&rsquo;intensit\u00e9 de la couleur est facile \u00e0 r\u00e9gler en fonction de vos pr\u00e9f\u00e9rences.\u00a0 Prot\u00e9gez vos l\u00e8vres et leur contour de la d\u00e9shydratation avec <span style=\"color: #0000ee;\"><a style=\"color: #0000ee;\" href=\"https:\/\/www.biobey.be\/fr\/produit\/baume-a-levres-acide-hyaluronique-bioeart\/\">un baume \u00e0 l\u00e8vres bio \u00e0 base d&rsquo;acide hyaluronique<\/a><\/span>.<\/p>\n<p>Gr\u00e2ce \u00e0 sa formule naturelle, il ne dess\u00e8che pas la peau et ne provoque pas d&rsquo;irritation. Le crayon \u00e0 l\u00e8vres naturel Nude Pink Biosense est exempt de parfum, de talc, de parab\u00e8nes, de peg&rsquo;s et d&rsquo;autres substances synth\u00e9tiques irritantes.<\/p>\n<h2>La composition du crayon contour l\u00e8vres bio rose nude Biosense sans talc<\/h2>\n<p>Le crayon contour l\u00e8vres bio rose nude de Biosense est compos\u00e9 de cire v\u00e9g\u00e9tale, <strong>d&rsquo;huiles organiques et de pigments min\u00e9raux de haute qualit\u00e9<\/strong>. L&rsquo;huile de noix de coco biologique<strong> hydrate les l\u00e8vres et adoucit la peau s\u00e8che.<\/strong><\/p>\n<p>La cire v\u00e9g\u00e9tale conf\u00e8re une texture douce et une r\u00e9sistance \u00e0 l&rsquo;eau au crayon contour l\u00e8vres bio rose naturel sans talc. La formule convient \u00e0 tous les types de peau ainsi qu&rsquo;aux peaux hypersensibles. Le crayon \u00e0 l\u00e8vres sans talc n&rsquo;a pas d&rsquo;effet dess\u00e9chant ou irritant en cas d&rsquo;utilisation prolong\u00e9e. Il cr\u00e9e une belle apparence fra\u00eeche et soigne les l\u00e8vres.<\/p>\n<p>Le crayon contour l\u00e8vres bio rose nude Lepo est<strong> sans talc, v\u00e9g\u00e9talien, sans cruaut\u00e9 et certifi\u00e9 Bio Icea.<\/strong><br \/>\nLe bois utilis\u00e9 pour la fabrication des crayons \u00e0 l\u00e8vres et \u00e0 yeux Lepo est certifi\u00e9 PEFC.<\/p>\n<p>Mode d&#8217;emploi : Le crayon contour l\u00e8vres bio rose nude pour d\u00e9finir et souligner les l\u00e8vres.<\/p>\n<p>Ingr\u00e9dients : Octyldodecyl Stearoyl Stearate, Cocos nucifera (Coconut) Oil*, C10-18 Triglycerides,Copernicia cerifera (Carnauba) Wax*, Tribehenin, Silica, Polyglyceryl-3 Diisostearate, Oryzanol, Glyceryl Caprylate, Tocopherol (Vitamin E), CI 77491, CI 77492, CI 77499\/Iron Oxides, CI 77891\/Titanium Dioxide.<\/p>\n<p>*Ingr\u00e9dients issus de l&rsquo;agriculture biologique<\/p>\n","protected":false},"excerpt":{"rendered":"<p>Le crayon \u00e0 l\u00e8vres naturel Nude Pink Boisense de Lepo a un teint ros\u00e9 nude et est sans talc. La formule naturelle et hydratante ne dess\u00e8che pas les l\u00e8vres. Il convient aux personnes \u00e0 la peau sensible.<br \/>\n<strong>Couleur<\/strong> : Nude Pink 58<br \/>\n<strong>Caract\u00e9ristiques :<\/strong> Vegan, sans cruaut\u00e9, certifi\u00e9 Bio Icea et PEFC, sans talc<\/p>\n","protected":false},"featured_media":771,"comment_status":"open","ping_status":"closed","template":"","meta":{"ocean_post_layout":"","ocean_both_sidebars_style":"","ocean_both_sidebars_content_width":0,"ocean_both_sidebars_sidebars_width":0,"ocean_sidebar":"","ocean_second_sidebar":"","ocean_disable_margins":"enable","ocean_add_body_class":"","ocean_shortcode_before_top_bar":"","ocean_shortcode_after_top_bar":"","ocean_shortcode_before_header":"","ocean_shortcode_after_header":"","ocean_has_shortcode":"","ocean_shortcode_after_title":"","ocean_shortcode_before_footer_widgets":"","ocean_shortcode_after_footer_widgets":"","ocean_shortcode_before_footer_bottom":"","ocean_shortcode_after_footer_bottom":"","ocean_display_top_bar":"default","ocean_display_header":"default","ocean_header_style":"","ocean_center_header_left_menu":"","ocean_custom_header_template":"","ocean_custom_logo":0,"ocean_custom_retina_logo":0,"ocean_custom_logo_max_width":0,"ocean_custom_logo_tablet_max_width":0,"ocean_custom_logo_mobile_max_width":0,"ocean_custom_logo_max_height":0,"ocean_custom_logo_tablet_max_height":0,"ocean_custom_logo_mobile_max_height":0,"ocean_header_custom_menu":"","ocean_menu_typo_font_family":"","ocean_menu_typo_font_subset":"","ocean_menu_typo_font_size":0,"ocean_menu_typo_font_size_tablet":0,"ocean_menu_typo_font_size_mobile":0,"ocean_menu_typo_font_size_unit":"px","ocean_menu_typo_font_weight":"","ocean_menu_typo_font_weight_tablet":"","ocean_menu_typo_font_weight_mobile":"","ocean_menu_typo_transform":"","ocean_menu_typo_transform_tablet":"","ocean_menu_typo_transform_mobile":"","ocean_menu_typo_line_height":0,"ocean_menu_typo_line_height_tablet":0,"ocean_menu_typo_line_height_mobile":0,"ocean_menu_typo_line_height_unit":"","ocean_menu_typo_spacing":0,"ocean_menu_typo_spacing_tablet":0,"ocean_menu_typo_spacing_mobile":0,"ocean_menu_typo_spacing_unit":"","ocean_menu_link_color":"","ocean_menu_link_color_hover":"","ocean_menu_link_color_active":"","ocean_menu_link_background":"","ocean_menu_link_hover_background":"","ocean_menu_link_active_background":"","ocean_menu_social_links_bg":"","ocean_menu_social_hover_links_bg":"","ocean_menu_social_links_color":"","ocean_menu_social_hover_links_color":"","ocean_disable_title":"default","ocean_disable_heading":"default","ocean_post_title":"","ocean_post_subheading":"","ocean_post_title_style":"","ocean_post_title_background_color":"","ocean_post_title_background":0,"ocean_post_title_bg_image_position":"","ocean_post_title_bg_image_attachment":"","ocean_post_title_bg_image_repeat":"","ocean_post_title_bg_image_size":"","ocean_post_title_height":0,"ocean_post_title_bg_overlay":0.5,"ocean_post_title_bg_overlay_color":"","ocean_disable_breadcrumbs":"default","ocean_breadcrumbs_color":"","ocean_breadcrumbs_separator_color":"","ocean_breadcrumbs_links_color":"","ocean_breadcrumbs_links_hover_color":"","ocean_display_footer_widgets":"default","ocean_display_footer_bottom":"default","ocean_custom_footer_template":""},"product_brand":[121],"product_cat":[47,55],"product_tag":[],"class_list":{"0":"post-2610","1":"product","2":"type-product","3":"status-publish","4":"has-post-thumbnail","6":"product_brand-lepo-ecobio-cosmetica","7":"product_cat-offres-et-minis","8":"product_cat-maquillage","10":"entry","11":"has-media","13":"first","14":"instock","15":"taxable","16":"shipping-taxable","17":"purchasable","18":"product-type-simple","19":"has-rating","20":"col","21":"span_1_of_3","22":"owp-content-center","23":"owp-thumbs-layout-horizontal","24":"owp-btn-normal","25":"owp-tabs-layout-section","26":"has-no-thumbnails","27":"circle-sale"},"_links":{"self":[{"href":"https:\/\/www.biobey.be\/fr\/wp-json\/wp\/v2\/product\/2610","targetHints":{"allow":["GET"]}}],"collection":[{"href":"https:\/\/www.biobey.be\/fr\/wp-json\/wp\/v2\/product"}],"about":[{"href":"https:\/\/www.biobey.be\/fr\/wp-json\/wp\/v2\/types\/product"}],"replies":[{"embeddable":true,"href":"https:\/\/www.biobey.be\/fr\/wp-json\/wp\/v2\/comments?post=2610"}],"wp:featuredmedia":[{"embeddable":true,"href":"https:\/\/www.biobey.be\/fr\/wp-json\/wp\/v2\/media\/771"}],"wp:attachment":[{"href":"https:\/\/www.biobey.be\/fr\/wp-json\/wp\/v2\/media?parent=2610"}],"wp:term":[{"taxonomy":"product_brand","embeddable":true,"href":"https:\/\/www.biobey.be\/fr\/wp-json\/wp\/v2\/product_brand?post=2610"},{"taxonomy":"product_cat","embeddable":true,"href":"https:\/\/www.biobey.be\/fr\/wp-json\/wp\/v2\/product_cat?post=2610"},{"taxonomy":"product_tag","embeddable":true,"href":"https:\/\/www.biobey.be\/fr\/wp-json\/wp\/v2\/product_tag?post=2610"}],"curies":[{"name":"wp","href":"https:\/\/api.w.org\/{rel}","templated":true}]}}