{"id":2612,"date":"2025-05-23T09:44:01","date_gmt":"2025-05-23T07:44:01","guid":{"rendered":"https:\/\/www.biobey.be\/fr-temp\/produit\/creme-bio-a-la-bardane-peau-grasse\/"},"modified":"2025-07-11T12:45:42","modified_gmt":"2025-07-11T10:45:42","slug":"creme-bio-a-la-bardane-peau-grasse","status":"publish","type":"product","link":"https:\/\/www.biobey.be\/fr\/produit\/creme-bio-a-la-bardane-peau-grasse\/","title":{"rendered":"Cr\u00e8me bio \u00e0 la Bardane pour peau grasse acn\u00e9ique"},"content":{"rendered":"<p>Cr\u00e8me bio \u00e0 la Bardane peau grasse acn\u00e9ique poss\u00e8de des propri\u00e9t\u00e9s anti-inflammatoires et purifiantes. La cr\u00e8me bio \u00e0 la bardane peau grasse convient parfaitement aux personnes souffrant d&rsquo;une peau grasse et impure avec de l&rsquo;acn\u00e9, des points noirs, des rougeurs et des furoncles.<\/p>\n<p>La combinaison de puissants extraits de racine de bardane, de bourrache, de gel d&rsquo;argile verte, de lavande et de fenouil a des propri\u00e9t\u00e9s antibact\u00e9riennes, anti-inflammatoires et r\u00e9paratrices.<\/p>\n<p><strong>Conseils d&rsquo;experts<\/strong><\/p>\n<p>Nettoyez la peau avec le <span style=\"color: #0000ff;\"><a style=\"color: #0000ff;\" href=\"https:\/\/www.biobey.be\/fr\/produit\/gel-moussant-visage-bio-acne-peau-grasse\/\">gel nettoyant naturel anti-acn\u00e9 de Cannaderm<\/a><\/span> avant d&rsquo;appliquer la cr\u00e8me \u00e0 l&rsquo;extrait de racine de bardane. Cela aide \u00e0 traiter plus rapidement l&rsquo;acn\u00e9 et la peau grasse.<\/p>\n<p>La cr\u00e8me bio \u00e0 la Bardane pour peau grasse avec boutons pour le visage purifie et unifie la peau sans la dess\u00e9cher. Ceci gr\u00e2ce \u00e0 sa formule naturelle \u00e0 base d&rsquo;huile d&rsquo;amande douce qui nourrit la peau et prot\u00e8ge la barri\u00e8re cutan\u00e9e.<\/p>\n<p>Cr\u00e8me de jour bio \u00e0 la Bardane pour peau grasse acn\u00e9ique est de <strong>consistance l\u00e9g\u00e8re, p\u00e9n\u00e8tre rapidement dans la peau.<\/strong> <strong>Elle ne laisse pas de film gras.<\/strong><\/p>\n<p>Pour traiter l&rsquo;acn\u00e9 et les cicatrices d&rsquo;acn\u00e9 fonc\u00e9es sur le corps, il est possible d&rsquo;utiliser en combinaison la <span style=\"color: #0000ff;\"><a style=\"color: #0000ff;\" href=\"https:\/\/www.biobey.be\/fr\/produit\/creme-anti-acne-echinacee-75ml\/\">cr\u00e8me Echinacea contre l&rsquo;acn\u00e9.<\/a><\/span><\/p>\n<p>Les produits anti-acn\u00e9 conventionnels pour peaux grasses contiennent des ingr\u00e9dients synth\u00e9tiques qui ass\u00e8chent la peau. Cela affecte la barri\u00e8re cutan\u00e9e et rend la peau plus sujette \u00e0 l&rsquo;acn\u00e9 et \u00e0 l&rsquo;inflammation.<\/p>\n<p>La cr\u00e8me de jour Argital contre la peau grasse avec pustules r\u00e9tablit la barri\u00e8re cutan\u00e9e et r\u00e9gule la production de s\u00e9bum. Elle inhibe l&rsquo;inflammation et r\u00e9duit les boutons sans dess\u00e9cher la peau. La cr\u00e8me naturelle contre l&rsquo;acn\u00e9 <strong>peut \u00e9galement \u00eatre utilis\u00e9e pour traiter les furoncles sur le corps<\/strong>.<\/p>\n<h2>Que fait la cr\u00e8me bio \u00e0 la bardane peau grasse acn\u00e9ique ?<\/h2>\n<p><strong>Cr\u00e8me de jour bio \u00e0 la Grande Bardane peau grasse<\/strong> acn\u00e9ique d&rsquo;Argital r\u00e9duit la production excessive de s\u00e9bum gr\u00e2ce \u00e0 son gel d&rsquo;argile verte. La peau \u00e9tant moins grasse, elle sera moins sensible aux inflammations et aux bact\u00e9ries. Cela permet de r\u00e9duire les pouss\u00e9es d&rsquo;acn\u00e9 et les rougeurs. L&rsquo;extrait de racine de grande bardane acc\u00e9l\u00e8re la d\u00e9toxification de la peau.<\/p>\n<p>L&rsquo;huile de bourrache, riche en antioxydants et en vitamines, unifie les peaux \u00e0 imperfections et \u00e9claircit le teint.<\/p>\n<h2>Comment utiliser la cr\u00e8me bio \u00e0 la bardane peau grasse acn\u00e9ique ?<\/h2>\n<p>La cr\u00e8me bio \u00e0 la bardane peau grasse avec des boutons peut \u00eatre utilis\u00e9e comme cr\u00e8me de jour et de nuit. Appliquez la cr\u00e8me enti\u00e8rement sur la peau nettoy\u00e9e ou uniquement sur les zones \u00e0 probl\u00e8mes. Massez-la en effectuant de l\u00e9gers mouvements circulaires jusqu&rsquo;\u00e0 ce qu&rsquo;elle soit bien absorb\u00e9e par la peau. La cr\u00e8me de jour anti-acn\u00e9 convient au visage et au corps.<\/p>\n<p>Ingr\u00e9dients (INCI) : Aqua, Bio Alcohol*, Glycerin, Prunus Amygdalus Dulcis Oil (\u00ab\u00a0Huile d&rsquo;amande douce\u00a0\u00bb)*, Potassium Palmitoyl\/Hydrolyzed Wheat Protein\/Glyceryl Stearate\/Cetearyl Alcohol, Arctium Lappa Extract*, Cetyl Alcohol, Smilax Aristochiaefoliae Extract*, Polyglyceryl,6 Distearate, Borago Officinalis<br \/>\nAlcohol, Arctium Lappa Extract*,<\/p>\n<p>Cetyl Alcohol, Smilax Aristochiaefolia Extract*, Polyglyceryl,6 Distearate, Borago Officinalis Seed Oil*, Solum Fullonum (green clay gel), Lythrum Salicaria Extract, Cetraria Islandica Extract, Lavandula Hybrida Oil*, Boswelia Carterii Oil*, Foeniculum Vulgare Oil*, Xanthan Gum, Lactic Acid<\/p>\n<p>*Sourc\u00e9 de l&rsquo;agriculture biologique<br \/>\n**Composants des huiles essentielles biologiques : Limonene, Linalool, Geraniol<\/p>\n<p>La cr\u00e8me de jour Argital Bardane contre les peaux grasses avec boutons est 100% naturelle et Vegan. Elle est exempte d&rsquo;alcool synth\u00e9tique, de parfum, de piments, d&rsquo;huiles min\u00e9rales, de parab\u00e8nes et d&rsquo;autres irritants. Argital est un fabricant italien de produits de soins et de sant\u00e9 \u00e9cologiques et biologiques.<\/p>\n","protected":false},"excerpt":{"rendered":"<p>La cr\u00e8me bio \u00e0 la Grande Bardane peau grasse acn\u00e9ique purifie la peau et aide \u00e0 pr\u00e9venir les \u00e9ruptions d&rsquo;acn\u00e9. La cr\u00e8me de jour convient au traitement de l&rsquo;acn\u00e9, des furoncles, des rougeurs et des imperfections. Elle aide \u00e0 unifier la peau sans affecter la barri\u00e8re cutan\u00e9e.<\/p>\n<p>Type de peau : Peau grasse et impure avec acn\u00e9, boutons enflamm\u00e9s et rougeurs.<\/p>\n<p>Composition : Extraits biologiques de racine de grande bardane, gel d&rsquo;argile verte, huile de bourrache et lavande.<\/p>\n<p>Signes distinctifs : BDIH, Icea Bio, Vegan Ok, Eco Control tube aluminium<br \/>\nContenu : 50ml<\/p>\n","protected":false},"featured_media":782,"comment_status":"open","ping_status":"closed","template":"","meta":{"ocean_post_layout":"","ocean_both_sidebars_style":"","ocean_both_sidebars_content_width":0,"ocean_both_sidebars_sidebars_width":0,"ocean_sidebar":"","ocean_second_sidebar":"","ocean_disable_margins":"enable","ocean_add_body_class":"","ocean_shortcode_before_top_bar":"","ocean_shortcode_after_top_bar":"","ocean_shortcode_before_header":"","ocean_shortcode_after_header":"","ocean_has_shortcode":"","ocean_shortcode_after_title":"","ocean_shortcode_before_footer_widgets":"","ocean_shortcode_after_footer_widgets":"","ocean_shortcode_before_footer_bottom":"","ocean_shortcode_after_footer_bottom":"","ocean_display_top_bar":"default","ocean_display_header":"default","ocean_header_style":"","ocean_center_header_left_menu":"","ocean_custom_header_template":"","ocean_custom_logo":0,"ocean_custom_retina_logo":0,"ocean_custom_logo_max_width":0,"ocean_custom_logo_tablet_max_width":0,"ocean_custom_logo_mobile_max_width":0,"ocean_custom_logo_max_height":0,"ocean_custom_logo_tablet_max_height":0,"ocean_custom_logo_mobile_max_height":0,"ocean_header_custom_menu":"","ocean_menu_typo_font_family":"","ocean_menu_typo_font_subset":"","ocean_menu_typo_font_size":0,"ocean_menu_typo_font_size_tablet":0,"ocean_menu_typo_font_size_mobile":0,"ocean_menu_typo_font_size_unit":"px","ocean_menu_typo_font_weight":"","ocean_menu_typo_font_weight_tablet":"","ocean_menu_typo_font_weight_mobile":"","ocean_menu_typo_transform":"","ocean_menu_typo_transform_tablet":"","ocean_menu_typo_transform_mobile":"","ocean_menu_typo_line_height":0,"ocean_menu_typo_line_height_tablet":0,"ocean_menu_typo_line_height_mobile":0,"ocean_menu_typo_line_height_unit":"","ocean_menu_typo_spacing":0,"ocean_menu_typo_spacing_tablet":0,"ocean_menu_typo_spacing_mobile":0,"ocean_menu_typo_spacing_unit":"","ocean_menu_link_color":"","ocean_menu_link_color_hover":"","ocean_menu_link_color_active":"","ocean_menu_link_background":"","ocean_menu_link_hover_background":"","ocean_menu_link_active_background":"","ocean_menu_social_links_bg":"","ocean_menu_social_hover_links_bg":"","ocean_menu_social_links_color":"","ocean_menu_social_hover_links_color":"","ocean_disable_title":"default","ocean_disable_heading":"default","ocean_post_title":"","ocean_post_subheading":"","ocean_post_title_style":"","ocean_post_title_background_color":"","ocean_post_title_background":0,"ocean_post_title_bg_image_position":"","ocean_post_title_bg_image_attachment":"","ocean_post_title_bg_image_repeat":"","ocean_post_title_bg_image_size":"","ocean_post_title_height":0,"ocean_post_title_bg_overlay":0.5,"ocean_post_title_bg_overlay_color":"","ocean_disable_breadcrumbs":"default","ocean_breadcrumbs_color":"","ocean_breadcrumbs_separator_color":"","ocean_breadcrumbs_links_color":"","ocean_breadcrumbs_links_hover_color":"","ocean_display_footer_widgets":"default","ocean_display_footer_bottom":"default","ocean_custom_footer_template":""},"product_brand":[102],"product_cat":[21,17,16],"product_tag":[],"class_list":{"0":"post-2612","1":"product","2":"type-product","3":"status-publish","4":"has-post-thumbnail","6":"product_brand-argital","7":"product_cat-acne-et-peau-abimee","8":"product_cat-soins-du-visage","9":"product_cat-soins","11":"entry","12":"has-media","14":"first","15":"instock","16":"taxable","17":"shipping-taxable","18":"purchasable","19":"product-type-simple","20":"has-rating","21":"col","22":"span_1_of_3","23":"owp-content-center","24":"owp-thumbs-layout-horizontal","25":"owp-btn-normal","26":"owp-tabs-layout-section","27":"has-no-thumbnails","28":"circle-sale"},"_links":{"self":[{"href":"https:\/\/www.biobey.be\/fr\/wp-json\/wp\/v2\/product\/2612","targetHints":{"allow":["GET"]}}],"collection":[{"href":"https:\/\/www.biobey.be\/fr\/wp-json\/wp\/v2\/product"}],"about":[{"href":"https:\/\/www.biobey.be\/fr\/wp-json\/wp\/v2\/types\/product"}],"replies":[{"embeddable":true,"href":"https:\/\/www.biobey.be\/fr\/wp-json\/wp\/v2\/comments?post=2612"}],"wp:featuredmedia":[{"embeddable":true,"href":"https:\/\/www.biobey.be\/fr\/wp-json\/wp\/v2\/media\/782"}],"wp:attachment":[{"href":"https:\/\/www.biobey.be\/fr\/wp-json\/wp\/v2\/media?parent=2612"}],"wp:term":[{"taxonomy":"product_brand","embeddable":true,"href":"https:\/\/www.biobey.be\/fr\/wp-json\/wp\/v2\/product_brand?post=2612"},{"taxonomy":"product_cat","embeddable":true,"href":"https:\/\/www.biobey.be\/fr\/wp-json\/wp\/v2\/product_cat?post=2612"},{"taxonomy":"product_tag","embeddable":true,"href":"https:\/\/www.biobey.be\/fr\/wp-json\/wp\/v2\/product_tag?post=2612"}],"curies":[{"name":"wp","href":"https:\/\/api.w.org\/{rel}","templated":true}]}}