{"id":2613,"date":"2025-03-24T02:04:55","date_gmt":"2025-03-24T01:04:55","guid":{"rendered":"https:\/\/www.biobey.be\/fr-temp\/produit\/creme-de-jour-avec-spf-30-bema-bio-50ml\/"},"modified":"2026-04-16T08:43:03","modified_gmt":"2026-04-16T06:43:03","slug":"creme-de-jour-avec-spf-30-bema-bio-50ml","status":"publish","type":"product","link":"https:\/\/www.biobey.be\/fr\/produit\/creme-de-jour-avec-spf-30-bema-bio-50ml\/","title":{"rendered":"Cr\u00e8me de jour avec SPF 30 Bema Bio 50ml"},"content":{"rendered":"<p>La cr\u00e8me de jour avec spf 30 bio prot\u00e8ge la peau des rayons UVA et UVB nocifs et des influences ext\u00e9rieures n\u00e9gatives. Gr\u00e2ce aux filtres solaires min\u00e9raux et \u00e0 la formule naturelle riche en probiotiques, en acide hyaluronique et en antioxydants, la cr\u00e8me de jour avec spf 30 est efficace contre les rides, la pigmentation et l&rsquo;hypersensibilit\u00e9.<\/p>\n<p>Cette cr\u00e8me de jour v\u00e9g\u00e9talienne offre non seulement une protection, mais elle hydrate et r\u00e9g\u00e9n\u00e8re la peau. L&rsquo;extrait d&rsquo;eau subcritique de ligustrum japonicum <strong>unifie le teint de la peau et estompe les taches brunes.<\/strong><\/p>\n<h2>Est-ce que la cr\u00e8me solaire peut remplacer la cr\u00e8me de jour ?<\/h2>\n<p>Oui, la formule unique de la Cr\u00e8me Bema Bio SPF 30 bio <strong>permet de l&rsquo;utiliser \u00e0 la place d&rsquo;une cr\u00e8me de jour<\/strong>. La cr\u00e8me Bema Bio offre \u00e0 la fois <strong>une protection solaire compl\u00e8te<\/strong> et est efficace comme cr\u00e8me de jour pour une hydratation profonde et le traitement des rides et des taches pigmentaires. Cette cr\u00e8me est un produit de<strong> soin du visage multifonctionnel tr\u00e8s efficace<\/strong>.<\/p>\n<p>La formule unique de la cr\u00e8me de jour Bema Bio avec SPF 30, qui combine des filtres min\u00e9raux avec des composants ultra-hydratants et stimulant le collag\u00e8ne, tels que l&rsquo;acide hyaluronique, les probiotiques et la spiruline ferment\u00e9e, rend cette cr\u00e8me de jour extr\u00eamement adapt\u00e9e au traitement des rides profondes et \u00e0 la pr\u00e9vention de la formation de rides profondes.<\/p>\n<h2>Une cr\u00e8me de jour avec SPF 30 est-elle suffisante ?<\/h2>\n<p>Pour un usage quotidien, une cr\u00e8me de jour avec un spf 30 est suffisante pour prot\u00e9ger la peau. En cas d&rsquo;exposition prolong\u00e9e au soleil, de jardinage lors d&rsquo;une journ\u00e9e ensoleill\u00e9e ou de randonn\u00e9e, il est n\u00e9cessaire d&rsquo;utiliser \u00e9galement une cr\u00e8me solaire naturelle avec au moins un spf 50.<\/p>\n<p>En plus de la cr\u00e8me solaire, il est recommand\u00e9 de prot\u00e9ger la peau avec un chapeau et des lunettes de soleil.<\/p>\n<h3>Quelle cr\u00e8me de jour avec SPF 30 pour les rides ?<\/h3>\n<p>Bema Bio est la meilleure cr\u00e8me de jour avec spf 30 bio pour pr\u00e9venir et r\u00e9duire les rides et les taches pigmentaires. La raison en est la <strong>pr\u00e9sence de filtres solaires min\u00e9raux dans la formulation de cette cr\u00e8me<\/strong> de jour avec spf 30. Ces filtres min\u00e9raux forment une couche protectrice \u00e0 la surface de la peau sans la dess\u00e9cher.<\/p>\n<p>Les rayons UV sont ainsi r\u00e9fl\u00e9chis par la surface de la peau. C&rsquo;est \u00e9galement l&rsquo;un des principaux avantages des filtres min\u00e9raux par rapport aux filtres chimiques. La cr\u00e8me de jour avec spf 30 am\u00e9liore la texture de la peau et r\u00e9duit ainsi les rides. Elle contribue \u00e0 am\u00e9liorer l&rsquo;oxyg\u00e9nation et l&rsquo;absorption de l&rsquo;humidit\u00e9 par les cellules de la peau.<\/p>\n<p>L&rsquo;huile de myrtille biologique, les probiotiques et l&rsquo;extrait de st\u00e9via stimulent la production de collag\u00e8ne. L&rsquo;acide hyaluronique, la spiruline ferment\u00e9e, l&rsquo;huile de riz biologique et le beurre de karit\u00e9 r\u00e9duisent les ridules en hydratant les couches sup\u00e9rieures et profondes de la peau.<\/p>\n<h3>Une cr\u00e8me de jour avec SPF 30 peut-elle \u00eatre utilis\u00e9e quotidiennement ?<\/h3>\n<p>Une cr\u00e8me de jour avec SPF 30 bio est id\u00e9ale pour un usage quotidien et la protection de la peau. Sa texture hydratante et soyeuse s&rsquo;\u00e9tale facilement et est agr\u00e9able sur la peau.<\/p>\n<p>Sa composition naturelle offre \u00e0 la fois <strong>une protection contre les rayons UV<\/strong>, une <strong>hydratation en profondeur<\/strong> et des soins pour la peau. La peau a besoin d&rsquo;\u00eatre prot\u00e9g\u00e9e des rayons UVA tout au long de l&rsquo;ann\u00e9e. Ces rayons UV sont pr\u00e9sents toute l&rsquo;ann\u00e9e et p\u00e9n\u00e8trent \u00e0 travers les nuages et le verre.<\/p>\n<p>Il est donc important de prot\u00e9ger correctement la peau contre les UVA et les UVB. Ces derniers sont en effet largement responsables du vieillissement visible de la peau. L&rsquo;effet hydratant et r\u00e9parateur de la cr\u00e8me de jour naturelle avec spf sans nanoparticules renforce la barri\u00e8re cutan\u00e9e et soigne intens\u00e9ment la peau.<\/p>\n<p>L&rsquo;utilisation quotidienne de la cr\u00e8me de jour avec spf 30 naturel sans nanoparticules prot\u00e8ge et adoucit la peau.<\/p>\n<h3>Comment utiliser la cr\u00e8me de jour naturelle avec spf 30 ?<\/h3>\n<p>Appliquez uniform\u00e9ment et g\u00e9n\u00e9reusement la cr\u00e8me de jour avec spf 30 sur la peau nettoy\u00e9e. La cr\u00e8me de jour protectrice avec spf peut \u00e9galement \u00eatre appliqu\u00e9e apr\u00e8s un s\u00e9rum ou une cr\u00e8me de consistance fine. Masser la cr\u00e8me en effectuant des mouvements circulaires et laisser agir quelques minutes.<\/p>\n<p>La cr\u00e8me de jour peut \u00eatre utilis\u00e9e sous le maquillage ou la cr\u00e8me solaire. Usage externe uniquement.<\/p>\n<p>INCI : Hamamelis virginiana* eau florale, carbonate de dicaprylyle, oxyde de zinc, triglyc\u00e9ride caprylique\/caprique, glyc\u00e9rine, eau, dioxyde de titane, alcool c\u00e9t\u00e9arylique, sulfate de sodium c\u00e9t\u00e9arylique, acide polyhydroxyst\u00e9arique, \u00e9thylhexyl olivate hydrog\u00e9n\u00e9, insaponifiables d&rsquo;huile d&rsquo;olive hydrog\u00e9n\u00e9e, glyceryl stearate,<\/p>\n<p>Glycine soja oil, Oryza sativa bran oil, Lactobacillus ferment lysate, Butyrospermum parkii butter*, hydrolyzed verbascum thapsus flower*, Vaccinium macrocarpon seed oil, Simmondsia chinensis seed oil*, sodium hyaluronate,<\/p>\n<p>extrait de Spirulina platensis, gomme xanthane, extrait de Polygonum aviculare, acide st\u00e9arique, extrait de feuilles\/tiges de Stevia rebaudiana, hydroxyde d&rsquo;aluminium, dipolyhydroxyst\u00e9arate de polyglyc\u00e9ryle-2, huile de graines de Solanum lycopersicum,<\/p>\n<p>filtrat de ferment de Lactobacillus, filtrat de ferment de racine de radis, diisost\u00e9arate de polyglyc\u00e9ryle-3, lycop\u00e8ne, laurate de glyc\u00e9ryle, benzoate de sodium, sorbate de potassium, huile de graine d&rsquo;Helianthus annuus, tocoph\u00e9rol, acide citrique, acide d\u00e9hydroac\u00e9tique, alcool benzylique, ar\u00f4me naturel, g\u00e9raniol, linalol, limon\u00e8ne.<\/p>\n<p>*Sourc\u00e9 \u00e0 partir de l&rsquo;agriculture biologique<\/p>\n<p>La cr\u00e8me de jour Bema Bio avec spf 30 est certifi\u00e9e Icea Bio et Vegan Ok. La cr\u00e8me de jour contient des filtres solaires min\u00e9raux naturels. Elle ne contient pas de parfum, d&rsquo;alcool de synth\u00e8se, de filtres chimiques, de colorants, de nanoparticules ou d&rsquo;autres substances synth\u00e9tiques irritantes.<\/p>\n","protected":false},"excerpt":{"rendered":"<p>La cr\u00e8me de jour avec SPF 30 bio prot\u00e8ge la peau des rayons UVA et UVB nocifs et des influences ext\u00e9rieures n\u00e9gatives. La formule \u00e0 base d&rsquo;acide hyaluronique, de probiotiques et d&rsquo;antioxydants hydrate la peau s\u00e8che et aide \u00e0 r\u00e9duire les rides et les taches brunes.<br \/>\nLa cr\u00e8me de jour avec spf 30 est certifi\u00e9e ICEA BIO et Vegan Ok. Elle est exempte de parfum, d&rsquo;alcool de synth\u00e8se, de nanoparticules et de m\u00e9taux lourds. La cr\u00e8me de jour SPF30 est test\u00e9e dermatologiquement pour les peaux sensibles.<\/p>\n","protected":false},"featured_media":783,"comment_status":"open","ping_status":"closed","template":"","meta":{"ocean_post_layout":"","ocean_both_sidebars_style":"","ocean_both_sidebars_content_width":0,"ocean_both_sidebars_sidebars_width":0,"ocean_sidebar":"","ocean_second_sidebar":"","ocean_disable_margins":"enable","ocean_add_body_class":"","ocean_shortcode_before_top_bar":"","ocean_shortcode_after_top_bar":"","ocean_shortcode_before_header":"","ocean_shortcode_after_header":"","ocean_has_shortcode":"","ocean_shortcode_after_title":"","ocean_shortcode_before_footer_widgets":"","ocean_shortcode_after_footer_widgets":"","ocean_shortcode_before_footer_bottom":"","ocean_shortcode_after_footer_bottom":"","ocean_display_top_bar":"default","ocean_display_header":"default","ocean_header_style":"","ocean_center_header_left_menu":"","ocean_custom_header_template":"","ocean_custom_logo":0,"ocean_custom_retina_logo":0,"ocean_custom_logo_max_width":0,"ocean_custom_logo_tablet_max_width":0,"ocean_custom_logo_mobile_max_width":0,"ocean_custom_logo_max_height":0,"ocean_custom_logo_tablet_max_height":0,"ocean_custom_logo_mobile_max_height":0,"ocean_header_custom_menu":"","ocean_menu_typo_font_family":"","ocean_menu_typo_font_subset":"","ocean_menu_typo_font_size":0,"ocean_menu_typo_font_size_tablet":0,"ocean_menu_typo_font_size_mobile":0,"ocean_menu_typo_font_size_unit":"px","ocean_menu_typo_font_weight":"","ocean_menu_typo_font_weight_tablet":"","ocean_menu_typo_font_weight_mobile":"","ocean_menu_typo_transform":"","ocean_menu_typo_transform_tablet":"","ocean_menu_typo_transform_mobile":"","ocean_menu_typo_line_height":0,"ocean_menu_typo_line_height_tablet":0,"ocean_menu_typo_line_height_mobile":0,"ocean_menu_typo_line_height_unit":"","ocean_menu_typo_spacing":0,"ocean_menu_typo_spacing_tablet":0,"ocean_menu_typo_spacing_mobile":0,"ocean_menu_typo_spacing_unit":"","ocean_menu_link_color":"","ocean_menu_link_color_hover":"","ocean_menu_link_color_active":"","ocean_menu_link_background":"","ocean_menu_link_hover_background":"","ocean_menu_link_active_background":"","ocean_menu_social_links_bg":"","ocean_menu_social_hover_links_bg":"","ocean_menu_social_links_color":"","ocean_menu_social_hover_links_color":"","ocean_disable_title":"default","ocean_disable_heading":"default","ocean_post_title":"","ocean_post_subheading":"","ocean_post_title_style":"","ocean_post_title_background_color":"","ocean_post_title_background":0,"ocean_post_title_bg_image_position":"","ocean_post_title_bg_image_attachment":"","ocean_post_title_bg_image_repeat":"","ocean_post_title_bg_image_size":"","ocean_post_title_height":0,"ocean_post_title_bg_overlay":0.5,"ocean_post_title_bg_overlay_color":"","ocean_disable_breadcrumbs":"default","ocean_breadcrumbs_color":"","ocean_breadcrumbs_separator_color":"","ocean_breadcrumbs_links_color":"","ocean_breadcrumbs_links_hover_color":"","ocean_display_footer_widgets":"default","ocean_display_footer_bottom":"default","ocean_custom_footer_template":""},"product_brand":[106],"product_cat":[19,47,59,17,16,20],"product_tag":[125],"class_list":{"0":"post-2613","1":"product","2":"type-product","3":"status-publish","4":"has-post-thumbnail","6":"product_brand-bema-bio","7":"product_cat-cremes-naturelles-de-jour-et-de-nuit","8":"product_cat-offres-et-minis","9":"product_cat-protection-solaire","10":"product_cat-soins-du-visage","11":"product_cat-soins","12":"product_cat-anti-age","13":"product_tag-vegan","15":"entry","16":"has-media","18":"first","19":"instock","20":"taxable","21":"shipping-taxable","22":"purchasable","23":"product-type-simple","24":"has-rating","25":"col","26":"span_1_of_3","27":"owp-content-center","28":"owp-thumbs-layout-horizontal","29":"owp-btn-normal","30":"owp-tabs-layout-section","31":"has-no-thumbnails","32":"circle-sale"},"_links":{"self":[{"href":"https:\/\/www.biobey.be\/fr\/wp-json\/wp\/v2\/product\/2613","targetHints":{"allow":["GET"]}}],"collection":[{"href":"https:\/\/www.biobey.be\/fr\/wp-json\/wp\/v2\/product"}],"about":[{"href":"https:\/\/www.biobey.be\/fr\/wp-json\/wp\/v2\/types\/product"}],"replies":[{"embeddable":true,"href":"https:\/\/www.biobey.be\/fr\/wp-json\/wp\/v2\/comments?post=2613"}],"wp:featuredmedia":[{"embeddable":true,"href":"https:\/\/www.biobey.be\/fr\/wp-json\/wp\/v2\/media\/783"}],"wp:attachment":[{"href":"https:\/\/www.biobey.be\/fr\/wp-json\/wp\/v2\/media?parent=2613"}],"wp:term":[{"taxonomy":"product_brand","embeddable":true,"href":"https:\/\/www.biobey.be\/fr\/wp-json\/wp\/v2\/product_brand?post=2613"},{"taxonomy":"product_cat","embeddable":true,"href":"https:\/\/www.biobey.be\/fr\/wp-json\/wp\/v2\/product_cat?post=2613"},{"taxonomy":"product_tag","embeddable":true,"href":"https:\/\/www.biobey.be\/fr\/wp-json\/wp\/v2\/product_tag?post=2613"}],"curies":[{"name":"wp","href":"https:\/\/api.w.org\/{rel}","templated":true}]}}