{"id":2615,"date":"2025-01-13T09:12:29","date_gmt":"2025-01-13T08:12:29","guid":{"rendered":"https:\/\/www.biobey.be\/fr-temp\/produit\/herbalmed-herbes-contre-le-mal-de-gorge\/"},"modified":"2026-04-03T00:26:29","modified_gmt":"2026-04-02T22:26:29","slug":"herbalmed-herbes-contre-le-mal-de-gorge","status":"publish","type":"product","link":"https:\/\/www.biobey.be\/fr\/produit\/herbalmed-herbes-contre-le-mal-de-gorge\/","title":{"rendered":"Herbalmed &#8211; herbes contre le mal de gorge et le rhume"},"content":{"rendered":"<p>Herbes contre le mal de gorge et le rhume suppl\u00e9ment de boisson chaude. Sa formule suisse \u00e0 base de plantes Herbalmed sans caf\u00e9ine favorise une gu\u00e9rison plus rapide des refroidissements, soulage l&rsquo;enrouement, les maux de gorge et la toux et aide \u00e0 lib\u00e9rer les voies respiratoires.<\/p>\n<p>Le compl\u00e9ment alimentaire \u00e0 base de plantes, riche en vitamine C, est bas\u00e9 sur 20 plantes m\u00e9dicinales diff\u00e9rentes. L&rsquo;eucalyptus et le millepertuis aident \u00e0 d\u00e9gager les voies respiratoires. Cette combinaison <strong>renforce le syst\u00e8me immunitaire et soulage les sympt\u00f4mes de la grippe.<\/strong><\/p>\n<p>Les herbes su\u00e9doises contre le mal de gorge et le rhume sont prises sous forme de boisson chaude. Les principes actifs sont ainsi absorb\u00e9s plus rapidement.<\/p>\n<p><strong>Recette traditionnelle de plantes contre les maux de gorge et les refroidissements<\/strong><\/p>\n<p>Les boissons chaudes \u00e0 base de plantes du Dr Weiss sont pr\u00e9par\u00e9es selon la recette traditionnelle suisse des plantes contre les maux de gorge et les refroidissements. Le complexe Herbalmed est compos\u00e9 d&rsquo;eucalyptus, d&rsquo;achill\u00e9e, de millepertuis, de tilleul argent\u00e9, de thym, de r\u00e9glisse, de camomille, de calendula, etc.<\/p>\n<p>Au total, <strong>le compl\u00e9ment de boisson chaude HerbalMed<\/strong>, contient 20 extraits de plantes diff\u00e9rents. Sa formule riche en vitamine C convient aux femmes enceintes et \u00e0 celles qui allaitent. Le compl\u00e9ment \u00e0 base de plantes Herbalmed est doux. Il n&rsquo;exerce aucune pression sur les reins, le foie et l&rsquo;estomac.<\/p>\n<p>Le compl\u00e9ment <strong>en poudre de plantes contre les rhumes et les maux de gorge<\/strong> peut \u00e9galement \u00eatre pris lors d&rsquo;un traitement antibiotique.<\/p>\n<h2>Quelles herbes pour les voies respiratoires ?<\/h2>\n<p>Le plantain, la r\u00e9glisse, la pulmonaire, le thym et l&rsquo;herbe \u00e0 fromage favorisent une fonction respiratoire saine. Ces plantes sont expectorantes, anti-inflammatoires et favorisent la respiration libre. La pulmonaire <strong>\u00e9limine les mucosit\u00e9s, renforce les tissus et aide \u00e0 r\u00e9duire la fi\u00e8vre.<\/strong><\/p>\n<p>La r\u00e9glisse apaise les irritations et les inflammations respiratoires telles que la bronchite. Le thym aide \u00e0 pr\u00e9venir la toux, d\u00e9gage les voies respiratoires et agit comme un anti-inflammatoire. Comme la camomille, le thym aide \u00e0 r\u00e9duire les maux de gorge et l&rsquo;enrouement.<\/p>\n<h2>Comment prendre les herbes contre le mal de gorge et le rhume ?<\/h2>\n<p>Le compl\u00e9ment naturel de plantes contre le mal de gorge et le rhume peut \u00eatre pris 5 fois par jour si n\u00e9cessaire.<br \/>\nPosologie pour les adultes et les enfants de plus de 12 ans :<\/p>\n<ol>\n<li>Dissoudre 2 cuill\u00e8res \u00e0 caf\u00e9 de poudre dans 200 ml d&rsquo;eau chaude (non bouillante).<\/li>\n<li>Bien m\u00e9langer la poudre et l&rsquo;eau.<\/li>\n<li>Si n\u00e9cessaire, utiliser du sirop d&rsquo;agave, ou du sucre pour un go\u00fbt sucr\u00e9.<\/li>\n<li>Buvez la boisson chaude au compl\u00e9ment alimentaire \u00e0 base de plantes.<\/li>\n<li>Si n\u00e9cessaire, la boisson chaude aux plantes peut \u00eatre consomm\u00e9e jusqu&rsquo;\u00e0 5 fois par jour.<\/li>\n<\/ol>\n<p>Pour les enfants \u00e2g\u00e9s de 3 \u00e0 12 ans, la moiti\u00e9 de la dose adulte s&rsquo;applique.<\/p>\n<h3>Herbalmed convient-il aux femmes enceintes ou qui allaitent ?<\/h3>\n<p>Herbalmed convient aux femmes enceintes, aux m\u00e8res qui allaitent et aux enfants \u00e0 partir de 3 ans. Conservez le compl\u00e9ment herbalmed dans un endroit sec.<\/p>\n<p>INCI : racine de r\u00e9glisse, plantain, feuille de ronce, feuille de menthe poivr\u00e9e, fleur de camomille, eucalyptus, fruit de fenouil, fleur de sureau, mousse d&rsquo;Islande, bleuet, tilleul argent\u00e9, pulmonaire, herbe \u00e0 m\u00e2cher, calendula, thym, achill\u00e9e, primev\u00e8re, onagre, anis, branche de thym,<\/p>\n<p>bougie royale, menthol, huile de menthe poivr\u00e9e, huile d&rsquo;eucalyptus, cera alba, vitamine C (acide L-ascorbique).<br \/>\n\u00e9dulcorants : glucose, sucre, sirop de caramel<\/p>\n<p>Le complexe naturel de 20 plantes contre les maux de gorge et les rhumes ne contient ni caf\u00e9ine ni conservateurs. Il convient aux enfants \u00e0 partir de 3 ans, aux femmes enceintes et \u00e0 celles qui allaitent. Le compl\u00e9ment alimentaire est fabriqu\u00e9 selon la recette naturelle traditionnelle suisse \u00e0 base de plantes du Dr Weiss.<\/p>\n","protected":false},"excerpt":{"rendered":"<p>Le compl\u00e9ment alimentaire \u00e0 base de plantes naturelles contre les maux de gorge et les refroidissements contient 20 extraits de plantes m\u00e9dicinales.<\/p>\n<p><strong>Action :<\/strong> la boisson chaude \u00e0 base de plantes aide \u00e0 renforcer la r\u00e9sistance naturelle. Elle favorise une gu\u00e9rison rapide des rhumes, r\u00e9duit les maux de gorge et la toux, dissout les mucosit\u00e9s et d\u00e9gage les voies respiratoires.<\/p>\n<p><strong>Formule :<\/strong> extraits de r\u00e9glisse, de pulmonaire, de plantain, d&rsquo;eucalyptus, de thym, de menthe poivr\u00e9e, d&rsquo;achill\u00e9e, de millepertuis, de tilleul argent\u00e9, de calendula, de camomille, etc<\/p>\n","protected":false},"featured_media":789,"comment_status":"open","ping_status":"closed","template":"","meta":{"ocean_post_layout":"","ocean_both_sidebars_style":"","ocean_both_sidebars_content_width":0,"ocean_both_sidebars_sidebars_width":0,"ocean_sidebar":"","ocean_second_sidebar":"","ocean_disable_margins":"enable","ocean_add_body_class":"","ocean_shortcode_before_top_bar":"","ocean_shortcode_after_top_bar":"","ocean_shortcode_before_header":"","ocean_shortcode_after_header":"","ocean_has_shortcode":"","ocean_shortcode_after_title":"","ocean_shortcode_before_footer_widgets":"","ocean_shortcode_after_footer_widgets":"","ocean_shortcode_before_footer_bottom":"","ocean_shortcode_after_footer_bottom":"","ocean_display_top_bar":"default","ocean_display_header":"default","ocean_header_style":"","ocean_center_header_left_menu":"","ocean_custom_header_template":"","ocean_custom_logo":0,"ocean_custom_retina_logo":0,"ocean_custom_logo_max_width":0,"ocean_custom_logo_tablet_max_width":0,"ocean_custom_logo_mobile_max_width":0,"ocean_custom_logo_max_height":0,"ocean_custom_logo_tablet_max_height":0,"ocean_custom_logo_mobile_max_height":0,"ocean_header_custom_menu":"","ocean_menu_typo_font_family":"","ocean_menu_typo_font_subset":"","ocean_menu_typo_font_size":0,"ocean_menu_typo_font_size_tablet":0,"ocean_menu_typo_font_size_mobile":0,"ocean_menu_typo_font_size_unit":"px","ocean_menu_typo_font_weight":"","ocean_menu_typo_font_weight_tablet":"","ocean_menu_typo_font_weight_mobile":"","ocean_menu_typo_transform":"","ocean_menu_typo_transform_tablet":"","ocean_menu_typo_transform_mobile":"","ocean_menu_typo_line_height":0,"ocean_menu_typo_line_height_tablet":0,"ocean_menu_typo_line_height_mobile":0,"ocean_menu_typo_line_height_unit":"","ocean_menu_typo_spacing":0,"ocean_menu_typo_spacing_tablet":0,"ocean_menu_typo_spacing_mobile":0,"ocean_menu_typo_spacing_unit":"","ocean_menu_link_color":"","ocean_menu_link_color_hover":"","ocean_menu_link_color_active":"","ocean_menu_link_background":"","ocean_menu_link_hover_background":"","ocean_menu_link_active_background":"","ocean_menu_social_links_bg":"","ocean_menu_social_hover_links_bg":"","ocean_menu_social_links_color":"","ocean_menu_social_hover_links_color":"","ocean_disable_title":"default","ocean_disable_heading":"default","ocean_post_title":"","ocean_post_subheading":"","ocean_post_title_style":"","ocean_post_title_background_color":"","ocean_post_title_background":0,"ocean_post_title_bg_image_position":"","ocean_post_title_bg_image_attachment":"","ocean_post_title_bg_image_repeat":"","ocean_post_title_bg_image_size":"","ocean_post_title_height":0,"ocean_post_title_bg_overlay":0.5,"ocean_post_title_bg_overlay_color":"","ocean_disable_breadcrumbs":"default","ocean_breadcrumbs_color":"","ocean_breadcrumbs_separator_color":"","ocean_breadcrumbs_links_color":"","ocean_breadcrumbs_links_hover_color":"","ocean_display_footer_widgets":"default","ocean_display_footer_bottom":"default","ocean_custom_footer_template":""},"product_brand":[109],"product_cat":[57,47,31,40],"product_tag":[125],"class_list":{"0":"post-2615","1":"product","2":"type-product","3":"status-publish","4":"has-post-thumbnail","6":"product_brand-cannaderm","7":"product_cat-complements-alimentaires-bio","8":"product_cat-offres-et-minis","9":"product_cat-sante","10":"product_cat-stress-sommeil-et-concentration","11":"product_tag-vegan","13":"entry","14":"has-media","16":"first","17":"instock","18":"taxable","19":"shipping-taxable","20":"purchasable","21":"product-type-simple","22":"has-rating","23":"col","24":"span_1_of_3","25":"owp-content-center","26":"owp-thumbs-layout-horizontal","27":"owp-btn-normal","28":"owp-tabs-layout-section","29":"has-no-thumbnails","30":"circle-sale"},"_links":{"self":[{"href":"https:\/\/www.biobey.be\/fr\/wp-json\/wp\/v2\/product\/2615","targetHints":{"allow":["GET"]}}],"collection":[{"href":"https:\/\/www.biobey.be\/fr\/wp-json\/wp\/v2\/product"}],"about":[{"href":"https:\/\/www.biobey.be\/fr\/wp-json\/wp\/v2\/types\/product"}],"replies":[{"embeddable":true,"href":"https:\/\/www.biobey.be\/fr\/wp-json\/wp\/v2\/comments?post=2615"}],"wp:featuredmedia":[{"embeddable":true,"href":"https:\/\/www.biobey.be\/fr\/wp-json\/wp\/v2\/media\/789"}],"wp:attachment":[{"href":"https:\/\/www.biobey.be\/fr\/wp-json\/wp\/v2\/media?parent=2615"}],"wp:term":[{"taxonomy":"product_brand","embeddable":true,"href":"https:\/\/www.biobey.be\/fr\/wp-json\/wp\/v2\/product_brand?post=2615"},{"taxonomy":"product_cat","embeddable":true,"href":"https:\/\/www.biobey.be\/fr\/wp-json\/wp\/v2\/product_cat?post=2615"},{"taxonomy":"product_tag","embeddable":true,"href":"https:\/\/www.biobey.be\/fr\/wp-json\/wp\/v2\/product_tag?post=2615"}],"curies":[{"name":"wp","href":"https:\/\/api.w.org\/{rel}","templated":true}]}}