{"id":2618,"date":"2024-05-14T00:54:36","date_gmt":"2024-05-13T22:54:36","guid":{"rendered":"https:\/\/www.biobey.be\/fr-temp\/produit\/huile-tonifiante-bio-pour-le-corps\/"},"modified":"2025-07-11T13:20:34","modified_gmt":"2025-07-11T11:20:34","slug":"huile-tonifiante-bio-pour-le-corps","status":"publish","type":"product","link":"https:\/\/www.biobey.be\/fr\/produit\/huile-tonifiante-bio-pour-le-corps\/","title":{"rendered":"Huile tonifiante bio pour le corps Argital 125ml"},"content":{"rendered":"<p>L&rsquo;huile tonifiante pour le corps Argital am\u00e9liore l&rsquo;\u00e9lasticit\u00e9 de la peau et aide \u00e0 pr\u00e9venir le rel\u00e2chement cutan\u00e9. La formule puissante \u00e0 base d&rsquo;huile de germe de bl\u00e9 biologique, d&rsquo;huile de romarin et d&rsquo;huile d&rsquo;amande douce est riche en antioxydants et en vitamines.<\/p>\n<p>Les composants actifs de l&rsquo;huile corporelle tonifiante stimulent la production de collag\u00e8ne. Les huiles essentielles biologiques de sauge, de lavande et d&rsquo;hysope <strong>favorisent la circulation sanguine vers les cellules de la peau<\/strong>.<\/p>\n<p>Cela stimule le renouvellement des cellules de la peau et la nourrit. L&rsquo;huile tonifiante pour le corps est id\u00e9ale pour les massages corporels raffermissants et pour les soins quotidiens de la peau.<\/p>\n<h2>L&rsquo;huile tonifiante bio pour le corps convient-elle aux peaux rel\u00e2ch\u00e9es ?<\/h2>\n<p>L&rsquo;huile tonifiante pour le corps Argital, \u00e0 base d&rsquo;huile de germe de bl\u00e9, nourrit et renforce les cellules de la peau. L&rsquo;huile de germe de bl\u00e9 press\u00e9e \u00e0 froid contient une tr\u00e8s forte dose de vitamine E. Elle a des propri\u00e9t\u00e9s anti-inflammatoires et r\u00e9g\u00e9n\u00e9ratrices prouv\u00e9es.<\/p>\n<p>Elle poss\u00e8de des propri\u00e9t\u00e9s anti-inflammatoires et r\u00e9g\u00e9n\u00e9ratrices reconnues. Elle est utilis\u00e9e pour traiter les cicatrices, les vergetures, la cellulite, les rides pr\u00e9matur\u00e9es et les ridules de dess\u00e8chement. L&rsquo;huile de germe de bl\u00e9 biologique contenue dans l&rsquo;huile corporelle tonifiante renforce le tissu conjonctif et r\u00e9gule le m\u00e9tabolisme de la peau.<\/p>\n<p>L&rsquo;huile d&rsquo;amande douce a une consistance fine. Elle p\u00e9n\u00e8tre rapidement dans la peau et lui apporte l&rsquo;hydratation n\u00e9cessaire. L&rsquo;hysope et la sauge essentielles bio acc\u00e9l\u00e8rent la cicatrisation et ont <strong>un effet astringent sur la peau<\/strong>.<\/p>\n<p>La combinaison d&rsquo;extraits b\u00e9n\u00e9fiques dans l&rsquo;huile tonifiante bio pour le corps aide \u00e0 raffermir la peau rel\u00e2ch\u00e9e en am\u00e9liorant l&rsquo;\u00e9lasticit\u00e9 des cellules cutan\u00e9es.<\/p>\n<h3>Comment utiliser l&rsquo;huile tonifiante bio pour le corps ?<\/h3>\n<p>L&rsquo;huile tonifiante bio pour le corps peut \u00eatre utilis\u00e9e de mani\u00e8re multifonctionnelle. Elle s&rsquo;utilise aussi bien pour les soins r\u00e9guliers de la peau que p<strong>our les massages corporels raffermissants intensifs<\/strong>.<\/p>\n<p>R\u00e9chauffez une certaine quantit\u00e9 d&rsquo;huile corporelle dans la paume de vos mains et appliquez-la sur la peau. Massez ensuite la peau avec une quantit\u00e9 suffisante d&rsquo;huile de massage.<br \/>\nUtiliser le vaporisateur pour appliquer rapidement l&rsquo;huile corporelle sur les zones \u00e0 traiter.<\/p>\n<p>INCI : Olea Europaea Fruit Oil, Triticum Vulgare Germ Oil, Prunus Amygdalus Dulcis Oil, Rosmarinus Officinalis Oil*,<br \/>\nLavandula Hybrida Oil*,<\/p>\n<p>Satureja Hortensis Oil*, Melissa Officinalis Oil*, Salvia Officinalis Oil*, Thymus Vulgaris Oil*, Hyssopus Officinalis Oil*, Tocopherol (vitamine E)<br \/>\n*Issu de l&rsquo;agriculture biologique<\/p>\n<p>L&rsquo;huile tonifiante pour le corps 100% naturelle d&rsquo;Argital est exempte d&rsquo;huiles min\u00e9rales, de parfums, de parab\u00e8nes et d&rsquo;autres composants synth\u00e9tiques. L&rsquo;huile tonifiante pour le corps est certifi\u00e9e Icea Bio, Vegan Ok, EcoControl.<\/p>\n","protected":false},"excerpt":{"rendered":"<p>L&rsquo;huile tonifiante bio pour le corps, riche en huile de germe de bl\u00e9, renforce et nourrit la peau. Elle stimule la circulation sanguine dans les cellules de la peau et renforce l&rsquo;\u00e9lasticit\u00e9 de la peau.<\/p>\n<p>L&rsquo;huile tonifiante bio pour les peaux rel\u00e2ch\u00e9es est sans parfum, test\u00e9e sous contr\u00f4le dermatologique et convient aux peaux sensibles.<\/p>\n","protected":false},"featured_media":790,"comment_status":"open","ping_status":"closed","template":"","meta":{"ocean_post_layout":"","ocean_both_sidebars_style":"","ocean_both_sidebars_content_width":0,"ocean_both_sidebars_sidebars_width":0,"ocean_sidebar":"","ocean_second_sidebar":"","ocean_disable_margins":"enable","ocean_add_body_class":"","ocean_shortcode_before_top_bar":"","ocean_shortcode_after_top_bar":"","ocean_shortcode_before_header":"","ocean_shortcode_after_header":"","ocean_has_shortcode":"","ocean_shortcode_after_title":"","ocean_shortcode_before_footer_widgets":"","ocean_shortcode_after_footer_widgets":"","ocean_shortcode_before_footer_bottom":"","ocean_shortcode_after_footer_bottom":"","ocean_display_top_bar":"default","ocean_display_header":"default","ocean_header_style":"","ocean_center_header_left_menu":"","ocean_custom_header_template":"","ocean_custom_logo":0,"ocean_custom_retina_logo":0,"ocean_custom_logo_max_width":0,"ocean_custom_logo_tablet_max_width":0,"ocean_custom_logo_mobile_max_width":0,"ocean_custom_logo_max_height":0,"ocean_custom_logo_tablet_max_height":0,"ocean_custom_logo_mobile_max_height":0,"ocean_header_custom_menu":"","ocean_menu_typo_font_family":"","ocean_menu_typo_font_subset":"","ocean_menu_typo_font_size":0,"ocean_menu_typo_font_size_tablet":0,"ocean_menu_typo_font_size_mobile":0,"ocean_menu_typo_font_size_unit":"px","ocean_menu_typo_font_weight":"","ocean_menu_typo_font_weight_tablet":"","ocean_menu_typo_font_weight_mobile":"","ocean_menu_typo_transform":"","ocean_menu_typo_transform_tablet":"","ocean_menu_typo_transform_mobile":"","ocean_menu_typo_line_height":0,"ocean_menu_typo_line_height_tablet":0,"ocean_menu_typo_line_height_mobile":0,"ocean_menu_typo_line_height_unit":"","ocean_menu_typo_spacing":0,"ocean_menu_typo_spacing_tablet":0,"ocean_menu_typo_spacing_mobile":0,"ocean_menu_typo_spacing_unit":"","ocean_menu_link_color":"","ocean_menu_link_color_hover":"","ocean_menu_link_color_active":"","ocean_menu_link_background":"","ocean_menu_link_hover_background":"","ocean_menu_link_active_background":"","ocean_menu_social_links_bg":"","ocean_menu_social_hover_links_bg":"","ocean_menu_social_links_color":"","ocean_menu_social_hover_links_color":"","ocean_disable_title":"default","ocean_disable_heading":"default","ocean_post_title":"","ocean_post_subheading":"","ocean_post_title_style":"","ocean_post_title_background_color":"","ocean_post_title_background":0,"ocean_post_title_bg_image_position":"","ocean_post_title_bg_image_attachment":"","ocean_post_title_bg_image_repeat":"","ocean_post_title_bg_image_size":"","ocean_post_title_height":0,"ocean_post_title_bg_overlay":0.5,"ocean_post_title_bg_overlay_color":"","ocean_disable_breadcrumbs":"default","ocean_breadcrumbs_color":"","ocean_breadcrumbs_separator_color":"","ocean_breadcrumbs_links_color":"","ocean_breadcrumbs_links_hover_color":"","ocean_display_footer_widgets":"default","ocean_display_footer_bottom":"default","ocean_custom_footer_template":""},"product_brand":[102],"product_cat":[28,53,16,51],"product_tag":[125],"class_list":{"0":"post-2618","1":"product","2":"type-product","3":"status-publish","4":"has-post-thumbnail","6":"product_brand-argital","7":"product_cat-anti-cellulite","8":"product_cat-corps-peau","9":"product_cat-soins","10":"product_cat-soins-du-corps","11":"product_tag-vegan","13":"entry","14":"has-media","16":"first","17":"instock","18":"taxable","19":"shipping-taxable","20":"purchasable","21":"product-type-simple","22":"has-rating","23":"col","24":"span_1_of_3","25":"owp-content-center","26":"owp-thumbs-layout-horizontal","27":"owp-btn-normal","28":"owp-tabs-layout-section","29":"has-no-thumbnails","30":"circle-sale"},"_links":{"self":[{"href":"https:\/\/www.biobey.be\/fr\/wp-json\/wp\/v2\/product\/2618","targetHints":{"allow":["GET"]}}],"collection":[{"href":"https:\/\/www.biobey.be\/fr\/wp-json\/wp\/v2\/product"}],"about":[{"href":"https:\/\/www.biobey.be\/fr\/wp-json\/wp\/v2\/types\/product"}],"replies":[{"embeddable":true,"href":"https:\/\/www.biobey.be\/fr\/wp-json\/wp\/v2\/comments?post=2618"}],"wp:featuredmedia":[{"embeddable":true,"href":"https:\/\/www.biobey.be\/fr\/wp-json\/wp\/v2\/media\/790"}],"wp:attachment":[{"href":"https:\/\/www.biobey.be\/fr\/wp-json\/wp\/v2\/media?parent=2618"}],"wp:term":[{"taxonomy":"product_brand","embeddable":true,"href":"https:\/\/www.biobey.be\/fr\/wp-json\/wp\/v2\/product_brand?post=2618"},{"taxonomy":"product_cat","embeddable":true,"href":"https:\/\/www.biobey.be\/fr\/wp-json\/wp\/v2\/product_cat?post=2618"},{"taxonomy":"product_tag","embeddable":true,"href":"https:\/\/www.biobey.be\/fr\/wp-json\/wp\/v2\/product_tag?post=2618"}],"curies":[{"name":"wp","href":"https:\/\/api.w.org\/{rel}","templated":true}]}}