{"id":2621,"date":"2024-07-25T10:28:31","date_gmt":"2024-07-25T08:28:31","guid":{"rendered":"https:\/\/www.biobey.be\/fr-temp\/produit\/crayon-levres-bio-brique-rouge-lepo-no-50\/"},"modified":"2026-04-03T00:27:09","modified_gmt":"2026-04-02T22:27:09","slug":"crayon-levres-bio-brique-rouge-lepo-no-50","status":"publish","type":"product","link":"https:\/\/www.biobey.be\/fr\/produit\/crayon-levres-bio-brique-rouge-lepo-no-50\/","title":{"rendered":"Crayon l\u00e8vres bio brique rouge Lepo no 50"},"content":{"rendered":"<p>Le crayon l\u00e8vres bio brique mat de Lepo a un teint brique qui donne aux l\u00e8vres un ton rouge. Le crayon l\u00e8vres est id\u00e9al pour tous les types de rouges \u00e0 l\u00e8vres rouges. Il cr\u00e9e <strong>plus de volume et souligne la ligne des l\u00e8vres<\/strong>. L&rsquo;utilisation du crayon pour les l\u00e8vres fait ressortir davantage les l\u00e8vres et le rouge \u00e0 l\u00e8vres durera plus longtemps et cr\u00e9era un effet plus naturel.<\/p>\n<p>Le crayon l\u00e8vres bio brique mat de Lepo est exempt de talc, de parfum, de colorants chimiques, de m\u00e9taux lourds et d&rsquo;autres ingr\u00e9dients synth\u00e9tiques, entre autres. Le crayon l\u00e8vres bio Lepo est donc id\u00e9al pour les personnes ayant des l\u00e8vres s\u00e8ches et sensibles.<\/p>\n<p>La formule v\u00e9g\u00e9talienne et naturelle du crayon \u00e0 l\u00e8vres poss\u00e8de des propri\u00e9t\u00e9s hydratantes et protectrices. Il s&rsquo;agit d&rsquo;un crayon l\u00e8vres bio brique mat qui ne se contente pas de cr\u00e9er un look magnifique, mais qui prend \u00e9galement soin de la ligne des l\u00e8vres et des l\u00e8vres.<\/p>\n<h2>Quel crayon l\u00e8vres bio brique mat pour compl\u00e9ter un rouge \u00e0 l\u00e8vres rouge ?<\/h2>\n<p>Le crayon l\u00e8vres bio brique mat de Lepo convient au rouge \u00e0 l\u00e8vres rouge. Le ton rouge mat donne aux l\u00e8vres un aspect plus pulpeux. Les pigments min\u00e9raux <strong>tiennent longtemps sur les l\u00e8vres<\/strong>, ce qui prolonge la dur\u00e9e du rouge \u00e0 l\u00e8vres. Le crayon l\u00e8vres bio velout\u00e9 d\u00e9finit la forme des l\u00e8vres et les rend plus pulpeuses.<\/p>\n<p>Le crayon l\u00e8vres bio brique mat Lepo convient parfaitement au rouge \u00e0 l\u00e8vres rouge fonc\u00e9 et rouge \u00e0 rouge vif. En appliquant le crayon l\u00e8vres bio juste au-dessus de la ligne des l\u00e8vres, au niveau de l&rsquo;arc de cupidon de la l\u00e8vre sup\u00e9rieure, les l\u00e8vres paraissent plus grandes.<\/p>\n<h2>Crayon l\u00e8vres bio et hypoallerg\u00e9nique mat<\/h2>\n<p>Le crayon l\u00e8vres bio Lepo, teint brique mat, convient aux personnes dont les l\u00e8vres et la peau sont sensibles. Les cires v\u00e9g\u00e9tales naturelles et l&rsquo;huile de coco biologique respectent les peaux sensibles.<\/p>\n<p>Les pigments min\u00e9raux et les colorants synth\u00e9tiques n&rsquo;irritent pas les l\u00e8vres. L&rsquo;huile de coco biologique aide \u00e0 r\u00e9parer les l\u00e8vres ab\u00eem\u00e9es et a un effet hydratant. La cire de carnauba prot\u00e8ge les l\u00e8vres de la d\u00e9shydratation et des radicaux libres.<\/p>\n<h3>Comment appliquer le crayon l\u00e8vres bio brique mat ?<\/h3>\n<p>Avant de maquiller les l\u00e8vres, il est recommand\u00e9 de les nettoyer et de les hydrater avec un baume \u00e0 l\u00e8vres naturel. Commencez par le centre de la l\u00e8vre sup\u00e9rieure et dessinez un trait vers l&rsquo;ext\u00e9rieur jusqu&rsquo;aux commissures des l\u00e8vres. Soulignez l&rsquo;arc de cupidon pour plus de volume.<\/p>\n<p>Commencez \u00e9galement au centre de la l\u00e8vre inf\u00e9rieure et tracez une ligne vers les coins de la bouche. Appliquez ensuite le rouge \u00e0 l\u00e8vres \u00e0 l&rsquo;aide d&rsquo;un pinceau fin.<\/p>\n<p>Ingr\u00e9dients (INCI) : Octyldodecyl Stearoyl Stearate, Cocos nucifera (Kokos) Oil*, C10-18 Triglycerides, Copernicia cerifera cera\/Copernicia cerifera (Carnauba) Wax*, Tribehenin, Silica, Polyglyceryl-3 Diisostearate, Oryzanol, Glyceryl Caprylate, Tocopherol (Vitamine E), CI 77491, CI 77492, CI 77499\/Iron Oxides, CI 77891<\/p>\n<p>*Ingr\u00e9dients issus de l&rsquo;agriculture biologique<br \/>\nLe crayon l\u00e8vres bio Lepo complexion est v\u00e9g\u00e9talien et 100% naturel. Il convient aux personnes ayant des l\u00e8vres sensibles et s\u00e8ches.<\/p>\n<p>Il est exempt de talc, de parfum, de m\u00e9taux lourds, de colorants chimiques et d&rsquo;autres substances synth\u00e9tiques. Lepo est une entreprise italienne sp\u00e9cialis\u00e9e dans les produits de beaut\u00e9 et de maquillage naturels et hypoallerg\u00e9niques.<\/p>\n","protected":false},"excerpt":{"rendered":"<p>Le crayon l\u00e8vres bio brique mat Lepo convient aux personnes ayant des l\u00e8vres sensibles et s\u00e8ches. Le teint brique avec une nuance rouge peut \u00eatre combin\u00e9 avec tous les types de rouges \u00e0 l\u00e8vres de teinte rouge.<br \/>\n<strong>Signes distinctifs<\/strong> : Icea Bio, Vegan, Eco Control, Test\u00e9 dermatologiquement, Sans m\u00e9taux lourds.<br \/>\n<strong>Teint :<\/strong> Finition mate avec un fond rouge brique<br \/>\n<strong>Formule:<\/strong> Cire v\u00e9g\u00e9tale, huile de coco biologique, vitamine E, pigments min\u00e9raux.<\/p>\n","protected":false},"featured_media":792,"comment_status":"open","ping_status":"closed","template":"","meta":{"ocean_post_layout":"","ocean_both_sidebars_style":"","ocean_both_sidebars_content_width":0,"ocean_both_sidebars_sidebars_width":0,"ocean_sidebar":"0","ocean_second_sidebar":"0","ocean_disable_margins":"enable","ocean_add_body_class":"","ocean_shortcode_before_top_bar":"","ocean_shortcode_after_top_bar":"","ocean_shortcode_before_header":"","ocean_shortcode_after_header":"","ocean_has_shortcode":"","ocean_shortcode_after_title":"","ocean_shortcode_before_footer_widgets":"","ocean_shortcode_after_footer_widgets":"","ocean_shortcode_before_footer_bottom":"","ocean_shortcode_after_footer_bottom":"","ocean_display_top_bar":"default","ocean_display_header":"default","ocean_header_style":"","ocean_center_header_left_menu":"0","ocean_custom_header_template":"0","ocean_custom_logo":0,"ocean_custom_retina_logo":0,"ocean_custom_logo_max_width":0,"ocean_custom_logo_tablet_max_width":0,"ocean_custom_logo_mobile_max_width":0,"ocean_custom_logo_max_height":0,"ocean_custom_logo_tablet_max_height":0,"ocean_custom_logo_mobile_max_height":0,"ocean_header_custom_menu":"0","ocean_menu_typo_font_family":"0","ocean_menu_typo_font_subset":"","ocean_menu_typo_font_size":0,"ocean_menu_typo_font_size_tablet":0,"ocean_menu_typo_font_size_mobile":0,"ocean_menu_typo_font_size_unit":"px","ocean_menu_typo_font_weight":"","ocean_menu_typo_font_weight_tablet":"","ocean_menu_typo_font_weight_mobile":"","ocean_menu_typo_transform":"","ocean_menu_typo_transform_tablet":"","ocean_menu_typo_transform_mobile":"","ocean_menu_typo_line_height":0,"ocean_menu_typo_line_height_tablet":0,"ocean_menu_typo_line_height_mobile":0,"ocean_menu_typo_line_height_unit":"","ocean_menu_typo_spacing":0,"ocean_menu_typo_spacing_tablet":0,"ocean_menu_typo_spacing_mobile":0,"ocean_menu_typo_spacing_unit":"","ocean_menu_link_color":"","ocean_menu_link_color_hover":"","ocean_menu_link_color_active":"","ocean_menu_link_background":"","ocean_menu_link_hover_background":"","ocean_menu_link_active_background":"","ocean_menu_social_links_bg":"","ocean_menu_social_hover_links_bg":"","ocean_menu_social_links_color":"","ocean_menu_social_hover_links_color":"","ocean_disable_title":"default","ocean_disable_heading":"default","ocean_post_title":"","ocean_post_subheading":"","ocean_post_title_style":"","ocean_post_title_background_color":"","ocean_post_title_background":0,"ocean_post_title_bg_image_position":"","ocean_post_title_bg_image_attachment":"","ocean_post_title_bg_image_repeat":"","ocean_post_title_bg_image_size":"","ocean_post_title_height":0,"ocean_post_title_bg_overlay":0.5,"ocean_post_title_bg_overlay_color":"","ocean_disable_breadcrumbs":"default","ocean_breadcrumbs_color":"","ocean_breadcrumbs_separator_color":"","ocean_breadcrumbs_links_color":"","ocean_breadcrumbs_links_hover_color":"","ocean_display_footer_widgets":"default","ocean_display_footer_bottom":"default","ocean_custom_footer_template":"0"},"product_brand":[121],"product_cat":[55,47],"product_tag":[125],"class_list":{"0":"post-2621","1":"product","2":"type-product","3":"status-publish","4":"has-post-thumbnail","6":"product_brand-lepo-ecobio-cosmetica","7":"product_cat-maquillage","8":"product_cat-offres-et-minis","9":"product_tag-vegan","11":"entry","12":"has-media","14":"first","15":"instock","16":"taxable","17":"shipping-taxable","18":"purchasable","19":"product-type-simple","20":"has-rating","21":"col","22":"span_1_of_3","23":"owp-content-center","24":"owp-thumbs-layout-horizontal","25":"owp-btn-normal","26":"owp-tabs-layout-section","27":"has-no-thumbnails","28":"circle-sale"},"_links":{"self":[{"href":"https:\/\/www.biobey.be\/fr\/wp-json\/wp\/v2\/product\/2621","targetHints":{"allow":["GET"]}}],"collection":[{"href":"https:\/\/www.biobey.be\/fr\/wp-json\/wp\/v2\/product"}],"about":[{"href":"https:\/\/www.biobey.be\/fr\/wp-json\/wp\/v2\/types\/product"}],"replies":[{"embeddable":true,"href":"https:\/\/www.biobey.be\/fr\/wp-json\/wp\/v2\/comments?post=2621"}],"wp:featuredmedia":[{"embeddable":true,"href":"https:\/\/www.biobey.be\/fr\/wp-json\/wp\/v2\/media\/792"}],"wp:attachment":[{"href":"https:\/\/www.biobey.be\/fr\/wp-json\/wp\/v2\/media?parent=2621"}],"wp:term":[{"taxonomy":"product_brand","embeddable":true,"href":"https:\/\/www.biobey.be\/fr\/wp-json\/wp\/v2\/product_brand?post=2621"},{"taxonomy":"product_cat","embeddable":true,"href":"https:\/\/www.biobey.be\/fr\/wp-json\/wp\/v2\/product_cat?post=2621"},{"taxonomy":"product_tag","embeddable":true,"href":"https:\/\/www.biobey.be\/fr\/wp-json\/wp\/v2\/product_tag?post=2621"}],"curies":[{"name":"wp","href":"https:\/\/api.w.org\/{rel}","templated":true}]}}