{"id":2623,"date":"2024-07-29T12:41:36","date_gmt":"2024-07-29T10:41:36","guid":{"rendered":"https:\/\/www.biobey.be\/fr-temp\/produit\/ombre-a-paupieres-hypoallergenique-bio\/"},"modified":"2025-11-25T02:15:18","modified_gmt":"2025-11-25T01:15:18","slug":"ombre-a-paupieres-hypoallergenique-bio","status":"publish","type":"product","link":"https:\/\/www.biobey.be\/fr\/produit\/ombre-a-paupieres-hypoallergenique-bio\/","title":{"rendered":"Ombre \u00e0 paupi\u00e8res hypoallerg\u00e9nique bio Peach Lepo 2.5"},"content":{"rendered":"<p>L&rsquo;ombre \u00e0 paupi\u00e8res hypoallerg\u00e9nique bio Lepo a une couleur rose p\u00eache douce. Le fini subtilement satin\u00e9 de l&rsquo;ombre \u00e0 paupi\u00e8res assure un regard lumineux. La couleur p\u00eache douce convient parfaitement au maquillage de tous les jours.<\/p>\n<p>Pour un look plus saisissant, l&rsquo;ombre \u00e0 paupi\u00e8res hypoallerg\u00e9nique bio peut \u00eatre combin\u00e9e avec des couleurs d&rsquo;ombres \u00e0 paupi\u00e8res plus fonc\u00e9es telles que le brun, le taupe, le cuivre ou le violet, entre autres.<\/p>\n<h2>L&rsquo;ombre \u00e0 paupi\u00e8res hypoallerg\u00e9nique bio convient-elle aux yeux sensibles ?<\/h2>\n<p>L&rsquo;ombre \u00e0 paupi\u00e8res hypoallerg\u00e9nique bio Peach est <strong>id\u00e9ale pour les yeux sensibles<\/strong>. Sa formule 100 % naturelle et v\u00e9g\u00e9talienne est sp\u00e9cialement con\u00e7ue pour les personnes souffrant d&rsquo;allergies ou de peau s\u00e8che autour des yeux.<\/p>\n<p>L&rsquo;ombre \u00e0 paupi\u00e8res hypoallerg\u00e9nique bio est test\u00e9e sous contr\u00f4le dermatologique et a un effet hydratant et protecteur pour la peau en plus d&rsquo;un effet maquillage.<\/p>\n<p>L&rsquo;ombre \u00e0 paupi\u00e8res pour yeux sensibles est bas\u00e9e sur une petite poudre douce d&rsquo;amidon de ma\u00efs. Il s&rsquo;agit d&rsquo;une alternative hypoallerg\u00e9nique et naturelle au talc. En outre, le fard \u00e0 paupi\u00e8res anti-allergique bio contient de l&rsquo;huile de ricin biologique press\u00e9e \u00e0 froid, de l&rsquo;huile de jojoba et de l&rsquo;extrait de magnolia.<\/p>\n<p>Le fard \u00e0 paupi\u00e8res Lepo de couleur p\u00eache <strong>ne contient pas de parfum, d&rsquo;huiles min\u00e9rales, de talc, de colorants synth\u00e9tiques, de microplastiques ou d&rsquo;autres substances irritantes.<\/strong><\/p>\n<h2>Les bienfaits de l&rsquo;ombre \u00e0 paupi\u00e8res hypoallerg\u00e9nique bio couleur p\u00eache<\/h2>\n<p>Les pigments min\u00e9raux de l&rsquo;ombre \u00e0 paupi\u00e8res hypoallerg\u00e9nique bio couleur p\u00eache de Lepo sont doux pour la peau et ont un pigment intense qui dure longtemps sur la peau. Ils garantissent ainsi un look magnifique et durable. L&rsquo;ombre \u00e0 paupi\u00e8res hypoallerg\u00e9nique bio hydrate et soigne la peau.<\/p>\n<p>Les huiles v\u00e9g\u00e9tales biologiques telles que l&rsquo;huile de jojoba et l&rsquo;huile de ricin nourrissent la peau et aident \u00e0 pr\u00e9venir la d\u00e9shydratation. La vitamine E a des propri\u00e9t\u00e9s antioxydantes.<\/p>\n<p>La consistance douce et la <strong>composition b\u00e9n\u00e9fique<\/strong> de l&rsquo;ombre \u00e0 paupi\u00e8res soignent les paupi\u00e8res et cr\u00e9ent un regard frais et saisissant. Le teint de p\u00eache avec une nuance de rose terne est une base id\u00e9ale pour un maquillage neutre et accrocheur.<\/p>\n<h3>Comment appliquer l&rsquo;ombre \u00e0 paupi\u00e8res bio p\u00eache ?<\/h3>\n<p>Appliquer une ombre \u00e0 paupi\u00e8res hypoallerg\u00e9nique sur les paupi\u00e8res \u00e0 l&rsquo;aide du pinceau Lepo. Estompez l&rsquo;ombre \u00e0 paupi\u00e8res pour un look neutre. Pour un look plus intense, l&rsquo;ombre \u00e0 paupi\u00e8res peut \u00eatre appliqu\u00e9e plusieurs fois ou combin\u00e9e avec une ombre \u00e0 paupi\u00e8res de couleur fonc\u00e9e.<\/p>\n<p>Ingr\u00e9dients : Mica, amidon de Zea Mays (Mais) *, Ricinus Communis (Castor) Seed Oil *, Simmondsia Chinensis (Jojoba) Seed Oil *,<\/p>\n<p>Zinc Stearate, Octyldodecanol, Glyceryl Caprylate, Pentylene Glycol, Lecithin, Magnolia Officinalis Bark Extract, Tocopherol (vitamine E), Ascorbyl Palmitate, Citric Acid.<br \/>\n*Ingr\u00e9dients issus de l&rsquo;agriculture biologique<\/p>\n<p>L&rsquo;ombre \u00e0 paupi\u00e8res naturelle est certifi\u00e9e ECOCERT, ICEA BIO, Vegan Ok. Il est test\u00e9 dermatologiquement et approuv\u00e9 pour les yeux et les peaux sensibles. Lepo Cosmetici est un fabricant italien sp\u00e9cialis\u00e9 dans les produits de soin et de beaut\u00e9 naturels et durables.<\/p>\n","protected":false},"excerpt":{"rendered":"<p>Ombre \u00e0 paupi\u00e8res hypoallerg\u00e9nique P\u00eache de Lepo est 100% naturelle. Elle est id\u00e9ale pour les personnes aux yeux sensibles gr\u00e2ce \u00e0 sa formule douce exempte de substances irritantes telles que le talc, le parfum, les huiles min\u00e9rales, les colorants synth\u00e9tiques et les microplastiques. L&rsquo;ombre \u00e0 paupi\u00e8res anti-allergique de couleur p\u00eache au fini subtilement satin\u00e9 peut \u00eatre utilis\u00e9e pour le maquillage de tous les jours ou comme base pour un look dramatique saisissant.<\/p>\n<p>Teint : Teinte p\u00eache au fini satin\u00e9<br \/>\nContenu : 2.5g<br \/>\nCertifications : EcoCert, Cosmos Organic, Icea Bio, Vegan Ok, nickel tested<\/p>\n","protected":false},"featured_media":794,"comment_status":"open","ping_status":"closed","template":"","meta":{"ocean_post_layout":"","ocean_both_sidebars_style":"","ocean_both_sidebars_content_width":0,"ocean_both_sidebars_sidebars_width":0,"ocean_sidebar":"0","ocean_second_sidebar":"0","ocean_disable_margins":"enable","ocean_add_body_class":"","ocean_shortcode_before_top_bar":"","ocean_shortcode_after_top_bar":"","ocean_shortcode_before_header":"","ocean_shortcode_after_header":"","ocean_has_shortcode":"","ocean_shortcode_after_title":"","ocean_shortcode_before_footer_widgets":"","ocean_shortcode_after_footer_widgets":"","ocean_shortcode_before_footer_bottom":"","ocean_shortcode_after_footer_bottom":"","ocean_display_top_bar":"default","ocean_display_header":"default","ocean_header_style":"","ocean_center_header_left_menu":"0","ocean_custom_header_template":"0","ocean_custom_logo":0,"ocean_custom_retina_logo":0,"ocean_custom_logo_max_width":0,"ocean_custom_logo_tablet_max_width":0,"ocean_custom_logo_mobile_max_width":0,"ocean_custom_logo_max_height":0,"ocean_custom_logo_tablet_max_height":0,"ocean_custom_logo_mobile_max_height":0,"ocean_header_custom_menu":"0","ocean_menu_typo_font_family":"0","ocean_menu_typo_font_subset":"","ocean_menu_typo_font_size":0,"ocean_menu_typo_font_size_tablet":0,"ocean_menu_typo_font_size_mobile":0,"ocean_menu_typo_font_size_unit":"px","ocean_menu_typo_font_weight":"","ocean_menu_typo_font_weight_tablet":"","ocean_menu_typo_font_weight_mobile":"","ocean_menu_typo_transform":"","ocean_menu_typo_transform_tablet":"","ocean_menu_typo_transform_mobile":"","ocean_menu_typo_line_height":0,"ocean_menu_typo_line_height_tablet":0,"ocean_menu_typo_line_height_mobile":0,"ocean_menu_typo_line_height_unit":"","ocean_menu_typo_spacing":0,"ocean_menu_typo_spacing_tablet":0,"ocean_menu_typo_spacing_mobile":0,"ocean_menu_typo_spacing_unit":"","ocean_menu_link_color":"","ocean_menu_link_color_hover":"","ocean_menu_link_color_active":"","ocean_menu_link_background":"","ocean_menu_link_hover_background":"","ocean_menu_link_active_background":"","ocean_menu_social_links_bg":"","ocean_menu_social_hover_links_bg":"","ocean_menu_social_links_color":"","ocean_menu_social_hover_links_color":"","ocean_disable_title":"default","ocean_disable_heading":"default","ocean_post_title":"","ocean_post_subheading":"","ocean_post_title_style":"","ocean_post_title_background_color":"","ocean_post_title_background":0,"ocean_post_title_bg_image_position":"","ocean_post_title_bg_image_attachment":"","ocean_post_title_bg_image_repeat":"","ocean_post_title_bg_image_size":"","ocean_post_title_height":0,"ocean_post_title_bg_overlay":0.5,"ocean_post_title_bg_overlay_color":"","ocean_disable_breadcrumbs":"default","ocean_breadcrumbs_color":"","ocean_breadcrumbs_separator_color":"","ocean_breadcrumbs_links_color":"","ocean_breadcrumbs_links_hover_color":"","ocean_display_footer_widgets":"default","ocean_display_footer_bottom":"default","ocean_custom_footer_template":"0"},"product_brand":[121],"product_cat":[55],"product_tag":[125],"class_list":{"0":"post-2623","1":"product","2":"type-product","3":"status-publish","4":"has-post-thumbnail","6":"product_brand-lepo-ecobio-cosmetica","7":"product_cat-maquillage","8":"product_tag-vegan","10":"entry","11":"has-media","13":"first","14":"instock","15":"taxable","16":"shipping-taxable","17":"purchasable","18":"product-type-simple","19":"has-rating","20":"col","21":"span_1_of_3","22":"owp-content-center","23":"owp-thumbs-layout-horizontal","24":"owp-btn-normal","25":"owp-tabs-layout-section","26":"has-no-thumbnails","27":"circle-sale"},"_links":{"self":[{"href":"https:\/\/www.biobey.be\/fr\/wp-json\/wp\/v2\/product\/2623","targetHints":{"allow":["GET"]}}],"collection":[{"href":"https:\/\/www.biobey.be\/fr\/wp-json\/wp\/v2\/product"}],"about":[{"href":"https:\/\/www.biobey.be\/fr\/wp-json\/wp\/v2\/types\/product"}],"replies":[{"embeddable":true,"href":"https:\/\/www.biobey.be\/fr\/wp-json\/wp\/v2\/comments?post=2623"}],"wp:featuredmedia":[{"embeddable":true,"href":"https:\/\/www.biobey.be\/fr\/wp-json\/wp\/v2\/media\/794"}],"wp:attachment":[{"href":"https:\/\/www.biobey.be\/fr\/wp-json\/wp\/v2\/media?parent=2623"}],"wp:term":[{"taxonomy":"product_brand","embeddable":true,"href":"https:\/\/www.biobey.be\/fr\/wp-json\/wp\/v2\/product_brand?post=2623"},{"taxonomy":"product_cat","embeddable":true,"href":"https:\/\/www.biobey.be\/fr\/wp-json\/wp\/v2\/product_cat?post=2623"},{"taxonomy":"product_tag","embeddable":true,"href":"https:\/\/www.biobey.be\/fr\/wp-json\/wp\/v2\/product_tag?post=2623"}],"curies":[{"name":"wp","href":"https:\/\/api.w.org\/{rel}","templated":true}]}}