{"id":2624,"date":"2024-07-29T12:41:48","date_gmt":"2024-07-29T10:41:48","guid":{"rendered":"https:\/\/www.biobey.be\/fr-temp\/produit\/creme-amincissante-anticellulite-bio-250l\/"},"modified":"2025-07-11T13:19:38","modified_gmt":"2025-07-11T11:19:38","slug":"creme-amincissante-anticellulite-bio-250l","status":"publish","type":"product","link":"https:\/\/www.biobey.be\/fr\/produit\/creme-amincissante-anticellulite-bio-250l\/","title":{"rendered":"Cr\u00e8me amincissante anticellulite bio 250ml"},"content":{"rendered":"<p>Cr\u00e8me amincissante anticellulite bio pour les cuisses et les fesses appartient au programme cellulaire Bema. La cr\u00e8me pour le corps aide \u00e0 lisser et \u00e0 raffermir la peau gr\u00e2ce \u00e0 ses multiples effets.<\/p>\n<p>La cr\u00e8me \u00e9limine l&rsquo;humidit\u00e9 et les toxines accumul\u00e9es et stimule la circulation sanguine vers les cellules de la peau. Elle raffermit la peau et aide \u00e0 r\u00e9duire l&rsquo;effet peau d&rsquo;orange.<\/p>\n<p>La cr\u00e8me amincissante anti-cellulite est test\u00e9e dermatologiquement et approuv\u00e9e pour son action efficace. Apr\u00e8s deux semaines d&rsquo;utilisation, l&rsquo;am\u00e9lioration est visible. <strong>La peau est plus ferme et plus lisse.<\/strong><\/p>\n<p>De plus, la formule naturelle \u00e0 base d&rsquo;huiles biologiques de soja, d&rsquo;extrait de riz, de vitamine E et de kaolin a un effet hydratant et adoucissant.<\/p>\n<h2>Que fait la cr\u00e8me amincissante anticellulite bio contre la peau d&rsquo;orange ?<\/h2>\n<p>La cr\u00e8me amincissante anticellulite bio aide \u00e0 lutter contre la peau d&rsquo;orange en resserrant la peau et en \u00e9liminant les imperfections. En raison d&rsquo;une mauvaise circulation, les d\u00e9chets accumul\u00e9s s&rsquo;agglutinent entre les cellules graisseuses. Cela provoque des irr\u00e9gularit\u00e9s, de la cellulite et de la peau d&rsquo;orange.<\/p>\n<p>La cr\u00e8me amincissante anticellulite bio de Bema <strong>\u00e9limine les liquides et les toxines accumul\u00e9s localement<\/strong>. Elle am\u00e9liore la circulation sanguine vers les cellules de la peau. En outre, les principes actifs de la cr\u00e8me aident \u00e0 br\u00fbler les graisses accumul\u00e9es sous la peau et \u00e0 renforcer le tissu cellulaire.<\/p>\n<h3>Comment utiliser la cr\u00e8me amincissante anticellulite bio ?<\/h3>\n<p>Utilisez environ 60 ml de la cr\u00e8me amincissante anticellulite bio Bema pour traiter les jambes, les fesses et les cuisses. Frottez la cr\u00e8me sur les zones \u00e0 traiter en effectuant des mouvements circulaires. Veillez \u00e0 ce que la couche de cr\u00e8me appliqu\u00e9e ait une \u00e9paisseur d&rsquo;au moins 1 mm<\/p>\n<p>Remarque : Pour obtenir des r\u00e9sultats optimaux, il est important de maintenir un mode de vie sain, tel qu&rsquo;une activit\u00e9 physique suffisante et une alimentation \u00e9quilibr\u00e9e, en plus de la cr\u00e8me amincissante anticellulite bio. La r\u00e9duction du tabagisme, de la consommation d&rsquo;alcool et du stress am\u00e9liorera la sant\u00e9 du corps et de la peau.<\/p>\n<p>INCI : Aqua, dicaprylyl carbonate, cetearyl glucoside, cetearyl alcohol, glycine soybean oil, glycerine, rice germ oil, titanium dioxide, cocoglycerides, potassium ketyl phosphate, kaolin, Huile de fruit d&rsquo;Olea Europaea* (Olive), huile de graine d&rsquo;Helianthus Annuus*,<\/p>\n<p>caprylate de glyc\u00e9ryle, phosphatidylcholine, chlorure de sodium, tocoph\u00e9rol, acide citrique, alcool benzylique, acide d\u00e9hydroac\u00e9tique, ar\u00f4me naturel.<\/p>\n","protected":false},"excerpt":{"rendered":"<p>Cr\u00e8me amincissante anticellulite bio Bema raffermit la peau de mani\u00e8re naturelle et aide \u00e0 r\u00e9duire la peau d&rsquo;orange. La cr\u00e8me pour les jambes et les fesses \u00e9limine plus rapidement les liquides et les d\u00e9chets accumul\u00e9s. Elle stimule la circulation sanguine et renforce le tissu cellulaire.<\/p>\n","protected":false},"featured_media":795,"comment_status":"open","ping_status":"closed","template":"","meta":{"ocean_post_layout":"","ocean_both_sidebars_style":"","ocean_both_sidebars_content_width":0,"ocean_both_sidebars_sidebars_width":0,"ocean_sidebar":"","ocean_second_sidebar":"","ocean_disable_margins":"enable","ocean_add_body_class":"","ocean_shortcode_before_top_bar":"","ocean_shortcode_after_top_bar":"","ocean_shortcode_before_header":"","ocean_shortcode_after_header":"","ocean_has_shortcode":"","ocean_shortcode_after_title":"","ocean_shortcode_before_footer_widgets":"","ocean_shortcode_after_footer_widgets":"","ocean_shortcode_before_footer_bottom":"","ocean_shortcode_after_footer_bottom":"","ocean_display_top_bar":"default","ocean_display_header":"default","ocean_header_style":"","ocean_center_header_left_menu":"","ocean_custom_header_template":"","ocean_custom_logo":0,"ocean_custom_retina_logo":0,"ocean_custom_logo_max_width":0,"ocean_custom_logo_tablet_max_width":0,"ocean_custom_logo_mobile_max_width":0,"ocean_custom_logo_max_height":0,"ocean_custom_logo_tablet_max_height":0,"ocean_custom_logo_mobile_max_height":0,"ocean_header_custom_menu":"","ocean_menu_typo_font_family":"","ocean_menu_typo_font_subset":"","ocean_menu_typo_font_size":0,"ocean_menu_typo_font_size_tablet":0,"ocean_menu_typo_font_size_mobile":0,"ocean_menu_typo_font_size_unit":"px","ocean_menu_typo_font_weight":"","ocean_menu_typo_font_weight_tablet":"","ocean_menu_typo_font_weight_mobile":"","ocean_menu_typo_transform":"","ocean_menu_typo_transform_tablet":"","ocean_menu_typo_transform_mobile":"","ocean_menu_typo_line_height":0,"ocean_menu_typo_line_height_tablet":0,"ocean_menu_typo_line_height_mobile":0,"ocean_menu_typo_line_height_unit":"","ocean_menu_typo_spacing":0,"ocean_menu_typo_spacing_tablet":0,"ocean_menu_typo_spacing_mobile":0,"ocean_menu_typo_spacing_unit":"","ocean_menu_link_color":"","ocean_menu_link_color_hover":"","ocean_menu_link_color_active":"","ocean_menu_link_background":"","ocean_menu_link_hover_background":"","ocean_menu_link_active_background":"","ocean_menu_social_links_bg":"","ocean_menu_social_hover_links_bg":"","ocean_menu_social_links_color":"","ocean_menu_social_hover_links_color":"","ocean_disable_title":"default","ocean_disable_heading":"default","ocean_post_title":"","ocean_post_subheading":"","ocean_post_title_style":"","ocean_post_title_background_color":"","ocean_post_title_background":0,"ocean_post_title_bg_image_position":"","ocean_post_title_bg_image_attachment":"","ocean_post_title_bg_image_repeat":"","ocean_post_title_bg_image_size":"","ocean_post_title_height":0,"ocean_post_title_bg_overlay":0.5,"ocean_post_title_bg_overlay_color":"","ocean_disable_breadcrumbs":"default","ocean_breadcrumbs_color":"","ocean_breadcrumbs_separator_color":"","ocean_breadcrumbs_links_color":"","ocean_breadcrumbs_links_hover_color":"","ocean_display_footer_widgets":"default","ocean_display_footer_bottom":"default","ocean_custom_footer_template":""},"product_brand":[106],"product_cat":[28,53,18,17,16,51],"product_tag":[125],"class_list":{"0":"post-2624","1":"product","2":"type-product","3":"status-publish","4":"has-post-thumbnail","6":"product_brand-bema-bio","7":"product_cat-anti-cellulite","8":"product_cat-corps-peau","9":"product_cat-nettoyage-de-la-peau-et-masques","10":"product_cat-soins-du-visage","11":"product_cat-soins","12":"product_cat-soins-du-corps","13":"product_tag-vegan","15":"entry","16":"has-media","18":"first","19":"instock","20":"taxable","21":"shipping-taxable","22":"purchasable","23":"product-type-simple","24":"has-rating","25":"col","26":"span_1_of_3","27":"owp-content-center","28":"owp-thumbs-layout-horizontal","29":"owp-btn-normal","30":"owp-tabs-layout-section","31":"has-no-thumbnails","32":"circle-sale"},"_links":{"self":[{"href":"https:\/\/www.biobey.be\/fr\/wp-json\/wp\/v2\/product\/2624","targetHints":{"allow":["GET"]}}],"collection":[{"href":"https:\/\/www.biobey.be\/fr\/wp-json\/wp\/v2\/product"}],"about":[{"href":"https:\/\/www.biobey.be\/fr\/wp-json\/wp\/v2\/types\/product"}],"replies":[{"embeddable":true,"href":"https:\/\/www.biobey.be\/fr\/wp-json\/wp\/v2\/comments?post=2624"}],"wp:featuredmedia":[{"embeddable":true,"href":"https:\/\/www.biobey.be\/fr\/wp-json\/wp\/v2\/media\/795"}],"wp:attachment":[{"href":"https:\/\/www.biobey.be\/fr\/wp-json\/wp\/v2\/media?parent=2624"}],"wp:term":[{"taxonomy":"product_brand","embeddable":true,"href":"https:\/\/www.biobey.be\/fr\/wp-json\/wp\/v2\/product_brand?post=2624"},{"taxonomy":"product_cat","embeddable":true,"href":"https:\/\/www.biobey.be\/fr\/wp-json\/wp\/v2\/product_cat?post=2624"},{"taxonomy":"product_tag","embeddable":true,"href":"https:\/\/www.biobey.be\/fr\/wp-json\/wp\/v2\/product_tag?post=2624"}],"curies":[{"name":"wp","href":"https:\/\/api.w.org\/{rel}","templated":true}]}}