{"id":2625,"date":"2025-05-31T14:34:18","date_gmt":"2025-05-31T12:34:18","guid":{"rendered":"https:\/\/www.biobey.be\/fr-temp\/produit\/gloss-a-levres-bio-toffee-biosense-3-0ml\/"},"modified":"2025-11-28T14:43:47","modified_gmt":"2025-11-28T13:43:47","slug":"gloss-a-levres-bio-toffee-biosense-3-0ml","status":"publish","type":"product","link":"https:\/\/www.biobey.be\/fr\/produit\/gloss-a-levres-bio-toffee-biosense-3-0ml\/","title":{"rendered":"Gloss \u00e0 l\u00e8vres bio Toffee Biosense 3.0ml"},"content":{"rendered":"<p>Gloss bio aux propri\u00e9t\u00e9s hydratantes qui repulpe naturellement les l\u00e8vres ?\u00a0 Le gloss \u00e0 l\u00e8vres bio et vegan \u00e0 effet 3D cr\u00e9e des l\u00e8vres plus pulpeuses. La formule \u00e0 base d&rsquo;huiles v\u00e9g\u00e9tales biologiques garantit que le gloss naturel hydrate, soigne et prot\u00e8ge les l\u00e8vres s\u00e8ches.<\/p>\n<p><strong>Les principales propri\u00e9t\u00e9s du gloss \u00e0 l\u00e8vres bio \u00e0 effet de Biosense<\/strong><\/p>\n<ol>\n<li>cr\u00e9er un effet l\u00e8vres pulpeuses de mani\u00e8re naturelle<\/li>\n<li>excellent pour les l\u00e8vres s\u00e8ches<\/li>\n<li>brillant \u00e0 l\u00e8vres avec action soignante: hydrate et prot\u00e8ge les l\u00e8vres s\u00e8ches<\/li>\n<li>effet nourrissant<\/li>\n<\/ol>\n<p>Le gloss hydratant 3D ne colle pas et ne donne pas l&rsquo;impression d&rsquo;\u00eatre lourd. La teinte nude intense donne du volume aux l\u00e8vres et les d\u00e9finit mieux. Sa consistance douce est agr\u00e9ablement l\u00e9g\u00e8re sur les l\u00e8vres. En utilisant <span style=\"color: #000080;\"><a style=\"color: #000080;\" href=\"https:\/\/www.biobey.be\/fr\/produit\/crayon-contour-levres-bio-rose-sans-talc\/\">un crayon \u00e0 l\u00e8vres sans talc<\/a><\/span>, les l\u00e8vres peuvent \u00eatre encore plus d\u00e9finies.<\/p>\n<p>La combinaison d&rsquo;huile d&rsquo;argan biologique, d&rsquo;huile de tsubaki et de beurre de mangue est riche en vitamines et en antioxydants. Le gloss \u00e0 l\u00e8vres bio hydrate les l\u00e8vres s\u00e8ches et les prot\u00e8ge contre les radicaux libres.<\/p>\n<p>Gr\u00e2ce \u00e0 sa fonction soignante, le gloss peut \u00eatre appliqu\u00e9 aussi souvent que souhait\u00e9. Il peut \u00eatre utilis\u00e9 directement sur les l\u00e8vres ou par-dessus un crayon ou un rouge \u00e0 l\u00e8vres. <span style=\"color: #000080;\"><a style=\"color: #000080;\" href=\"https:\/\/www.biobey.be\/fr\/produit\/gloss-bio-volume-ultra-rose-chocolat\/\">Le gloss hydratant 3D<\/a><\/span> cr\u00e9e des l\u00e8vres plus pulpeuses et donne un teint plus \u00e9clatant.<\/p>\n<h2>Le gloss \u00e0 l\u00e8vres bio est-il bon pour les l\u00e8vres s\u00e8ches ?<\/h2>\n<p>Le gloss \u00e0 l\u00e8vres bio de Biosense hydrate et nourrit les l\u00e8vres s\u00e8ches. L&rsquo;huile d&rsquo;argan biologique r\u00e9pare la peau s\u00e8che et r\u00e9duit les ridules. Le beurre de karit\u00e9 forme une couche protectrice sur les l\u00e8vres et le contour des l\u00e8vres. Les l\u00e8vres et le contour des l\u00e8vres sont ainsi prot\u00e9g\u00e9s contre la perte d&rsquo;humidit\u00e9.<\/p>\n<p>Le beurre de mangue a de fortes propri\u00e9t\u00e9s nourrissantes pour la peau et les l\u00e8vres. Le gloss 3D <strong>ne contient pas d&rsquo;ingr\u00e9dients dess\u00e9chants tels que les poudres, les huiles min\u00e9rales et les colorants synth\u00e9tiques.<\/strong> Gr\u00e2ce \u00e0 sa formule naturelle \u00e0 base d&rsquo;huiles organiques, les l\u00e8vres sont douces et hydrat\u00e9es.<\/p>\n<h3>Comment appliquer le gloss \u00e0 l\u00e8vres bio 3D ?<\/h3>\n<p>Lepo lip gloss 3D de la ligne Biosense s&rsquo;applique avec son applicateur ou \u00e0 l&rsquo;aide d&rsquo;un petit pinceau.<br \/>\nLe gloss naturel peut \u00eatre appliqu\u00e9 directement sur les l\u00e8vres pour un effet plus subtil qui donne l&rsquo;impression que les l\u00e8vres sont plus pulpeuses.<\/p>\n<p>En outre, le gloss peut \u00e9galement \u00eatre utilis\u00e9 apr\u00e8s l&rsquo;application du crayon \u00e0 l\u00e8vres et du rouge \u00e0 l\u00e8vres. Le rouge \u00e0 l\u00e8vres tiendra ainsi plus longtemps. Le gloss 3D convient aux personnes ayant des l\u00e8vres s\u00e8ches et sensibles.<\/p>\n<p>INCI : Dimer Dilinoleyl Dimer Dilinoleate, Butyrospermum parkii (beurre de karit\u00e9), Cocos nucifera (huile de coco), Ethyl Esters, Argania spinosa Kernel Oil, Copernicia cerifera (Carnauba) Wax, Simmondsia chinensis (Jojoba) Seed Oil, Camellia japonica Seed Oil, Mangifera indica (beurre de mangue),<\/p>\n<p>Ricinus communis (huile de ricin), parfum (ar\u00f4me naturel), diisost\u00e9arate de polyglyc\u00e9ryle-3, silice, mica, tocoph\u00e9rol (vitamine E), oxyde d&rsquo;\u00e9tain, Aqua (eau), acide ascorbique, acide citrique.<\/p>\n<p>Le gloss \u00e0 l\u00e8vres 3D naturel de la ligne Biosense est produit par Lepo. Il est v\u00e9g\u00e9talien, naturel, exempt de m\u00e9taux lourds et test\u00e9 sous contr\u00f4le dermatologique. Lepo est un fabricant italien sp\u00e9cialis\u00e9 dans les produits de maquillage et de soins naturels.<\/p>\n","protected":false},"excerpt":{"rendered":"<p>Le gloss \u00e0 l\u00e8vres bio \u00e0 effet 3D Biosense Toffee No 59 donne aux l\u00e8vres plus de volume et de d\u00e9finition. Le gloss \u00e0 base d&rsquo;huiles biologiques hydrate, nourrit et prot\u00e8ge les l\u00e8vres. Le teint rose nude accentue les l\u00e8vres et cr\u00e9e un beau teint.<\/p>\n<p>Ingr\u00e9dients actifs : Huile d&rsquo;argan biologique, huile de jojoba, beurre de mangue et beurre de karit\u00e9.<\/p>\n<p>Teint : Caramel nr 02<br \/>\nVolume : 3ml<\/p>\n","protected":false},"featured_media":797,"comment_status":"open","ping_status":"closed","template":"","meta":{"ocean_post_layout":"","ocean_both_sidebars_style":"","ocean_both_sidebars_content_width":0,"ocean_both_sidebars_sidebars_width":0,"ocean_sidebar":"0","ocean_second_sidebar":"0","ocean_disable_margins":"enable","ocean_add_body_class":"","ocean_shortcode_before_top_bar":"","ocean_shortcode_after_top_bar":"","ocean_shortcode_before_header":"","ocean_shortcode_after_header":"","ocean_has_shortcode":"","ocean_shortcode_after_title":"","ocean_shortcode_before_footer_widgets":"","ocean_shortcode_after_footer_widgets":"","ocean_shortcode_before_footer_bottom":"","ocean_shortcode_after_footer_bottom":"","ocean_display_top_bar":"default","ocean_display_header":"default","ocean_header_style":"","ocean_center_header_left_menu":"0","ocean_custom_header_template":"0","ocean_custom_logo":0,"ocean_custom_retina_logo":0,"ocean_custom_logo_max_width":0,"ocean_custom_logo_tablet_max_width":0,"ocean_custom_logo_mobile_max_width":0,"ocean_custom_logo_max_height":0,"ocean_custom_logo_tablet_max_height":0,"ocean_custom_logo_mobile_max_height":0,"ocean_header_custom_menu":"0","ocean_menu_typo_font_family":"0","ocean_menu_typo_font_subset":"","ocean_menu_typo_font_size":0,"ocean_menu_typo_font_size_tablet":0,"ocean_menu_typo_font_size_mobile":0,"ocean_menu_typo_font_size_unit":"px","ocean_menu_typo_font_weight":"","ocean_menu_typo_font_weight_tablet":"","ocean_menu_typo_font_weight_mobile":"","ocean_menu_typo_transform":"","ocean_menu_typo_transform_tablet":"","ocean_menu_typo_transform_mobile":"","ocean_menu_typo_line_height":0,"ocean_menu_typo_line_height_tablet":0,"ocean_menu_typo_line_height_mobile":0,"ocean_menu_typo_line_height_unit":"","ocean_menu_typo_spacing":0,"ocean_menu_typo_spacing_tablet":0,"ocean_menu_typo_spacing_mobile":0,"ocean_menu_typo_spacing_unit":"","ocean_menu_link_color":"","ocean_menu_link_color_hover":"","ocean_menu_link_color_active":"","ocean_menu_link_background":"","ocean_menu_link_hover_background":"","ocean_menu_link_active_background":"","ocean_menu_social_links_bg":"","ocean_menu_social_hover_links_bg":"","ocean_menu_social_links_color":"","ocean_menu_social_hover_links_color":"","ocean_disable_title":"default","ocean_disable_heading":"default","ocean_post_title":"","ocean_post_subheading":"","ocean_post_title_style":"","ocean_post_title_background_color":"","ocean_post_title_background":0,"ocean_post_title_bg_image_position":"","ocean_post_title_bg_image_attachment":"","ocean_post_title_bg_image_repeat":"","ocean_post_title_bg_image_size":"","ocean_post_title_height":0,"ocean_post_title_bg_overlay":0.5,"ocean_post_title_bg_overlay_color":"","ocean_disable_breadcrumbs":"default","ocean_breadcrumbs_color":"","ocean_breadcrumbs_separator_color":"","ocean_breadcrumbs_links_color":"","ocean_breadcrumbs_links_hover_color":"","ocean_display_footer_widgets":"default","ocean_display_footer_bottom":"default","ocean_custom_footer_template":"0"},"product_brand":[121],"product_cat":[55],"product_tag":[125],"class_list":{"0":"post-2625","1":"product","2":"type-product","3":"status-publish","4":"has-post-thumbnail","6":"product_brand-lepo-ecobio-cosmetica","7":"product_cat-maquillage","8":"product_tag-vegan","10":"entry","11":"has-media","13":"first","14":"instock","15":"taxable","16":"shipping-taxable","17":"purchasable","18":"product-type-simple","19":"has-rating","20":"col","21":"span_1_of_3","22":"owp-content-center","23":"owp-thumbs-layout-horizontal","24":"owp-btn-normal","25":"owp-tabs-layout-section","26":"has-no-thumbnails","27":"circle-sale"},"_links":{"self":[{"href":"https:\/\/www.biobey.be\/fr\/wp-json\/wp\/v2\/product\/2625","targetHints":{"allow":["GET"]}}],"collection":[{"href":"https:\/\/www.biobey.be\/fr\/wp-json\/wp\/v2\/product"}],"about":[{"href":"https:\/\/www.biobey.be\/fr\/wp-json\/wp\/v2\/types\/product"}],"replies":[{"embeddable":true,"href":"https:\/\/www.biobey.be\/fr\/wp-json\/wp\/v2\/comments?post=2625"}],"wp:featuredmedia":[{"embeddable":true,"href":"https:\/\/www.biobey.be\/fr\/wp-json\/wp\/v2\/media\/797"}],"wp:attachment":[{"href":"https:\/\/www.biobey.be\/fr\/wp-json\/wp\/v2\/media?parent=2625"}],"wp:term":[{"taxonomy":"product_brand","embeddable":true,"href":"https:\/\/www.biobey.be\/fr\/wp-json\/wp\/v2\/product_brand?post=2625"},{"taxonomy":"product_cat","embeddable":true,"href":"https:\/\/www.biobey.be\/fr\/wp-json\/wp\/v2\/product_cat?post=2625"},{"taxonomy":"product_tag","embeddable":true,"href":"https:\/\/www.biobey.be\/fr\/wp-json\/wp\/v2\/product_tag?post=2625"}],"curies":[{"name":"wp","href":"https:\/\/api.w.org\/{rel}","templated":true}]}}