{"id":2627,"date":"2024-09-06T19:14:12","date_gmt":"2024-09-06T17:14:12","guid":{"rendered":"https:\/\/www.biobey.be\/fr-temp\/produit\/masque-contre-les-taches-pigmentaires\/"},"modified":"2025-07-11T13:19:21","modified_gmt":"2025-07-11T11:19:21","slug":"masque-contre-les-taches-pigmentaires","status":"publish","type":"product","link":"https:\/\/www.biobey.be\/fr\/produit\/masque-contre-les-taches-pigmentaires\/","title":{"rendered":"Masque contre les taches pigmentaires Bema White 50ml"},"content":{"rendered":"<p>Masque contre les taches pigmentaires Bema White \u00e9claircit naturellement les taches sombres. Le complexe phyto\u00e9claircissant du masque est bas\u00e9 sur des extraits de plantes naturelles riches en arbutine et en b\u00e9ta\u00efne.<\/p>\n<p>Ces composants du masque contre les taches pigmentaires ont <strong>une efficacit\u00e9 scientifiquement prouv\u00e9e<\/strong>. Ils permettent de restaurer un teint uniforme en \u00e9claircissant les taches brunes.<\/p>\n<h2>Comment les taches pigmentaires apparaissent-elles ?<\/h2>\n<p>Les taches pigmentaires sont dues \u00e0 une production excessive de m\u00e9lanine. Cette production excessive de m\u00e9lanine peut r\u00e9sulter de dommages caus\u00e9s par le soleil, d&rsquo;une hypersensibilit\u00e9 ou d&rsquo;une barri\u00e8re cutan\u00e9e compromise. Tous ces facteurs sont \u00e0 l&rsquo;origine des taches pigmentaires et d&rsquo;un teint in\u00e9gal.<\/p>\n<p>Les principaux ingr\u00e9dients du masque facial Bema White, \u00e0 savoir la combinaison d&rsquo;extraits de baies de raisin et de grenade, inhibent naturellement la production excessive de m\u00e9lanine. Il <strong>r\u00e9duit ainsi les taches pigmentaires et unifie la peau<\/strong>.<\/p>\n<h2>Comment fonctionne le masque contre les taches pigmentaires ?<\/h2>\n<p>Le masque visage contre les taches pigmentaires BemaBio contient de l&rsquo;arbutine, de la b\u00e9ta\u00efne et de l&rsquo;acide ellagique. L&rsquo;arbutine inhibe l&rsquo;action de l&rsquo;enzyme tyrosinase, ce qui contribue \u00e0 r\u00e9duire la production excessive de m\u00e9lanine. Le masque \u00e9claircissant bio contre les taches brunes agit naturellement et en toute s\u00fbret\u00e9.<\/p>\n<p>L&rsquo;extrait de gluconolactone contenu dans le masque apaise la peau et aide \u00e0 r\u00e9tablir l&rsquo;\u00e9quilibre hydrique. La vitamine E d\u00e9riv\u00e9e de l&rsquo;huile d&rsquo;avocat biologique prot\u00e8ge la peau du stress oxydatif.<\/p>\n<p>La formulation 100 % naturelle <strong>estompe les taches brunes sans affecter la barri\u00e8re cutan\u00e9e<\/strong>. Pour renforcer l&rsquo;effet du masque, il peut \u00eatre utilis\u00e9 en combinaison avec la cr\u00e8me ou le s\u00e9rum anti-pigmentation Bema white.<\/p>\n<h3>Comment utiliser le masque visage anti-pigmentation ?<\/h3>\n<p>Appliquez le masque sur une peau nettoy\u00e9e. Il peut \u00eatre appliqu\u00e9 sur le visage, le cou et le d\u00e9collet\u00e9. Laissez agir le masque pendant 10 \u00e0 15 minutes. Retirez-le ensuite d\u00e9licatement \u00e0 l&rsquo;aide d&rsquo;un coton et rincez abondamment \u00e0 l&rsquo;eau ti\u00e8de.<\/p>\n<p>Pour un effet renforc\u00e9, le masque peut \u00eatre utilis\u00e9 en combinaison avec le soin du visage anti-pigmentation Bema white line.<br \/>\nLa ligne Bema White<\/p>\n<p>Le masque naturel pour le visage appartient \u00e0 la ligne Bema White contre les taches brunes. La ligne Bema White se compose d&rsquo;un peeling naturel, d&rsquo;un masque, d&rsquo;un s\u00e9rum et d&rsquo;une cr\u00e8me pour le visage contre les taches brunes.<\/p>\n<p>INCI : Aqua, Ceteryl Glucoside, Ceteryl Alohol, Chamolilla Recutita* (Matricaria) Flower Water, Punica Granatua* (Pomegranate) Fruit Extract, Dicaprylyl Carbonate, Glycerin, Glycine Soybean*(Soybean) Oil, Betaine, Arbutin, Oryza Sativa<\/p>\n<p>(Rice) Germ Oil, Kaolin, Potassium Cetyl Phosphate, Cocoglyc\u00e9rides, Titanium Dioxide, Gluconolactone, Punica Granatum (Pomegranate) Fruit Powder, Olea Europaea* (huile d&rsquo;olive), Persea Gratissima* (huile d&rsquo;avocat), Mica, dioxyde de titane, extrait de graines de Vigna Aconitifolia, maltodextrine, extrait d&rsquo;Hibiscus Esculentus hydrolys\u00e9,<\/p>\n<p>dextrine, Arctostaphylos Uva-Ursi Leaf Extract, Pisum Sativum (Pea) Extract, Sodium Cocoyl Glutamate Sucrose Dilaurate, Tocopherol (vitamine E), Benzyl Alcohol, Dehydroacetic Acid, natural flavouring.<\/p>\n<p>*Issu de l&rsquo;agriculture biologique<\/p>\n","protected":false},"excerpt":{"rendered":"<p>Masque visage Bema White contre la pigmentation inhibe naturellement la production de m\u00e9lanine. Sa formule \u00e0 base d&rsquo;arbutine et de b\u00e9ta\u00efne estompe les taches brunes et aide \u00e0 \u00e9claircir la peau.<\/p>\n","protected":false},"featured_media":800,"comment_status":"open","ping_status":"closed","template":"","meta":{"ocean_post_layout":"","ocean_both_sidebars_style":"","ocean_both_sidebars_content_width":0,"ocean_both_sidebars_sidebars_width":0,"ocean_sidebar":"","ocean_second_sidebar":"","ocean_disable_margins":"enable","ocean_add_body_class":"","ocean_shortcode_before_top_bar":"","ocean_shortcode_after_top_bar":"","ocean_shortcode_before_header":"","ocean_shortcode_after_header":"","ocean_has_shortcode":"","ocean_shortcode_after_title":"","ocean_shortcode_before_footer_widgets":"","ocean_shortcode_after_footer_widgets":"","ocean_shortcode_before_footer_bottom":"","ocean_shortcode_after_footer_bottom":"","ocean_display_top_bar":"default","ocean_display_header":"default","ocean_header_style":"","ocean_center_header_left_menu":"","ocean_custom_header_template":"","ocean_custom_logo":0,"ocean_custom_retina_logo":0,"ocean_custom_logo_max_width":0,"ocean_custom_logo_tablet_max_width":0,"ocean_custom_logo_mobile_max_width":0,"ocean_custom_logo_max_height":0,"ocean_custom_logo_tablet_max_height":0,"ocean_custom_logo_mobile_max_height":0,"ocean_header_custom_menu":"","ocean_menu_typo_font_family":"","ocean_menu_typo_font_subset":"","ocean_menu_typo_font_size":0,"ocean_menu_typo_font_size_tablet":0,"ocean_menu_typo_font_size_mobile":0,"ocean_menu_typo_font_size_unit":"px","ocean_menu_typo_font_weight":"","ocean_menu_typo_font_weight_tablet":"","ocean_menu_typo_font_weight_mobile":"","ocean_menu_typo_transform":"","ocean_menu_typo_transform_tablet":"","ocean_menu_typo_transform_mobile":"","ocean_menu_typo_line_height":0,"ocean_menu_typo_line_height_tablet":0,"ocean_menu_typo_line_height_mobile":0,"ocean_menu_typo_line_height_unit":"","ocean_menu_typo_spacing":0,"ocean_menu_typo_spacing_tablet":0,"ocean_menu_typo_spacing_mobile":0,"ocean_menu_typo_spacing_unit":"","ocean_menu_link_color":"","ocean_menu_link_color_hover":"","ocean_menu_link_color_active":"","ocean_menu_link_background":"","ocean_menu_link_hover_background":"","ocean_menu_link_active_background":"","ocean_menu_social_links_bg":"","ocean_menu_social_hover_links_bg":"","ocean_menu_social_links_color":"","ocean_menu_social_hover_links_color":"","ocean_disable_title":"default","ocean_disable_heading":"default","ocean_post_title":"","ocean_post_subheading":"","ocean_post_title_style":"","ocean_post_title_background_color":"","ocean_post_title_background":0,"ocean_post_title_bg_image_position":"","ocean_post_title_bg_image_attachment":"","ocean_post_title_bg_image_repeat":"","ocean_post_title_bg_image_size":"","ocean_post_title_height":0,"ocean_post_title_bg_overlay":0.5,"ocean_post_title_bg_overlay_color":"","ocean_disable_breadcrumbs":"default","ocean_breadcrumbs_color":"","ocean_breadcrumbs_separator_color":"","ocean_breadcrumbs_links_color":"","ocean_breadcrumbs_links_hover_color":"","ocean_display_footer_widgets":"default","ocean_display_footer_bottom":"default","ocean_custom_footer_template":""},"product_brand":[106],"product_cat":[59,17,16,20],"product_tag":[125],"class_list":{"0":"post-2627","1":"product","2":"type-product","3":"status-publish","4":"has-post-thumbnail","6":"product_brand-bema-bio","7":"product_cat-protection-solaire","8":"product_cat-soins-du-visage","9":"product_cat-soins","10":"product_cat-anti-age","11":"product_tag-vegan","13":"entry","14":"has-media","16":"first","17":"instock","18":"taxable","19":"shipping-taxable","20":"purchasable","21":"product-type-simple","22":"has-rating","23":"col","24":"span_1_of_3","25":"owp-content-center","26":"owp-thumbs-layout-horizontal","27":"owp-btn-normal","28":"owp-tabs-layout-section","29":"has-no-thumbnails","30":"circle-sale"},"_links":{"self":[{"href":"https:\/\/www.biobey.be\/fr\/wp-json\/wp\/v2\/product\/2627","targetHints":{"allow":["GET"]}}],"collection":[{"href":"https:\/\/www.biobey.be\/fr\/wp-json\/wp\/v2\/product"}],"about":[{"href":"https:\/\/www.biobey.be\/fr\/wp-json\/wp\/v2\/types\/product"}],"replies":[{"embeddable":true,"href":"https:\/\/www.biobey.be\/fr\/wp-json\/wp\/v2\/comments?post=2627"}],"wp:featuredmedia":[{"embeddable":true,"href":"https:\/\/www.biobey.be\/fr\/wp-json\/wp\/v2\/media\/800"}],"wp:attachment":[{"href":"https:\/\/www.biobey.be\/fr\/wp-json\/wp\/v2\/media?parent=2627"}],"wp:term":[{"taxonomy":"product_brand","embeddable":true,"href":"https:\/\/www.biobey.be\/fr\/wp-json\/wp\/v2\/product_brand?post=2627"},{"taxonomy":"product_cat","embeddable":true,"href":"https:\/\/www.biobey.be\/fr\/wp-json\/wp\/v2\/product_cat?post=2627"},{"taxonomy":"product_tag","embeddable":true,"href":"https:\/\/www.biobey.be\/fr\/wp-json\/wp\/v2\/product_tag?post=2627"}],"curies":[{"name":"wp","href":"https:\/\/api.w.org\/{rel}","templated":true}]}}