{"id":2632,"date":"2024-12-03T18:09:57","date_gmt":"2024-12-03T17:09:57","guid":{"rendered":"https:\/\/www.biobey.be\/fr-temp\/produit\/creme-de-jour-bio-peau-hypersensible\/"},"modified":"2025-11-21T20:50:36","modified_gmt":"2025-11-21T19:50:36","slug":"creme-de-jour-bio-peau-hypersensible","status":"publish","type":"product","link":"https:\/\/www.biobey.be\/fr\/produit\/creme-de-jour-bio-peau-hypersensible\/","title":{"rendered":"Cr\u00e8me de jour bio peau hypersensible et s\u00e8che 50 ml"},"content":{"rendered":"<p>Cr\u00e8me de jour bio peau hypersensible et s\u00e8che a des propri\u00e9t\u00e9s hydratantes et apaisantes. La formule \u00e0 base d&rsquo;acide hyaluronique et d&rsquo;aloe vera biologique r\u00e9duit les rougeurs, apaise les irritations et adoucit la peau s\u00e8che.<\/p>\n<p>La formule <strong>hypoallerg\u00e9nique convient \u00e0 tous les \u00e2ges<\/strong>. L&rsquo;alt\u00e9ration de la barri\u00e8re cutan\u00e9e provoque des irritations et une hypersensibilit\u00e9. La cr\u00e8me de jour apaisante aide \u00e0 restaurer et \u00e0 renforcer la barri\u00e8re cutan\u00e9e.<\/p>\n<p>Elle prot\u00e8ge et r\u00e9g\u00e9n\u00e8re la peau. La fine consistance de la cr\u00e8me p\u00e9n\u00e8tre rapidement dans la peau et <strong>ne laisse pas de film gras<\/strong>. Elle procure imm\u00e9diatement \u00e0 la peau une agr\u00e9able sensation de fra\u00eecheur.<\/p>\n<h2>Quel est l&rsquo;effet de la cr\u00e8me de jour bio peau hypersensible et peau s\u00e8che ?<\/h2>\n<p>La cr\u00e8me de jour calmante pour peaux sensibles et s\u00e8ches a \u00e9t\u00e9 sp\u00e9cialement con\u00e7ue pour hydrater en profondeur et r\u00e9g\u00e9n\u00e9rer les peaux hypersensibles. L&rsquo;acide hyaluronique p\u00e9n\u00e8tre profond\u00e9ment dans la peau et stimule l&rsquo;hydratation. Le beurre de karit\u00e9 forme une couche protectrice sur la peau et pr\u00e9vient la perte d&rsquo;humidit\u00e9.<\/p>\n<p>Le zanthoxylum bungeanum et l&rsquo;extrait d&rsquo;aloe vera sont connus pour leurs propri\u00e9t\u00e9s anti-inflammatoires et apaisantes. La combinaison de ces deux extraits b\u00e9n\u00e9fiques <strong>permet de r\u00e9duire les irritations et les d\u00e9mangeaisons<\/strong>.<\/p>\n<p>L&rsquo;huile d&rsquo;avocat biologique, riche en vitamine E, nourrit et agit contre le stress oxydatif. La cr\u00e8me de jour bio peau hypersensible et s\u00e8che hydrate et apaise les peaux s\u00e8ches et hypersensibles.<\/p>\n<h2>Comment utiliser la cr\u00e8me de jour bio peau hypersensible et s\u00e8che ?<\/h2>\n<p>Nettoyez la peau avec un nettoyant doux adapt\u00e9 aux peaux sensibles. S\u00e9chez ensuite le visage \u00e0 l&rsquo;aide d&rsquo;une serviette. Appliquez une fine couche de cr\u00e8me sur la peau. La cr\u00e8me de jour bio peau hypersensible et s\u00e8che peut \u00eatre utilis\u00e9e le matin et le soir. Convient \u00e0 tous les types de peau ainsi qu&rsquo;aux peaux hypersensibles et s\u00e8ches.<\/p>\n<h3>Approuv\u00e9 dermatologiquement pour les personnes \u00e0 la peau sensible.<\/h3>\n<p>INCI : Eau, Glyceryl stearate se, Cetearyl alcohol, Caprylic\/capric triglyceride, butyrospermum (Shea) parkii butter*, Coco-caprylate, Glycerin, Sorbitan stearate, Sodium hyaluronate, Persea gratissima (Avocado oil*, Simmondsia chinensis (Jojoba) seed oil*, Zanthoxylum bungeanum fruit extract,<\/p>\n<p>Tocoph\u00e9rol, huile de graines d&rsquo;h\u00e9lianthus annuus (tournesol), extrait de feuilles de centella asiatica (alch\u00e9mille), extrait de fruits de Rosa canina*, huile de zeste de Citrus aurantium bergamia (bergamote), huile de fleurs de Pelargonium graveolens, huile\/extrait de lavandula, Ar\u00f4me naturel<\/p>\n<p>ac\u00e9tate de linalyle, huile de zeste de Citrus limon (citron), jus de feuilles d&rsquo;Aloe barbadensis*,<br \/>\ncarbonate de dicaprylyle, alcool ph\u00e9nylique, alcool ol\u00e9ylique, gomme xanthane, caprylyl glycol, acide lactique, limon\u00e8ne, linalol, an\u00e9thole, citronellol, pin\u00e8ne, g\u00e9raniol, alcool benzylique, cinnamal, benzoate de sodium, sorbate de potassium.<\/p>\n<p>* D\u00e9riv\u00e9 de l&rsquo;agriculture biologique<\/p>\n","protected":false},"excerpt":{"rendered":"<p>Bioearth Cr\u00e8me apaisante de jour Peau hypersensible et s\u00e8che a des propri\u00e9t\u00e9s hydratantes et revitalisantes. Elle est sp\u00e9cialement con\u00e7ue pour r\u00e9g\u00e9n\u00e9rer, soigner et prot\u00e9ger les peaux hypersensibles et s\u00e8ches.<\/p>\n<p>Formule \u00e0 base d&rsquo;acide hyaluronique, d&rsquo;extraits organiques d&rsquo;aloe vera, de zanthoxylum bungeanum et de beurre de karit\u00e9.<\/p>\n","protected":false},"featured_media":806,"comment_status":"open","ping_status":"closed","template":"","meta":{"ocean_post_layout":"","ocean_both_sidebars_style":"","ocean_both_sidebars_content_width":0,"ocean_both_sidebars_sidebars_width":0,"ocean_sidebar":"0","ocean_second_sidebar":"0","ocean_disable_margins":"enable","ocean_add_body_class":"","ocean_shortcode_before_top_bar":"","ocean_shortcode_after_top_bar":"","ocean_shortcode_before_header":"","ocean_shortcode_after_header":"","ocean_has_shortcode":"","ocean_shortcode_after_title":"","ocean_shortcode_before_footer_widgets":"","ocean_shortcode_after_footer_widgets":"","ocean_shortcode_before_footer_bottom":"","ocean_shortcode_after_footer_bottom":"","ocean_display_top_bar":"default","ocean_display_header":"default","ocean_header_style":"","ocean_center_header_left_menu":"0","ocean_custom_header_template":"0","ocean_custom_logo":0,"ocean_custom_retina_logo":0,"ocean_custom_logo_max_width":0,"ocean_custom_logo_tablet_max_width":0,"ocean_custom_logo_mobile_max_width":0,"ocean_custom_logo_max_height":0,"ocean_custom_logo_tablet_max_height":0,"ocean_custom_logo_mobile_max_height":0,"ocean_header_custom_menu":"0","ocean_menu_typo_font_family":"0","ocean_menu_typo_font_subset":"","ocean_menu_typo_font_size":0,"ocean_menu_typo_font_size_tablet":0,"ocean_menu_typo_font_size_mobile":0,"ocean_menu_typo_font_size_unit":"px","ocean_menu_typo_font_weight":"","ocean_menu_typo_font_weight_tablet":"","ocean_menu_typo_font_weight_mobile":"","ocean_menu_typo_transform":"","ocean_menu_typo_transform_tablet":"","ocean_menu_typo_transform_mobile":"","ocean_menu_typo_line_height":0,"ocean_menu_typo_line_height_tablet":0,"ocean_menu_typo_line_height_mobile":0,"ocean_menu_typo_line_height_unit":"","ocean_menu_typo_spacing":0,"ocean_menu_typo_spacing_tablet":0,"ocean_menu_typo_spacing_mobile":0,"ocean_menu_typo_spacing_unit":"","ocean_menu_link_color":"","ocean_menu_link_color_hover":"","ocean_menu_link_color_active":"","ocean_menu_link_background":"","ocean_menu_link_hover_background":"","ocean_menu_link_active_background":"","ocean_menu_social_links_bg":"","ocean_menu_social_hover_links_bg":"","ocean_menu_social_links_color":"","ocean_menu_social_hover_links_color":"","ocean_disable_title":"default","ocean_disable_heading":"default","ocean_post_title":"","ocean_post_subheading":"","ocean_post_title_style":"","ocean_post_title_background_color":"","ocean_post_title_background":0,"ocean_post_title_bg_image_position":"","ocean_post_title_bg_image_attachment":"","ocean_post_title_bg_image_repeat":"","ocean_post_title_bg_image_size":"","ocean_post_title_height":0,"ocean_post_title_bg_overlay":0.5,"ocean_post_title_bg_overlay_color":"","ocean_disable_breadcrumbs":"default","ocean_breadcrumbs_color":"","ocean_breadcrumbs_separator_color":"","ocean_breadcrumbs_links_color":"","ocean_breadcrumbs_links_hover_color":"","ocean_display_footer_widgets":"default","ocean_display_footer_bottom":"default","ocean_custom_footer_template":"0"},"product_brand":[118],"product_cat":[19,33,31,17,16],"product_tag":[125],"class_list":{"0":"post-2632","1":"product","2":"type-product","3":"status-publish","4":"has-post-thumbnail","6":"product_brand-bioearth","7":"product_cat-cremes-naturelles-de-jour-et-de-nuit","8":"product_cat-irritation-cutanee-eczema-et-psoriasis","9":"product_cat-sante","10":"product_cat-soins-du-visage","11":"product_cat-soins","12":"product_tag-vegan","14":"entry","15":"has-media","17":"first","18":"instock","19":"taxable","20":"shipping-taxable","21":"purchasable","22":"product-type-simple","23":"has-rating","24":"col","25":"span_1_of_3","26":"owp-content-center","27":"owp-thumbs-layout-horizontal","28":"owp-btn-normal","29":"owp-tabs-layout-section","30":"has-no-thumbnails","31":"circle-sale"},"_links":{"self":[{"href":"https:\/\/www.biobey.be\/fr\/wp-json\/wp\/v2\/product\/2632","targetHints":{"allow":["GET"]}}],"collection":[{"href":"https:\/\/www.biobey.be\/fr\/wp-json\/wp\/v2\/product"}],"about":[{"href":"https:\/\/www.biobey.be\/fr\/wp-json\/wp\/v2\/types\/product"}],"replies":[{"embeddable":true,"href":"https:\/\/www.biobey.be\/fr\/wp-json\/wp\/v2\/comments?post=2632"}],"wp:featuredmedia":[{"embeddable":true,"href":"https:\/\/www.biobey.be\/fr\/wp-json\/wp\/v2\/media\/806"}],"wp:attachment":[{"href":"https:\/\/www.biobey.be\/fr\/wp-json\/wp\/v2\/media?parent=2632"}],"wp:term":[{"taxonomy":"product_brand","embeddable":true,"href":"https:\/\/www.biobey.be\/fr\/wp-json\/wp\/v2\/product_brand?post=2632"},{"taxonomy":"product_cat","embeddable":true,"href":"https:\/\/www.biobey.be\/fr\/wp-json\/wp\/v2\/product_cat?post=2632"},{"taxonomy":"product_tag","embeddable":true,"href":"https:\/\/www.biobey.be\/fr\/wp-json\/wp\/v2\/product_tag?post=2632"}],"curies":[{"name":"wp","href":"https:\/\/api.w.org\/{rel}","templated":true}]}}