{"id":2636,"date":"2024-12-29T00:49:36","date_gmt":"2024-12-28T23:49:36","guid":{"rendered":"https:\/\/www.biobey.be\/fr-temp\/produit\/gel-daloe-vera-avec-theier-bio-bioearth\/"},"modified":"2026-03-28T23:27:14","modified_gmt":"2026-03-28T22:27:14","slug":"gel-daloe-vera-avec-theier-bio-bioearth","status":"publish","type":"product","link":"https:\/\/www.biobey.be\/fr\/produit\/gel-daloe-vera-avec-theier-bio-bioearth\/","title":{"rendered":"Gel d&rsquo;aloe vera avec th\u00e9ier bio Bioearth 100ml"},"content":{"rendered":"<p>Le gel d&rsquo;aloe vera avec th\u00e9ier bio aux propri\u00e9t\u00e9s apaisantes et antiseptiques. Le gel d&rsquo;aloe vera \u00e0 l&rsquo;huile d&rsquo;arbre \u00e0 th\u00e9 a de nombreuses vertus. Il peut \u00eatre utilis\u00e9 pour apaiser les d\u00e9mangeaisons et les irritations, r\u00e9duire les boutons et soigner les peaux atopiques.<\/p>\n<p>Le gel d&rsquo;aloe vera avec th\u00e9ier bio combin\u00e9 \u00e0 l&rsquo;huile essentielle d&rsquo;arbre \u00e0 th\u00e9 apaise la peau. De plus, il <strong>aide \u00e0 r\u00e9duire les desquamations et les irritations dues \u00e0 la dermatite allergique et au psoriasis.<\/strong><\/p>\n<h2>Quel est le bienfait du gel d&rsquo;aloe vera avec th\u00e9ier bio ?<\/h2>\n<p>Le gel d&rsquo;aloe vera Bioearth \u00e0 l&rsquo;huile d&rsquo;arbre \u00e0 th\u00e9 est sp\u00e9cialement con\u00e7u pour soigner et apaiser les affections cutan\u00e9es telles que les d\u00e9mangeaisons dues aux piq\u00fbres d&rsquo;insectes, la desquamation, l&rsquo;irritation et l&rsquo;inflammation dues \u00e0 l&rsquo;hypersensibilit\u00e9. La teneur \u00e9lev\u00e9e en aloe vera biologique du gel apporte un soulagement imm\u00e9diat \u00e0 la peau.<\/p>\n<p>Cela <strong>r\u00e9duit les rougeurs, les sensations de br\u00fblure et apaise les peaux s\u00e8ches<\/strong>. L&rsquo;huile essentielle de th\u00e9ier biologique est connue pour ses propri\u00e9t\u00e9s antiseptiques et antibact\u00e9riennes. L&rsquo;huile d&rsquo;arbre \u00e0 th\u00e9 r\u00e9duit et tue les mauvaises bact\u00e9ries sur la peau qui causent l&rsquo;acn\u00e9.<\/p>\n<p>Gr\u00e2ce aux propri\u00e9t\u00e9s antifongiques de l&rsquo;huile d&rsquo;arbre \u00e0 th\u00e9, le gel convient \u00e9galement au traitement des mycoses et des champignons cutan\u00e9s. Gr\u00e2ce aux propri\u00e9t\u00e9s b\u00e9n\u00e9fiques de l&rsquo;extrait d&rsquo;aloe vera et de l&rsquo;huile de th\u00e9ier, le gel peut avoir des applications polyvalentes pour les affections cutan\u00e9es.<\/p>\n<h3>Comment utiliser le gel d&rsquo;aloe vera au th\u00e9ier ?<\/h3>\n<p>Appliquez le gel d&rsquo;aloe vera au th\u00e9ier Bioearth sur la zone \u00e0 traiter. Massez le gel sur la peau en effectuant de l\u00e9gers mouvements circulaires. Utilisez le gel plusieurs fois par jour. Ne convient pas \u00e0 un usage interne.<\/p>\n<p>INCI : jus de feuilles d&rsquo;Aloe barbadensis*, gomme xanthane, huile de feuilles de Melaleuca alternifolia*, hydroxyde de sodium, alcool benzylique, \u00e9thylhexylglyc\u00e9rine, limon\u00e8ne, linalol.<br \/>\n*Ingr\u00e9dients issus de l&rsquo;agriculture biologique.<\/p>\n<p>Le gel d&rsquo;aloe vera et d&rsquo;huile d&rsquo;arbre \u00e0 th\u00e9 est produit en Italie par Bioearth. Il est v\u00e9g\u00e9talien et certifi\u00e9 Icea Bio. Le gel est exempt de parfum, de parab\u00e8nes, de pegs, d&rsquo;huiles min\u00e9rales et d&rsquo;autres irritants synth\u00e9tiques.<br \/>\nTr\u00e8s bon produit ! Il r\u00e9pond parfaitement \u00e0 mes attentes et a \u00e9t\u00e9 re\u00e7u rapidement.<\/p>\n","protected":false},"excerpt":{"rendered":"<p>Le gel d&rsquo;aloe vera avec th\u00e9ier bio Bioearth \u00e0 l&rsquo;huile d&rsquo;arbre \u00e0 th\u00e9 a des propri\u00e9t\u00e9s apaisantes, anti-inflammatoires et antiseptiques. Il est id\u00e9al pour soigner les diff\u00e9rents probl\u00e8mes de peau tels que les d\u00e9mangeaisons, les rougeurs, les irritations, la desquamation, l&rsquo;acn\u00e9 et les mycoses.<br \/>\nCertifi\u00e9 Vegan et Icea Bio.<\/p>\n","protected":false},"featured_media":807,"comment_status":"open","ping_status":"closed","template":"","meta":{"ocean_post_layout":"","ocean_both_sidebars_style":"","ocean_both_sidebars_content_width":0,"ocean_both_sidebars_sidebars_width":0,"ocean_sidebar":"","ocean_second_sidebar":"","ocean_disable_margins":"enable","ocean_add_body_class":"","ocean_shortcode_before_top_bar":"","ocean_shortcode_after_top_bar":"","ocean_shortcode_before_header":"","ocean_shortcode_after_header":"","ocean_has_shortcode":"","ocean_shortcode_after_title":"","ocean_shortcode_before_footer_widgets":"","ocean_shortcode_after_footer_widgets":"","ocean_shortcode_before_footer_bottom":"","ocean_shortcode_after_footer_bottom":"","ocean_display_top_bar":"default","ocean_display_header":"default","ocean_header_style":"","ocean_center_header_left_menu":"","ocean_custom_header_template":"","ocean_custom_logo":0,"ocean_custom_retina_logo":0,"ocean_custom_logo_max_width":0,"ocean_custom_logo_tablet_max_width":0,"ocean_custom_logo_mobile_max_width":0,"ocean_custom_logo_max_height":0,"ocean_custom_logo_tablet_max_height":0,"ocean_custom_logo_mobile_max_height":0,"ocean_header_custom_menu":"","ocean_menu_typo_font_family":"","ocean_menu_typo_font_subset":"","ocean_menu_typo_font_size":0,"ocean_menu_typo_font_size_tablet":0,"ocean_menu_typo_font_size_mobile":0,"ocean_menu_typo_font_size_unit":"px","ocean_menu_typo_font_weight":"","ocean_menu_typo_font_weight_tablet":"","ocean_menu_typo_font_weight_mobile":"","ocean_menu_typo_transform":"","ocean_menu_typo_transform_tablet":"","ocean_menu_typo_transform_mobile":"","ocean_menu_typo_line_height":0,"ocean_menu_typo_line_height_tablet":0,"ocean_menu_typo_line_height_mobile":0,"ocean_menu_typo_line_height_unit":"","ocean_menu_typo_spacing":0,"ocean_menu_typo_spacing_tablet":0,"ocean_menu_typo_spacing_mobile":0,"ocean_menu_typo_spacing_unit":"","ocean_menu_link_color":"","ocean_menu_link_color_hover":"","ocean_menu_link_color_active":"","ocean_menu_link_background":"","ocean_menu_link_hover_background":"","ocean_menu_link_active_background":"","ocean_menu_social_links_bg":"","ocean_menu_social_hover_links_bg":"","ocean_menu_social_links_color":"","ocean_menu_social_hover_links_color":"","ocean_disable_title":"default","ocean_disable_heading":"default","ocean_post_title":"","ocean_post_subheading":"","ocean_post_title_style":"","ocean_post_title_background_color":"","ocean_post_title_background":0,"ocean_post_title_bg_image_position":"","ocean_post_title_bg_image_attachment":"","ocean_post_title_bg_image_repeat":"","ocean_post_title_bg_image_size":"","ocean_post_title_height":0,"ocean_post_title_bg_overlay":0.5,"ocean_post_title_bg_overlay_color":"","ocean_disable_breadcrumbs":"default","ocean_breadcrumbs_color":"","ocean_breadcrumbs_separator_color":"","ocean_breadcrumbs_links_color":"","ocean_breadcrumbs_links_hover_color":"","ocean_display_footer_widgets":"default","ocean_display_footer_bottom":"default","ocean_custom_footer_template":""},"product_brand":[118],"product_cat":[33,49,31,17,16],"product_tag":[126,133,125],"class_list":{"0":"post-2636","1":"product","2":"type-product","3":"status-publish","4":"has-post-thumbnail","6":"product_brand-bioearth","7":"product_cat-irritation-cutanee-eczema-et-psoriasis","8":"product_cat-peau-seche","9":"product_cat-sante","10":"product_cat-soins-du-visage","11":"product_cat-soins","12":"product_tag-sans-paraben","13":"product_tag-sansparfumsynthetique","14":"product_tag-vegan","16":"entry","17":"has-media","19":"first","20":"instock","21":"taxable","22":"shipping-taxable","23":"purchasable","24":"product-type-simple","25":"has-rating","26":"col","27":"span_1_of_3","28":"owp-content-center","29":"owp-thumbs-layout-horizontal","30":"owp-btn-normal","31":"owp-tabs-layout-section","32":"has-no-thumbnails","33":"circle-sale"},"_links":{"self":[{"href":"https:\/\/www.biobey.be\/fr\/wp-json\/wp\/v2\/product\/2636","targetHints":{"allow":["GET"]}}],"collection":[{"href":"https:\/\/www.biobey.be\/fr\/wp-json\/wp\/v2\/product"}],"about":[{"href":"https:\/\/www.biobey.be\/fr\/wp-json\/wp\/v2\/types\/product"}],"replies":[{"embeddable":true,"href":"https:\/\/www.biobey.be\/fr\/wp-json\/wp\/v2\/comments?post=2636"}],"wp:featuredmedia":[{"embeddable":true,"href":"https:\/\/www.biobey.be\/fr\/wp-json\/wp\/v2\/media\/807"}],"wp:attachment":[{"href":"https:\/\/www.biobey.be\/fr\/wp-json\/wp\/v2\/media?parent=2636"}],"wp:term":[{"taxonomy":"product_brand","embeddable":true,"href":"https:\/\/www.biobey.be\/fr\/wp-json\/wp\/v2\/product_brand?post=2636"},{"taxonomy":"product_cat","embeddable":true,"href":"https:\/\/www.biobey.be\/fr\/wp-json\/wp\/v2\/product_cat?post=2636"},{"taxonomy":"product_tag","embeddable":true,"href":"https:\/\/www.biobey.be\/fr\/wp-json\/wp\/v2\/product_tag?post=2636"}],"curies":[{"name":"wp","href":"https:\/\/api.w.org\/{rel}","templated":true}]}}