{"id":2637,"date":"2024-12-29T00:49:15","date_gmt":"2024-12-28T23:49:15","guid":{"rendered":"https:\/\/www.biobey.be\/fr-temp\/produit\/contour-des-yeux-pour-les-yeux-sensibles\/"},"modified":"2025-11-21T20:47:41","modified_gmt":"2025-11-21T19:47:41","slug":"contour-des-yeux-pour-les-yeux-sensibles","status":"publish","type":"product","link":"https:\/\/www.biobey.be\/fr\/produit\/contour-des-yeux-pour-les-yeux-sensibles\/","title":{"rendered":"Contour des yeux pour les yeux sensibles bio 30ml"},"content":{"rendered":"<p>Contour des yeux pour les yeux sensibles bio est un produit hypoallerg\u00e9nique de Bioearth. Cet hydratant bio restaure et hydrate la peau sensible du contour de l&rsquo;\u0153il. Sa formule \u00e0 base d&rsquo;extraits biologiques d&rsquo;aloe vera, de<strong> zanthoxylum bungeanum et d&rsquo;extrait de myrtille soigne et prot\u00e8ge les peaux les plus sensibles. <\/strong><\/p>\n<p>La cr\u00e8me pour le contour des yeux sensibles, sans parfum ni autres substances irritantes, est<strong> approuv\u00e9e par les dermatologues pour les personnes ayant une peau sensible et tr\u00e8s sensible autour des yeux.<\/strong><\/p>\n<h2>Caract\u00e9ristiques du contour des yeux pour les yeux sensibles<\/h2>\n<p>La peau du contour des yeux est fragile et fine. Elle est donc sensible aux facteurs ext\u00e9rieurs, au maquillage et \u00e0 certains composants des soins. Les irritations, les taches et la d\u00e9shydratation sont plus rapidement visibles sur la peau fine du contour des yeux. Contour des yeux pour les yeux sensibles bio aide la peau affect\u00e9e \u00e0 se r\u00e9tablir plus rapidement et la prot\u00e8ge contre les facteurs externes.<\/p>\n<p>L&rsquo;extrait d&rsquo;aloe vera biologique contenu dans la formulation de cette cr\u00e8me hypoallerg\u00e9nique pour les yeux r\u00e9duit les rougeurs et les irritations cutan\u00e9es. L&rsquo;extrait de Zanthoxylum bungeanum a un effet anti-d\u00e9mangeaisons. Il prot\u00e8ge la peau des rougeurs, des irritations et de la sensibilit\u00e9. C&rsquo;est un antioxydant efficace qui aide \u00e0 pr\u00e9venir les poches et les rides pr\u00e9matur\u00e9es.<\/p>\n<h3>Quel est l&rsquo;effet b\u00e9n\u00e9fique du contour des yeux pour les yeux sensibles bio ?<\/h3>\n<p>Contour des yeux pour les yeux sensibles bio rafra\u00eechit, soigne et r\u00e9pare la peau irrit\u00e9e et s\u00e8che du contour des yeux. L&rsquo;extrait de myrtille contenu dans la formule de la cr\u00e8me hypoallerg\u00e9nique pour les yeux est riche en antioxydants et en anthocyanes. Ceux-ci ont des propri\u00e9t\u00e9s anti-inflammatoires et protectrices.<\/p>\n<p>L&rsquo;extrait de myrtille est utilis\u00e9 pour traiter les inflammations cutan\u00e9es et l&rsquo;ecz\u00e9ma. Les vitamines E et B5 contenues dans la cr\u00e8me Contour des yeux pour les yeux sensibles bio renforcent l&rsquo;effet protecteur de l&rsquo;extrait de myrtille. Gr\u00e2ce \u00e0 sa formule efficace mais tr\u00e8s douce, la cr\u00e8me pour les yeux convient \u00e0 tous les types de peau et \u00e0 tous les \u00e2ges.<\/p>\n<h3>Comment appliquer la cr\u00e8me hypoallerg\u00e9nique pour les yeux ?<\/h3>\n<p>Appliquez la cr\u00e8me pour les yeux sur le contour des yeux matin et soir. Du bout des doigts, faire p\u00e9n\u00e9trer d\u00e9licatement la cr\u00e8me sur la peau du contour des yeux. \u00c9vitez tout contact direct avec les yeux.<\/p>\n<p>INCI : Eau, glyc\u00e9rine, ol\u00e9ate de d\u00e9cyle, alcool c\u00e9tylique, alcool c\u00e9t\u00e9arylique, jus de feuille d&rsquo;Aloe barbadensis*, extrait de fruit de Zanthoxylum bungeanum, Lauroyl lysine, extrait de fruit de Vaccinium myrtillus*, extrait de racine de Panax ginseng*, extrait de feuille de Vitis vinifera*, Prot\u00e9ine de bl\u00e9 hydrolys\u00e9e, Panth\u00e9nol (Vitamine B5), Ur\u00e9e, Hydrolysat d&rsquo;amidon hydrog\u00e9n\u00e9,<\/p>\n<p>Tocoph\u00e9rol (vitamine E), Mica, Alcool ph\u00e9nylique, Sodium cetearyl sulfate, Alcool ol\u00e9ylique, Caprylyl glycol, Alcool benzylique, Sodium benzoate, Sorbate de potassium.<\/p>\n<p>*Sourc\u00e9 de l&rsquo;agriculture biologique<br \/>\nCette cr\u00e8me naturelle pour les yeux fait partie de la ligne Calm de Bioearth. Elle est exempte de parfums et de substances irritantes. La cr\u00e8me pour les yeux Bioearth est test\u00e9e sous contr\u00f4le dermatologique et ne contient pas de m\u00e9taux lourds.<\/p>\n","protected":false},"excerpt":{"rendered":"<p>La Cr\u00e8me pour les yeux bio Bioearth pour le contour des yeux sensibles a \u00e9t\u00e9 sp\u00e9cialement con\u00e7ue pour soigner la peau sensible et irrit\u00e9e du contour des yeux. Elle p\u00e9n\u00e8tre instantan\u00e9ment dans la peau.<\/p>\n<p>La peau du contour des yeux est fra\u00eeche et douce d\u00e8s l&rsquo;application. Cette cr\u00e8me a \u00e9t\u00e9 sp\u00e9cifiquement d\u00e9velopp\u00e9e pour les peaux sensibles et tr\u00e8s sensibles.<\/p>\n","protected":false},"featured_media":803,"comment_status":"open","ping_status":"closed","template":"","meta":{"ocean_post_layout":"","ocean_both_sidebars_style":"","ocean_both_sidebars_content_width":0,"ocean_both_sidebars_sidebars_width":0,"ocean_sidebar":"0","ocean_second_sidebar":"0","ocean_disable_margins":"enable","ocean_add_body_class":"","ocean_shortcode_before_top_bar":"","ocean_shortcode_after_top_bar":"","ocean_shortcode_before_header":"","ocean_shortcode_after_header":"","ocean_has_shortcode":"","ocean_shortcode_after_title":"","ocean_shortcode_before_footer_widgets":"","ocean_shortcode_after_footer_widgets":"","ocean_shortcode_before_footer_bottom":"","ocean_shortcode_after_footer_bottom":"","ocean_display_top_bar":"default","ocean_display_header":"default","ocean_header_style":"","ocean_center_header_left_menu":"0","ocean_custom_header_template":"0","ocean_custom_logo":0,"ocean_custom_retina_logo":0,"ocean_custom_logo_max_width":0,"ocean_custom_logo_tablet_max_width":0,"ocean_custom_logo_mobile_max_width":0,"ocean_custom_logo_max_height":0,"ocean_custom_logo_tablet_max_height":0,"ocean_custom_logo_mobile_max_height":0,"ocean_header_custom_menu":"0","ocean_menu_typo_font_family":"0","ocean_menu_typo_font_subset":"","ocean_menu_typo_font_size":0,"ocean_menu_typo_font_size_tablet":0,"ocean_menu_typo_font_size_mobile":0,"ocean_menu_typo_font_size_unit":"px","ocean_menu_typo_font_weight":"","ocean_menu_typo_font_weight_tablet":"","ocean_menu_typo_font_weight_mobile":"","ocean_menu_typo_transform":"","ocean_menu_typo_transform_tablet":"","ocean_menu_typo_transform_mobile":"","ocean_menu_typo_line_height":0,"ocean_menu_typo_line_height_tablet":0,"ocean_menu_typo_line_height_mobile":0,"ocean_menu_typo_line_height_unit":"","ocean_menu_typo_spacing":0,"ocean_menu_typo_spacing_tablet":0,"ocean_menu_typo_spacing_mobile":0,"ocean_menu_typo_spacing_unit":"","ocean_menu_link_color":"","ocean_menu_link_color_hover":"","ocean_menu_link_color_active":"","ocean_menu_link_background":"","ocean_menu_link_hover_background":"","ocean_menu_link_active_background":"","ocean_menu_social_links_bg":"","ocean_menu_social_hover_links_bg":"","ocean_menu_social_links_color":"","ocean_menu_social_hover_links_color":"","ocean_disable_title":"default","ocean_disable_heading":"default","ocean_post_title":"","ocean_post_subheading":"","ocean_post_title_style":"","ocean_post_title_background_color":"","ocean_post_title_background":0,"ocean_post_title_bg_image_position":"","ocean_post_title_bg_image_attachment":"","ocean_post_title_bg_image_repeat":"","ocean_post_title_bg_image_size":"","ocean_post_title_height":0,"ocean_post_title_bg_overlay":0.5,"ocean_post_title_bg_overlay_color":"","ocean_disable_breadcrumbs":"default","ocean_breadcrumbs_color":"","ocean_breadcrumbs_separator_color":"","ocean_breadcrumbs_links_color":"","ocean_breadcrumbs_links_hover_color":"","ocean_display_footer_widgets":"default","ocean_display_footer_bottom":"default","ocean_custom_footer_template":"0"},"product_brand":[118],"product_cat":[33,49,31,17,16,20,22],"product_tag":[126,133,127,128,125],"class_list":{"0":"post-2637","1":"product","2":"type-product","3":"status-publish","4":"has-post-thumbnail","6":"product_brand-bioearth","7":"product_cat-irritation-cutanee-eczema-et-psoriasis","8":"product_cat-peau-seche","9":"product_cat-sante","10":"product_cat-soins-du-visage","11":"product_cat-soins","12":"product_cat-anti-age","13":"product_cat-yeux-et-levres","14":"product_tag-sans-paraben","15":"product_tag-sansparfumsynthetique","16":"product_tag-sans-silicone","17":"product_tag-sanssulfates","18":"product_tag-vegan","20":"entry","21":"has-media","23":"first","24":"instock","25":"taxable","26":"shipping-taxable","27":"purchasable","28":"product-type-simple","29":"has-rating","30":"col","31":"span_1_of_3","32":"owp-content-center","33":"owp-thumbs-layout-horizontal","34":"owp-btn-normal","35":"owp-tabs-layout-section","36":"has-no-thumbnails","37":"circle-sale"},"_links":{"self":[{"href":"https:\/\/www.biobey.be\/fr\/wp-json\/wp\/v2\/product\/2637","targetHints":{"allow":["GET"]}}],"collection":[{"href":"https:\/\/www.biobey.be\/fr\/wp-json\/wp\/v2\/product"}],"about":[{"href":"https:\/\/www.biobey.be\/fr\/wp-json\/wp\/v2\/types\/product"}],"replies":[{"embeddable":true,"href":"https:\/\/www.biobey.be\/fr\/wp-json\/wp\/v2\/comments?post=2637"}],"wp:featuredmedia":[{"embeddable":true,"href":"https:\/\/www.biobey.be\/fr\/wp-json\/wp\/v2\/media\/803"}],"wp:attachment":[{"href":"https:\/\/www.biobey.be\/fr\/wp-json\/wp\/v2\/media?parent=2637"}],"wp:term":[{"taxonomy":"product_brand","embeddable":true,"href":"https:\/\/www.biobey.be\/fr\/wp-json\/wp\/v2\/product_brand?post=2637"},{"taxonomy":"product_cat","embeddable":true,"href":"https:\/\/www.biobey.be\/fr\/wp-json\/wp\/v2\/product_cat?post=2637"},{"taxonomy":"product_tag","embeddable":true,"href":"https:\/\/www.biobey.be\/fr\/wp-json\/wp\/v2\/product_tag?post=2637"}],"curies":[{"name":"wp","href":"https:\/\/api.w.org\/{rel}","templated":true}]}}