{"id":2638,"date":"2024-12-29T00:49:49","date_gmt":"2024-12-28T23:49:49","guid":{"rendered":"https:\/\/www.biobey.be\/fr-temp\/produit\/correcteur-de-taches-pigmentaires-bio-20\/"},"modified":"2025-07-11T13:17:10","modified_gmt":"2025-07-11T11:17:10","slug":"correcteur-de-taches-pigmentaires-bio-20","status":"publish","type":"product","link":"https:\/\/www.biobey.be\/fr\/produit\/correcteur-de-taches-pigmentaires-bio-20\/","title":{"rendered":"Correcteur de taches pigmentaires bio 20 ml"},"content":{"rendered":"<p>Correcteur de taches pigmentaires bio est un traitement naturel pour \u00e9claircir et estomper les taches pigmentaires. Le s\u00e9rum concentr\u00e9 Love Bio \u00e0 base de complexe phyto \u00e9claircissant est con\u00e7u pour une utilisation topique sur les taches pigment\u00e9es.<\/p>\n<p>Il inhibe de mani\u00e8re naturelle la production excessive de m\u00e9lanine. Le s\u00e9rum correcteur de taches pigmentaires est <strong>test\u00e9 dermatologiquement et convient aux peaux sensibles<\/strong>. Traitement d&rsquo;au moins 4 semaines avec une utilisation quotidienne.<\/p>\n<h2>Que fait le s\u00e9rum correcteur de taches pigmentaires bio ?<\/h2>\n<p>Le s\u00e9rum correcteur de taches pigmentaires bio <strong>\u00e9claircit naturellement les taches brunes<\/strong>. Le s\u00e9rum contient une combinaison d&rsquo;extraits dont l&rsquo;efficacit\u00e9 contre les taches sombres a \u00e9t\u00e9 scientifiquement prouv\u00e9e. Les taches brunes superficielles sont caus\u00e9es par la production excessive de m\u00e9lanine. L&rsquo;arbutine contenue dans le s\u00e9rum inhibe l&rsquo;enzyme responsable de la production de m\u00e9lanine.<\/p>\n<p>Elle aide donc \u00e0 estomper et \u00e0 r\u00e9duire les taches pigmentaires existantes. Comme l&rsquo;arbutine \u00e9quilibre la production de m\u00e9lanine, elle prot\u00e8ge la peau contre la formation de nouvelles taches pigmentaires. Le s\u00e9rum correcteur de taches pigmentaires bio traite localement les taches pigmentaires sans affecter la peau.<\/p>\n<h2>Le complexe phyto \u00e9claircissant est-il vraiment efficace contre les taches pigmentaires ?<\/h2>\n<p>Le complexe phyto \u00e9claircissant contenu dans le s\u00e9rum correcteur de taches pigmentaires bio est efficace contre les taches pigmentaires. Le Phyto Lightening Complex est compos\u00e9 d&rsquo;extraits naturels tels que l&rsquo;arbutine, la racine de r\u00e9glisse et l&rsquo;huile d&rsquo;andiroba.<\/p>\n<p>Ces extraits ont un effet positif \u00e9tudi\u00e9 et prouv\u00e9 dans le traitement des taches pigmentaires. L&rsquo;andiroba biologique est un antioxydant puissant qui prot\u00e8ge la peau contre la formation de taches brunes.<\/p>\n<p>L&rsquo;extrait de racine de r\u00e9glisse <strong>estompe les taches brunes sur la peau et aide \u00e0 unifier le teint.<\/strong> La combinaison de ces extraits assure l&rsquo;action naturelle efficace du s\u00e9rum anti-taches pigmentaires.<\/p>\n<h3>Comment appliquer le s\u00e9rum correcteur anti-taches ?<\/h3>\n<p>Nettoyer la peau avant utilisation. Appliquer le s\u00e9rum anti-taches directement sur les taches pigmentaires ou la zone \u00e0 traiter. Masser d\u00e9licatement le s\u00e9rum jusqu&rsquo;\u00e0 ce qu&rsquo;il soit bien absorb\u00e9 par la peau.<\/p>\n<p>Pour une efficacit\u00e9 maximale, nous recommandons un traitement de 4 semaines. Appliquer le s\u00e9rum sur les taches pigmentaires au moins une fois par jour. Pendant le traitement avec le s\u00e9rum concentr\u00e9 contre les taches pigmentaires, il est important d&rsquo;\u00e9viter l&rsquo;exposition au soleil.<\/p>\n<p>Le s\u00e9rum concentr\u00e9 anti-taches de Love Bio est naturel, v\u00e9g\u00e9talien et test\u00e9 sous contr\u00f4le dermatologique. Il ne contient pas d&rsquo;agents de blanchiment synth\u00e9tiques, de parfums, de conservateurs, de parab\u00e8nes, d&rsquo;huiles min\u00e9rales, de perturbateurs hormonaux et d&rsquo;autres irritants. Les produits Love Bio sont fabriqu\u00e9s en Italie. Ils sont certifi\u00e9s Icea Bio et Cosmos Organics.<\/p>\n<p>INCI : Eau de feuilles de Camelia Sinensis*, eau de fruits de Citrus medica limonum*, eau de feuilles de Rosmarinus Officinalis*, Aqua, Olea Europaea*, (Olive) fruit oil,Hexyldecanol, Hexyldecyl Laurate, Decapylyl Carbonate, Cetearyl alcohol, Arbutin, Betaine,Potassium Cetyl Phosphate, Punica Granatum (Pomegranate) Fruit extract, Arctostaphykus Uva Ursi leaf extract,<\/p>\n<p>extrait de glycyrrhiza Glabra, Copaifera Officinalis*, Balsem Copaiba) Resin, Carapa Guianensis seed oil, Euterpe Oleracea fruit oil, Oryza Sativa, rice germ oil, glycerine soya* (soybean oil), caprylate de glyc\u00e9ryle, extrait de Salix Alba (Saule) Vark, kaolin, alcool benzylique, sorbate de potassium, benzoate de sodium, acide d\u00e9hydroac\u00e9tique, tocoph\u00e9rol, acide citrique, ar\u00f4me.<\/p>\n<p>*Agriculture biologique<\/p>\n","protected":false},"excerpt":{"rendered":"<p>Le s\u00e9rum concentr\u00e9 Love Bio anti-taches pigmentaires \u00e9claircit de mani\u00e8re naturelle les taches pigmentaires. Le s\u00e9rum concentr\u00e9 \u00e0 base de complexe phyto \u00e9claircissant est id\u00e9al pour le traitement local des taches pigmentaires. Test\u00e9 dermatologiquement, il convient \u00e0 tous les types de peau.<\/p>\n","protected":false},"featured_media":804,"comment_status":"open","ping_status":"closed","template":"","meta":{"ocean_post_layout":"","ocean_both_sidebars_style":"","ocean_both_sidebars_content_width":0,"ocean_both_sidebars_sidebars_width":0,"ocean_sidebar":"","ocean_second_sidebar":"","ocean_disable_margins":"enable","ocean_add_body_class":"","ocean_shortcode_before_top_bar":"","ocean_shortcode_after_top_bar":"","ocean_shortcode_before_header":"","ocean_shortcode_after_header":"","ocean_has_shortcode":"","ocean_shortcode_after_title":"","ocean_shortcode_before_footer_widgets":"","ocean_shortcode_after_footer_widgets":"","ocean_shortcode_before_footer_bottom":"","ocean_shortcode_after_footer_bottom":"","ocean_display_top_bar":"default","ocean_display_header":"default","ocean_header_style":"","ocean_center_header_left_menu":"","ocean_custom_header_template":"","ocean_custom_logo":0,"ocean_custom_retina_logo":0,"ocean_custom_logo_max_width":0,"ocean_custom_logo_tablet_max_width":0,"ocean_custom_logo_mobile_max_width":0,"ocean_custom_logo_max_height":0,"ocean_custom_logo_tablet_max_height":0,"ocean_custom_logo_mobile_max_height":0,"ocean_header_custom_menu":"","ocean_menu_typo_font_family":"","ocean_menu_typo_font_subset":"","ocean_menu_typo_font_size":0,"ocean_menu_typo_font_size_tablet":0,"ocean_menu_typo_font_size_mobile":0,"ocean_menu_typo_font_size_unit":"px","ocean_menu_typo_font_weight":"","ocean_menu_typo_font_weight_tablet":"","ocean_menu_typo_font_weight_mobile":"","ocean_menu_typo_transform":"","ocean_menu_typo_transform_tablet":"","ocean_menu_typo_transform_mobile":"","ocean_menu_typo_line_height":0,"ocean_menu_typo_line_height_tablet":0,"ocean_menu_typo_line_height_mobile":0,"ocean_menu_typo_line_height_unit":"","ocean_menu_typo_spacing":0,"ocean_menu_typo_spacing_tablet":0,"ocean_menu_typo_spacing_mobile":0,"ocean_menu_typo_spacing_unit":"","ocean_menu_link_color":"","ocean_menu_link_color_hover":"","ocean_menu_link_color_active":"","ocean_menu_link_background":"","ocean_menu_link_hover_background":"","ocean_menu_link_active_background":"","ocean_menu_social_links_bg":"","ocean_menu_social_hover_links_bg":"","ocean_menu_social_links_color":"","ocean_menu_social_hover_links_color":"","ocean_disable_title":"default","ocean_disable_heading":"default","ocean_post_title":"","ocean_post_subheading":"","ocean_post_title_style":"","ocean_post_title_background_color":"","ocean_post_title_background":0,"ocean_post_title_bg_image_position":"","ocean_post_title_bg_image_attachment":"","ocean_post_title_bg_image_repeat":"","ocean_post_title_bg_image_size":"","ocean_post_title_height":0,"ocean_post_title_bg_overlay":0.5,"ocean_post_title_bg_overlay_color":"","ocean_disable_breadcrumbs":"default","ocean_breadcrumbs_color":"","ocean_breadcrumbs_separator_color":"","ocean_breadcrumbs_links_color":"","ocean_breadcrumbs_links_hover_color":"","ocean_display_footer_widgets":"default","ocean_display_footer_bottom":"default","ocean_custom_footer_template":""},"product_brand":[114],"product_cat":[21,49,17,16,20],"product_tag":[127,128,125],"class_list":{"0":"post-2638","1":"product","2":"type-product","3":"status-publish","4":"has-post-thumbnail","6":"product_brand-love-bio","7":"product_cat-acne-et-peau-abimee","8":"product_cat-peau-seche","9":"product_cat-soins-du-visage","10":"product_cat-soins","11":"product_cat-anti-age","12":"product_tag-sans-silicone","13":"product_tag-sanssulfates","14":"product_tag-vegan","16":"entry","17":"has-media","19":"first","20":"instock","21":"taxable","22":"shipping-taxable","23":"purchasable","24":"product-type-simple","25":"has-rating","26":"col","27":"span_1_of_3","28":"owp-content-center","29":"owp-thumbs-layout-horizontal","30":"owp-btn-normal","31":"owp-tabs-layout-section","32":"has-no-thumbnails","33":"circle-sale"},"_links":{"self":[{"href":"https:\/\/www.biobey.be\/fr\/wp-json\/wp\/v2\/product\/2638","targetHints":{"allow":["GET"]}}],"collection":[{"href":"https:\/\/www.biobey.be\/fr\/wp-json\/wp\/v2\/product"}],"about":[{"href":"https:\/\/www.biobey.be\/fr\/wp-json\/wp\/v2\/types\/product"}],"replies":[{"embeddable":true,"href":"https:\/\/www.biobey.be\/fr\/wp-json\/wp\/v2\/comments?post=2638"}],"wp:featuredmedia":[{"embeddable":true,"href":"https:\/\/www.biobey.be\/fr\/wp-json\/wp\/v2\/media\/804"}],"wp:attachment":[{"href":"https:\/\/www.biobey.be\/fr\/wp-json\/wp\/v2\/media?parent=2638"}],"wp:term":[{"taxonomy":"product_brand","embeddable":true,"href":"https:\/\/www.biobey.be\/fr\/wp-json\/wp\/v2\/product_brand?post=2638"},{"taxonomy":"product_cat","embeddable":true,"href":"https:\/\/www.biobey.be\/fr\/wp-json\/wp\/v2\/product_cat?post=2638"},{"taxonomy":"product_tag","embeddable":true,"href":"https:\/\/www.biobey.be\/fr\/wp-json\/wp\/v2\/product_tag?post=2638"}],"curies":[{"name":"wp","href":"https:\/\/api.w.org\/{rel}","templated":true}]}}