{"id":2639,"date":"2024-12-29T00:48:56","date_gmt":"2024-12-28T23:48:56","guid":{"rendered":"https:\/\/www.biobey.be\/fr-temp\/produit\/nettoyant-micellaire-bio-a-la-figue\/"},"modified":"2026-02-19T00:34:18","modified_gmt":"2026-02-18T23:34:18","slug":"nettoyant-micellaire-bio-a-la-figue","status":"publish","type":"product","link":"https:\/\/www.biobey.be\/fr\/produit\/nettoyant-micellaire-bio-a-la-figue\/","title":{"rendered":"Nettoyant Micellaire Bio \u00e0 la Figue de Barbarie Love Bio 200ml"},"content":{"rendered":"<p>Le nettoyant micellaire bio doux de Love Bio est sp\u00e9cialement con\u00e7u pour un nettoyage efficace de tout type de peau ainsi que des peaux sensibles. Les micelles du gel nettoyant micellaire attirent les impuret\u00e9s et l&rsquo;exc\u00e8s de s\u00e9bum. Elles captent les r\u00e9sidus de maquillage et de salet\u00e9 et les \u00e9liminent de la peau. Ainsi, le gel nettoyant micellaire bio permet un nettoyage efficace et en m\u00eame temps doux de l&rsquo;\u00e9piderme.<\/p>\n<h2>Qu&rsquo;est-ce qu&rsquo;un gel nettoyant micellaire bio ?<\/h2>\n<p>Le gel nettoyant micellaire Bio est un nettoyant \u00e0 base de micelles. Il nettoie la peau en absorbant les impuret\u00e9s, la salet\u00e9, l&rsquo;exc\u00e8s de graisse et les r\u00e9sidus de maquillage dans les micelles. Le gel nettoyant micellaire \u00e9limine les impuret\u00e9s sans affecter la surface de la peau. Sa consistance l\u00e9g\u00e8re est id\u00e9ale pour nettoyer tous les types de peau. L&rsquo;eau micellaire <strong>convient \u00e9galement parfaitement aux personnes ayant une peau ou des yeux sensibles.<\/strong><\/p>\n<h2>Que fait le gel nettoyant micellaire Bio ?<\/h2>\n<p>Le gel nettoyant micellaire bio sans parfum Love Bio est con\u00e7u pour un nettoyage efficace de la peau. Il <strong>purifie la peau sans la dess\u00e9cher ni l&rsquo;irriter<\/strong>. Les micelles \u00e9liminent la salet\u00e9 en la d\u00e9tachant et en l&rsquo;absorbant de la peau.<\/p>\n<p>La formule <strong>\u00e0 base d&rsquo;hydrolats biologiques d&rsquo;hamam\u00e9lis, de figue de Barbarie<\/strong>, de bougie royale et d&rsquo;extraits de camomille nettoie et revitalise la peau. L&rsquo;extrait de camomille aide \u00e0 r\u00e9duire les rougeurs et \u00e0 r\u00e9parer les peaux sensibles.<\/p>\n<p>Le gel nettoyant micellaire bio nettoie la peau, <strong>purifie les pores obstru\u00e9s et \u00e9limine l&rsquo;exc\u00e8s de graisse<\/strong>. Gr\u00e2ce \u00e0 sa composition puissante et \u00e0 sa consistance l\u00e9g\u00e8re, le gel nettoyant micellaire convient aussi bien aux peaux normales qu&rsquo;aux peaux mixtes et grasses.<\/p>\n<h3>Comment utiliser le gel nettoyant micellaire bio ?<\/h3>\n<p>Le gel nettoyant Love Bio peut \u00eatre utilis\u00e9 pour nettoyer et d\u00e9maquiller la peau. Mouillez le visage et le cou avec de l&rsquo;eau. Appliquez une petite quantit\u00e9 de gel nettoyant micellaire bio sur la peau et le cou. Effectuez de l\u00e9gers mouvements circulaires pour faire p\u00e9n\u00e9trer le gel dans la peau. Retirez ensuite le gel nettoyant \u00e0 l&rsquo;eau ti\u00e8de.<\/p>\n<p>Liste des ingr\u00e9dients : Extrait aqueux de fleurs de camomille romaine (Matricaria recutita), de fleur d&rsquo;hamam\u00e9lis (Hamamelis virginiana), de glyc\u00e9rol, d&rsquo;huile de polyglyc\u00e9ryl-4 laurate\/sebacate, d&rsquo;huile de polyglyc\u00e9ryl-6 caprylate\/caprate,<\/p>\n<p>d&rsquo;extrait hydrolys\u00e9 de fleurs de verveine officinale (Verbascum thapsus). Fleur d&rsquo;Eruca sativa hydrolys\u00e9e, extrait de fleur d&rsquo;Opuntia ficus-indica hydrolys\u00e9e (fruit de cactus), eau, alcool benzylique, gomme xanthane, acide citrique, sorbate de potassium, glyc\u00e9rol laurate.<\/p>\n<p>Le gel nettoyant micellaire Love Bio est certifi\u00e9 ICEA BIO et test\u00e9 dermatologiquement. Il s&rsquo;agit d&rsquo;un produit 100 % naturel fabriqu\u00e9 de mani\u00e8re durable en Italie.<br \/>\nNe contenant ni colorants, ni parfums, ni sulfates, ni autres ingr\u00e9dients synth\u00e9tiques dess\u00e9chants, il est parfait pour les peaux sensibles.<\/p>\n","protected":false},"excerpt":{"rendered":"<p>Le nettoyant micellaire bio \u00e0 la figue de barbarie \u00e9limine efficacement et en douceur les r\u00e9sidus de salet\u00e9, l&rsquo;exc\u00e8s de s\u00e9bum et les impuret\u00e9s de la peau. Les micelles absorbent les impuret\u00e9s sans endommager la barri\u00e8re cutan\u00e9e. Le gel nettoyant micellaire est naturel et test\u00e9 sous contr\u00f4le dermatologique.<\/p>\n","protected":false},"featured_media":810,"comment_status":"open","ping_status":"closed","template":"","meta":{"ocean_post_layout":"","ocean_both_sidebars_style":"","ocean_both_sidebars_content_width":0,"ocean_both_sidebars_sidebars_width":0,"ocean_sidebar":"0","ocean_second_sidebar":"0","ocean_disable_margins":"enable","ocean_add_body_class":"","ocean_shortcode_before_top_bar":"","ocean_shortcode_after_top_bar":"","ocean_shortcode_before_header":"","ocean_shortcode_after_header":"","ocean_has_shortcode":"","ocean_shortcode_after_title":"","ocean_shortcode_before_footer_widgets":"","ocean_shortcode_after_footer_widgets":"","ocean_shortcode_before_footer_bottom":"","ocean_shortcode_after_footer_bottom":"","ocean_display_top_bar":"default","ocean_display_header":"default","ocean_header_style":"","ocean_center_header_left_menu":"0","ocean_custom_header_template":"0","ocean_custom_logo":0,"ocean_custom_retina_logo":0,"ocean_custom_logo_max_width":0,"ocean_custom_logo_tablet_max_width":0,"ocean_custom_logo_mobile_max_width":0,"ocean_custom_logo_max_height":0,"ocean_custom_logo_tablet_max_height":0,"ocean_custom_logo_mobile_max_height":0,"ocean_header_custom_menu":"0","ocean_menu_typo_font_family":"0","ocean_menu_typo_font_subset":"","ocean_menu_typo_font_size":0,"ocean_menu_typo_font_size_tablet":0,"ocean_menu_typo_font_size_mobile":0,"ocean_menu_typo_font_size_unit":"px","ocean_menu_typo_font_weight":"","ocean_menu_typo_font_weight_tablet":"","ocean_menu_typo_font_weight_mobile":"","ocean_menu_typo_transform":"","ocean_menu_typo_transform_tablet":"","ocean_menu_typo_transform_mobile":"","ocean_menu_typo_line_height":0,"ocean_menu_typo_line_height_tablet":0,"ocean_menu_typo_line_height_mobile":0,"ocean_menu_typo_line_height_unit":"","ocean_menu_typo_spacing":0,"ocean_menu_typo_spacing_tablet":0,"ocean_menu_typo_spacing_mobile":0,"ocean_menu_typo_spacing_unit":"","ocean_menu_link_color":"","ocean_menu_link_color_hover":"","ocean_menu_link_color_active":"","ocean_menu_link_background":"","ocean_menu_link_hover_background":"","ocean_menu_link_active_background":"","ocean_menu_social_links_bg":"","ocean_menu_social_hover_links_bg":"","ocean_menu_social_links_color":"","ocean_menu_social_hover_links_color":"","ocean_disable_title":"default","ocean_disable_heading":"default","ocean_post_title":"","ocean_post_subheading":"","ocean_post_title_style":"","ocean_post_title_background_color":"","ocean_post_title_background":0,"ocean_post_title_bg_image_position":"","ocean_post_title_bg_image_attachment":"","ocean_post_title_bg_image_repeat":"","ocean_post_title_bg_image_size":"","ocean_post_title_height":0,"ocean_post_title_bg_overlay":0.5,"ocean_post_title_bg_overlay_color":"","ocean_disable_breadcrumbs":"default","ocean_breadcrumbs_color":"","ocean_breadcrumbs_separator_color":"","ocean_breadcrumbs_links_color":"","ocean_breadcrumbs_links_hover_color":"","ocean_display_footer_widgets":"default","ocean_display_footer_bottom":"default","ocean_custom_footer_template":"0"},"product_brand":[114],"product_cat":[18,17,16],"product_tag":[126,133],"class_list":{"0":"post-2639","1":"product","2":"type-product","3":"status-publish","4":"has-post-thumbnail","6":"product_brand-love-bio","7":"product_cat-nettoyage-de-la-peau-et-masques","8":"product_cat-soins-du-visage","9":"product_cat-soins","10":"product_tag-sans-paraben","11":"product_tag-sansparfumsynthetique","13":"entry","14":"has-media","16":"first","17":"instock","18":"taxable","19":"shipping-taxable","20":"purchasable","21":"product-type-simple","22":"has-rating","23":"col","24":"span_1_of_3","25":"owp-content-center","26":"owp-thumbs-layout-horizontal","27":"owp-btn-normal","28":"owp-tabs-layout-section","29":"has-no-thumbnails","30":"circle-sale"},"_links":{"self":[{"href":"https:\/\/www.biobey.be\/fr\/wp-json\/wp\/v2\/product\/2639","targetHints":{"allow":["GET"]}}],"collection":[{"href":"https:\/\/www.biobey.be\/fr\/wp-json\/wp\/v2\/product"}],"about":[{"href":"https:\/\/www.biobey.be\/fr\/wp-json\/wp\/v2\/types\/product"}],"replies":[{"embeddable":true,"href":"https:\/\/www.biobey.be\/fr\/wp-json\/wp\/v2\/comments?post=2639"}],"wp:featuredmedia":[{"embeddable":true,"href":"https:\/\/www.biobey.be\/fr\/wp-json\/wp\/v2\/media\/810"}],"wp:attachment":[{"href":"https:\/\/www.biobey.be\/fr\/wp-json\/wp\/v2\/media?parent=2639"}],"wp:term":[{"taxonomy":"product_brand","embeddable":true,"href":"https:\/\/www.biobey.be\/fr\/wp-json\/wp\/v2\/product_brand?post=2639"},{"taxonomy":"product_cat","embeddable":true,"href":"https:\/\/www.biobey.be\/fr\/wp-json\/wp\/v2\/product_cat?post=2639"},{"taxonomy":"product_tag","embeddable":true,"href":"https:\/\/www.biobey.be\/fr\/wp-json\/wp\/v2\/product_tag?post=2639"}],"curies":[{"name":"wp","href":"https:\/\/api.w.org\/{rel}","templated":true}]}}