{"id":2640,"date":"2025-04-25T16:58:12","date_gmt":"2025-04-25T14:58:12","guid":{"rendered":"https:\/\/www.biobey.be\/fr-temp\/produit\/bio-creme-pour-pieds-tres-secs-crevasses\/"},"modified":"2026-04-19T09:11:43","modified_gmt":"2026-04-19T07:11:43","slug":"bio-creme-pour-pieds-tres-secs-crevasses","status":"publish","type":"product","link":"https:\/\/www.biobey.be\/fr\/produit\/bio-creme-pour-pieds-tres-secs-crevasses\/","title":{"rendered":"Bio Cr\u00e8me pour pieds tr\u00e8s secs et crevass\u00e9s 50ml"},"content":{"rendered":"<p>Bio cr\u00e8me pour pieds tr\u00e8s secs de BemaBIO a \u00e9t\u00e9 d\u00e9velopp\u00e9e pour traiter les pieds tr\u00e8s secs et les crevasses. Cette cr\u00e8me naturelle pour les pieds tr\u00e8s secs <span style=\"color: #0000ff;\"><a style=\"color: #0000ff;\" href=\"https:\/\/www.biobey.be\/fr\/produit\/eczema-peau-atopique-lotion-bio-150-ml\/\">nourrit et hydrate intens\u00e9ment la peau s\u00e8che<\/a><\/span> des pieds. Elle adoucit les crevasses, les ger\u00e7ures et les fissures des pieds caus\u00e9es par la d\u00e9shydratation de la peau.<\/p>\n<p>Sa composition \u00e0 base de beurre de karit\u00e9 biologique, d&rsquo;huile d&rsquo;amande douce et de calendula <strong>r\u00e9pare et prend soin des pieds de mani\u00e8re naturelle<\/strong>. La cr\u00e8me pour pieds BemaBio contre les pieds secs est dermatologiquement approuv\u00e9e, naturelle et vegan.<\/p>\n<h2>Que fait la bio cr\u00e8me pour pieds tr\u00e8s secs ?<\/h2>\n<p>La cr\u00e8me r\u00e9paratrice pour pieds tr\u00e8s secs Bema Bio p\u00e9n\u00e8tre en profondeur dans la peau. Elle hydrate la peau s\u00e8che des pieds et aide \u00e0 traiter les ger\u00e7ures et les crevasses. Les extraits de graines de cassis et l&rsquo;huile de neem biologique ont un <strong>effet anti-inflammatoire.<\/strong><\/p>\n<p>L&rsquo;huile de neem combat les mycoses des pieds et <span style=\"color: #0000ff;\"><a style=\"color: #0000ff;\" href=\"https:\/\/www.biobey.be\/fr\/produit\/deodorant-creme-bio-zones-sensibles-50ml\/\">\u00e9limine les mauvaises bact\u00e9ries responsables de la transpiration des pieds<\/a><\/span>. L&rsquo;huile d&rsquo;amande douce a une consistance fine qui lui permet de p\u00e9n\u00e9trer rapidement dans la peau. Elle adoucit et favorise une meilleure absorption des ingr\u00e9dients actifs de la bio cr\u00e8me pour pieds tr\u00e8s secs.<\/p>\n<p>L&rsquo;extrait de <span style=\"color: #0000ff;\"><a style=\"color: #0000ff;\" href=\"https:\/\/www.biobey.be\/fr\/produit\/bio-pommade-calendula-dermatite\/\">calendula apaise la peau irrit\u00e9e et acc\u00e9l\u00e8re le processus de gu\u00e9rison<\/a><\/span> des peaux irrit\u00e9es et s\u00e8ches. Le beurre de karit\u00e9 contenu dans la cr\u00e8me pour les pieds prot\u00e8ge les pieds de la d\u00e9shydratation en emp\u00eachant la perte d&rsquo;humidit\u00e9.<\/p>\n<p>La cr\u00e8me pour pieds tr\u00e8s secs Bema bio adoucit la peau durcie, <strong>traite les crevasses et hydrate la peau s\u00e8che<\/strong>. Elle renforce la barri\u00e8re cutan\u00e9e et prot\u00e8ge les pieds de la d\u00e9shydratation.<\/p>\n<h3>Comment utiliser la cr\u00e8me pour pieds tr\u00e8s secs ?<\/h3>\n<p>Appliquez la cr\u00e8me pour pieds Bema Bio sur des pieds propres et secs. Massez doucement jusqu&rsquo;\u00e0 absorption compl\u00e8te par la peau. Insistez sur les zones s\u00e8ches et les crevasses. Convient \u00e0 un usage quotidien. Test\u00e9 dermatologiquement.<\/p>\n<p>Ingr\u00e9dients (INCI) : Glycine Soja* (Huile de soja), Hexyld\u00e9canol, Hexyld\u00e9cyl Laurate, Olea Europaea* (Huile d&rsquo;olive), Olus Oil, Huile v\u00e9g\u00e9tale hydrog\u00e9n\u00e9e, Huile de ricin hydrog\u00e9n\u00e9e, Glyc\u00e9rides de palme hydrog\u00e9n\u00e9s, Prunus Amygdalus Dulcis* (Huile d&rsquo;amande douce),<\/p>\n<p>Heliantus Annuus* (Huile de graines de tournesol), beurre de Butyrospermum Parkii (karit\u00e9), extrait de Calendula Officinalis, extrait d&rsquo;Hypericum Perforatum, huile de graines de Melia Azadirachta, Ribes Nigrum.<\/p>\n<p>*Extraits issus de l&rsquo;agriculture biologique<br \/>\nLa cr\u00e8me pour pieds secs Bema Bio est certifi\u00e9e Icea Bio et Vegan.<\/p>\n","protected":false},"excerpt":{"rendered":"<p>La bio cr\u00e8me pour pieds tr\u00e8s secs adoucit la peau s\u00e8che et traite les crevasses et les ger\u00e7ures des pieds. Sa formule \u00e0 base de beurre de karit\u00e9, d&rsquo;huile d&rsquo;amande douce, d&rsquo;huile de neem et d&rsquo;extrait de cassis r\u00e9g\u00e9n\u00e8re la peau s\u00e8che des pieds et renforce la peau fragile des pieds. Con\u00e7ue pour les personnes ayant les pieds secs, des crevasses et des ger\u00e7ures aux talons.<\/p>\n","protected":false},"featured_media":813,"comment_status":"open","ping_status":"closed","template":"","meta":{"ocean_post_layout":"","ocean_both_sidebars_style":"","ocean_both_sidebars_content_width":0,"ocean_both_sidebars_sidebars_width":0,"ocean_sidebar":"0","ocean_second_sidebar":"0","ocean_disable_margins":"enable","ocean_add_body_class":"","ocean_shortcode_before_top_bar":"","ocean_shortcode_after_top_bar":"","ocean_shortcode_before_header":"","ocean_shortcode_after_header":"","ocean_has_shortcode":"","ocean_shortcode_after_title":"","ocean_shortcode_before_footer_widgets":"","ocean_shortcode_after_footer_widgets":"","ocean_shortcode_before_footer_bottom":"","ocean_shortcode_after_footer_bottom":"","ocean_display_top_bar":"default","ocean_display_header":"default","ocean_header_style":"","ocean_center_header_left_menu":"0","ocean_custom_header_template":"0","ocean_custom_logo":0,"ocean_custom_retina_logo":0,"ocean_custom_logo_max_width":0,"ocean_custom_logo_tablet_max_width":0,"ocean_custom_logo_mobile_max_width":0,"ocean_custom_logo_max_height":0,"ocean_custom_logo_tablet_max_height":0,"ocean_custom_logo_mobile_max_height":0,"ocean_header_custom_menu":"0","ocean_menu_typo_font_family":"0","ocean_menu_typo_font_subset":"","ocean_menu_typo_font_size":0,"ocean_menu_typo_font_size_tablet":0,"ocean_menu_typo_font_size_mobile":0,"ocean_menu_typo_font_size_unit":"px","ocean_menu_typo_font_weight":"","ocean_menu_typo_font_weight_tablet":"","ocean_menu_typo_font_weight_mobile":"","ocean_menu_typo_transform":"","ocean_menu_typo_transform_tablet":"","ocean_menu_typo_transform_mobile":"","ocean_menu_typo_line_height":0,"ocean_menu_typo_line_height_tablet":0,"ocean_menu_typo_line_height_mobile":0,"ocean_menu_typo_line_height_unit":"","ocean_menu_typo_spacing":0,"ocean_menu_typo_spacing_tablet":0,"ocean_menu_typo_spacing_mobile":0,"ocean_menu_typo_spacing_unit":"","ocean_menu_link_color":"","ocean_menu_link_color_hover":"","ocean_menu_link_color_active":"","ocean_menu_link_background":"","ocean_menu_link_hover_background":"","ocean_menu_link_active_background":"","ocean_menu_social_links_bg":"","ocean_menu_social_hover_links_bg":"","ocean_menu_social_links_color":"","ocean_menu_social_hover_links_color":"","ocean_disable_title":"default","ocean_disable_heading":"default","ocean_post_title":"","ocean_post_subheading":"","ocean_post_title_style":"","ocean_post_title_background_color":"","ocean_post_title_background":0,"ocean_post_title_bg_image_position":"","ocean_post_title_bg_image_attachment":"","ocean_post_title_bg_image_repeat":"","ocean_post_title_bg_image_size":"","ocean_post_title_height":0,"ocean_post_title_bg_overlay":0.5,"ocean_post_title_bg_overlay_color":"","ocean_disable_breadcrumbs":"default","ocean_breadcrumbs_color":"","ocean_breadcrumbs_separator_color":"","ocean_breadcrumbs_links_color":"","ocean_breadcrumbs_links_hover_color":"","ocean_display_footer_widgets":"default","ocean_display_footer_bottom":"default","ocean_custom_footer_template":"0"},"product_brand":[106],"product_cat":[33,26,35,31,16,51],"product_tag":[137,133,125],"class_list":{"0":"post-2640","1":"product","2":"type-product","3":"status-publish","4":"has-post-thumbnail","6":"product_brand-bema-bio","7":"product_cat-irritation-cutanee-eczema-et-psoriasis","8":"product_cat-mains-et-pieds","9":"product_cat-pieds","10":"product_cat-sante","11":"product_cat-soins","12":"product_cat-soins-du-corps","13":"product_tag-sans-colorants-synthetiques","14":"product_tag-sansparfumsynthetique","15":"product_tag-vegan","17":"entry","18":"has-media","20":"first","21":"instock","22":"taxable","23":"shipping-taxable","24":"purchasable","25":"product-type-simple","26":"has-rating","27":"col","28":"span_1_of_3","29":"owp-content-center","30":"owp-thumbs-layout-horizontal","31":"owp-btn-normal","32":"owp-tabs-layout-section","33":"has-no-thumbnails","34":"circle-sale"},"_links":{"self":[{"href":"https:\/\/www.biobey.be\/fr\/wp-json\/wp\/v2\/product\/2640","targetHints":{"allow":["GET"]}}],"collection":[{"href":"https:\/\/www.biobey.be\/fr\/wp-json\/wp\/v2\/product"}],"about":[{"href":"https:\/\/www.biobey.be\/fr\/wp-json\/wp\/v2\/types\/product"}],"replies":[{"embeddable":true,"href":"https:\/\/www.biobey.be\/fr\/wp-json\/wp\/v2\/comments?post=2640"}],"wp:featuredmedia":[{"embeddable":true,"href":"https:\/\/www.biobey.be\/fr\/wp-json\/wp\/v2\/media\/813"}],"wp:attachment":[{"href":"https:\/\/www.biobey.be\/fr\/wp-json\/wp\/v2\/media?parent=2640"}],"wp:term":[{"taxonomy":"product_brand","embeddable":true,"href":"https:\/\/www.biobey.be\/fr\/wp-json\/wp\/v2\/product_brand?post=2640"},{"taxonomy":"product_cat","embeddable":true,"href":"https:\/\/www.biobey.be\/fr\/wp-json\/wp\/v2\/product_cat?post=2640"},{"taxonomy":"product_tag","embeddable":true,"href":"https:\/\/www.biobey.be\/fr\/wp-json\/wp\/v2\/product_tag?post=2640"}],"curies":[{"name":"wp","href":"https:\/\/api.w.org\/{rel}","templated":true}]}}