{"id":2642,"date":"2025-04-25T16:58:32","date_gmt":"2025-04-25T14:58:32","guid":{"rendered":"https:\/\/www.biobey.be\/fr-temp\/produit\/lotion-tonique-vitaminee-bio-visage-200ml\/"},"modified":"2025-11-28T14:43:47","modified_gmt":"2025-11-28T13:43:47","slug":"lotion-tonique-vitaminee-bio-visage-200ml","status":"publish","type":"product","link":"https:\/\/www.biobey.be\/fr\/produit\/lotion-tonique-vitaminee-bio-visage-200ml\/","title":{"rendered":"Lotion tonique vitamin\u00e9e bio visage 200 ml"},"content":{"rendered":"<p>Lotion tonique vitamin\u00e9e bio de LoveBio \u00e9limine efficacement les r\u00e9sidus de maquillage et les impuret\u00e9s. Ce tonique bio doux et riche en vitamines est id\u00e9al pour le <strong>nettoyage quotidien et le soin de tous les types de peau.<\/strong> Ce tonique naturel aux vitamines peut \u00eatre utilis\u00e9 comme nettoyant additionnel ou comme soin compl\u00e9mentaire dans votre routine quotidienne.<\/p>\n<h2>Que fait la lotion tonique vitamin\u00e9e bio pour la peau ?<\/h2>\n<p>La lotion tonique vitamin\u00e9e bio visagee LoveBio a \u00e9t\u00e9 d\u00e9velopp\u00e9 pour nettoyer et prendre soin de la peau du visage. Gr\u00e2ce \u00e0 sa composition douce, elle convient \u00e0 tous les types de peau, y compris <span style=\"color: #0000ff;\"><a style=\"color: #0000ff;\" href=\"https:\/\/www.biobey.be\/fr\/produit\/creme-anti-rides-naturel-50ml\/\">les peaux s\u00e8ches et sensibles pr\u00e9sentant des ridules<\/a><\/span>.<\/p>\n<p>Les extraits biologiques de racine de ginseng, d&rsquo;achill\u00e9e millefeuille, de mauve sylvestre, de copa\u00efba et de noix du Br\u00e9sil constituent une v\u00e9ritable bombe vitamin\u00e9e. La formule riche en antioxydants du tonique vitamin\u00e9 <strong>aide \u00e0 prot\u00e9ger la barri\u00e8re cutan\u00e9e contre les agressions ext\u00e9rieures<\/strong>. Elle nourrit et <span style=\"color: #0000ff;\"><a style=\"color: #0000ff;\" href=\"https:\/\/www.biobey.be\/fr\/produit\/creme-de-jour-a-lhuile-de-rose-bio-50\/\">hydrate les peaux s\u00e8ches<\/a><\/span> et aide \u00e0 uniformiser le teint.<\/p>\n<h2>La lotion tonique vitamin\u00e9e convient-elle aux peaux sensibles s\u00e8ches ?<\/h2>\n<p>La lotion tonique naturelle aux vitamines a une formule douce et une texture l\u00e9g\u00e8re. Elle \u00e9limine les impuret\u00e9s sans agresser la peau. Le tonique pour la peau a \u00e9t\u00e9 test\u00e9 dermatologiquement et <strong>convient aux peaux s\u00e8ches et sensibles<\/strong>.<\/p>\n<p>L&rsquo;huile biologique de noix du Br\u00e9sil forme une couche protectrice sur la barri\u00e8re cutan\u00e9e. Elle inhibe les inflammations et <strong>acc\u00e9l\u00e8re le processus de gu\u00e9rison des peaux irrit\u00e9es et ab\u00eem\u00e9es<\/strong>.<\/p>\n<h2>Quel est l&rsquo;effet de la vitamine C contenue dans le tonique sur la peau ?<\/h2>\n<p>La lotion tonique vitamin\u00e9e bio contient des extraits riches en vitamines C et E, tels que la racine de ginseng, la mauve et l&rsquo;achill\u00e9e millefeuille. La vitamine C contenue dans la lotion tonique vitamin\u00e9e pr\u00e9sente de nombreux avantages pour la peau. Elle acc\u00e9l\u00e8re le processus de cicatrisation des petites blessures et des cicatrices.<\/p>\n<p>Elle ralentit la d\u00e9gradation du collag\u00e8ne et stimule le renouvellement des cellules cutan\u00e9es. Elle att\u00e9nue les taches brunes et aide \u00e0 r\u00e9duire l&rsquo;hyperpigmentation. Le tonique LoveBio \u00e0 la vitamine C et E <span style=\"color: #0000ff;\"><a style=\"color: #0000ff;\" href=\"https:\/\/www.biobey.be\/fr\/produit\/creme-eclaircissante-depigmentante-bio\/\"><strong>aide \u00e0 pr\u00e9venir les taches brunes superficielles et \u00e0 \u00e9claircir la peau.<\/strong><\/a><\/span><\/p>\n<h3>Comment utiliser la lotion tonique vitamin\u00e9e bio pour la peau ?<\/h3>\n<p>La lotion tonique Love Bio aux vitamines convient \u00e0 un usage quotidien. Elle peut \u00eatre utilis\u00e9e apr\u00e8s avoir nettoy\u00e9 la peau et avant d&rsquo;appliquer un s\u00e9rum ou une cr\u00e8me de jour. Appliquez une petite quantit\u00e9 de lotion tonique vitamin\u00e9e sur un coton et passez-le d\u00e9licatement sur la peau.<\/p>\n<p>Ingr\u00e9dients (INCI) : Aqua, Glyc\u00e9rine, Extrait de racine de Panax Ginseng*, Extrait d&rsquo;Achillea Millefolium*, Malva Sylvestris* (Mauve), R\u00e9sine de Copaifera Officinalis* (Baume Copaiba), Huile de graines de Bertholletia Excelsa*, Sorbate de potassium, Carboxym\u00e9thyl-b\u00eata-glucane sodique, Acide citrique, Alcool benzylique, benzoate de sodium, fragrance (ar\u00f4me naturel)<\/p>\n<p>* Issu de l&rsquo;agriculture biologique<\/p>\n<p>La fragrance fait r\u00e9f\u00e9rence \u00e0 l&rsquo;ar\u00f4me naturel<br \/>\nLe tonique vitamin\u00e9 LoveBio est fabriqu\u00e9 en Italie. Il est certifi\u00e9 Icea Bio et test\u00e9 dermatologiquement.<\/p>\n","protected":false},"excerpt":{"rendered":"<p>Lotion tonique vitamin\u00e9e bio de LoveBio purifie la peau sans alt\u00e9rer la barri\u00e8re cutan\u00e9e. Sa formule riche en vitamines C, B et E nourrit la peau et la prot\u00e8ge contre les radicaux libres. Test\u00e9 dermatologiquement et adapt\u00e9 \u00e0 tous les types de peau.<br \/>\nComposants : extraits biologiques de racine de ginseng, achill\u00e9e millefeuille, mauve, copa\u00efba et noix du Br\u00e9sil.<\/p>\n","protected":false},"featured_media":818,"comment_status":"open","ping_status":"closed","template":"","meta":{"ocean_post_layout":"","ocean_both_sidebars_style":"","ocean_both_sidebars_content_width":0,"ocean_both_sidebars_sidebars_width":0,"ocean_sidebar":"","ocean_second_sidebar":"","ocean_disable_margins":"enable","ocean_add_body_class":"","ocean_shortcode_before_top_bar":"","ocean_shortcode_after_top_bar":"","ocean_shortcode_before_header":"","ocean_shortcode_after_header":"","ocean_has_shortcode":"","ocean_shortcode_after_title":"","ocean_shortcode_before_footer_widgets":"","ocean_shortcode_after_footer_widgets":"","ocean_shortcode_before_footer_bottom":"","ocean_shortcode_after_footer_bottom":"","ocean_display_top_bar":"default","ocean_display_header":"default","ocean_header_style":"","ocean_center_header_left_menu":"","ocean_custom_header_template":"","ocean_custom_logo":0,"ocean_custom_retina_logo":0,"ocean_custom_logo_max_width":0,"ocean_custom_logo_tablet_max_width":0,"ocean_custom_logo_mobile_max_width":0,"ocean_custom_logo_max_height":0,"ocean_custom_logo_tablet_max_height":0,"ocean_custom_logo_mobile_max_height":0,"ocean_header_custom_menu":"","ocean_menu_typo_font_family":"","ocean_menu_typo_font_subset":"","ocean_menu_typo_font_size":0,"ocean_menu_typo_font_size_tablet":0,"ocean_menu_typo_font_size_mobile":0,"ocean_menu_typo_font_size_unit":"px","ocean_menu_typo_font_weight":"","ocean_menu_typo_font_weight_tablet":"","ocean_menu_typo_font_weight_mobile":"","ocean_menu_typo_transform":"","ocean_menu_typo_transform_tablet":"","ocean_menu_typo_transform_mobile":"","ocean_menu_typo_line_height":0,"ocean_menu_typo_line_height_tablet":0,"ocean_menu_typo_line_height_mobile":0,"ocean_menu_typo_line_height_unit":"","ocean_menu_typo_spacing":0,"ocean_menu_typo_spacing_tablet":0,"ocean_menu_typo_spacing_mobile":0,"ocean_menu_typo_spacing_unit":"","ocean_menu_link_color":"","ocean_menu_link_color_hover":"","ocean_menu_link_color_active":"","ocean_menu_link_background":"","ocean_menu_link_hover_background":"","ocean_menu_link_active_background":"","ocean_menu_social_links_bg":"","ocean_menu_social_hover_links_bg":"","ocean_menu_social_links_color":"","ocean_menu_social_hover_links_color":"","ocean_disable_title":"default","ocean_disable_heading":"default","ocean_post_title":"","ocean_post_subheading":"","ocean_post_title_style":"","ocean_post_title_background_color":"","ocean_post_title_background":0,"ocean_post_title_bg_image_position":"","ocean_post_title_bg_image_attachment":"","ocean_post_title_bg_image_repeat":"","ocean_post_title_bg_image_size":"","ocean_post_title_height":0,"ocean_post_title_bg_overlay":0.5,"ocean_post_title_bg_overlay_color":"","ocean_disable_breadcrumbs":"default","ocean_breadcrumbs_color":"","ocean_breadcrumbs_separator_color":"","ocean_breadcrumbs_links_color":"","ocean_breadcrumbs_links_hover_color":"","ocean_display_footer_widgets":"default","ocean_display_footer_bottom":"default","ocean_custom_footer_template":""},"product_brand":[114],"product_cat":[55,18,17,16],"product_tag":[126,125],"class_list":{"0":"post-2642","1":"product","2":"type-product","3":"status-publish","4":"has-post-thumbnail","6":"product_brand-love-bio","7":"product_cat-maquillage","8":"product_cat-nettoyage-de-la-peau-et-masques","9":"product_cat-soins-du-visage","10":"product_cat-soins","11":"product_tag-sans-paraben","12":"product_tag-vegan","14":"entry","15":"has-media","17":"first","18":"instock","19":"taxable","20":"shipping-taxable","21":"purchasable","22":"product-type-simple","23":"has-rating","24":"col","25":"span_1_of_3","26":"owp-content-center","27":"owp-thumbs-layout-horizontal","28":"owp-btn-normal","29":"owp-tabs-layout-section","30":"has-no-thumbnails","31":"circle-sale"},"_links":{"self":[{"href":"https:\/\/www.biobey.be\/fr\/wp-json\/wp\/v2\/product\/2642","targetHints":{"allow":["GET"]}}],"collection":[{"href":"https:\/\/www.biobey.be\/fr\/wp-json\/wp\/v2\/product"}],"about":[{"href":"https:\/\/www.biobey.be\/fr\/wp-json\/wp\/v2\/types\/product"}],"replies":[{"embeddable":true,"href":"https:\/\/www.biobey.be\/fr\/wp-json\/wp\/v2\/comments?post=2642"}],"wp:featuredmedia":[{"embeddable":true,"href":"https:\/\/www.biobey.be\/fr\/wp-json\/wp\/v2\/media\/818"}],"wp:attachment":[{"href":"https:\/\/www.biobey.be\/fr\/wp-json\/wp\/v2\/media?parent=2642"}],"wp:term":[{"taxonomy":"product_brand","embeddable":true,"href":"https:\/\/www.biobey.be\/fr\/wp-json\/wp\/v2\/product_brand?post=2642"},{"taxonomy":"product_cat","embeddable":true,"href":"https:\/\/www.biobey.be\/fr\/wp-json\/wp\/v2\/product_cat?post=2642"},{"taxonomy":"product_tag","embeddable":true,"href":"https:\/\/www.biobey.be\/fr\/wp-json\/wp\/v2\/product_tag?post=2642"}],"curies":[{"name":"wp","href":"https:\/\/api.w.org\/{rel}","templated":true}]}}