{"id":2643,"date":"2025-04-25T16:58:41","date_gmt":"2025-04-25T14:58:41","guid":{"rendered":"https:\/\/www.biobey.be\/fr-temp\/produit\/fond-de-teint-bio-silk-lepo-05-beige-50ml\/"},"modified":"2025-08-10T00:22:13","modified_gmt":"2025-08-09T22:22:13","slug":"fond-de-teint-bio-silk-lepo-05-beige-50ml","status":"publish","type":"product","link":"https:\/\/www.biobey.be\/fr\/produit\/fond-de-teint-bio-silk-lepo-05-beige-50ml\/","title":{"rendered":"Fond de teint bio Silk Lepo 05 Beige 30ml"},"content":{"rendered":"<p>Le fond de teint bio Silk est un fond de teint soyeux nourrissant et couvrant \u00e0 base de min\u00e9raux et d&rsquo;extraits de plantes. Il offre un fini semi-mat lumineux uniforme, souple et ultra-fin. Sa combinaison nourrissante et couvrante <strong>unifie le teint et cr\u00e9e un effet \u00ab seconde peau \u00bb naturel.<\/strong><\/p>\n<p>Les pigments min\u00e9raux de haute qualit\u00e9 camouflent les imperfections, les ridules, l&rsquo;acn\u00e9 et les taches brunes sans obstruer les pores. La formule naturelle \u00e0 base d&rsquo;huile d&rsquo;avocat biologique et d&rsquo;huile de datte <span style=\"color: #0000ff;\"><a style=\"color: #0000ff;\" href=\"https:\/\/www.biobey.be\/fr\/produit\/serum-a-lacide-hyaluronique-concentre-bio\/\">hydrate et adoucit la peau<\/a><\/span>.<br \/>\nLe fond de teint bio Silk de Lepo <strong>convient parfaitement aux personnes ayant une peau s\u00e8che, sensible et mixte.<\/strong><\/p>\n<h2>Actions d&rsquo;un fond de teint bio Silk Soyeux<\/h2>\n<p>Le fond de teint bio soyeux Lepo camoufle les imperfections et prend soin de la peau. La texture cr\u00e9meuse du fond de teint bio silk Lepo forme une fine couche soyeuse et naturelle sur la peau apr\u00e8s application. Cela cr\u00e9e un aspect naturel qui procure un \u00ab effet seconde peau \u00bb.<\/p>\n<p>Le fond de teint bio silk a une action couvrante et nourrissante. Les vitamines, les acides gras essentiels insatur\u00e9s et les antioxydants contenus dans le fond de teint nourrissent la peau et renforcent la barri\u00e8re cutan\u00e9e. L&rsquo;huile d&rsquo;avocat biologique <span style=\"color: #0000ff;\"><a style=\"color: #0000ff;\" href=\"https:\/\/www.biobey.be\/fr\/produit\/creme-visage-oxygene-hydratante-bio-50ml\/\"><strong>nourrit la peau et la prot\u00e8ge contre la d\u00e9shydratation<\/strong><\/a><\/span>.<\/p>\n<p>La vitamine E est un puissant antioxydant qui aide \u00e0 pr\u00e9venir le vieillissement pr\u00e9matur\u00e9 de la peau. Gr\u00e2ce \u00e0 sa composition nourrissante \u00e0 base de plantes, d&rsquo;huiles et d&rsquo;extraits biologiques, <strong>la peau est agr\u00e9ablement douce apr\u00e8s application<\/strong>.<\/p>\n<h3>Comment utiliser le fond de teint bio Silk Lepo ?<\/h3>\n<p>Appliquez le fond de teint bio Silk sur la peau du bout des doigts, puis estompez-le \u00e0 l&rsquo;aide d&rsquo;un pinceau. Avant d&rsquo;appliquer le fond de teint, vous pouvez utiliser le s\u00e9rum primer glowy de Lepo si vous le souhaitez. Ne pas agiter avant utilisation. Test\u00e9 dermatologiquement et adapt\u00e9 \u00e0 un usage r\u00e9gulier.<\/p>\n<h4>Fond de teint bio Silk Lepo &#8211; Ingr\u00e9dients (INCI)<\/h4>\n<p>Eau florale de Centaurea cyanus*, C9-12 Alkane, Aqua, Polyglyc\u00e9ryl-2 Dipolyhydroxyst\u00e9arate, Und\u00e9cane, Coco-Caprylate\/Caprate, Trihydrosyst\u00e9arine, Trid\u00e9cane, Polyglyc\u00e9ryl-3Diisost\u00e9arate, Sulfate de magn\u00e9sium, Huile de Persea gratissima (Avocat), Sorbate de potassium, Huile v\u00e9g\u00e9tale hydrog\u00e9n\u00e9e, L\u00e9vulinate de sodium,<\/p>\n<p>Fragrance (ar\u00f4me naturel), Alcool benzylique, Benzoate de sodium, Phytate de sodium, Acide lactique, Tocoph\u00e9rol (vitamine E), Huile de graines de Balanites roxburghii*, Alcool, Vanilline, Linalool, Huile d&rsquo;\u00e9corce de Citrus aurantium, Limon\u00e8ne, Huile de Juniperus virginiana, Huile de Pogostemon cablin<\/p>\n<p>*Ingr\u00e9dients issus de l&rsquo;agriculture biologique<br \/>\nFragrance d&rsquo;ar\u00f4mes naturels<\/p>\n<p>Le fond de teint bio Silk est exempt de parfum synth\u00e9tique, de colorants, de parab\u00e8nes, de PEG, d&rsquo;huiles min\u00e9rales et d&rsquo;autres ingr\u00e9dients dess\u00e9chants. Il est vegan, naturel et exempt de m\u00e9taux lourds.<\/p>\n","protected":false},"excerpt":{"rendered":"<p>Le fond de teint bio Silk prend soin de la peau et camoufle les imperfections sans obstruer les pores. Sa texture l\u00e9g\u00e8re inspir\u00e9e par la texture fine de la soie offre une couvrance ultra-fine avec une apparence semi-mate. Apr\u00e8s application, la peau est lisse, uniforme et \u00e9clatante.<\/p>\n<p>Type de peau : tous types de peau, y compris les peaux sensibles<br \/>\nTeinte : 05 Chiaro beige<br \/>\nApparence semi-mate<\/p>\n","protected":false},"featured_media":816,"comment_status":"open","ping_status":"closed","template":"","meta":{"ocean_post_layout":"","ocean_both_sidebars_style":"","ocean_both_sidebars_content_width":0,"ocean_both_sidebars_sidebars_width":0,"ocean_sidebar":"0","ocean_second_sidebar":"0","ocean_disable_margins":"enable","ocean_add_body_class":"","ocean_shortcode_before_top_bar":"","ocean_shortcode_after_top_bar":"","ocean_shortcode_before_header":"","ocean_shortcode_after_header":"","ocean_has_shortcode":"","ocean_shortcode_after_title":"","ocean_shortcode_before_footer_widgets":"","ocean_shortcode_after_footer_widgets":"","ocean_shortcode_before_footer_bottom":"","ocean_shortcode_after_footer_bottom":"","ocean_display_top_bar":"default","ocean_display_header":"default","ocean_header_style":"","ocean_center_header_left_menu":"0","ocean_custom_header_template":"0","ocean_custom_logo":0,"ocean_custom_retina_logo":0,"ocean_custom_logo_max_width":0,"ocean_custom_logo_tablet_max_width":0,"ocean_custom_logo_mobile_max_width":0,"ocean_custom_logo_max_height":0,"ocean_custom_logo_tablet_max_height":0,"ocean_custom_logo_mobile_max_height":0,"ocean_header_custom_menu":"0","ocean_menu_typo_font_family":"0","ocean_menu_typo_font_subset":"","ocean_menu_typo_font_size":0,"ocean_menu_typo_font_size_tablet":0,"ocean_menu_typo_font_size_mobile":0,"ocean_menu_typo_font_size_unit":"px","ocean_menu_typo_font_weight":"","ocean_menu_typo_font_weight_tablet":"","ocean_menu_typo_font_weight_mobile":"","ocean_menu_typo_transform":"","ocean_menu_typo_transform_tablet":"","ocean_menu_typo_transform_mobile":"","ocean_menu_typo_line_height":0,"ocean_menu_typo_line_height_tablet":0,"ocean_menu_typo_line_height_mobile":0,"ocean_menu_typo_line_height_unit":"","ocean_menu_typo_spacing":0,"ocean_menu_typo_spacing_tablet":0,"ocean_menu_typo_spacing_mobile":0,"ocean_menu_typo_spacing_unit":"","ocean_menu_link_color":"","ocean_menu_link_color_hover":"","ocean_menu_link_color_active":"","ocean_menu_link_background":"","ocean_menu_link_hover_background":"","ocean_menu_link_active_background":"","ocean_menu_social_links_bg":"","ocean_menu_social_hover_links_bg":"","ocean_menu_social_links_color":"","ocean_menu_social_hover_links_color":"","ocean_disable_title":"default","ocean_disable_heading":"default","ocean_post_title":"","ocean_post_subheading":"","ocean_post_title_style":"","ocean_post_title_background_color":"","ocean_post_title_background":0,"ocean_post_title_bg_image_position":"","ocean_post_title_bg_image_attachment":"","ocean_post_title_bg_image_repeat":"","ocean_post_title_bg_image_size":"","ocean_post_title_height":0,"ocean_post_title_bg_overlay":0.5,"ocean_post_title_bg_overlay_color":"","ocean_disable_breadcrumbs":"default","ocean_breadcrumbs_color":"","ocean_breadcrumbs_separator_color":"","ocean_breadcrumbs_links_color":"","ocean_breadcrumbs_links_hover_color":"","ocean_display_footer_widgets":"default","ocean_display_footer_bottom":"default","ocean_custom_footer_template":"0"},"product_brand":[121],"product_cat":[55],"product_tag":[137,133,127,125],"class_list":{"0":"post-2643","1":"product","2":"type-product","3":"status-publish","4":"has-post-thumbnail","6":"product_brand-lepo-ecobio-cosmetica","7":"product_cat-maquillage","8":"product_tag-sans-colorants-synthetiques","9":"product_tag-sansparfumsynthetique","10":"product_tag-sans-silicone","11":"product_tag-vegan","13":"entry","14":"has-media","16":"first","17":"instock","18":"taxable","19":"shipping-taxable","20":"purchasable","21":"product-type-simple","22":"has-rating","23":"col","24":"span_1_of_3","25":"owp-content-center","26":"owp-thumbs-layout-horizontal","27":"owp-btn-normal","28":"owp-tabs-layout-section","29":"has-no-thumbnails","30":"circle-sale"},"_links":{"self":[{"href":"https:\/\/www.biobey.be\/fr\/wp-json\/wp\/v2\/product\/2643","targetHints":{"allow":["GET"]}}],"collection":[{"href":"https:\/\/www.biobey.be\/fr\/wp-json\/wp\/v2\/product"}],"about":[{"href":"https:\/\/www.biobey.be\/fr\/wp-json\/wp\/v2\/types\/product"}],"replies":[{"embeddable":true,"href":"https:\/\/www.biobey.be\/fr\/wp-json\/wp\/v2\/comments?post=2643"}],"wp:featuredmedia":[{"embeddable":true,"href":"https:\/\/www.biobey.be\/fr\/wp-json\/wp\/v2\/media\/816"}],"wp:attachment":[{"href":"https:\/\/www.biobey.be\/fr\/wp-json\/wp\/v2\/media?parent=2643"}],"wp:term":[{"taxonomy":"product_brand","embeddable":true,"href":"https:\/\/www.biobey.be\/fr\/wp-json\/wp\/v2\/product_brand?post=2643"},{"taxonomy":"product_cat","embeddable":true,"href":"https:\/\/www.biobey.be\/fr\/wp-json\/wp\/v2\/product_cat?post=2643"},{"taxonomy":"product_tag","embeddable":true,"href":"https:\/\/www.biobey.be\/fr\/wp-json\/wp\/v2\/product_tag?post=2643"}],"curies":[{"name":"wp","href":"https:\/\/api.w.org\/{rel}","templated":true}]}}