{"id":2644,"date":"2025-04-27T01:41:07","date_gmt":"2025-04-26T23:41:07","guid":{"rendered":"https:\/\/www.biobey.be\/fr-temp\/produit\/masque-eclaircissant-professionnel-bio\/"},"modified":"2025-07-11T12:50:36","modified_gmt":"2025-07-11T10:50:36","slug":"masque-eclaircissant-professionnel-bio","status":"publish","type":"product","link":"https:\/\/www.biobey.be\/fr\/produit\/masque-eclaircissant-professionnel-bio\/","title":{"rendered":"Masque \u00e9claircissant professionnel bio Bema White 4 x 20g (80g)"},"content":{"rendered":"<p>Le masque \u00e9claircissant professionnel bio \u00e0 l&rsquo;alginate de Bema White estompe les imperfections et uniformise le teint. Ce masque professionnel \u00e9claircissant bio att\u00e9nue les taches brunes et <strong>donne un coup d&rsquo;\u00e9clat instantan\u00e9 au visage<\/strong>.<\/p>\n<p>Il est sp\u00e9cialement con\u00e7u pour \u00e9claircir la peau en profondeur. En plus, le masque blanchissant \u00e0 l&rsquo;alginate hydrate la peau en la rendant plus lisse et plus douce apr\u00e8s utilisation.<\/p>\n<h2>Comment fonctionne le masque \u00e9claircissant professionnel bio aux alginates ?<\/h2>\n<p>Le masque \u00e9claircissant bio aux alginates, \u00e0 base d&rsquo;extrait d&rsquo;algues brunes, <span style=\"color: #0000ff;\"><a style=\"color: #0000ff;\" href=\"https:\/\/www.biobey.be\/fr\/produit\/correcteur-de-taches-pigmentaires-bio-20\/\">att\u00e9nue les taches brunes et les imperfections<\/a><\/span>. Le masque facial professionnel aux alginates convient pour un traitement intensif avec des r\u00e9sultats rapides. Il \u00e9claircit et uniformise le teint sans alt\u00e9rer la barri\u00e8re cutan\u00e9e.<\/p>\n<p>Le masque \u00e9claircissant Glowy<span style=\"color: #0000ff;\"><a style=\"color: #0000ff;\" href=\"https:\/\/www.biobey.be\/fr\/produit\/creme-visage-bio-a-effet-botox-50ml\/\"> r\u00e9duit les signes de fatigue et les imperfections<\/a><\/span>. Il rafra\u00eechit et rend la peau \u00e9clatante d\u00e8s la premi\u00e8re utilisation. L&rsquo;extrait d&rsquo;algues brunes r\u00e9g\u00e9n\u00e8re les cellules de la peau et adoucit la peau s\u00e8che. De plus, il assure une meilleure absorption des ingr\u00e9dients \u00e9claircissants contenus dans le masque.<\/p>\n<p>En utilisant r\u00e9guli\u00e8rement le masque \u00e9claircissant bio Alginates avec les soins Bema White, les taches brunes s&rsquo;estompent et le teint est plus uniforme.<\/p>\n<h3>Comment pr\u00e9parer le masque \u00e9claircissant professionnel bio ?<\/h3>\n<p><strong>Pr\u00e9paration :<\/strong><br \/>\n&#8211; Versez un sachet de 20 g de poudre d&rsquo;alginate dans un bol.<br \/>\n&#8211; Ajoutez ensuite 30 ml d&rsquo;eau ti\u00e8de dans le bol contenant la poudre.<br \/>\n&#8211; Ajoutez 30 ml de lotion <span style=\"color: #0000ff;\"><a style=\"color: #0000ff;\" href=\"https:\/\/www.biobey.be\/fr\/produit\/lotion-tonique-hydratante-bio\/\">Bema White Tonic<\/a><\/span> dans le bol.<br \/>\n&#8211; M\u00e9langez ensuite le tout jusqu&rsquo;\u00e0 obtenir une p\u00e2te lisse et homog\u00e8ne.<\/p>\n<h3>Comment appliquer le masque \u00e9claircissant professionnel bio visage ?<\/h3>\n<p>Appliquez le masque sur le visage et, si vous le souhaitez, sur le cou. Utilisez la spatule fournie dans la bo\u00eete pour r\u00e9partir le masque uniform\u00e9ment sur le visage. \u00c9vitez tout contact avec les yeux et les narines. Apr\u00e8s avoir appliqu\u00e9 le masque, posez deux disques de coton sur les yeux.<\/p>\n<p>Laissez agir le masque pendant au moins 15 minutes jusqu&rsquo;\u00e0 ce qu&rsquo;il soit compl\u00e8tement sec. Retirez ensuite le masque blanchissant avec les mains. Les r\u00e9sidus peuvent \u00eatre \u00e9limin\u00e9s \u00e0 l&rsquo;aide de la lotion tonique Bema White ou d&rsquo;une autre lotion douce. Ne convient pas \u00e0 un usage interne.<\/p>\n<p>Ingr\u00e9dients (INCI) : Silice, algine, sulfate de calcium, pyrophosphate t\u00e9trasodique, gomme xanthane<br \/>\nLe masque blanchissant Bema est naturel, vegan et approuv\u00e9 dermatologiquement.<\/p>\n","protected":false},"excerpt":{"rendered":"<p>Le masque \u00e9claircissant professionnel bio visage Alginates de Bema a \u00e9t\u00e9 d\u00e9velopp\u00e9 pour le traitement intensif des peaux fatigu\u00e9es pr\u00e9sentant des taches brunes. Il att\u00e9nue les taches brunes, uniformise le teint et nourrit la peau. Ce masque \u00e9claircissant bio pour le visage offre un r\u00e9sultat imm\u00e9diat apr\u00e8s application.<\/p>\n<p>Type de peau : Peaux pr\u00e9sentant des imperfections et des taches brunes. Peaux ternes et fatigu\u00e9es, qui semblent s\u00e8ches.<\/p>\n","protected":false},"featured_media":819,"comment_status":"open","ping_status":"closed","template":"","meta":{"ocean_post_layout":"","ocean_both_sidebars_style":"","ocean_both_sidebars_content_width":0,"ocean_both_sidebars_sidebars_width":0,"ocean_sidebar":"","ocean_second_sidebar":"","ocean_disable_margins":"enable","ocean_add_body_class":"","ocean_shortcode_before_top_bar":"","ocean_shortcode_after_top_bar":"","ocean_shortcode_before_header":"","ocean_shortcode_after_header":"","ocean_has_shortcode":"","ocean_shortcode_after_title":"","ocean_shortcode_before_footer_widgets":"","ocean_shortcode_after_footer_widgets":"","ocean_shortcode_before_footer_bottom":"","ocean_shortcode_after_footer_bottom":"","ocean_display_top_bar":"default","ocean_display_header":"default","ocean_header_style":"","ocean_center_header_left_menu":"","ocean_custom_header_template":"","ocean_custom_logo":0,"ocean_custom_retina_logo":0,"ocean_custom_logo_max_width":0,"ocean_custom_logo_tablet_max_width":0,"ocean_custom_logo_mobile_max_width":0,"ocean_custom_logo_max_height":0,"ocean_custom_logo_tablet_max_height":0,"ocean_custom_logo_mobile_max_height":0,"ocean_header_custom_menu":"","ocean_menu_typo_font_family":"","ocean_menu_typo_font_subset":"","ocean_menu_typo_font_size":0,"ocean_menu_typo_font_size_tablet":0,"ocean_menu_typo_font_size_mobile":0,"ocean_menu_typo_font_size_unit":"px","ocean_menu_typo_font_weight":"","ocean_menu_typo_font_weight_tablet":"","ocean_menu_typo_font_weight_mobile":"","ocean_menu_typo_transform":"","ocean_menu_typo_transform_tablet":"","ocean_menu_typo_transform_mobile":"","ocean_menu_typo_line_height":0,"ocean_menu_typo_line_height_tablet":0,"ocean_menu_typo_line_height_mobile":0,"ocean_menu_typo_line_height_unit":"","ocean_menu_typo_spacing":0,"ocean_menu_typo_spacing_tablet":0,"ocean_menu_typo_spacing_mobile":0,"ocean_menu_typo_spacing_unit":"","ocean_menu_link_color":"","ocean_menu_link_color_hover":"","ocean_menu_link_color_active":"","ocean_menu_link_background":"","ocean_menu_link_hover_background":"","ocean_menu_link_active_background":"","ocean_menu_social_links_bg":"","ocean_menu_social_hover_links_bg":"","ocean_menu_social_links_color":"","ocean_menu_social_hover_links_color":"","ocean_disable_title":"default","ocean_disable_heading":"default","ocean_post_title":"","ocean_post_subheading":"","ocean_post_title_style":"","ocean_post_title_background_color":"","ocean_post_title_background":0,"ocean_post_title_bg_image_position":"","ocean_post_title_bg_image_attachment":"","ocean_post_title_bg_image_repeat":"","ocean_post_title_bg_image_size":"","ocean_post_title_height":0,"ocean_post_title_bg_overlay":0.5,"ocean_post_title_bg_overlay_color":"","ocean_disable_breadcrumbs":"default","ocean_breadcrumbs_color":"","ocean_breadcrumbs_separator_color":"","ocean_breadcrumbs_links_color":"","ocean_breadcrumbs_links_hover_color":"","ocean_display_footer_widgets":"default","ocean_display_footer_bottom":"default","ocean_custom_footer_template":""},"product_brand":[106],"product_cat":[18,17,16],"product_tag":[126,133,125],"class_list":{"0":"post-2644","1":"product","2":"type-product","3":"status-publish","4":"has-post-thumbnail","6":"product_brand-bema-bio","7":"product_cat-nettoyage-de-la-peau-et-masques","8":"product_cat-soins-du-visage","9":"product_cat-soins","10":"product_tag-sans-paraben","11":"product_tag-sansparfumsynthetique","12":"product_tag-vegan","14":"entry","15":"has-media","17":"first","18":"instock","19":"taxable","20":"shipping-taxable","21":"purchasable","22":"product-type-simple","23":"has-rating","24":"col","25":"span_1_of_3","26":"owp-content-center","27":"owp-thumbs-layout-horizontal","28":"owp-btn-normal","29":"owp-tabs-layout-section","30":"has-no-thumbnails","31":"circle-sale"},"_links":{"self":[{"href":"https:\/\/www.biobey.be\/fr\/wp-json\/wp\/v2\/product\/2644","targetHints":{"allow":["GET"]}}],"collection":[{"href":"https:\/\/www.biobey.be\/fr\/wp-json\/wp\/v2\/product"}],"about":[{"href":"https:\/\/www.biobey.be\/fr\/wp-json\/wp\/v2\/types\/product"}],"replies":[{"embeddable":true,"href":"https:\/\/www.biobey.be\/fr\/wp-json\/wp\/v2\/comments?post=2644"}],"wp:featuredmedia":[{"embeddable":true,"href":"https:\/\/www.biobey.be\/fr\/wp-json\/wp\/v2\/media\/819"}],"wp:attachment":[{"href":"https:\/\/www.biobey.be\/fr\/wp-json\/wp\/v2\/media?parent=2644"}],"wp:term":[{"taxonomy":"product_brand","embeddable":true,"href":"https:\/\/www.biobey.be\/fr\/wp-json\/wp\/v2\/product_brand?post=2644"},{"taxonomy":"product_cat","embeddable":true,"href":"https:\/\/www.biobey.be\/fr\/wp-json\/wp\/v2\/product_cat?post=2644"},{"taxonomy":"product_tag","embeddable":true,"href":"https:\/\/www.biobey.be\/fr\/wp-json\/wp\/v2\/product_tag?post=2644"}],"curies":[{"name":"wp","href":"https:\/\/api.w.org\/{rel}","templated":true}]}}