{"id":2645,"date":"2025-04-27T01:41:16","date_gmt":"2025-04-26T23:41:16","guid":{"rendered":"https:\/\/www.biobey.be\/fr-temp\/produit\/gommage-doux-bio-corps-smoothie-cutie-200ml\/"},"modified":"2025-07-11T12:50:26","modified_gmt":"2025-07-11T10:50:26","slug":"gommage-doux-bio-corps-smoothie-cutie-200ml","status":"publish","type":"product","link":"https:\/\/www.biobey.be\/fr\/produit\/gommage-doux-bio-corps-smoothie-cutie-200ml\/","title":{"rendered":"Gommage Doux Bio corps Smoothie &#038; Cutie 200ml"},"content":{"rendered":"<p>Gommage doux bio pour le corps \u00e0 base d&rsquo;extraits de graines de courge et de mangue qui \u00e9limine les cellules mortes et purifie la peau. Ce gommage doux convient \u00e0 tous les types de peau, y compris <strong>les peaux s\u00e8ches et sensibles.<\/strong><\/p>\n<p>Les microgranules de canneberge biologique exfolient sans alt\u00e9rer la barri\u00e8re cutan\u00e9e. Le beurre de mangue et les extraits de graines de courge <strong>rendent la peau plus lisse et agr\u00e9ablement douce.<\/strong><\/p>\n<h2>Le gommage doux bio pour le corps convient-il aux peaux s\u00e8ches ?<\/h2>\n<p>Le gommage doux bio Nature Up, compos\u00e9 d&rsquo;huiles v\u00e9g\u00e9tales nourrissantes et d&rsquo;extraits b\u00e9n\u00e9fiques, exfolie la peau en douceur mais efficacement. Il stimule le renouvellement cellulaire et renforce l&rsquo;\u00e9lasticit\u00e9 de la peau. D\u00e8s la premi\u00e8re utilisation, la peau est agr\u00e9ablement douce et plus lisse.<\/p>\n<p>Les microgranules de canneberge, associ\u00e9es aux graines de courge, au beurre de mangue et \u00e0 l&rsquo;huile d&rsquo;argan press\u00e9e \u00e0 froid, r\u00e9g\u00e9n\u00e8rent et nourrissent la peau s\u00e8che. L&rsquo;exfoliation de la peau avant l&rsquo;application d&rsquo;une<span style=\"color: #0000ff;\"><a style=\"color: #0000ff;\" href=\"https:\/\/www.biobey.be\/fr\/produit\/creme-hydratante-bio-pour-le-corps-200-ml\/\"> cr\u00e8me hydratante pour le corps<\/a><\/span> permet une meilleure absorption des ingr\u00e9dients actifs et une meilleure hydratation.<\/p>\n<h2>Quels sont les effets du gommage doux pour le corps aux AHA sur la peau ?<\/h2>\n<p>Le gommage doux naturel pour le corps de la gamme Smoothie &amp; Cutie de Nature Up a \u00e9t\u00e9 sp\u00e9cialement d\u00e9velopp\u00e9 pour r\u00e9g\u00e9n\u00e9rer, nourrir et raffermir la peau.<\/p>\n<p>L&rsquo;exfoliation par de fines microgranules d&rsquo;extrait de riz et de canneberge \u00e9limine les cellules mortes et endommag\u00e9es \u00e0 la surface de la peau. Cela permet le renouvellement des cellules cutan\u00e9es.<\/p>\n<p>L&rsquo;extrait de graines de courge contient des antioxydants, des AHA, des acides gras et des min\u00e9raux. Les acides gras AHA assurent une exfoliation efficace de la couche sup\u00e9rieure de la peau.<\/p>\n<p>Les vitamines A et C contenues dans l&rsquo;extrait de graines de courge aident \u00e0 uniformiser le teint et \u00e0 r\u00e9duire les petites cicatrices et les ridules. Le beurre de mangue <strong>adoucit et hydrate la peau s\u00e8che<\/strong>. Il apaise et r\u00e9duit les rougeurs apr\u00e8s un coup de soleil. L&rsquo;action douce et efficace du gommage pour le corps bio est due \u00e0 sa formule riche en extraits b\u00e9n\u00e9fiques.<\/p>\n<p>Mode d&#8217;emploi : appliquez le gommage doux bio pour le corps sur la peau et massez d\u00e9licatement en mouvements circulaires. Rincez ensuite \u00e0 l&rsquo;eau ti\u00e8de. Utilisez le gommage doux bio pour le corps une \u00e0 deux fois par semaine. Test\u00e9 dermatologiquement et certifi\u00e9 ICEA Natural.<\/p>\n<p>Ingr\u00e9dients (INCI) : Eau florale de Citrus aurantium dulcis (orange) *, Aqua, Alcool c\u00e9t\u00e9arylique, Carbonate de dicaprylyle, Glyc\u00e9rine, Poudre d&rsquo;Oryza sativa *, Huile de Glycine soja (soja) *, Huile de son de riz Oryza sativa, Glucoside c\u00e9t\u00e9arylique, Poudre de graines de Vaccinium macrocarpon (canneberge),<\/p>\n<p>Huile de noyau d&rsquo;Argania spinosa *, Cocoglyc\u00e9rides, Huile de fruit d&rsquo;Hippophae Rhamnoides*, beurre de graines de Mangifera indica (mangue), extrait de graines de Cucurbita pepo, st\u00e9aroyl glutamate de sodium, tocoph\u00e9rol (vitamine E), alcool benzylique, benzoate de sodium, sorbate de potassium,<\/p>\n<p>acide d\u00e9hydroac\u00e9tique, acide citrique, fragrance** (ar\u00f4me naturel), huile d&rsquo;\u00e9corce de Citrus aurantifolia (citron vert)<br \/>\n*Issu de l&rsquo;agriculture biologique<br \/>\n**Fragrance d&rsquo;ar\u00f4mes naturels<\/p>\n","protected":false},"excerpt":{"rendered":"<p>Gommage doux bio corps \u00e0 l&rsquo;extrait de graines de courge et au beurre de mangue, adapt\u00e9 \u00e0 tous les types de peau. Il exfolie la peau en douceur mais efficacement.<\/p>\n<p>Le gommage doux bio pour le corps \u00e9limine les cellules mortes et stimule le renouvellement cellulaire. Il rend la peau plus douce et plus lisse apr\u00e8s utilisation. Test\u00e9 dermatologiquement, naturel et vegan.<br \/>\n\u00c0 base d&rsquo;extrait de graines de courge, de beurre de mangue, de canneberges et d&rsquo;huile d&rsquo;argan.<\/p>\n","protected":false},"featured_media":817,"comment_status":"open","ping_status":"closed","template":"","meta":{"ocean_post_layout":"","ocean_both_sidebars_style":"","ocean_both_sidebars_content_width":0,"ocean_both_sidebars_sidebars_width":0,"ocean_sidebar":"","ocean_second_sidebar":"","ocean_disable_margins":"enable","ocean_add_body_class":"","ocean_shortcode_before_top_bar":"","ocean_shortcode_after_top_bar":"","ocean_shortcode_before_header":"","ocean_shortcode_after_header":"","ocean_has_shortcode":"","ocean_shortcode_after_title":"","ocean_shortcode_before_footer_widgets":"","ocean_shortcode_after_footer_widgets":"","ocean_shortcode_before_footer_bottom":"","ocean_shortcode_after_footer_bottom":"","ocean_display_top_bar":"default","ocean_display_header":"default","ocean_header_style":"","ocean_center_header_left_menu":"","ocean_custom_header_template":"","ocean_custom_logo":0,"ocean_custom_retina_logo":0,"ocean_custom_logo_max_width":0,"ocean_custom_logo_tablet_max_width":0,"ocean_custom_logo_mobile_max_width":0,"ocean_custom_logo_max_height":0,"ocean_custom_logo_tablet_max_height":0,"ocean_custom_logo_mobile_max_height":0,"ocean_header_custom_menu":"","ocean_menu_typo_font_family":"","ocean_menu_typo_font_subset":"","ocean_menu_typo_font_size":0,"ocean_menu_typo_font_size_tablet":0,"ocean_menu_typo_font_size_mobile":0,"ocean_menu_typo_font_size_unit":"px","ocean_menu_typo_font_weight":"","ocean_menu_typo_font_weight_tablet":"","ocean_menu_typo_font_weight_mobile":"","ocean_menu_typo_transform":"","ocean_menu_typo_transform_tablet":"","ocean_menu_typo_transform_mobile":"","ocean_menu_typo_line_height":0,"ocean_menu_typo_line_height_tablet":0,"ocean_menu_typo_line_height_mobile":0,"ocean_menu_typo_line_height_unit":"","ocean_menu_typo_spacing":0,"ocean_menu_typo_spacing_tablet":0,"ocean_menu_typo_spacing_mobile":0,"ocean_menu_typo_spacing_unit":"","ocean_menu_link_color":"","ocean_menu_link_color_hover":"","ocean_menu_link_color_active":"","ocean_menu_link_background":"","ocean_menu_link_hover_background":"","ocean_menu_link_active_background":"","ocean_menu_social_links_bg":"","ocean_menu_social_hover_links_bg":"","ocean_menu_social_links_color":"","ocean_menu_social_hover_links_color":"","ocean_disable_title":"default","ocean_disable_heading":"default","ocean_post_title":"","ocean_post_subheading":"","ocean_post_title_style":"","ocean_post_title_background_color":"","ocean_post_title_background":0,"ocean_post_title_bg_image_position":"","ocean_post_title_bg_image_attachment":"","ocean_post_title_bg_image_repeat":"","ocean_post_title_bg_image_size":"","ocean_post_title_height":0,"ocean_post_title_bg_overlay":0.5,"ocean_post_title_bg_overlay_color":"","ocean_disable_breadcrumbs":"default","ocean_breadcrumbs_color":"","ocean_breadcrumbs_separator_color":"","ocean_breadcrumbs_links_color":"","ocean_breadcrumbs_links_hover_color":"","ocean_display_footer_widgets":"default","ocean_display_footer_bottom":"default","ocean_custom_footer_template":""},"product_brand":[107],"product_cat":[53,52,16,51],"product_tag":[139,137,133,125],"class_list":{"0":"post-2645","1":"product","2":"type-product","3":"status-publish","4":"has-post-thumbnail","6":"product_brand-nature-up","7":"product_cat-corps-peau","8":"product_cat-nettoyage-et-hygiene","9":"product_cat-soins","10":"product_cat-soins-du-corps","11":"product_tag-sans-abrasifs","12":"product_tag-sans-colorants-synthetiques","13":"product_tag-sansparfumsynthetique","14":"product_tag-vegan","16":"entry","17":"has-media","19":"first","20":"instock","21":"taxable","22":"shipping-taxable","23":"purchasable","24":"product-type-simple","25":"has-rating","26":"col","27":"span_1_of_3","28":"owp-content-center","29":"owp-thumbs-layout-horizontal","30":"owp-btn-normal","31":"owp-tabs-layout-section","32":"has-no-thumbnails","33":"circle-sale"},"_links":{"self":[{"href":"https:\/\/www.biobey.be\/fr\/wp-json\/wp\/v2\/product\/2645","targetHints":{"allow":["GET"]}}],"collection":[{"href":"https:\/\/www.biobey.be\/fr\/wp-json\/wp\/v2\/product"}],"about":[{"href":"https:\/\/www.biobey.be\/fr\/wp-json\/wp\/v2\/types\/product"}],"replies":[{"embeddable":true,"href":"https:\/\/www.biobey.be\/fr\/wp-json\/wp\/v2\/comments?post=2645"}],"wp:featuredmedia":[{"embeddable":true,"href":"https:\/\/www.biobey.be\/fr\/wp-json\/wp\/v2\/media\/817"}],"wp:attachment":[{"href":"https:\/\/www.biobey.be\/fr\/wp-json\/wp\/v2\/media?parent=2645"}],"wp:term":[{"taxonomy":"product_brand","embeddable":true,"href":"https:\/\/www.biobey.be\/fr\/wp-json\/wp\/v2\/product_brand?post=2645"},{"taxonomy":"product_cat","embeddable":true,"href":"https:\/\/www.biobey.be\/fr\/wp-json\/wp\/v2\/product_cat?post=2645"},{"taxonomy":"product_tag","embeddable":true,"href":"https:\/\/www.biobey.be\/fr\/wp-json\/wp\/v2\/product_tag?post=2645"}],"curies":[{"name":"wp","href":"https:\/\/api.w.org\/{rel}","templated":true}]}}