{"id":2646,"date":"2025-05-02T01:44:56","date_gmt":"2025-05-01T23:44:56","guid":{"rendered":"https:\/\/www.biobey.be\/fr-temp\/produit\/base-de-teint-illuminatrice-glow-perfect\/"},"modified":"2026-04-03T00:25:36","modified_gmt":"2026-04-02T22:25:36","slug":"base-de-teint-illuminatrice-glow-perfect","status":"publish","type":"product","link":"https:\/\/www.biobey.be\/fr\/produit\/base-de-teint-illuminatrice-glow-perfect\/","title":{"rendered":"Base de teint illuminatrice Glow perfection Lepo 30ml"},"content":{"rendered":"<p>Base de teint illuminatrice Glow Perfection de Lepo \u00e9claircit et unifie le teint. Le s\u00e9rum 2 en 1 de Lepo est un produit de soin naturel multifonctionnel. Il prend soin de la peau et cr\u00e9e un effet \u00e9clat instantan\u00e9 gr\u00e2ce \u00e0 sa couvrance transparente.<\/p>\n<p>Sa formule \u00e0 base d&rsquo;acide hyaluronique, de beurre de karit\u00e9, d&rsquo;huiles v\u00e9g\u00e9tales et d&rsquo;antioxydants hydrate la peau et pr\u00e9vient l&rsquo;apparition pr\u00e9matur\u00e9e des rides. L&rsquo;eau de citron biologique <span style=\"color: #0000ff;\"><a style=\"color: #0000ff;\" href=\"https:\/\/www.biobey.be\/fr\/produit\/fluide-eclaircissant-instant-anti-taches\/\">\u00e9claircit les taches brunes de mani\u00e8re naturelle<\/a><\/span>. L&rsquo;effet \u00e9clat imm\u00e9diat du s\u00e9rum teint\u00e9 est d\u00fb aux min\u00e9raux naturels.<\/p>\n<p>Base de teint illuminatrice Glow Perfection de Lepo est \u00e9galement<strong> id\u00e9al comme base naturelle et base de maquillage<\/strong>.<\/p>\n<h2>Que fait le s\u00e9rum teint\u00e9 ou Base de teint illuminatrice de Lepo ?<\/h2>\n<h3>Hydrate et nourrit la peau :<\/h3>\n<p>Base de teint illuminatrice \u00e0 l&rsquo;acide hyaluronique hydrate la peau en profondeur. La vitamine E contenue dans le s\u00e9rum prot\u00e8ge la peau contre le stress oxydatif. Le beurre de karit\u00e9 et l&rsquo;extrait de figue de Barbarie adoucissent et prot\u00e8gent la peau contre la d\u00e9shydratation.<\/p>\n<h3>Elle illumine et cr\u00e9e un effet \u00e9clat instantan\u00e9:<\/h3>\n<p>Base de teint illuminatrice bio contient des min\u00e9raux naturels et de l&rsquo;eau florale de citron biologique. Elle aide \u00e0 uniformiser le teint en rempla\u00e7ant les taches pigmentaires. Les min\u00e9raux naturels contenus dans le s\u00e9rum estompent les imperfections et assurent <strong>une peau \u00e9clatante instantan\u00e9e<\/strong> <strong>(Effet teint lumineux)<\/strong>.<\/p>\n<h3>Base de teint illuminatrice ou S\u00e9rum primer bio<\/h3>\n<p>Base de teint illuminatrice 2 en 1 de Lepo est une excellente base naturelle. Il rend la peau plus douce et plus lisse. Base \u00e9clat forme une base de maquillage naturelle et hydratante sur la peau sans obstruer les pores.<\/p>\n<h3>Comment utiliser Base de teint illuminatrice Glow primer ?<\/h3>\n<p>Appliquez le s\u00e9rum 1 \u00e0 2 fois par jour sur une peau nettoy\u00e9e en effectuant de l\u00e9gers mouvements circulaires. Le s\u00e9rum teint\u00e9 peut \u00eatre appliqu\u00e9 avant une cr\u00e8me de jour ou un fond de teint. Test\u00e9 dermatologiquement et adapt\u00e9 aux peaux sensibles.<br \/>\nFormule naturelle<\/p>\n<p>Ingr\u00e9dients : Aqua, triglyc\u00e9ride acide C8-12, cocoglyc\u00e9rides, eau de citron, pentyl\u00e8ne glycol, propanediol, esters \u00e9thyliques de beurre de karit\u00e9, citrate de st\u00e9arate de glyc\u00e9ryle, st\u00e9arate de polyglyc\u00e9ryle-3, mica, amylopectine, CI 77891 (dioxyde de titane), l\u00e9cithine hydrog\u00e9n\u00e9e, Ethylhexylglycerin, Xanthan Gum, Squalane, Sodium Hyaluronate, Fragrance (Aroma naturel), CI<\/p>\n<p>77491, Sclerotium Gum, Lecithin, Pullulan, Sodium Gluconate, Tocopherol (Vitamine E), Amylose, Helianthus annuus Seed Oil, Silica, Glycerin, Tin Oxide, Ac\u00e9tate de linalyle, Huile de Pogostemon cablin, Huile de Juniperus virginiana, Extrait de tige d&rsquo;Opuntia ficus-indica, Phosphate disodique<\/p>\n<p>Base de teint illuminatrice glow perfection primer est vegan et naturel. Il est produit par Lepo en Italie et test\u00e9 dermatologiquement. Lepo Cosmetici est sp\u00e9cialis\u00e9 dans la production de produits de soins et de maquillage naturels et \u00e9thiques.<\/p>\n","protected":false},"excerpt":{"rendered":"<p>Base de teint illuminatrice Glow Perfection de Lepo est un s\u00e9rum teint\u00e9 naturel \u00e0 l&rsquo;action multifonctionnelle. La formule 2 en 1 du s\u00e9rum hydrate, nourrit et prot\u00e8ge la peau contre le stress oxydatif. Elle unifie le teint et cr\u00e9e une couvrance lumineuse avec un effet \u00e9clat instantan\u00e9.<\/p>\n<p>Formule : acide hyaluronique, extrait de figue de Barbarie, pigments min\u00e9raux, vitamine E, beurre de karit\u00e9<\/p>\n","protected":false},"featured_media":820,"comment_status":"open","ping_status":"closed","template":"","meta":{"ocean_post_layout":"","ocean_both_sidebars_style":"","ocean_both_sidebars_content_width":0,"ocean_both_sidebars_sidebars_width":0,"ocean_sidebar":"0","ocean_second_sidebar":"0","ocean_disable_margins":"enable","ocean_add_body_class":"","ocean_shortcode_before_top_bar":"","ocean_shortcode_after_top_bar":"","ocean_shortcode_before_header":"","ocean_shortcode_after_header":"","ocean_has_shortcode":"","ocean_shortcode_after_title":"","ocean_shortcode_before_footer_widgets":"","ocean_shortcode_after_footer_widgets":"","ocean_shortcode_before_footer_bottom":"","ocean_shortcode_after_footer_bottom":"","ocean_display_top_bar":"default","ocean_display_header":"default","ocean_header_style":"","ocean_center_header_left_menu":"0","ocean_custom_header_template":"0","ocean_custom_logo":0,"ocean_custom_retina_logo":0,"ocean_custom_logo_max_width":0,"ocean_custom_logo_tablet_max_width":0,"ocean_custom_logo_mobile_max_width":0,"ocean_custom_logo_max_height":0,"ocean_custom_logo_tablet_max_height":0,"ocean_custom_logo_mobile_max_height":0,"ocean_header_custom_menu":"0","ocean_menu_typo_font_family":"0","ocean_menu_typo_font_subset":"","ocean_menu_typo_font_size":0,"ocean_menu_typo_font_size_tablet":0,"ocean_menu_typo_font_size_mobile":0,"ocean_menu_typo_font_size_unit":"px","ocean_menu_typo_font_weight":"","ocean_menu_typo_font_weight_tablet":"","ocean_menu_typo_font_weight_mobile":"","ocean_menu_typo_transform":"","ocean_menu_typo_transform_tablet":"","ocean_menu_typo_transform_mobile":"","ocean_menu_typo_line_height":0,"ocean_menu_typo_line_height_tablet":0,"ocean_menu_typo_line_height_mobile":0,"ocean_menu_typo_line_height_unit":"","ocean_menu_typo_spacing":0,"ocean_menu_typo_spacing_tablet":0,"ocean_menu_typo_spacing_mobile":0,"ocean_menu_typo_spacing_unit":"","ocean_menu_link_color":"","ocean_menu_link_color_hover":"","ocean_menu_link_color_active":"","ocean_menu_link_background":"","ocean_menu_link_hover_background":"","ocean_menu_link_active_background":"","ocean_menu_social_links_bg":"","ocean_menu_social_hover_links_bg":"","ocean_menu_social_links_color":"","ocean_menu_social_hover_links_color":"","ocean_disable_title":"default","ocean_disable_heading":"default","ocean_post_title":"","ocean_post_subheading":"","ocean_post_title_style":"","ocean_post_title_background_color":"","ocean_post_title_background":0,"ocean_post_title_bg_image_position":"","ocean_post_title_bg_image_attachment":"","ocean_post_title_bg_image_repeat":"","ocean_post_title_bg_image_size":"","ocean_post_title_height":0,"ocean_post_title_bg_overlay":0.5,"ocean_post_title_bg_overlay_color":"","ocean_disable_breadcrumbs":"default","ocean_breadcrumbs_color":"","ocean_breadcrumbs_separator_color":"","ocean_breadcrumbs_links_color":"","ocean_breadcrumbs_links_hover_color":"","ocean_display_footer_widgets":"default","ocean_display_footer_bottom":"default","ocean_custom_footer_template":"0"},"product_brand":[121],"product_cat":[19,47,55,17,16],"product_tag":[137,133,125],"class_list":{"0":"post-2646","1":"product","2":"type-product","3":"status-publish","4":"has-post-thumbnail","6":"product_brand-lepo-ecobio-cosmetica","7":"product_cat-cremes-naturelles-de-jour-et-de-nuit","8":"product_cat-offres-et-minis","9":"product_cat-maquillage","10":"product_cat-soins-du-visage","11":"product_cat-soins","12":"product_tag-sans-colorants-synthetiques","13":"product_tag-sansparfumsynthetique","14":"product_tag-vegan","16":"entry","17":"has-media","19":"first","20":"instock","21":"taxable","22":"shipping-taxable","23":"purchasable","24":"product-type-simple","25":"has-rating","26":"col","27":"span_1_of_3","28":"owp-content-center","29":"owp-thumbs-layout-horizontal","30":"owp-btn-normal","31":"owp-tabs-layout-section","32":"has-no-thumbnails","33":"circle-sale"},"_links":{"self":[{"href":"https:\/\/www.biobey.be\/fr\/wp-json\/wp\/v2\/product\/2646","targetHints":{"allow":["GET"]}}],"collection":[{"href":"https:\/\/www.biobey.be\/fr\/wp-json\/wp\/v2\/product"}],"about":[{"href":"https:\/\/www.biobey.be\/fr\/wp-json\/wp\/v2\/types\/product"}],"replies":[{"embeddable":true,"href":"https:\/\/www.biobey.be\/fr\/wp-json\/wp\/v2\/comments?post=2646"}],"wp:featuredmedia":[{"embeddable":true,"href":"https:\/\/www.biobey.be\/fr\/wp-json\/wp\/v2\/media\/820"}],"wp:attachment":[{"href":"https:\/\/www.biobey.be\/fr\/wp-json\/wp\/v2\/media?parent=2646"}],"wp:term":[{"taxonomy":"product_brand","embeddable":true,"href":"https:\/\/www.biobey.be\/fr\/wp-json\/wp\/v2\/product_brand?post=2646"},{"taxonomy":"product_cat","embeddable":true,"href":"https:\/\/www.biobey.be\/fr\/wp-json\/wp\/v2\/product_cat?post=2646"},{"taxonomy":"product_tag","embeddable":true,"href":"https:\/\/www.biobey.be\/fr\/wp-json\/wp\/v2\/product_tag?post=2646"}],"curies":[{"name":"wp","href":"https:\/\/api.w.org\/{rel}","templated":true}]}}