{"id":71238,"date":"2025-08-08T01:35:04","date_gmt":"2025-08-07T23:35:04","guid":{"rendered":"https:\/\/www.biobey.be\/fr\/?post_type=product&#038;p=71238"},"modified":"2025-08-08T01:45:54","modified_gmt":"2025-08-07T23:45:54","slug":"spray-intime-bio-rafraichissant-50-ml","status":"publish","type":"product","link":"https:\/\/www.biobey.be\/fr\/produit\/spray-intime-bio-rafraichissant-50-ml\/","title":{"rendered":"Spray intime bio rafra\u00eechissant 50 ml"},"content":{"rendered":"<p>Spray intime bio rafra\u00eechissant, avec son parfum agr\u00e9able, rafra\u00eechit et hydrate la zone intime. Sa formule douce \u00e0 base d&rsquo;extraits et d&rsquo;huiles bio prend soin de la peau sans perturber la flore bact\u00e9rienne de la zone intime. Il a \u00e9t\u00e9 test\u00e9 dermatologiquement et peut \u00eatre utilis\u00e9 r\u00e9guli\u00e8rement.<\/p>\n<h2>Le spray intime bio rafra\u00eechissant Argital est-il s\u00fbr ?<\/h2>\n<p>Oui, le spray hygi\u00e8ne intime bio Argital est fait \u00e0 partir d&rsquo;extraits bio qui font du bien. Il aide \u00e0 garder un pH sain dans la zone intime et pr\u00e9vient les irritations.<\/p>\n<p>Le spray rafra\u00eechissant bio <strong><span style=\"color: #0000ff;\"><a style=\"color: #0000ff;\" href=\"https:\/\/www.biobey.be\/fr\/encyclopedie\/certificats-bio\/bdih\/\">est certifi\u00e9 BDIH<\/a><\/span><\/strong> et approuv\u00e9 par des dermatologues. Le spray parfum\u00e9 Argital ne contient pas de substances nocives telles que parfum, PEG, gaz propulseurs ou autres ingr\u00e9dients nocifs pour la zone intime.<\/p>\n<p>Les extraits biologiques de calendula, de gel d&rsquo;argile verte, de niaouli, de lavande et de clou de girofle combattent les mauvaises bact\u00e9ries responsables des odeurs d\u00e9sagr\u00e9ables.<\/p>\n<h2>Comment utiliser le spray zone intime rafra\u00eechissant?<\/h2>\n<p>Bien agiter avant utilisation. Applique le spray pour l&rsquo;hygi\u00e8ne intime sur la zone intime. Pour un traitement et un soin optimal, on recommande de nettoyer la zone intime avec le gel nettoyant Argital pour l&rsquo;hygi\u00e8ne intime. Le gel nettoyant aide \u00e0 r\u00e9duire les d\u00e9mangeaisons et les irritations. Convient \u00e0 un usage r\u00e9gulier.<\/p>\n<p>Les produits Argital sont fabriqu\u00e9s en Italie depuis plus de 45 ans de mani\u00e8re durable et \u00e9thique. Les produits de soin Argital sont certifi\u00e9s Icea Bio, Cosmos Organic, BIDH, Vegan et Demeter.<\/p>\n<p>Ingr\u00e9dients : Eau, alcool* (bio), extrait de Viscum album*, extrait de fleur de Calendula Officinalis**, Solum fullonum, huile de Mentha Piperita, huile de feuille de Melaleuca Viridiflora, huile de Lavandula Hybrida**, huile de fleur d&rsquo;Eugenia<\/p>\n<p>Caryophyllus, acide lactique, menthol, linalol, eug\u00e9nol, Limon\u00e8ne, terpin\u00e9ol, Pin\u00e8ne, B\u00eata-caryophyll\u00e8ne, G\u00e9raniol. Ac\u00e9tate d&rsquo;eug\u00e9nol, Alpha-terpin\u00e8ne, Carvone<\/p>\n<p>Tous nos produits respectent les normes de certification les plus strictes, dans le respect de la nature, de l&rsquo;humanit\u00e9 et de la durabilit\u00e9 \u00e9cologique.<\/p>\n","protected":false},"excerpt":{"rendered":"<p>Spray rafra\u00eechissant bio pour l&rsquo;hygi\u00e8ne intime, il prend soin et hydrate la zone intime. Sa formule 100 % naturelle aide \u00e0 \u00e9liminer les mauvaises odeurs et \u00e0 pr\u00e9venir les irritations en toute s\u00e9curit\u00e9.<br \/>\n<strong>Certifications<\/strong> : Icea Bio, BDIH, Cosmos Organic, Vegan Ok, test\u00e9 dermatologiquement<br \/>\n<strong>Ingr\u00e9dients principaux<\/strong> : extraits biologiques de calendula, gel d&rsquo;argile verte, niaouli, clou de girofle, lavande, menthe<\/p>\n","protected":false},"featured_media":71229,"comment_status":"open","ping_status":"closed","template":"","meta":{"ocean_post_layout":"","ocean_both_sidebars_style":"","ocean_both_sidebars_content_width":0,"ocean_both_sidebars_sidebars_width":0,"ocean_sidebar":"0","ocean_second_sidebar":"0","ocean_disable_margins":"enable","ocean_add_body_class":"","ocean_shortcode_before_top_bar":"","ocean_shortcode_after_top_bar":"","ocean_shortcode_before_header":"","ocean_shortcode_after_header":"","ocean_has_shortcode":"","ocean_shortcode_after_title":"","ocean_shortcode_before_footer_widgets":"","ocean_shortcode_after_footer_widgets":"","ocean_shortcode_before_footer_bottom":"","ocean_shortcode_after_footer_bottom":"","ocean_display_top_bar":"default","ocean_display_header":"default","ocean_header_style":"","ocean_center_header_left_menu":"0","ocean_custom_header_template":"0","ocean_custom_logo":0,"ocean_custom_retina_logo":0,"ocean_custom_logo_max_width":0,"ocean_custom_logo_tablet_max_width":0,"ocean_custom_logo_mobile_max_width":0,"ocean_custom_logo_max_height":0,"ocean_custom_logo_tablet_max_height":0,"ocean_custom_logo_mobile_max_height":0,"ocean_header_custom_menu":"0","ocean_menu_typo_font_family":"0","ocean_menu_typo_font_subset":"","ocean_menu_typo_font_size":0,"ocean_menu_typo_font_size_tablet":0,"ocean_menu_typo_font_size_mobile":0,"ocean_menu_typo_font_size_unit":"px","ocean_menu_typo_font_weight":"","ocean_menu_typo_font_weight_tablet":"","ocean_menu_typo_font_weight_mobile":"","ocean_menu_typo_transform":"","ocean_menu_typo_transform_tablet":"","ocean_menu_typo_transform_mobile":"","ocean_menu_typo_line_height":0,"ocean_menu_typo_line_height_tablet":0,"ocean_menu_typo_line_height_mobile":0,"ocean_menu_typo_line_height_unit":"","ocean_menu_typo_spacing":0,"ocean_menu_typo_spacing_tablet":0,"ocean_menu_typo_spacing_mobile":0,"ocean_menu_typo_spacing_unit":"","ocean_menu_link_color":"","ocean_menu_link_color_hover":"","ocean_menu_link_color_active":"","ocean_menu_link_background":"","ocean_menu_link_hover_background":"","ocean_menu_link_active_background":"","ocean_menu_social_links_bg":"","ocean_menu_social_hover_links_bg":"","ocean_menu_social_links_color":"","ocean_menu_social_hover_links_color":"","ocean_disable_title":"default","ocean_disable_heading":"default","ocean_post_title":"","ocean_post_subheading":"","ocean_post_title_style":"","ocean_post_title_background_color":"","ocean_post_title_background":0,"ocean_post_title_bg_image_position":"","ocean_post_title_bg_image_attachment":"","ocean_post_title_bg_image_repeat":"","ocean_post_title_bg_image_size":"","ocean_post_title_height":0,"ocean_post_title_bg_overlay":0.5,"ocean_post_title_bg_overlay_color":"","ocean_disable_breadcrumbs":"default","ocean_breadcrumbs_color":"","ocean_breadcrumbs_separator_color":"","ocean_breadcrumbs_links_color":"","ocean_breadcrumbs_links_hover_color":"","ocean_display_footer_widgets":"default","ocean_display_footer_bottom":"default","ocean_custom_footer_template":"0"},"product_brand":[102],"product_cat":[27,51],"product_tag":[127,128,125],"class_list":{"0":"post-71238","1":"product","2":"type-product","3":"status-publish","4":"has-post-thumbnail","6":"product_brand-argital","7":"product_cat-hygiene-intime","8":"product_cat-soins-du-corps","9":"product_tag-sans-silicone","10":"product_tag-sanssulfates","11":"product_tag-vegan","13":"entry","14":"has-media","16":"first","17":"instock","18":"taxable","19":"shipping-taxable","20":"purchasable","21":"product-type-simple","22":"has-rating","23":"col","24":"span_1_of_3","25":"owp-content-center","26":"owp-thumbs-layout-horizontal","27":"owp-btn-normal","28":"owp-tabs-layout-section","29":"has-no-thumbnails","30":"circle-sale"},"_links":{"self":[{"href":"https:\/\/www.biobey.be\/fr\/wp-json\/wp\/v2\/product\/71238","targetHints":{"allow":["GET"]}}],"collection":[{"href":"https:\/\/www.biobey.be\/fr\/wp-json\/wp\/v2\/product"}],"about":[{"href":"https:\/\/www.biobey.be\/fr\/wp-json\/wp\/v2\/types\/product"}],"replies":[{"embeddable":true,"href":"https:\/\/www.biobey.be\/fr\/wp-json\/wp\/v2\/comments?post=71238"}],"wp:featuredmedia":[{"embeddable":true,"href":"https:\/\/www.biobey.be\/fr\/wp-json\/wp\/v2\/media\/71229"}],"wp:attachment":[{"href":"https:\/\/www.biobey.be\/fr\/wp-json\/wp\/v2\/media?parent=71238"}],"wp:term":[{"taxonomy":"product_brand","embeddable":true,"href":"https:\/\/www.biobey.be\/fr\/wp-json\/wp\/v2\/product_brand?post=71238"},{"taxonomy":"product_cat","embeddable":true,"href":"https:\/\/www.biobey.be\/fr\/wp-json\/wp\/v2\/product_cat?post=71238"},{"taxonomy":"product_tag","embeddable":true,"href":"https:\/\/www.biobey.be\/fr\/wp-json\/wp\/v2\/product_tag?post=71238"}],"curies":[{"name":"wp","href":"https:\/\/api.w.org\/{rel}","templated":true}]}}