{"id":71245,"date":"2025-08-09T20:43:24","date_gmt":"2025-08-09T18:43:24","guid":{"rendered":"https:\/\/www.biobey.be\/fr\/?post_type=product&#038;p=71245"},"modified":"2025-12-12T16:34:13","modified_gmt":"2025-12-12T15:34:13","slug":"huile-minceur-anti-cellulite-naturelle","status":"publish","type":"product","link":"https:\/\/www.biobey.be\/fr\/produit\/huile-minceur-anti-cellulite-naturelle\/","title":{"rendered":"Huile minceur anti cellulite naturelle Argital 125 ml"},"content":{"rendered":"<p>L&rsquo;huile minceur anti cellulite naturelle d&rsquo;Argital am\u00e9liore l&rsquo;\u00e9lasticit\u00e9 de la peau et a un effet amincissant. La combinaison d&rsquo;huiles v\u00e9g\u00e9tales biologiques de haute qualit\u00e9 et d&rsquo;huiles essentielles Argital Golden d\u00e9compose les graisses accumul\u00e9es sous la peau. L&rsquo;huile de massage anti-cellulite acc\u00e9l\u00e8re l&rsquo;\u00e9limination des toxines et de l&rsquo;humidit\u00e9 sous la peau.<\/p>\n<p>Pour un traitement efficace de la cellulite, on te conseille d&rsquo;utiliser l&rsquo;huile amincissante anti-cellulite Argital en combinaison avec <span style=\"color: #0000ff;\"><a style=\"color: #0000ff;\" href=\"https:\/\/www.biobey.be\/fr\/produit\/argital-creme-naturelle-anti-cellulite-200-ml\/\">la cr\u00e8me corporelle anti-cellulite Florange<\/a><\/span>. L&rsquo;huile anti-cellulite naturelle a \u00e9t\u00e9 test\u00e9e et approuv\u00e9e par des dermatologues.<\/p>\n<h2>Comment fonctionne l&rsquo;huile minceur anti cellulite naturelle ? Huile soin anti\u2011cellulite bio synergie huiles essentielles<\/h2>\n<p>La meilleure huile Argital contre la cellulite est l&rsquo;huile Anti-Cellulite \u00e0 effet amincissant. Elle est sp\u00e9cialement con\u00e7ue pour r\u00e9duire la cellulite et \u00e9liminer plus rapidement les graisses accumul\u00e9es sous la peau.<\/p>\n<p>L&rsquo;huile de cannelle biologique r\u00e9chauffe la peau, am\u00e9liorant ainsi la microcirculation et acc\u00e9l\u00e9rant la d\u00e9gradation des graisses.<br \/>\nL&rsquo;huile de gingembre biologique, associ\u00e9e \u00e0 l&rsquo;huile d&rsquo;orange douce, a un effet anti-inflammatoire et contribue \u00e0 l&rsquo;uniformit\u00e9 du grain de peau.<\/p>\n<p>L&rsquo;huile de romarin am\u00e9liore le m\u00e9tabolisme cutan\u00e9 et stimule la circulation sanguine vers les cellules de la peau.<br \/>\nEn combinaison avec l&rsquo;huile de germe de bl\u00e9, cette huile r\u00e9duit l&rsquo;apparence de la cellulite. Une utilisation r\u00e9guli\u00e8re de l&rsquo;huile anti-cellulite naturelle rend la peau plus ferme et plus lisse.<\/p>\n<h2>Comment utiliser l&rsquo;huile minceur anti cellulite naturelle ?<\/h2>\n<p>Vaporisez une quantit\u00e9 suffisante d&rsquo;huile minceur anti cellulite sur la paume de votre main. Massez ensuite la zone \u00e0 traiter en effectuant des mouvements circulaires jusqu&rsquo;\u00e0 ce que l&rsquo;huile soit bien r\u00e9chauff\u00e9e et absorb\u00e9e par la peau.<\/p>\n<p>En utilisant l&rsquo;huile Argital contre la cellulite imm\u00e9diatement apr\u00e8s le bain ou la douche, l&rsquo;huile sera mieux absorb\u00e9e par les pores de la peau.<\/p>\n<p>Pour un traitement intensif contre la cellulite, nous recommandons de l&rsquo;utiliser en combinaison avec la cr\u00e8me corporelle anti-cellulite Argital. Convient comme huile de massage anti-cellulite. Test\u00e9 dermatologiquement pour un usage r\u00e9gulier.<\/p>\n<p>Les produits de soin Argital sont fabriqu\u00e9s en Italie de mani\u00e8re durable et \u00e9thique. Ces produits de soin de haute qualit\u00e9 sont certifi\u00e9s par les labels internationaux les plus stricts, tels que BIDH, Cosmos Organic, Icea Bio, Vegan ok, EcoControl et Demeter.<\/p>\n<p>Ingr\u00e9dients (INCI) : Huile de Prunus Amygdalus Dulcis, Huile de Fruit Olea Europaea, Huile de Germes de Triticum Vulgare, Huile d&rsquo;\u00c9corce de Cinnamomum Zeylanicum, Citrus Aurantium Dulcis Oil*, Tocopherol, Citrus Limon Peel, Rosmarinus Officinalis Leaf Oil, Salvia Officinalis Oil, Foemiclum Vulgare Oil, Boswellia Carterii Oil, Lavandula Hybrida Oil, Capsicum<\/p>\n<p>Frutescns Oleoresin, Zingiber Officinale Root Oil, Gaultheria Procumbns Leaf Oil, Origanum Majorana Leaf Oil, Limon\u00e8ne, Citral, G\u00e9raniol, Citronellol, Coumarine, Farn\u00e9sol, Linalol, Eug\u00e9nol, Cinnamal<\/p>\n<p>*Ingr\u00e9dients issus de l&rsquo;agriculture biologique<br \/>\n**Composants issus d&rsquo;huiles essentielles biologiques.<\/p>\n<p>Huile minceur anti cellulite naturelle<br \/>\nCertifications pour l&rsquo;huile minceur et anti-cellulite : BDIH \u2013 ICEA VEGAN \u2013 LAV<\/p>\n","protected":false},"excerpt":{"rendered":"<p>L&rsquo;huile anti-cellulite bio aide \u00e0 faire fondre plus vite la graisse qui s&rsquo;accumule sous la peau et a un effet amincissant. Elle aide \u00e0 \u00e9liminer rapidement les toxines et l&rsquo;exc\u00e8s d&rsquo;eau et stimule la microcirculation.<\/p>\n<p><strong>Certifications<\/strong> : BDIH, Icea Bio, Vegan Ok, EcoControl, test\u00e9e dermatologiquement<br \/>\n<strong>Ingr\u00e9dients principaux<\/strong> : huiles biologiques de romarin, cannelle, gingembre, orange douce, germe de bl\u00e9, sauge et amande douce.<\/p>\n","protected":false},"featured_media":71241,"comment_status":"open","ping_status":"closed","template":"","meta":{"ocean_post_layout":"","ocean_both_sidebars_style":"","ocean_both_sidebars_content_width":0,"ocean_both_sidebars_sidebars_width":0,"ocean_sidebar":"0","ocean_second_sidebar":"0","ocean_disable_margins":"enable","ocean_add_body_class":"","ocean_shortcode_before_top_bar":"","ocean_shortcode_after_top_bar":"","ocean_shortcode_before_header":"","ocean_shortcode_after_header":"","ocean_has_shortcode":"","ocean_shortcode_after_title":"","ocean_shortcode_before_footer_widgets":"","ocean_shortcode_after_footer_widgets":"","ocean_shortcode_before_footer_bottom":"","ocean_shortcode_after_footer_bottom":"","ocean_display_top_bar":"default","ocean_display_header":"default","ocean_header_style":"","ocean_center_header_left_menu":"0","ocean_custom_header_template":"0","ocean_custom_logo":0,"ocean_custom_retina_logo":0,"ocean_custom_logo_max_width":0,"ocean_custom_logo_tablet_max_width":0,"ocean_custom_logo_mobile_max_width":0,"ocean_custom_logo_max_height":0,"ocean_custom_logo_tablet_max_height":0,"ocean_custom_logo_mobile_max_height":0,"ocean_header_custom_menu":"0","ocean_menu_typo_font_family":"0","ocean_menu_typo_font_subset":"","ocean_menu_typo_font_size":0,"ocean_menu_typo_font_size_tablet":0,"ocean_menu_typo_font_size_mobile":0,"ocean_menu_typo_font_size_unit":"px","ocean_menu_typo_font_weight":"","ocean_menu_typo_font_weight_tablet":"","ocean_menu_typo_font_weight_mobile":"","ocean_menu_typo_transform":"","ocean_menu_typo_transform_tablet":"","ocean_menu_typo_transform_mobile":"","ocean_menu_typo_line_height":0,"ocean_menu_typo_line_height_tablet":0,"ocean_menu_typo_line_height_mobile":0,"ocean_menu_typo_line_height_unit":"","ocean_menu_typo_spacing":0,"ocean_menu_typo_spacing_tablet":0,"ocean_menu_typo_spacing_mobile":0,"ocean_menu_typo_spacing_unit":"","ocean_menu_link_color":"","ocean_menu_link_color_hover":"","ocean_menu_link_color_active":"","ocean_menu_link_background":"","ocean_menu_link_hover_background":"","ocean_menu_link_active_background":"","ocean_menu_social_links_bg":"","ocean_menu_social_hover_links_bg":"","ocean_menu_social_links_color":"","ocean_menu_social_hover_links_color":"","ocean_disable_title":"default","ocean_disable_heading":"default","ocean_post_title":"","ocean_post_subheading":"","ocean_post_title_style":"","ocean_post_title_background_color":"","ocean_post_title_background":0,"ocean_post_title_bg_image_position":"","ocean_post_title_bg_image_attachment":"","ocean_post_title_bg_image_repeat":"","ocean_post_title_bg_image_size":"","ocean_post_title_height":0,"ocean_post_title_bg_overlay":0.5,"ocean_post_title_bg_overlay_color":"","ocean_disable_breadcrumbs":"default","ocean_breadcrumbs_color":"","ocean_breadcrumbs_separator_color":"","ocean_breadcrumbs_links_color":"","ocean_breadcrumbs_links_hover_color":"","ocean_display_footer_widgets":"default","ocean_display_footer_bottom":"default","ocean_custom_footer_template":"0"},"product_brand":[102],"product_cat":[28,51],"product_tag":[139,137,125],"class_list":{"0":"post-71245","1":"product","2":"type-product","3":"status-publish","4":"has-post-thumbnail","6":"product_brand-argital","7":"product_cat-anti-cellulite","8":"product_cat-soins-du-corps","9":"product_tag-sans-abrasifs","10":"product_tag-sans-colorants-synthetiques","11":"product_tag-vegan","13":"entry","14":"has-media","16":"first","17":"instock","18":"taxable","19":"shipping-taxable","20":"purchasable","21":"product-type-simple","22":"has-rating","23":"col","24":"span_1_of_3","25":"owp-content-center","26":"owp-thumbs-layout-horizontal","27":"owp-btn-normal","28":"owp-tabs-layout-section","29":"has-no-thumbnails","30":"circle-sale"},"_links":{"self":[{"href":"https:\/\/www.biobey.be\/fr\/wp-json\/wp\/v2\/product\/71245","targetHints":{"allow":["GET"]}}],"collection":[{"href":"https:\/\/www.biobey.be\/fr\/wp-json\/wp\/v2\/product"}],"about":[{"href":"https:\/\/www.biobey.be\/fr\/wp-json\/wp\/v2\/types\/product"}],"replies":[{"embeddable":true,"href":"https:\/\/www.biobey.be\/fr\/wp-json\/wp\/v2\/comments?post=71245"}],"wp:featuredmedia":[{"embeddable":true,"href":"https:\/\/www.biobey.be\/fr\/wp-json\/wp\/v2\/media\/71241"}],"wp:attachment":[{"href":"https:\/\/www.biobey.be\/fr\/wp-json\/wp\/v2\/media?parent=71245"}],"wp:term":[{"taxonomy":"product_brand","embeddable":true,"href":"https:\/\/www.biobey.be\/fr\/wp-json\/wp\/v2\/product_brand?post=71245"},{"taxonomy":"product_cat","embeddable":true,"href":"https:\/\/www.biobey.be\/fr\/wp-json\/wp\/v2\/product_cat?post=71245"},{"taxonomy":"product_tag","embeddable":true,"href":"https:\/\/www.biobey.be\/fr\/wp-json\/wp\/v2\/product_tag?post=71245"}],"curies":[{"name":"wp","href":"https:\/\/api.w.org\/{rel}","templated":true}]}}