{"id":71247,"date":"2025-08-09T20:44:40","date_gmt":"2025-08-09T18:44:40","guid":{"rendered":"https:\/\/www.biobey.be\/fr\/?post_type=product&#038;p=71247"},"modified":"2026-03-31T09:48:52","modified_gmt":"2026-03-31T07:48:52","slug":"soin-reparateur-pieds-bio-a-la-lavande","status":"publish","type":"product","link":"https:\/\/www.biobey.be\/fr\/produit\/soin-reparateur-pieds-bio-a-la-lavande\/","title":{"rendered":"Soin r\u00e9parateur pieds bio \u00e0 la lavande et karit\u00e9 Lovebio 75 ml"},"content":{"rendered":"<p>Le soin r\u00e9parateur pieds bio \u00e0 la lavande et karit\u00e9 est une cr\u00e8me pieds 100 % naturelle qui adoucit et rafra\u00eechit les pieds. La combinaison d&rsquo;huiles v\u00e9g\u00e9tales hydratantes et d&rsquo;huiles essentielles biologiques antibact\u00e9riennes pr\u00e9sentes dans sa composition assure un soin optimal des pieds.<\/p>\n<p>La cr\u00e8me naturelle pour pieds secs \u00e0 la lavande \u00e9limine les callosit\u00e9s en adoucissant la peau durcie. Les huiles essentielles biologiques de lavande, de menthe et de romarin ont un effet anti-inflammatoire et antifongique. Une utilisation r\u00e9guli\u00e8re de la cr\u00e8me pour les pieds adoucit les pieds secs et les prot\u00e8ge contre la d\u00e9shydratation et la formation de callosit\u00e9s.<\/p>\n<h2>Le soin r\u00e9parateur pieds bio \u00e0 la lavande et karit\u00e9 est-il un rem\u00e8de efficace contre les pieds secs ?<\/h2>\n<p>La cr\u00e8me hydratante pieds bio lavande Love Bio adoucit efficacement les pieds secs. L&rsquo;huile d&rsquo;olive press\u00e9e \u00e0 froid et le beurre de karit\u00e9 nourrissent les peaux tr\u00e8s s\u00e8ches et les prot\u00e8gent contre la d\u00e9shydratation. L&rsquo;huile de lavande et la menthe apaisent la sensation d\u00e9sagr\u00e9able caus\u00e9e par les talons fissur\u00e9s et les crevasses.<\/p>\n<p>Les pieds secs peuvent avoir diff\u00e9rentes causes, telles qu&rsquo;une exposition prolong\u00e9e \u00e0 des temp\u00e9ratures chaudes ou froides, le port de chaussures inconfortables, etc.<\/p>\n<p>La cr\u00e8me naturelle pour les pieds \u00e0 la lavande a un effet hydratant et protecteur. Elle hydrate les pieds secs et aide \u00e0 pr\u00e9venir la d\u00e9shydratation. Le soin r\u00e9parateur pieds bio \u00e0 la lavande et karit\u00e9 convient pour adoucir les pieds secs et pour un soin quotidien.<\/p>\n<h3>Comment utiliser la cr\u00e8me naturelle pour les pieds \u00e0 la lavande ?<\/h3>\n<p>Appliquez la cr\u00e8me pour les pieds \u00e0 la lavande sur des pieds propres et secs.<br \/>\nMassez bien la cr\u00e8me (en particulier sur les talons) pour qu&rsquo;elle p\u00e9n\u00e8tre bien. Test\u00e9e dermatologiquement et adapt\u00e9e \u00e0 un usage r\u00e9gulier.<\/p>\n<p>Ingr\u00e9dients : (INCI) : Eau, glyc\u00e9rine, glucoside de c\u00e9t\u00e9aryle, alcool de c\u00e9t\u00e9aryle, huile d&rsquo;amande douce*, huile de germe de riz*, huile de fruit d&rsquo;Olea Europaea*, huile de glycine de soja*, beurre de karit\u00e9*, carboxym\u00e9thyl b\u00eata-glucane de sodium, huile de feuille d&rsquo;origan, huile de thym vulgaire*. Huile de cannelle*, huile de feuille d&rsquo;Olea Europea*,<\/p>\n<p>huile de feuille de Rosmarinus Officinalis, huile de fleur de Lavandula Angustifolia, huile d&rsquo;\u00e9corce de Citrus Medica Limonum, huile de feuille de Mentha Piperita, huile de racine d&rsquo;hydraste du Canada, acide tartrique, acide malique, kaolin, alcool benzylique, acide d\u00e9hydroac\u00e9tique, phosphate de potassium c\u00e9tylique, acide citrique,<\/p>\n<p>Caprylate de glyc\u00e9ryle, Cinnamal**, Limon\u00e8ne**, Lin\u00e9ol\u00e8ne**, Eug\u00e9nol**, Benzoate de benzyle**, Citral**, Tocoph\u00e9rol, Fragrance (ar\u00f4me naturel)<\/p>\n<p>*Mati\u00e8res premi\u00e8res issues de l&rsquo;agriculture biologique<br \/>\n**Composants d&rsquo;huiles essentielles biologiques<\/p>\n<p>Le soin r\u00e9parateur pieds bio \u00e0 la lavande et karit\u00e9 Love Bio est un produit naturel et v\u00e9g\u00e9talien. Il ne contient pas de substances irritantes, de parfum synth\u00e9tique, de vaseline, de parab\u00e8nes, de PEG, de microplastiques, de conservateurs synth\u00e9tiques ni de colorants. Love Bio est fabriqu\u00e9e en Italie de mani\u00e8re durable.<\/p>\n","protected":false},"excerpt":{"rendered":"<p>La cr\u00e8me pour les pieds \u00e0 la lavande bio adoucit les pieds secs et les talons fissur\u00e9s. Sa formule naturelle \u00e0 base de beurre de karit\u00e9, d&rsquo;huile d&rsquo;olive et d&rsquo;huiles essentielles bio hydrate et prot\u00e8ge les pieds contre les mycoses et la d\u00e9shydratation.Certifications : Icea Bio, Vegan ok, sans m\u00e9taux lourds et test\u00e9e dermatologiquement.<\/p>\n","protected":false},"featured_media":71243,"comment_status":"open","ping_status":"closed","template":"","meta":{"ocean_post_layout":"","ocean_both_sidebars_style":"","ocean_both_sidebars_content_width":0,"ocean_both_sidebars_sidebars_width":0,"ocean_sidebar":"0","ocean_second_sidebar":"0","ocean_disable_margins":"enable","ocean_add_body_class":"","ocean_shortcode_before_top_bar":"","ocean_shortcode_after_top_bar":"","ocean_shortcode_before_header":"","ocean_shortcode_after_header":"","ocean_has_shortcode":"","ocean_shortcode_after_title":"","ocean_shortcode_before_footer_widgets":"","ocean_shortcode_after_footer_widgets":"","ocean_shortcode_before_footer_bottom":"","ocean_shortcode_after_footer_bottom":"","ocean_display_top_bar":"default","ocean_display_header":"default","ocean_header_style":"","ocean_center_header_left_menu":"0","ocean_custom_header_template":"0","ocean_custom_logo":0,"ocean_custom_retina_logo":0,"ocean_custom_logo_max_width":0,"ocean_custom_logo_tablet_max_width":0,"ocean_custom_logo_mobile_max_width":0,"ocean_custom_logo_max_height":0,"ocean_custom_logo_tablet_max_height":0,"ocean_custom_logo_mobile_max_height":0,"ocean_header_custom_menu":"0","ocean_menu_typo_font_family":"0","ocean_menu_typo_font_subset":"","ocean_menu_typo_font_size":0,"ocean_menu_typo_font_size_tablet":0,"ocean_menu_typo_font_size_mobile":0,"ocean_menu_typo_font_size_unit":"px","ocean_menu_typo_font_weight":"","ocean_menu_typo_font_weight_tablet":"","ocean_menu_typo_font_weight_mobile":"","ocean_menu_typo_transform":"","ocean_menu_typo_transform_tablet":"","ocean_menu_typo_transform_mobile":"","ocean_menu_typo_line_height":0,"ocean_menu_typo_line_height_tablet":0,"ocean_menu_typo_line_height_mobile":0,"ocean_menu_typo_line_height_unit":"","ocean_menu_typo_spacing":0,"ocean_menu_typo_spacing_tablet":0,"ocean_menu_typo_spacing_mobile":0,"ocean_menu_typo_spacing_unit":"","ocean_menu_link_color":"","ocean_menu_link_color_hover":"","ocean_menu_link_color_active":"","ocean_menu_link_background":"","ocean_menu_link_hover_background":"","ocean_menu_link_active_background":"","ocean_menu_social_links_bg":"","ocean_menu_social_hover_links_bg":"","ocean_menu_social_links_color":"","ocean_menu_social_hover_links_color":"","ocean_disable_title":"default","ocean_disable_heading":"default","ocean_post_title":"","ocean_post_subheading":"","ocean_post_title_style":"","ocean_post_title_background_color":"","ocean_post_title_background":0,"ocean_post_title_bg_image_position":"","ocean_post_title_bg_image_attachment":"","ocean_post_title_bg_image_repeat":"","ocean_post_title_bg_image_size":"","ocean_post_title_height":0,"ocean_post_title_bg_overlay":0.5,"ocean_post_title_bg_overlay_color":"","ocean_disable_breadcrumbs":"default","ocean_breadcrumbs_color":"","ocean_breadcrumbs_separator_color":"","ocean_breadcrumbs_links_color":"","ocean_breadcrumbs_links_hover_color":"","ocean_display_footer_widgets":"default","ocean_display_footer_bottom":"default","ocean_custom_footer_template":"0"},"product_brand":[114],"product_cat":[35,26],"product_tag":[139,127,125],"class_list":{"0":"post-71247","1":"product","2":"type-product","3":"status-publish","4":"has-post-thumbnail","6":"product_brand-love-bio","7":"product_cat-pieds","8":"product_cat-mains-et-pieds","9":"product_tag-sans-abrasifs","10":"product_tag-sans-silicone","11":"product_tag-vegan","13":"entry","14":"has-media","16":"first","17":"instock","18":"taxable","19":"shipping-taxable","20":"purchasable","21":"product-type-simple","22":"has-rating","23":"col","24":"span_1_of_3","25":"owp-content-center","26":"owp-thumbs-layout-horizontal","27":"owp-btn-normal","28":"owp-tabs-layout-section","29":"has-no-thumbnails","30":"circle-sale"},"_links":{"self":[{"href":"https:\/\/www.biobey.be\/fr\/wp-json\/wp\/v2\/product\/71247","targetHints":{"allow":["GET"]}}],"collection":[{"href":"https:\/\/www.biobey.be\/fr\/wp-json\/wp\/v2\/product"}],"about":[{"href":"https:\/\/www.biobey.be\/fr\/wp-json\/wp\/v2\/types\/product"}],"replies":[{"embeddable":true,"href":"https:\/\/www.biobey.be\/fr\/wp-json\/wp\/v2\/comments?post=71247"}],"wp:featuredmedia":[{"embeddable":true,"href":"https:\/\/www.biobey.be\/fr\/wp-json\/wp\/v2\/media\/71243"}],"wp:attachment":[{"href":"https:\/\/www.biobey.be\/fr\/wp-json\/wp\/v2\/media?parent=71247"}],"wp:term":[{"taxonomy":"product_brand","embeddable":true,"href":"https:\/\/www.biobey.be\/fr\/wp-json\/wp\/v2\/product_brand?post=71247"},{"taxonomy":"product_cat","embeddable":true,"href":"https:\/\/www.biobey.be\/fr\/wp-json\/wp\/v2\/product_cat?post=71247"},{"taxonomy":"product_tag","embeddable":true,"href":"https:\/\/www.biobey.be\/fr\/wp-json\/wp\/v2\/product_tag?post=71247"}],"curies":[{"name":"wp","href":"https:\/\/api.w.org\/{rel}","templated":true}]}}