{"id":71250,"date":"2025-08-09T20:45:39","date_gmt":"2025-08-09T18:45:39","guid":{"rendered":"https:\/\/www.biobey.be\/fr\/?post_type=product&#038;p=71250"},"modified":"2025-08-21T11:26:22","modified_gmt":"2025-08-21T09:26:22","slug":"fond-de-teint-creme-bio-beige-chaud-fonce","status":"publish","type":"product","link":"https:\/\/www.biobey.be\/fr\/produit\/fond-de-teint-creme-bio-beige-chaud-fonce\/","title":{"rendered":"Fond de teint cr\u00e8me bio beige chaud fonc\u00e9 &#8211; effet lumineux"},"content":{"rendered":"<p>Fond de teint cr\u00e8me bio beige chaud fonc\u00e9 Silk de Lepo unifie le teint et rend la peau douce et soyeuse. Ce fond de teint bio \u00e0 couvrance moyenne \u00e0 base de min\u00e9raux forme une fine couche qui estompe les rides et les imperfections. Gr\u00e2ce \u00e0 sa consistance cr\u00e9meuse et sa texture l\u00e9g\u00e8re, il cr\u00e9e un voile unifiant tr\u00e8s naturel sur la peau.<\/p>\n<p>Le fond de teint cr\u00e8me beige chaud bio (cream to silk) est vegan, naturel et dermatologiquement test\u00e9 pour tous les types de peau.<\/p>\n<h2>Quelle est l&rsquo;action du fond de teint bio beige chaud fonc\u00e9 Silk de Lepo ?<\/h2>\n<p>Les pigments min\u00e9raux en combinaison avec des huiles v\u00e9g\u00e9tales biologiques nourrissantes et des vitamines contenus dans le fond de teint cr\u00e8me beige chaud bio prennent soin de la peau et lui conf\u00e8rent un aspect uniforme et \u00e9clatant.<\/p>\n<p>Le fond de teint cr\u00e8me bio beige chaud fonc\u00e9 Silk, tr\u00e8s l\u00e9ger, ne bouche pas les pores et ne dess\u00e8che pas la peau. Il offre ainsi une bonne couvrance tout en restant naturel. L&rsquo;huile d&rsquo;avocat biologique, riche en vitamine E, nourrit la peau et la prot\u00e8ge contre le stress oxydatif. L&rsquo;action anti-inflammatoire de l&rsquo;huile d&rsquo;avocat pr\u00e9vient la formation d&rsquo;acn\u00e9 et d&rsquo;imperfections.<\/p>\n<h2>Le fond de teint cr\u00e8me bio beige chaud fonc\u00e9 Silk masque-t-il les rides ?<\/h2>\n<p>Le fond de teint cr\u00e8me bio beige chaud fonc\u00e9 Lepo Silk a \u00e9t\u00e9 sp\u00e9cialement con\u00e7u pour nourrir et camoufler les rides et les taches brunes. Gr\u00e2ce \u00e0 sa couvrance moyenne et \u00e0 sa texture tr\u00e8s l\u00e9g\u00e8re, il ne dess\u00e8che pas la peau et ne fait pas ressortir les rides. Au contraire, il adoucit la peau et estompe les rides.<\/p>\n<p>La formule naturelle du fond de teint cr\u00e8me bio beige chaud fonc\u00e9 prot\u00e8ge la barri\u00e8re cutan\u00e9e contre la d\u00e9shydratation et les influences ext\u00e9rieures n\u00e9fastes. L&rsquo;extrait de bleuet raffermit la peau et a un effet astringent. Il \u00e9claircit les taches brunes et rend la peau \u00e9clatante.<\/p>\n<p>Mode d&#8217;emploi : appliquez le fond de teint cr\u00e8me silk sur la peau du bout des doigts ou \u00e0 l&rsquo;aide d&rsquo;un pinceau \u00e0 maquillage. Si vous le souhaitez, utilisez une base s\u00e9rum Lepo sous le fond de teint pour un effet \u00e9clatant suppl\u00e9mentaire. Convient \u00e0 tous les types de peau, y compris les peaux s\u00e8ches et sensibles.<\/p>\n<p>Ingr\u00e9dients : Eau florale de Centaurea cyanus*, C9-12 Alkane, AquaPolyglyceryl-2 Dipolyhydroxystearate, Und\u00e9cane, Coco-Caprylate\/Caprate, Trihydrosyst\u00e9arine, Trid\u00e9cane, Polyglyceryl-3 Diisostearate, Sulfate de magn\u00e9sium, Huile de Persea gratissima, Sorbate de potassium, Huile v\u00e9g\u00e9tale hydrog\u00e9n\u00e9e, l\u00e9vulinate de sodium, parfum (ar\u00f4me naturel), alcool<\/p>\n<p>benzylique, benzoate de sodium, Phytate de sodium, acide lactique, tocoph\u00e9rol, huile de graines de Balanites roxburghii* (huile de graines de dadel du d\u00e9sert), alcool, vanilline, linalol, huile d&rsquo;\u00e9corce de Citrus aurantium, limon\u00e8ne, huile de Juniperus virginiana (huile de c\u00e8dre), huile de Pogostemon cablin (huile de patchouli)<\/p>\n<p>*Ingr\u00e9dients issus de l&rsquo;agriculture biologique<br \/>\nFragrance naturelle Aroma<\/p>\n<p>Le fond de teint cr\u00e8me beige chaud bio Lepo silk est dermatologiquement test\u00e9e, sans m\u00e9taux lourds, sans silicones, sans PEG, sans parab\u00e8nes, sans huiles min\u00e9rales, sans colorants ni parfums synth\u00e9tiques.<\/p>\n","protected":false},"excerpt":{"rendered":"<p>La cr\u00e8me fond de teint bio Lepo \u00e0 base de pigments min\u00e9raux camoufle les rides et les taches brunes. Elle unifie le teint et rend la peau douce et soyeuse. Sa formule naturelle \u00e0 la vitamine E, \u00e0 l&rsquo;extrait de bleuet et \u00e0 l&rsquo;huile d&rsquo;avocat nourrit et prot\u00e8ge la peau contre le stress oxydatif.<\/p>\n<p><strong>Propri\u00e9t\u00e9s<\/strong> : Fond de teint l\u00e9ger avec effet seconde peau. Couverture moyenne naturelle avec effet \u00e9clatant. Estompe les rides et les taches brunes.<\/p>\n","protected":false},"featured_media":71251,"comment_status":"open","ping_status":"closed","template":"","meta":{"ocean_post_layout":"","ocean_both_sidebars_style":"","ocean_both_sidebars_content_width":0,"ocean_both_sidebars_sidebars_width":0,"ocean_sidebar":"0","ocean_second_sidebar":"0","ocean_disable_margins":"enable","ocean_add_body_class":"","ocean_shortcode_before_top_bar":"","ocean_shortcode_after_top_bar":"","ocean_shortcode_before_header":"","ocean_shortcode_after_header":"","ocean_has_shortcode":"","ocean_shortcode_after_title":"","ocean_shortcode_before_footer_widgets":"","ocean_shortcode_after_footer_widgets":"","ocean_shortcode_before_footer_bottom":"","ocean_shortcode_after_footer_bottom":"","ocean_display_top_bar":"default","ocean_display_header":"default","ocean_header_style":"","ocean_center_header_left_menu":"0","ocean_custom_header_template":"0","ocean_custom_logo":0,"ocean_custom_retina_logo":0,"ocean_custom_logo_max_width":0,"ocean_custom_logo_tablet_max_width":0,"ocean_custom_logo_mobile_max_width":0,"ocean_custom_logo_max_height":0,"ocean_custom_logo_tablet_max_height":0,"ocean_custom_logo_mobile_max_height":0,"ocean_header_custom_menu":"0","ocean_menu_typo_font_family":"0","ocean_menu_typo_font_subset":"","ocean_menu_typo_font_size":0,"ocean_menu_typo_font_size_tablet":0,"ocean_menu_typo_font_size_mobile":0,"ocean_menu_typo_font_size_unit":"px","ocean_menu_typo_font_weight":"","ocean_menu_typo_font_weight_tablet":"","ocean_menu_typo_font_weight_mobile":"","ocean_menu_typo_transform":"","ocean_menu_typo_transform_tablet":"","ocean_menu_typo_transform_mobile":"","ocean_menu_typo_line_height":0,"ocean_menu_typo_line_height_tablet":0,"ocean_menu_typo_line_height_mobile":0,"ocean_menu_typo_line_height_unit":"","ocean_menu_typo_spacing":0,"ocean_menu_typo_spacing_tablet":0,"ocean_menu_typo_spacing_mobile":0,"ocean_menu_typo_spacing_unit":"","ocean_menu_link_color":"","ocean_menu_link_color_hover":"","ocean_menu_link_color_active":"","ocean_menu_link_background":"","ocean_menu_link_hover_background":"","ocean_menu_link_active_background":"","ocean_menu_social_links_bg":"","ocean_menu_social_hover_links_bg":"","ocean_menu_social_links_color":"","ocean_menu_social_hover_links_color":"","ocean_disable_title":"default","ocean_disable_heading":"default","ocean_post_title":"","ocean_post_subheading":"","ocean_post_title_style":"","ocean_post_title_background_color":"","ocean_post_title_background":0,"ocean_post_title_bg_image_position":"","ocean_post_title_bg_image_attachment":"","ocean_post_title_bg_image_repeat":"","ocean_post_title_bg_image_size":"","ocean_post_title_height":0,"ocean_post_title_bg_overlay":0.5,"ocean_post_title_bg_overlay_color":"","ocean_disable_breadcrumbs":"default","ocean_breadcrumbs_color":"","ocean_breadcrumbs_separator_color":"","ocean_breadcrumbs_links_color":"","ocean_breadcrumbs_links_hover_color":"","ocean_display_footer_widgets":"default","ocean_display_footer_bottom":"default","ocean_custom_footer_template":"0"},"product_brand":[121],"product_cat":[55],"product_tag":[],"class_list":{"0":"post-71250","1":"product","2":"type-product","3":"status-publish","4":"has-post-thumbnail","6":"product_brand-lepo-ecobio-cosmetica","7":"product_cat-maquillage","9":"entry","10":"has-media","12":"first","13":"instock","14":"taxable","15":"shipping-taxable","16":"purchasable","17":"product-type-simple","18":"has-rating","19":"col","20":"span_1_of_3","21":"owp-content-center","22":"owp-thumbs-layout-horizontal","23":"owp-btn-normal","24":"owp-tabs-layout-section","25":"has-no-thumbnails","26":"circle-sale"},"_links":{"self":[{"href":"https:\/\/www.biobey.be\/fr\/wp-json\/wp\/v2\/product\/71250","targetHints":{"allow":["GET"]}}],"collection":[{"href":"https:\/\/www.biobey.be\/fr\/wp-json\/wp\/v2\/product"}],"about":[{"href":"https:\/\/www.biobey.be\/fr\/wp-json\/wp\/v2\/types\/product"}],"replies":[{"embeddable":true,"href":"https:\/\/www.biobey.be\/fr\/wp-json\/wp\/v2\/comments?post=71250"}],"wp:featuredmedia":[{"embeddable":true,"href":"https:\/\/www.biobey.be\/fr\/wp-json\/wp\/v2\/media\/71251"}],"wp:attachment":[{"href":"https:\/\/www.biobey.be\/fr\/wp-json\/wp\/v2\/media?parent=71250"}],"wp:term":[{"taxonomy":"product_brand","embeddable":true,"href":"https:\/\/www.biobey.be\/fr\/wp-json\/wp\/v2\/product_brand?post=71250"},{"taxonomy":"product_cat","embeddable":true,"href":"https:\/\/www.biobey.be\/fr\/wp-json\/wp\/v2\/product_cat?post=71250"},{"taxonomy":"product_tag","embeddable":true,"href":"https:\/\/www.biobey.be\/fr\/wp-json\/wp\/v2\/product_tag?post=71250"}],"curies":[{"name":"wp","href":"https:\/\/api.w.org\/{rel}","templated":true}]}}