{"id":71478,"date":"2025-09-19T01:28:12","date_gmt":"2025-09-18T23:28:12","guid":{"rendered":"https:\/\/www.biobey.be\/fr\/?post_type=product&#038;p=71478"},"modified":"2026-01-29T11:41:05","modified_gmt":"2026-01-29T10:41:05","slug":"rouge-a-levres-corail-naturel-en-crayon","status":"publish","type":"product","link":"https:\/\/www.biobey.be\/fr\/produit\/rouge-a-levres-corail-naturel-en-crayon\/","title":{"rendered":"Rouge \u00e0 l\u00e8vres corail naturel en crayon pH sensible 8.0"},"content":{"rendered":"<p>Rouge \u00e0 l\u00e8vres corail naturel en crayon pH sensible de Lepo a une action multifonctionnelle. Sa formule sensible au pH permet au crayon \u00e0 l\u00e8vres Coral de s&rsquo;adapter \u00e0 la couleur des l\u00e8vres. Il en r\u00e9sulte une variation de nuances de corail (orange ros\u00e9 avec un \u00e9clat chaud) en fonction du pH des l\u00e8vres. Apr\u00e8s application du crayon \u00e0 l\u00e8vres, vous obtenez une teinte unique et personnelle.<\/p>\n<p>Le Rouge \u00e0 l\u00e8vres corail naturel en crayon pH sensible accentue les l\u00e8vres tout en les nourrissant. Ce Rouge \u00e0 l\u00e8vres corail naturel en crayon vegan et pH neutre a \u00e9t\u00e9 test\u00e9 dermatologiquement et convient aux l\u00e8vres normales, s\u00e8ches et sensibles.<\/p>\n<h2>Quels sont les bienfaits du rouge \u00e0 l\u00e8vres crayon naturel corail ?<\/h2>\n<p>Le rouge \u00e0 l\u00e8vres corail naturel en crayon de Lepo cr\u00e9e un look magnifique et prend soin des l\u00e8vres gr\u00e2ce \u00e0 sa formule riche en vitamines.<\/p>\n<ol>\n<li>Rouge \u00e0 l\u00e8vres qui s&rsquo;adapte \u00e0 la couleur des l\u00e8vres : gr\u00e2ce \u00e0 la technologie sp\u00e9ciale pH r\u00e9active. Une fois appliqu\u00e9e sur les l\u00e8vres, la teinte corail prend une nuance unique qui convient parfaitement \u00e0 chaque personne.<\/li>\n<li>Hydrate et prot\u00e8ge les l\u00e8vres : l&rsquo;huile de coco press\u00e9e \u00e0 froid hydrate les l\u00e8vres s\u00e8ches. La vitamine E, associ\u00e9e au gamma-oryzanol, prot\u00e8ge la peau contre le stress oxydatif et la formation pr\u00e9matur\u00e9e des rides.<\/li>\n<li>rouge \u00e0 l\u00e8vres corail naturel en crayon longue tenue et r\u00e9sistant \u00e0 l&rsquo;eau : sa composition \u00e0 base de cire v\u00e9g\u00e9tale et d&rsquo;extrait d&rsquo;amidon de riz garantit une tenue longue dur\u00e9e et sans transfert.<\/li>\n<li>Texture douce et onctueuse gr\u00e2ce \u00e0 la cire de candelilla, \u00e0 la cire de carnauba et \u00e0 l&rsquo;huile de coco. La teinte naturelle du crayon \u00e0 l\u00e8vres corail s&rsquo;estompe uniform\u00e9ment sur les l\u00e8vres.<\/li>\n<li>rouge \u00e0 l\u00e8vres corail naturel en crayon pH sensible est certifi\u00e9 Cosmos Organic, Icea Bio et Vegan. Il est sans parfum, sans colorants synth\u00e9tiques, sans PEG, sans parab\u00e8nes et sans microplastiques.<\/li>\n<\/ol>\n<h3>Comment appliquer le rouge \u00e0 l\u00e8vres corail naturel en crayon ?<\/h3>\n<p>Le rouge \u00e0 l\u00e8vres corail naturel en crayon peut \u00eatre utilis\u00e9 comme crayon contour, rouge \u00e0 l\u00e8vres ou les deux.<br \/>\nAttendez 30 secondes apr\u00e8s avoir appliqu\u00e9 la premi\u00e8re couche de crayon \u00e0 l\u00e8vres afin que la couleur s&rsquo;adapte \u00e0 vos l\u00e8vres. Appliquez ensuite une deuxi\u00e8me couche si vous souhaitez une intensit\u00e9 plus forte.<\/p>\n<p>Utilisation comme crayon \u00e0 l\u00e8vres : commencez par l&rsquo;arc de Cupidon pour accentuer la forme en V. Tracez ensuite une ligne depuis les coins de la bouche vers le centre. Commencez ensuite au milieu de la l\u00e8vre inf\u00e9rieure et travaillez vers les coins. Remplissez ensuite les l\u00e8vres avec votre rouge \u00e0 l\u00e8vres ou votre gloss pr\u00e9f\u00e9r\u00e9.<br \/>\nUtilisation du rouge \u00e0 l\u00e8vres : commencez au milieu de la l\u00e8vre sup\u00e9rieure et travaillez vers l&rsquo;ext\u00e9rieur. Faites de m\u00eame pour la l\u00e8vre inf\u00e9rieure.<\/p>\n<p>Ingr\u00e9dients (INCI) : Huile de Cocos nucifera, st\u00e9arate d&rsquo;octyldod\u00e9cyl, huile v\u00e9g\u00e9tale hydrog\u00e9n\u00e9e, triglyc\u00e9rides C10-18, cire de Copernicia cerifera (carnauba), diisost\u00e9arate de polyglyc\u00e9ryl-3, cire de Candelilla Cera\/Euphorbia cerifera (Candelilla), oryzanol, mica, caprylate de glyc\u00e9ryle, tocoph\u00e9rol, acide citrique, CI<\/p>\n<p>77891\/dioxyde de titane, CI 77492\/oxydes de fer, CI 77491, CI 45380, CI 77499<br \/>\nSans m\u00e9taux lourds<\/p>\n","protected":false},"excerpt":{"rendered":"<p>Rouge \u00e0 l\u00e8vres corail naturel en crayon pH sensible 8.0 de Lepo s&rsquo;adapte \u00e0 la couleur des l\u00e8vres en fonction de leur pH. Il cr\u00e9e ainsi une nuance Coral unique pour chaque personne. L&rsquo;huile de coco, la vitamine E et les cires v\u00e9g\u00e9tales hydratent et nourrissent les l\u00e8vres.<\/p>\n<p><strong>Certificats<\/strong> : Icea Bio, Cosmos Organic, Vegan Ok, test\u00e9 dermatologiquement, sans m\u00e9taux lourds.<br \/>\n<strong>Caract\u00e9ristiques<\/strong> : longue tenue &#8211; adoucit les l\u00e8vres &#8211; r\u00e9sistant \u00e0 l&rsquo;eau<br \/>\n<strong>Teinte<\/strong> : Coral : rose orang\u00e9 avec un \u00e9clat chaud qui varie en fonction du pH<\/p>\n","protected":false},"featured_media":71477,"comment_status":"open","ping_status":"closed","template":"","meta":{"ocean_post_layout":"","ocean_both_sidebars_style":"","ocean_both_sidebars_content_width":0,"ocean_both_sidebars_sidebars_width":0,"ocean_sidebar":"0","ocean_second_sidebar":"0","ocean_disable_margins":"enable","ocean_add_body_class":"","ocean_shortcode_before_top_bar":"","ocean_shortcode_after_top_bar":"","ocean_shortcode_before_header":"","ocean_shortcode_after_header":"","ocean_has_shortcode":"","ocean_shortcode_after_title":"","ocean_shortcode_before_footer_widgets":"","ocean_shortcode_after_footer_widgets":"","ocean_shortcode_before_footer_bottom":"","ocean_shortcode_after_footer_bottom":"","ocean_display_top_bar":"default","ocean_display_header":"default","ocean_header_style":"","ocean_center_header_left_menu":"0","ocean_custom_header_template":"0","ocean_custom_logo":0,"ocean_custom_retina_logo":0,"ocean_custom_logo_max_width":0,"ocean_custom_logo_tablet_max_width":0,"ocean_custom_logo_mobile_max_width":0,"ocean_custom_logo_max_height":0,"ocean_custom_logo_tablet_max_height":0,"ocean_custom_logo_mobile_max_height":0,"ocean_header_custom_menu":"0","ocean_menu_typo_font_family":"0","ocean_menu_typo_font_subset":"","ocean_menu_typo_font_size":0,"ocean_menu_typo_font_size_tablet":0,"ocean_menu_typo_font_size_mobile":0,"ocean_menu_typo_font_size_unit":"px","ocean_menu_typo_font_weight":"","ocean_menu_typo_font_weight_tablet":"","ocean_menu_typo_font_weight_mobile":"","ocean_menu_typo_transform":"","ocean_menu_typo_transform_tablet":"","ocean_menu_typo_transform_mobile":"","ocean_menu_typo_line_height":0,"ocean_menu_typo_line_height_tablet":0,"ocean_menu_typo_line_height_mobile":0,"ocean_menu_typo_line_height_unit":"","ocean_menu_typo_spacing":0,"ocean_menu_typo_spacing_tablet":0,"ocean_menu_typo_spacing_mobile":0,"ocean_menu_typo_spacing_unit":"","ocean_menu_link_color":"","ocean_menu_link_color_hover":"","ocean_menu_link_color_active":"","ocean_menu_link_background":"","ocean_menu_link_hover_background":"","ocean_menu_link_active_background":"","ocean_menu_social_links_bg":"","ocean_menu_social_hover_links_bg":"","ocean_menu_social_links_color":"","ocean_menu_social_hover_links_color":"","ocean_disable_title":"default","ocean_disable_heading":"default","ocean_post_title":"","ocean_post_subheading":"","ocean_post_title_style":"","ocean_post_title_background_color":"","ocean_post_title_background":0,"ocean_post_title_bg_image_position":"","ocean_post_title_bg_image_attachment":"","ocean_post_title_bg_image_repeat":"","ocean_post_title_bg_image_size":"","ocean_post_title_height":0,"ocean_post_title_bg_overlay":0.5,"ocean_post_title_bg_overlay_color":"","ocean_disable_breadcrumbs":"default","ocean_breadcrumbs_color":"","ocean_breadcrumbs_separator_color":"","ocean_breadcrumbs_links_color":"","ocean_breadcrumbs_links_hover_color":"","ocean_display_footer_widgets":"default","ocean_display_footer_bottom":"default","ocean_custom_footer_template":"0"},"product_brand":[121],"product_cat":[55],"product_tag":[],"class_list":{"0":"post-71478","1":"product","2":"type-product","3":"status-publish","4":"has-post-thumbnail","6":"product_brand-lepo-ecobio-cosmetica","7":"product_cat-maquillage","9":"entry","10":"has-media","12":"first","13":"instock","14":"taxable","15":"shipping-taxable","16":"purchasable","17":"product-type-simple","18":"has-rating","19":"col","20":"span_1_of_3","21":"owp-content-center","22":"owp-thumbs-layout-horizontal","23":"owp-btn-normal","24":"owp-tabs-layout-section","25":"circle-sale"},"_links":{"self":[{"href":"https:\/\/www.biobey.be\/fr\/wp-json\/wp\/v2\/product\/71478","targetHints":{"allow":["GET"]}}],"collection":[{"href":"https:\/\/www.biobey.be\/fr\/wp-json\/wp\/v2\/product"}],"about":[{"href":"https:\/\/www.biobey.be\/fr\/wp-json\/wp\/v2\/types\/product"}],"replies":[{"embeddable":true,"href":"https:\/\/www.biobey.be\/fr\/wp-json\/wp\/v2\/comments?post=71478"}],"wp:featuredmedia":[{"embeddable":true,"href":"https:\/\/www.biobey.be\/fr\/wp-json\/wp\/v2\/media\/71477"}],"wp:attachment":[{"href":"https:\/\/www.biobey.be\/fr\/wp-json\/wp\/v2\/media?parent=71478"}],"wp:term":[{"taxonomy":"product_brand","embeddable":true,"href":"https:\/\/www.biobey.be\/fr\/wp-json\/wp\/v2\/product_brand?post=71478"},{"taxonomy":"product_cat","embeddable":true,"href":"https:\/\/www.biobey.be\/fr\/wp-json\/wp\/v2\/product_cat?post=71478"},{"taxonomy":"product_tag","embeddable":true,"href":"https:\/\/www.biobey.be\/fr\/wp-json\/wp\/v2\/product_tag?post=71478"}],"curies":[{"name":"wp","href":"https:\/\/api.w.org\/{rel}","templated":true}]}}