{"id":71891,"date":"2025-09-19T01:28:23","date_gmt":"2025-09-18T23:28:23","guid":{"rendered":"https:\/\/www.biobey.be\/fr\/?post_type=product&#038;p=71891"},"modified":"2025-09-25T16:29:55","modified_gmt":"2025-09-25T14:29:55","slug":"fluide-fermete-bio-corps-a-la-vitamine-c","status":"publish","type":"product","link":"https:\/\/www.biobey.be\/fr\/produit\/fluide-fermete-bio-corps-a-la-vitamine-c\/","title":{"rendered":"Fluide fermet\u00e9 bio corps \u00e0 la vitamine C 250ml"},"content":{"rendered":"<p>Fluide fermet\u00e9 bio corps \u00e0 la vitamine C de BioEco est formul\u00e9e \u00e0 partir d&rsquo;extraits naturels et d&rsquo;huiles v\u00e9g\u00e9tales biologiques. L&rsquo;extrait de kiwi, riche en vitamine C, et l&rsquo;extrait de racine de ginseng contribuent \u00e0 am\u00e9liorer l&rsquo;\u00e9lasticit\u00e9 de la peau. La lotion raffermissante pour le corps stimule la production de collag\u00e8ne et aide \u00e0 pr\u00e9venir le vieillissement pr\u00e9matur\u00e9 de la peau.<\/p>\n<p>Fluide fermet\u00e9 bio pour le corps \u00e0 la vitamine C, sans parfum synth\u00e9tique, rend la peau plus douce et plus ferme lorsqu&rsquo;elle est utilis\u00e9e r\u00e9guli\u00e8rement.Pour un effet encore plus efficace, il peut \u00eatre combin\u00e9 avec \u00a0<span style=\"color: #333399;\"><a style=\"color: #333399;\" href=\"https:\/\/www.biobey.be\/fr\/produit\/argital-huile-raffermissante-pour-le-corps-125ml\/\">l&rsquo;huile bio tonifiante pour le corps.<\/a><\/span><\/p>\n<h2>Quel est l&rsquo;effet de fluide fermet\u00e9 bio corps \u00e0 la vitamine C ?<\/h2>\n<p>Le fluide fermet\u00e9 bio corps \u00e0 la vitamine C est con\u00e7ue pour raffermir et lisser la peau. L&rsquo;extrait de ginseng biologique stimule la circulation sanguine vers les cellules de la peau. Les antioxydants contenus dans l&rsquo;extrait de racine de ginseng aident \u00e0 r\u00e9duire les ridules. Il aide \u00e0 ralentir la d\u00e9gradation du collag\u00e8ne. L&rsquo;huile d&rsquo;olive press\u00e9e \u00e0 froid hydrate et adoucit la peau s\u00e8che.<\/p>\n<p>La lotion raffermissante pour le corps de BioEco a une texture soyeuse. Apr\u00e8s application, la peau est douce comme de la soie. La vitamine C contenue dans l&rsquo;extrait de kiwi aide \u00e0 estomper les taches brunes et les imperfections de la peau. Le fluide fermet\u00e9 bio corps \u00e0 la vitamine C a \u00e9t\u00e9 test\u00e9e dermatologiquement et approuv\u00e9e pour tous les types de peau.<\/p>\n<h3>Comment utiliser la lotion raffermissante naturelle pour le corps ?<\/h3>\n<p>Appliquez le fluide fermet\u00e9 bio corps \u00e0 la vitamine C sur la peau en effectuant des mouvements circulaires. Massez jusqu&rsquo;\u00e0 absorption compl\u00e8te. Pour une meilleure absorption de la lotion pour le corps, nous vous recommandons de l&rsquo;utiliser imm\u00e9diatement apr\u00e8s la douche.<\/p>\n<p>La fluide fermet\u00e9 bio \u00e0 la vitamine C ne contient pas de parfum synth\u00e9tique, de parab\u00e8nes, de PEG, d&rsquo;huiles min\u00e9rales, d&rsquo;alcool synth\u00e9tique, de m\u00e9taux lourds ni de colorants.<\/p>\n<p>Ingr\u00e9dients naturels : 100 %<br \/>\nIngr\u00e9dients biologiques : 79,3 %<\/p>\n<p>Ingr\u00e9dients (INCI) : Eau de feuille de Camellia sinensis*, Aqua, Glucoside de c\u00e9t\u00e9aryle, Alcool c\u00e9t\u00e9arylique, Caprylate de propylheptyle, Glyc\u00e9rine, Huile de Glycine Soja*, Carbonate de dicaprylyle, st\u00e9arate de glyc\u00e9ryle, cocoglyc\u00e9rides, huile de fruit Olea Europaea*, jus de fruit Actinidia chinensis (kiwi)*,<\/p>\n<p>phosphate de c\u00e9tyle de potassium, beurre de karit\u00e9*, caprylate de glyc\u00e9ryle, kaolin, extrait de racine de Panax ginseng, phospholipides, tocoph\u00e9rol, alcool benzylique, extrait de Saccharum officinarum*, acide d\u00e9hydroac\u00e9tique, Acide citrique, fragrance (ar\u00f4me naturel)<br \/>\n*Ingr\u00e9dients issus de l&rsquo;agriculture biologique<\/p>\n<p>La fragrance fait r\u00e9f\u00e9rence \u00e0 un ar\u00f4me naturel<br \/>\nLa lotion corporelle raffermissante BioEco est produite en Italie. Elle dispose de certifications telles que Icea Bio, Cosmos Organic, Icea Vegan.<\/p>\n","protected":false},"excerpt":{"rendered":"<p>Lotion \/ fluide raffermissant bio pour le corps enrichi en vitamine C hydrate et raffermit la peau. Sa formule riche en antioxydants tels que les vitamines C et E prot\u00e8ge la peau contre les rides pr\u00e9matur\u00e9es.<br \/>\nFonction : aide \u00e0 la fermet\u00e9 de la peau &#8211; hydrate la peau s\u00e8che<br \/>\nIngr\u00e9dients principaux : extrait de kiwi et beurre de karit\u00e9<\/p>\n","protected":false},"featured_media":71892,"comment_status":"open","ping_status":"closed","template":"","meta":{"ocean_post_layout":"","ocean_both_sidebars_style":"","ocean_both_sidebars_content_width":0,"ocean_both_sidebars_sidebars_width":0,"ocean_sidebar":"0","ocean_second_sidebar":"0","ocean_disable_margins":"enable","ocean_add_body_class":"","ocean_shortcode_before_top_bar":"","ocean_shortcode_after_top_bar":"","ocean_shortcode_before_header":"","ocean_shortcode_after_header":"","ocean_has_shortcode":"","ocean_shortcode_after_title":"","ocean_shortcode_before_footer_widgets":"","ocean_shortcode_after_footer_widgets":"","ocean_shortcode_before_footer_bottom":"","ocean_shortcode_after_footer_bottom":"","ocean_display_top_bar":"default","ocean_display_header":"default","ocean_header_style":"","ocean_center_header_left_menu":"0","ocean_custom_header_template":"0","ocean_custom_logo":0,"ocean_custom_retina_logo":0,"ocean_custom_logo_max_width":0,"ocean_custom_logo_tablet_max_width":0,"ocean_custom_logo_mobile_max_width":0,"ocean_custom_logo_max_height":0,"ocean_custom_logo_tablet_max_height":0,"ocean_custom_logo_mobile_max_height":0,"ocean_header_custom_menu":"0","ocean_menu_typo_font_family":"0","ocean_menu_typo_font_subset":"","ocean_menu_typo_font_size":0,"ocean_menu_typo_font_size_tablet":0,"ocean_menu_typo_font_size_mobile":0,"ocean_menu_typo_font_size_unit":"px","ocean_menu_typo_font_weight":"","ocean_menu_typo_font_weight_tablet":"","ocean_menu_typo_font_weight_mobile":"","ocean_menu_typo_transform":"","ocean_menu_typo_transform_tablet":"","ocean_menu_typo_transform_mobile":"","ocean_menu_typo_line_height":0,"ocean_menu_typo_line_height_tablet":0,"ocean_menu_typo_line_height_mobile":0,"ocean_menu_typo_line_height_unit":"","ocean_menu_typo_spacing":0,"ocean_menu_typo_spacing_tablet":0,"ocean_menu_typo_spacing_mobile":0,"ocean_menu_typo_spacing_unit":"","ocean_menu_link_color":"","ocean_menu_link_color_hover":"","ocean_menu_link_color_active":"","ocean_menu_link_background":"","ocean_menu_link_hover_background":"","ocean_menu_link_active_background":"","ocean_menu_social_links_bg":"","ocean_menu_social_hover_links_bg":"","ocean_menu_social_links_color":"","ocean_menu_social_hover_links_color":"","ocean_disable_title":"default","ocean_disable_heading":"default","ocean_post_title":"","ocean_post_subheading":"","ocean_post_title_style":"","ocean_post_title_background_color":"","ocean_post_title_background":0,"ocean_post_title_bg_image_position":"","ocean_post_title_bg_image_attachment":"","ocean_post_title_bg_image_repeat":"","ocean_post_title_bg_image_size":"","ocean_post_title_height":0,"ocean_post_title_bg_overlay":0.5,"ocean_post_title_bg_overlay_color":"","ocean_disable_breadcrumbs":"default","ocean_breadcrumbs_color":"","ocean_breadcrumbs_separator_color":"","ocean_breadcrumbs_links_color":"","ocean_breadcrumbs_links_hover_color":"","ocean_display_footer_widgets":"default","ocean_display_footer_bottom":"default","ocean_custom_footer_template":"0"},"product_brand":[243],"product_cat":[28,53,51],"product_tag":[126],"class_list":{"0":"post-71891","1":"product","2":"type-product","3":"status-publish","4":"has-post-thumbnail","6":"product_brand-bioeco","7":"product_cat-anti-cellulite","8":"product_cat-corps-peau","9":"product_cat-soins-du-corps","10":"product_tag-sans-paraben","12":"entry","13":"has-media","15":"first","16":"instock","17":"taxable","18":"shipping-taxable","19":"purchasable","20":"product-type-simple","21":"has-rating","22":"col","23":"span_1_of_3","24":"owp-content-center","25":"owp-thumbs-layout-horizontal","26":"owp-btn-normal","27":"owp-tabs-layout-section","28":"has-no-thumbnails","29":"circle-sale"},"_links":{"self":[{"href":"https:\/\/www.biobey.be\/fr\/wp-json\/wp\/v2\/product\/71891","targetHints":{"allow":["GET"]}}],"collection":[{"href":"https:\/\/www.biobey.be\/fr\/wp-json\/wp\/v2\/product"}],"about":[{"href":"https:\/\/www.biobey.be\/fr\/wp-json\/wp\/v2\/types\/product"}],"replies":[{"embeddable":true,"href":"https:\/\/www.biobey.be\/fr\/wp-json\/wp\/v2\/comments?post=71891"}],"wp:featuredmedia":[{"embeddable":true,"href":"https:\/\/www.biobey.be\/fr\/wp-json\/wp\/v2\/media\/71892"}],"wp:attachment":[{"href":"https:\/\/www.biobey.be\/fr\/wp-json\/wp\/v2\/media?parent=71891"}],"wp:term":[{"taxonomy":"product_brand","embeddable":true,"href":"https:\/\/www.biobey.be\/fr\/wp-json\/wp\/v2\/product_brand?post=71891"},{"taxonomy":"product_cat","embeddable":true,"href":"https:\/\/www.biobey.be\/fr\/wp-json\/wp\/v2\/product_cat?post=71891"},{"taxonomy":"product_tag","embeddable":true,"href":"https:\/\/www.biobey.be\/fr\/wp-json\/wp\/v2\/product_tag?post=71891"}],"curies":[{"name":"wp","href":"https:\/\/api.w.org\/{rel}","templated":true}]}}