{"id":71909,"date":"2025-10-05T19:01:47","date_gmt":"2025-10-05T17:01:47","guid":{"rendered":"https:\/\/www.biobey.be\/fr\/?post_type=product&#038;p=71909"},"modified":"2026-02-26T15:23:28","modified_gmt":"2026-02-26T14:23:28","slug":"vaporisateur-deo-bio-pour-femmes-bioeco","status":"publish","type":"product","link":"https:\/\/www.biobey.be\/fr\/produit\/vaporisateur-deo-bio-pour-femmes-bioeco\/","title":{"rendered":"Vaporisateur d\u00e9o bio pour femmes 100ml &#8211; BioEco"},"content":{"rendered":"<p>Le vaporisateur d\u00e9o bio pour femmes sans gaz propulseur, parfum, alcool \u00e9thylique, triclosan, microplastiques et parab\u00e8nes rafra\u00eechit et soigne les aisselles irrit\u00e9es et sensibles.<\/p>\n<p>Le d\u00e9odorant spray naturel \u00e9limine les mauvaises bact\u00e9ries et r\u00e9gule la production de transpiration de mani\u00e8re naturelle et en douceur. Il rafra\u00eechit m\u00eame les aisselles les plus sensibles et procure un agr\u00e9able parfum floral tout au long de la journ\u00e9e. Convient \u00e0 un usage r\u00e9gulier ainsi qu&rsquo;aux personnes \u00e0 la peau sensible.<\/p>\n<h2>Le vaporisateur d\u00e9o bio pour femmes sans gaz propulseur convient-il aux peaux sensibles ?<\/h2>\n<p>Le vaporisateur d\u00e9o bio pour femmes sans gaz propulseur Love Bio a \u00e9t\u00e9 formul\u00e9 pour soigner et rafra\u00eechir les peaux sensibles et irrit\u00e9es. Sa formule biologique \u00e0 base d&rsquo;extraits de rose de Damas et d&rsquo;aloe vera apaise et r\u00e9g\u00e9n\u00e8re la peau irrit\u00e9e des aisselles.<\/p>\n<p>Ses propri\u00e9t\u00e9s antibact\u00e9riennes \u00e9liminent les mauvaises bact\u00e9ries \u00e0 l&rsquo;origine des mauvaises odeurs. Le d\u00e9odorant naturel en spray aide \u00e0 r\u00e9tablir le fonctionnement perturb\u00e9 des glandes sudoripares. Il rafra\u00eechit les aisselles, apaise les irritations et r\u00e9duit naturellement la production excessive de sueur.<\/p>\n<h2>Quels sont les bienfaits du d\u00e9odorant naturel en spray pour femmes ?<\/h2>\n<p>Le d\u00e9odorant naturel en spray inhibe la production excessive de sueur sans obstruer les glandes sudoripares.<\/p>\n<ul>\n<li>L&rsquo;extrait d&rsquo;aloe vera biologique r\u00e9duit les rougeurs, les sensations de br\u00fblure et les irritations caus\u00e9es par le rasage. Le d\u00e9odorant naturel en spray convient parfaitement aux peaux sensibles.<\/li>\n<li>Le d\u00e9odorant est exempt de chlorure d&rsquo;aluminium, d&rsquo;agents propulseurs, d&rsquo;alcool \u00e9thylique, de parfum, d&rsquo;alcool \u00e9thylique, de perturbateurs hormonaux, de microplastiques et d&rsquo;autres irritants.<\/li>\n<li>Le d\u00e9odorant Love Bio est approuv\u00e9 par les dermatologues.<\/li>\n<li>L&rsquo;hydrolat d&rsquo;orange am\u00e8re stimule la circulation sanguine, acc\u00e9l\u00e8re l&rsquo;\u00e9limination des toxines et contribue \u00e0 \u00e9claircir la peau.<\/li>\n<li>Il ne laisse pas de traces blanches sur les v\u00eatements<\/li>\n<\/ul>\n<h3>Comment utiliser le vaporisateur d\u00e9o bio pour femmes sans gaz propulseur ?<\/h3>\n<p>Agitez le flacon avant de l&rsquo;utiliser. Appuyez sur l&#8217;embout et vaporisez sur chaque aisselle. Laissez s\u00e9cher quelques secondes. Le d\u00e9odorant peut \u00eatre utilis\u00e9 plusieurs fois par jour. Pour une agr\u00e9able sensation de fra\u00eecheur tout au long de la journ\u00e9e, nous recommandons d&rsquo;utiliser le d\u00e9odorant imm\u00e9diatement apr\u00e8s avoir nettoy\u00e9 les aisselles. Convient aux peaux sensibles.<\/p>\n<p>Ingr\u00e9dients (INCI) : Eau florale de Rosa Damascena*, Eau florale de Citrus Aurantium Amara*, Alun de potassium, Decyl Glucoside, Lauryl Glucoside, Glyc\u00e9rine, Polyglyceryl-2 Dipolyhydroxystearate, Extrait de feuille d&rsquo;Aloe Barbadensis*, Gomme xanthane, d\u00e9hydroac\u00e9tate de sodium, parfum (ar\u00f4me naturel) , alcool benzylique, sorbate de potassium, benzoate de sodium<\/p>\n<p>Les produits de soins naturels biologiques Love sont fabriqu\u00e9s de mani\u00e8re durable et \u00e9thique en Italie. Tous les produits b\u00e9n\u00e9ficient de certificats internationaux tels que Cosmos Organic, Vegan, Free of heavy metals et Icea Bio.<\/p>\n","protected":false},"excerpt":{"rendered":"<p>Le vaporisateur d\u00e9o bio pour femmes est con\u00e7u pour soigner les aisselles sensibles ou irrit\u00e9es apr\u00e8s le rasage. Le d\u00e9odorant spray rafra\u00eechit les aisselles, \u00e9limine les mauvaises odeurs et r\u00e9\u00e9quilibre l&rsquo;action des glandes sudoripares.<br \/>\nCertifications : Icea Bio, Cosmos Organic, Vegan ok, Sans m\u00e9taux lourds, Test\u00e9 dermatologiquement.<br \/>\nIngr\u00e9dients cl\u00e9s : Extraits organiques de rose de Damas et d&rsquo;Aloe vera.<br \/>\nType de peau : Peau normale- sensible. Aisselles irrit\u00e9es apr\u00e8s le rasage.<\/p>\n","protected":false},"featured_media":71906,"comment_status":"open","ping_status":"closed","template":"","meta":{"ocean_post_layout":"","ocean_both_sidebars_style":"","ocean_both_sidebars_content_width":0,"ocean_both_sidebars_sidebars_width":0,"ocean_sidebar":"0","ocean_second_sidebar":"0","ocean_disable_margins":"enable","ocean_add_body_class":"","ocean_shortcode_before_top_bar":"","ocean_shortcode_after_top_bar":"","ocean_shortcode_before_header":"","ocean_shortcode_after_header":"","ocean_has_shortcode":"","ocean_shortcode_after_title":"","ocean_shortcode_before_footer_widgets":"","ocean_shortcode_after_footer_widgets":"","ocean_shortcode_before_footer_bottom":"","ocean_shortcode_after_footer_bottom":"","ocean_display_top_bar":"default","ocean_display_header":"default","ocean_header_style":"","ocean_center_header_left_menu":"0","ocean_custom_header_template":"0","ocean_custom_logo":0,"ocean_custom_retina_logo":0,"ocean_custom_logo_max_width":0,"ocean_custom_logo_tablet_max_width":0,"ocean_custom_logo_mobile_max_width":0,"ocean_custom_logo_max_height":0,"ocean_custom_logo_tablet_max_height":0,"ocean_custom_logo_mobile_max_height":0,"ocean_header_custom_menu":"0","ocean_menu_typo_font_family":"0","ocean_menu_typo_font_subset":"","ocean_menu_typo_font_size":0,"ocean_menu_typo_font_size_tablet":0,"ocean_menu_typo_font_size_mobile":0,"ocean_menu_typo_font_size_unit":"px","ocean_menu_typo_font_weight":"","ocean_menu_typo_font_weight_tablet":"","ocean_menu_typo_font_weight_mobile":"","ocean_menu_typo_transform":"","ocean_menu_typo_transform_tablet":"","ocean_menu_typo_transform_mobile":"","ocean_menu_typo_line_height":0,"ocean_menu_typo_line_height_tablet":0,"ocean_menu_typo_line_height_mobile":0,"ocean_menu_typo_line_height_unit":"","ocean_menu_typo_spacing":0,"ocean_menu_typo_spacing_tablet":0,"ocean_menu_typo_spacing_mobile":0,"ocean_menu_typo_spacing_unit":"","ocean_menu_link_color":"","ocean_menu_link_color_hover":"","ocean_menu_link_color_active":"","ocean_menu_link_background":"","ocean_menu_link_hover_background":"","ocean_menu_link_active_background":"","ocean_menu_social_links_bg":"","ocean_menu_social_hover_links_bg":"","ocean_menu_social_links_color":"","ocean_menu_social_hover_links_color":"","ocean_disable_title":"default","ocean_disable_heading":"default","ocean_post_title":"","ocean_post_subheading":"","ocean_post_title_style":"","ocean_post_title_background_color":"","ocean_post_title_background":0,"ocean_post_title_bg_image_position":"","ocean_post_title_bg_image_attachment":"","ocean_post_title_bg_image_repeat":"","ocean_post_title_bg_image_size":"","ocean_post_title_height":0,"ocean_post_title_bg_overlay":0.5,"ocean_post_title_bg_overlay_color":"","ocean_disable_breadcrumbs":"default","ocean_breadcrumbs_color":"","ocean_breadcrumbs_separator_color":"","ocean_breadcrumbs_links_color":"","ocean_breadcrumbs_links_hover_color":"","ocean_display_footer_widgets":"default","ocean_display_footer_bottom":"default","ocean_custom_footer_template":"0"},"product_brand":[243],"product_cat":[54],"product_tag":[133,125],"class_list":{"0":"post-71909","1":"product","2":"type-product","3":"status-publish","4":"has-post-thumbnail","6":"product_brand-bioeco","7":"product_cat-deodorants","8":"product_tag-sansparfumsynthetique","9":"product_tag-vegan","11":"entry","12":"has-media","14":"first","15":"instock","16":"taxable","17":"shipping-taxable","18":"purchasable","19":"product-type-simple","20":"has-rating","21":"col","22":"span_1_of_3","23":"owp-content-center","24":"owp-thumbs-layout-horizontal","25":"owp-btn-normal","26":"owp-tabs-layout-section","27":"has-no-thumbnails","28":"circle-sale"},"_links":{"self":[{"href":"https:\/\/www.biobey.be\/fr\/wp-json\/wp\/v2\/product\/71909","targetHints":{"allow":["GET"]}}],"collection":[{"href":"https:\/\/www.biobey.be\/fr\/wp-json\/wp\/v2\/product"}],"about":[{"href":"https:\/\/www.biobey.be\/fr\/wp-json\/wp\/v2\/types\/product"}],"replies":[{"embeddable":true,"href":"https:\/\/www.biobey.be\/fr\/wp-json\/wp\/v2\/comments?post=71909"}],"wp:featuredmedia":[{"embeddable":true,"href":"https:\/\/www.biobey.be\/fr\/wp-json\/wp\/v2\/media\/71906"}],"wp:attachment":[{"href":"https:\/\/www.biobey.be\/fr\/wp-json\/wp\/v2\/media?parent=71909"}],"wp:term":[{"taxonomy":"product_brand","embeddable":true,"href":"https:\/\/www.biobey.be\/fr\/wp-json\/wp\/v2\/product_brand?post=71909"},{"taxonomy":"product_cat","embeddable":true,"href":"https:\/\/www.biobey.be\/fr\/wp-json\/wp\/v2\/product_cat?post=71909"},{"taxonomy":"product_tag","embeddable":true,"href":"https:\/\/www.biobey.be\/fr\/wp-json\/wp\/v2\/product_tag?post=71909"}],"curies":[{"name":"wp","href":"https:\/\/api.w.org\/{rel}","templated":true}]}}